{"id":967,"date":"2025-11-22T23:18:16","date_gmt":"2025-11-22T23:18:16","guid":{"rendered":"https:\/\/creervotrebusiness.com\/?page_id=967"},"modified":"2025-11-22T23:18:16","modified_gmt":"2025-11-22T23:18:16","slug":"guides-pratiques-interessants","status":"publish","type":"page","link":"https:\/\/creervotrebusiness.com\/index.php\/guides-pratiques-interessants\/","title":{"rendered":"GUIDES PRATIQUES INTERESSANTS"},"content":{"rendered":"\n<div class=\"wp-block-columns is-layout-flex wp-container-core-columns-is-layout-1 wp-block-columns-is-layout-flex\">\n<div class=\"wp-block-column is-layout-flow wp-block-column-is-layout-flow\">\n<figure class=\"wp-block-image size-full\"><a href=\"https:\/\/creervotrebusiness.com\/index.php\/arrete-de-rever-commence-a-vendre\/\"><img loading=\"lazy\" decoding=\"async\" width=\"512\" height=\"768\" src=\"https:\/\/creervotrebusiness.com\/wp-content\/uploads\/2025\/09\/ChatGPT-Image-6-sept.-2025-00_2.png\" alt=\"\" class=\"wp-image-937\" srcset=\"https:\/\/creervotrebusiness.com\/wp-content\/uploads\/2025\/09\/ChatGPT-Image-6-sept.-2025-00_2.png 512w, https:\/\/creervotrebusiness.com\/wp-content\/uploads\/2025\/09\/ChatGPT-Image-6-sept.-2025-00_2-200x300.png 200w\" sizes=\"auto, (max-width: 512px) 100vw, 512px\" \/><\/a><\/figure>\n<\/div>\n\n\n\n<div class=\"wp-block-column is-layout-flow wp-block-column-is-layout-flow\">\n<figure class=\"wp-block-image size-full\"><a href=\"https:\/\/creervotrebusiness.com\/index.php\/le-manuel-du-sale-debut\/\"><img loading=\"lazy\" decoding=\"async\" width=\"512\" height=\"768\" src=\"https:\/\/creervotrebusiness.com\/wp-content\/uploads\/2025\/09\/ChatGPT-Image-6-sept.-2025-00_4-1.png\" alt=\"\" class=\"wp-image-944\" srcset=\"https:\/\/creervotrebusiness.com\/wp-content\/uploads\/2025\/09\/ChatGPT-Image-6-sept.-2025-00_4-1.png 512w, https:\/\/creervotrebusiness.com\/wp-content\/uploads\/2025\/09\/ChatGPT-Image-6-sept.-2025-00_4-1-200x300.png 200w\" sizes=\"auto, (max-width: 512px) 100vw, 512px\" \/><\/a><\/figure>\n<\/div>\n\n\n\n<div class=\"wp-block-column is-layout-flow wp-block-column-is-layout-flow\">\n<figure class=\"wp-block-image size-full\"><a href=\"https:\/\/creervotrebusiness.com\/index.php\/entrepreneur-fauche-internet-impitoyable-strategies-pour-ne-pas-crever-en-chemin\/\"><img loading=\"lazy\" decoding=\"async\" width=\"412\" height=\"618\" src=\"https:\/\/creervotrebusiness.com\/wp-content\/uploads\/2025\/09\/ChatGPT-Image-6-sept.-2025-00_5-1.png\" alt=\"\" class=\"wp-image-948\" srcset=\"https:\/\/creervotrebusiness.com\/wp-content\/uploads\/2025\/09\/ChatGPT-Image-6-sept.-2025-00_5-1.png 412w, https:\/\/creervotrebusiness.com\/wp-content\/uploads\/2025\/09\/ChatGPT-Image-6-sept.-2025-00_5-1-200x300.png 200w\" sizes=\"auto, (max-width: 412px) 100vw, 412px\" \/><\/a><\/figure>\n<\/div>\n<\/div>\n\n\n\n<div class=\"wp-block-columns is-layout-flex wp-container-core-columns-is-layout-2 wp-block-columns-is-layout-flex\">\n<div class=\"wp-block-column is-layout-flow wp-block-column-is-layout-flow\">\n<figure class=\"wp-block-image size-full\"><a href=\"https:\/\/creervotrebusiness.com\/index.php\/le-guide-du-survivant-du-web-vendre-sans-se-faire-bouffer-version-hardcore\/\"><img loading=\"lazy\" decoding=\"async\" width=\"512\" height=\"768\" src=\"https:\/\/creervotrebusiness.com\/wp-content\/uploads\/2025\/09\/ChatGPT-Image-6-sept.-2025-01_1-1.png\" alt=\"\" class=\"wp-image-952\" srcset=\"https:\/\/creervotrebusiness.com\/wp-content\/uploads\/2025\/09\/ChatGPT-Image-6-sept.-2025-01_1-1.png 512w, https:\/\/creervotrebusiness.com\/wp-content\/uploads\/2025\/09\/ChatGPT-Image-6-sept.-2025-01_1-1-200x300.png 200w\" sizes=\"auto, (max-width: 512px) 100vw, 512px\" \/><\/a><\/figure>\n<\/div>\n\n\n\n<div class=\"wp-block-column is-layout-flow wp-block-column-is-layout-flow\"><\/div>\n\n\n\n<div class=\"wp-block-column is-layout-flow wp-block-column-is-layout-flow\"><\/div>\n<\/div>\n\n\n\n<ul class=\"wp-block-list\">\n<li><strong><em><a href=\"https:\/\/creervotrebusiness.com\/index.php\/lance-ton-business-sans-tordre-le-poignet-le-secret-que-les-gourous-de-la-reussite-ne-veulent-pas-que-tu-saches\/\">Lance ton business sans tordre le poignet \u2013 Le secret que les gourous de la r\u00e9ussite ne veulent pas que tu saches<\/a><\/em><\/strong><\/li>\n\n\n\n<li><strong><em><a href=\"https:\/\/creervotrebusiness.com\/index.php\/arrete-de-rever-petit-comment-creer-un-empire-a-partir-de-rien\/\">Arr\u00eate de r\u00eaver petit : Comment cr\u00e9er un empire \u00e0 partir de rien<\/a><\/em><\/strong><\/li>\n\n\n\n<li><strong><em><a href=\"https:\/\/creervotrebusiness.com\/index.php\/de-zero-a-heros-ce-quon-ne-ta-jamais-dit-sur-la-reussite\/\">De z\u00e9ro \u00e0 h\u00e9ros : Ce qu\u2019on ne t\u2019a jamais dit sur la r\u00e9ussite<\/a><\/em><\/strong><\/li>\n\n\n\n<li><strong><em><a href=\"https:\/\/creervotrebusiness.com\/index.php\/quitte-ton-job-9-5-et-fais-exploser-tes-revenus-le-guide-pour-les-revoltes\/\">Quitte ton job 9-5 et fais exploser tes revenus \u2013 Le guide pour les r\u00e9volt\u00e9s<\/a><\/em><\/strong><\/li>\n\n\n\n<li><strong><em><a href=\"https:\/\/creervotrebusiness.com\/index.php\/devenir-millionnaire-en-faisant-ce-que-tu-aimes-ca-commence-maintenant\/\">Devenir millionnaire en faisant ce que tu aimes : \u00c7a commence maintenant.<\/a><\/em><\/strong><\/li>\n\n\n\n<li><strong><em><a href=\"https:\/\/creervotrebusiness.com\/index.php\/revolutionne-ta-vie-en-30-jours-comment-batir-un-business-qui-te-fait-rever\/\">R\u00e9volutionne ta vie en 30 jours : Comment b\u00e2tir un business qui te fait r\u00eaver<\/a><\/em><\/strong><\/li>\n\n\n\n<li><strong><em><a href=\"https:\/\/creervotrebusiness.com\/index.php\/ton-futur-est-entre-tes-mains-lance-ton-business-comme-un-pro-en-10-etapes\/\">Ton futur est entre tes mains \u2013 Lance ton business comme un pro en 10 \u00e9tapes<\/a><\/em><\/strong><\/li>\n\n\n\n<li><strong><em><a href=\"https:\/\/creervotrebusiness.com\/index.php\/fais-le-maintenant-avant-que-quelquun-dautre-ne-prenne-ta-place\/\">Fais-le maintenant, avant que quelqu\u2019un d\u2019autre ne prenne ta place<\/a><\/em><\/strong><\/li>\n\n\n\n<li><strong><em><a href=\"https:\/\/creervotrebusiness.com\/index.php\/cesse-dattendre-lopportunite-cree-la-le-business-des-audacieux\/\">Cesse d\u2019attendre l\u2019opportunit\u00e9, cr\u00e9e-la : Le business des audacieux<\/a><\/em><\/strong><\/li>\n\n\n\n<li><strong><em><a href=\"https:\/\/creervotrebusiness.com\/index.php\/ne-laisse-pas-ta-peur-decider-de-ton-futur-comment-devenir-lentrepreneur-que-tu-es-cense-etre\/\">Ne laisse pas ta peur d\u00e9cider de ton futur \u2013 Comment devenir l\u2019entrepreneur que tu es cens\u00e9 \u00eatre<\/a><\/em><\/strong><\/li>\n\n\n\n<li><strong><em><a href=\"https:\/\/creervotrebusiness.com\/index.php\/les-millionnaires-nont-pas-plus-de-temps-que-toi-voici-ce-quils-font-differemment\/\">Les millionnaires n&rsquo;ont pas plus de temps que toi \u2013 Voici ce qu\u2019ils font diff\u00e9remment<\/a><\/em><\/strong><\/li>\n\n\n\n<li><strong><em><a href=\"https:\/\/creervotrebusiness.com\/index.php\/reve-grand-travaille-dur-et-regarde-largent-arriver-la-methode-qui-marche\/\">R\u00eave grand, travaille dur, et regarde l\u2019argent arriver \u2013 La m\u00e9thode qui marche<\/a><\/em><\/strong><\/li>\n\n\n\n<li><strong><em><a href=\"https:\/\/creervotrebusiness.com\/index.php\/pourquoi-tu-nas-toujours-pas-cree-ton-business-et-comment-changer-ca\/\">Pourquoi tu n\u2019as toujours pas cr\u00e9\u00e9 ton business (et comment changer \u00e7a)<\/a><\/em><\/strong><\/li>\n\n\n\n<li><strong><em><a href=\"https:\/\/creervotrebusiness.com\/index.php\/le-reve-detre-ton-propre-patron-ce-quil-faut-vraiment-pour-y-arriver\/\">Le r\u00eave d\u2019\u00eatre ton propre patron : Ce qu\u2019il faut vraiment pour y arriver<\/a><\/em><\/strong><\/li>\n\n\n\n<li><strong><em><a href=\"https:\/\/creervotrebusiness.com\/index.php\/quitter-le-quotidien-pour-une-vie-de-liberte-lultime-recette-pour-batir-un-business-reussi\/\">Quitter le quotidien pour une vie de libert\u00e9 : L\u2019ultime recette pour b\u00e2tir un business r\u00e9ussi<\/a><\/em><\/strong><\/li>\n<\/ul>\n\n\n\n<hr class=\"wp-block-separator has-alpha-channel-opacity\"\/>\n\n\n\n<ul class=\"wp-block-list\">\n<li><strong><em><a href=\"https:\/\/creervotrebusiness.com\/index.php\/le-mythe-du-reve-entrepreneurial-pourquoi-tu-vas-probablement-echouer-et-cest-ok\/\">1. \u00ab\u00a0Le mythe du r\u00eave entrepreneurial : Pourquoi tu vas probablement \u00e9chouer (et c&rsquo;est OK)\u00a0\u00bb<\/a><\/em><\/strong><\/li>\n\n\n\n<li><strong><em><a href=\"https:\/\/creervotrebusiness.com\/index.php\/arrete-de-chercher-le-plan-parfait-tu-vas-juste-perdre-du-temps\/\">2.\u00a0\u00bbArr\u00eate de chercher le plan parfait, tu vas juste perdre du temps !\u00a0\u00bb<\/a><\/em><\/strong><\/li>\n\n\n\n<li><strong><em><a href=\"https:\/\/creervotrebusiness.com\/index.php\/tu-nes-pas-special-et-cest-exactement-pour-ca-que-tu-peux-reussir-en-ligne\/\">3.  Tu n\u2019es pas sp\u00e9cial. Et c\u2019est exactement pour \u00e7a que tu peux r\u00e9ussir en ligne<\/a><\/em><\/strong><\/li>\n\n\n\n<li><strong><em><a href=\"https:\/\/creervotrebusiness.com\/index.php\/les-fausses-promesses-du-marketing-digital-comment-les-formateurs-te-volent-ton-argent\/\">4. Les fausses promesses du marketing digital : Comment les formateurs te volent ton argent<\/a><\/em><\/strong><\/li>\n\n\n\n<li>5. <strong><em><a href=\"https:\/\/creervotrebusiness.com\/index.php\/la-verite-sur-le-revenu-passif-cest-une-illusion-arrete-de-rever\/\"> La v\u00e9rit\u00e9 sur le revenu passif : C\u2019est une illusion, arr\u00eate de r\u00eaver<\/a><\/em><\/strong><\/li>\n\n\n\n<li><strong><em><a href=\"https:\/\/creervotrebusiness.com\/index.php\/ton-ami-qui-a-quitte-son-job-pour-faire-du-dropshipping-cest-pas-aussi-glamour-que-tu-crois\/\">6.  Ton ami qui a quitt\u00e9 son job pour faire du dropshipping ? C\u2019est pas aussi glamour que tu crois<\/a><\/em><\/strong><\/li>\n\n\n\n<li><strong><em><a href=\"https:\/\/creervotrebusiness.com\/index.php\/fais-le-sale-et-vite-pourquoi-lechec-est-la-meilleure-ecole-du-business-en-ligne\/\">7.  Fais-le sale et vite : Pourquoi l&rsquo;\u00e9chec est la meilleure \u00e9cole du business en ligne<\/a><\/em><\/strong><\/li>\n\n\n\n<li><strong><em><a href=\"https:\/\/creervotrebusiness.com\/index.php\/ne-tattends-pas-a-ce-que-ton-entourage-te-soutienne-la-realite-de-lentrepreneuriat\/\">8.  Ne t&rsquo;attends pas \u00e0 ce que ton entourage te soutienne. La r\u00e9alit\u00e9 de l&rsquo;entrepreneuriat.<\/a><\/em><\/strong><\/li>\n\n\n\n<li><strong><em><a href=\"https:\/\/creervotrebusiness.com\/index.php\/comment-passer-de-zero-a-un-business-en-ligne-rentable-sans-bullshit\/\">9.  Comment passer de z\u00e9ro \u00e0 un business en ligne rentable, sans bullshit<\/a><\/em><\/strong><\/li>\n\n\n\n<li><strong><em><a href=\"https:\/\/creervotrebusiness.com\/index.php\/delivre-toi-des-mythes-de-la-liberte-pourquoi-travailler-de-chez-soi-peut-etre-une-malediction\/\">10.  D\u00e9livre-toi des mythes de la libert\u00e9 : Pourquoi travailler de chez soi peut \u00eatre une mal\u00e9diction<\/a><\/em><\/strong><\/li>\n<\/ul>\n","protected":false},"excerpt":{"rendered":"","protected":false},"author":1,"featured_media":0,"parent":0,"menu_order":0,"comment_status":"closed","ping_status":"closed","template":"","meta":{"om_disable_all_campaigns":false,"_monsterinsights_skip_tracking":false,"_monsterinsights_sitenote_active":false,"_monsterinsights_sitenote_note":"","_monsterinsights_sitenote_category":0,"footnotes":""},"class_list":["post-967","page","type-page","status-publish","hentry"],"_links":{"self":[{"href":"https:\/\/creervotrebusiness.com\/index.php\/wp-json\/wp\/v2\/pages\/967","targetHints":{"allow":["GET"]}}],"collection":[{"href":"https:\/\/creervotrebusiness.com\/index.php\/wp-json\/wp\/v2\/pages"}],"about":[{"href":"https:\/\/creervotrebusiness.com\/index.php\/wp-json\/wp\/v2\/types\/page"}],"author":[{"embeddable":true,"href":"https:\/\/creervotrebusiness.com\/index.php\/wp-json\/wp\/v2\/users\/1"}],"replies":[{"embeddable":true,"href":"https:\/\/creervotrebusiness.com\/index.php\/wp-json\/wp\/v2\/comments?post=967"}],"version-history":[{"count":1,"href":"https:\/\/creervotrebusiness.com\/index.php\/wp-json\/wp\/v2\/pages\/967\/revisions"}],"predecessor-version":[{"id":968,"href":"https:\/\/creervotrebusiness.com\/index.php\/wp-json\/wp\/v2\/pages\/967\/revisions\/968"}],"wp:attachment":[{"href":"https:\/\/creervotrebusiness.com\/index.php\/wp-json\/wp\/v2\/media?parent=967"}],"curies":[{"name":"wp","href":"https:\/\/api.w.org\/{rel}","templated":true}]}}