{"id":898,"date":"2025-03-01T14:50:21","date_gmt":"2025-03-01T14:50:21","guid":{"rendered":"https:\/\/creervotrebusiness.com\/?page_id=898"},"modified":"2025-03-01T15:19:18","modified_gmt":"2025-03-01T15:19:18","slug":"delivre-toi-des-mythes-de-la-liberte-pourquoi-travailler-de-chez-soi-peut-etre-une-malediction","status":"publish","type":"page","link":"https:\/\/creervotrebusiness.com\/index.php\/delivre-toi-des-mythes-de-la-liberte-pourquoi-travailler-de-chez-soi-peut-etre-une-malediction\/","title":{"rendered":"D\u00e9livre-toi des mythes de la libert\u00e9 : Pourquoi travailler de chez soi peut \u00eatre une mal\u00e9diction"},"content":{"rendered":"\n<p>Alors, t\u2019as choisi de bosser de chez toi, hein ? Tu t\u2019es dit que c\u2019\u00e9tait la libert\u00e9, la fin des r\u00e9veils matinaux, des embouteillages, et des r\u00e9unions interminables. Une libert\u00e9 sans \u00e9gale, la possibilit\u00e9 de bosser en pyjama, avec une tasse de caf\u00e9 \u00e0 la main, tout \u00e7a dans la tranquillit\u00e9 de ton canap\u00e9. On dirait le r\u00eave, non ? Mais avant que tu ne commences \u00e0 imaginer ton prochain post Instagram avec ton \u00e9cran d\u2019ordinateur et un arri\u00e8re-plan de plantes vertes, laisse-moi te dire une chose : ce r\u00eave peut devenir un cauchemar. Oui, un putain de cauchemar.<\/p>\n\n\n\n<p>Le mythe du travail \u00e0 domicile, c\u2019est exactement \u00e7a : un mythe. Et tu sais pourquoi ? Parce que derri\u00e8re cette fa\u00e7ade glamour se cache une r\u00e9alit\u00e9 bien plus dure, bien plus solidaire. Oublie les Instagram stories avec des citations inspirantes, et plonge dans la vraie vie : la solitude de ta chambre, les distractions constantes et l\u2019illusion que tout va bien alors que tu te perds dans le flot de tes pens\u00e9es, incapables de rester concentr\u00e9 une minute.<\/p>\n\n\n\n<p><strong>L\u2019illusion du contr\u00f4le<\/strong><\/p>\n\n\n\n<p>Quand tu travailles de chez toi, tout semble sous contr\u00f4le. Tu peux organiser ton emploi du temps \u00e0 ta guise, n&rsquo;est-ce pas ? Mais attention, plus tu crois que tu as le contr\u00f4le, plus tu risques de t\u2019\u00e9garer. Parce que c\u2019est l\u00e0 tout le pi\u00e8ge. La v\u00e9rit\u00e9, c\u2019est que chez toi, tout se m\u00eale. Le travail, la famille, les amis, la t\u00e9l\u00e9, la cuisine\u2026 chaque minute, tu te fais solliciter par un truc qui te tire loin de ce que tu devrais vraiment faire. La fronti\u00e8re entre \u00ab\u00a0travailler\u00a0\u00bb et \u00ab\u00a0\u00eatre \u00e0 la maison\u00a0\u00bb se brouille et, \u00e0 un moment donn\u00e9, tu perds ta productivit\u00e9 dans cette merde de distractions.<\/p>\n\n\n\n<p><strong>Le silence qui \u00e9touffe<\/strong><\/p>\n\n\n\n<p>Au d\u00e9but, la solitude est peut-\u00eatre un luxe. Pas de bruit, pas de coll\u00e8gues qui viennent te d\u00e9ranger, tu peux enfin respirer. Mais la solitude, \u00e0 force, elle t\u2019\u00e9touffe. T\u2019as l\u2019impression de t\u2019enfoncer dans un trou, de devenir invisible. La \u00ab\u00a0libert\u00e9\u00a0\u00bb de travailler seul commence \u00e0 ressembler \u00e0 de la prison. Pas d\u2019\u00e9changes, pas de rencontres humaines, et cette \u00e9nergie qui se dissipe lentement, sans que tu t\u2019en rendes vraiment compte. Tu te demandes \u00e0 un moment donn\u00e9 : \u00ab\u00a0Est-ce que j\u2019ai fait la bonne chose en quittant le bureau pour \u00e7a ?\u00a0\u00bb<\/p>\n\n\n\n<p><strong>Les b\u00e9n\u00e9fices imm\u00e9diats d\u2019une structure solide<\/strong><\/p>\n\n\n\n<p>Alors oui, je vais te dire ce que tu veux entendre. Si tu veux vraiment bosser de chez toi sans perdre ton esprit et ta productivit\u00e9, il va falloir que tu te cr\u00e9es des r\u00e8gles. Une structure. Une organisation solide, comme un roc. Tu penses que tu vas juste te poser sur ton canap\u00e9 avec ton ordi et tout va couler de source ? D\u00e9trompe-toi. Si tu n\u2019as pas un cadre strict, c\u2019est la pagaille. Programme tes journ\u00e9es, impose-toi des plages horaires de travail sans exception. Fais des pauses, mais toujours avec intention. Et surtout, impose-toi de sortir de chez toi. Prendre l&rsquo;air, rencontrer des gens. C\u2019est pas la fin du monde, crois-moi. C\u2019est m\u00eame essentiel.<\/p>\n\n\n\n<p><strong>Le r\u00eave de la libert\u00e9 ? C\u2019est dans l\u2019\u00e9quilibre.<\/strong><\/p>\n\n\n\n<p>Alors, que tu te lances ou que tu sois d\u00e9j\u00e0 \u00e0 fond dans cette vie de freelancer ou de t\u00e9l\u00e9travailleur, sache une chose : travailler de chez toi, ce n\u2019est pas la solution miracle. Ce n\u2019est pas \u00ab\u00a0la libert\u00e9\u00a0\u00bb que tu crois. La vraie libert\u00e9, elle se trouve dans l\u2019\u00e9quilibre. Dans la gestion de ton temps, dans ta capacit\u00e9 \u00e0 \u00eatre productif sans t\u2019oublier. Dans ta volont\u00e9 de briser la solitude avec des rencontres humaines. Dans l\u2019art de poser des limites, de te lever, de bouger, et de garder l\u2019esprit \u00e9veill\u00e9. La cl\u00e9, c\u2019est d\u2019arr\u00eater de croire que travailler de chez soi, c\u2019est une excuse pour se laisser aller. Non. C\u2019est un d\u00e9fi.<\/p>\n\n\n\n<p>Alors, sois malin. Structure-toi, \u00e9quilibre-toi, et va chercher cette libert\u00e9 qui n\u2019est ni dans le canap\u00e9 ni dans l\u2019isolement. La libert\u00e9, elle est dans la discipline et la capacit\u00e9 \u00e0 prendre des choix conscients.<\/p>\n\n\n\n<p><strong>C\u2019est maintenant \u00e0 toi de jouer.<\/strong><\/p>\n\n\n\n<p>Si tu veux vraiment \u00eatre plus libre, arr\u00eate de r\u00eaver et passe \u00e0 l\u2019action. Cr\u00e9e ta structure, impose-toi des r\u00e8gles. N\u2019attends pas que tout vienne tout seul. L\u2019action, \u00e7a commence aujourd\u2019hui.<\/p>\n\n\n\n<p class=\"has-vivid-red-color has-text-color has-link-color wp-elements-8d53babfea3375891ee971e649c730d7\"><strong>Si cet article t\u2019a secou\u00e9 un peu, partage-le avec tes potes. Merci d\u2019avoir pris le temps de lire. Tu vois ce que je veux dire.<\/strong><\/p>\n\n\n\n<p>Guido SAVERIO<\/p>\n\n\n\n<ul class=\"wp-block-list\">\n<li><strong><em><a href=\"https:\/\/creervotrebusiness.com\/index.php\/le-mythe-du-reve-entrepreneurial-pourquoi-tu-vas-probablement-echouer-et-cest-ok\/\">1. \u00ab\u00a0Le mythe du r\u00eave entrepreneurial : Pourquoi tu vas probablement \u00e9chouer (et c&rsquo;est OK)\u00a0\u00bb<\/a><\/em><\/strong><\/li>\n\n\n\n<li><strong><em><a href=\"https:\/\/creervotrebusiness.com\/index.php\/arrete-de-chercher-le-plan-parfait-tu-vas-juste-perdre-du-temps\/\">2.\u00a0\u00bbArr\u00eate de chercher le plan parfait, tu vas juste perdre du temps !\u00a0\u00bb<\/a><\/em><\/strong><\/li>\n\n\n\n<li><strong><em><a href=\"https:\/\/creervotrebusiness.com\/index.php\/tu-nes-pas-special-et-cest-exactement-pour-ca-que-tu-peux-reussir-en-ligne\/\">3.  Tu n\u2019es pas sp\u00e9cial. Et c\u2019est exactement pour \u00e7a que tu peux r\u00e9ussir en ligne<\/a><\/em><\/strong><\/li>\n\n\n\n<li><strong><em><a href=\"https:\/\/creervotrebusiness.com\/index.php\/les-fausses-promesses-du-marketing-digital-comment-les-formateurs-te-volent-ton-argent\/\">4. Les fausses promesses du marketing digital : Comment les formateurs te volent ton argent<\/a><\/em><\/strong><\/li>\n\n\n\n<li>5. <strong><em><a href=\"https:\/\/creervotrebusiness.com\/index.php\/la-verite-sur-le-revenu-passif-cest-une-illusion-arrete-de-rever\/\"> La v\u00e9rit\u00e9 sur le revenu passif : C\u2019est une illusion, arr\u00eate de r\u00eaver<\/a><\/em><\/strong><\/li>\n\n\n\n<li><strong><em><a href=\"https:\/\/creervotrebusiness.com\/index.php\/ton-ami-qui-a-quitte-son-job-pour-faire-du-dropshipping-cest-pas-aussi-glamour-que-tu-crois\/\">6.  Ton ami qui a quitt\u00e9 son job pour faire du dropshipping ? C\u2019est pas aussi glamour que tu crois<\/a><\/em><\/strong><\/li>\n\n\n\n<li><strong><em><a href=\"https:\/\/creervotrebusiness.com\/index.php\/fais-le-sale-et-vite-pourquoi-lechec-est-la-meilleure-ecole-du-business-en-ligne\/\">7.  Fais-le sale et vite : Pourquoi l&rsquo;\u00e9chec est la meilleure \u00e9cole du business en ligne<\/a><\/em><\/strong><\/li>\n\n\n\n<li><strong><em><a href=\"https:\/\/creervotrebusiness.com\/index.php\/ne-tattends-pas-a-ce-que-ton-entourage-te-soutienne-la-realite-de-lentrepreneuriat\/\">8.  Ne t&rsquo;attends pas \u00e0 ce que ton entourage te soutienne. La r\u00e9alit\u00e9 de l&rsquo;entrepreneuriat.<\/a><\/em><\/strong><\/li>\n\n\n\n<li><strong><em><a href=\"https:\/\/creervotrebusiness.com\/index.php\/comment-passer-de-zero-a-un-business-en-ligne-rentable-sans-bullshit\/\">9.  Comment passer de z\u00e9ro \u00e0 un business en ligne rentable, sans bullshit<\/a><\/em><\/strong><\/li>\n\n\n\n<li><strong><em><a href=\"https:\/\/creervotrebusiness.com\/index.php\/delivre-toi-des-mythes-de-la-liberte-pourquoi-travailler-de-chez-soi-peut-etre-une-malediction\/\">10.  D\u00e9livre-toi des mythes de la libert\u00e9 : Pourquoi travailler de chez soi peut \u00eatre une mal\u00e9diction<\/a><\/em><\/strong><\/li>\n<\/ul>\n","protected":false},"excerpt":{"rendered":"<p>Alors, t\u2019as choisi de bosser de chez toi, hein ? Tu t\u2019es dit que c\u2019\u00e9tait la libert\u00e9, la fin des r\u00e9veils matinaux, des embouteillages, et des r\u00e9unions interminables. Une libert\u00e9 sans \u00e9gale, la possibilit\u00e9 de bosser en pyjama, avec une&#8230; <a href=\"https:\/\/creervotrebusiness.com\/index.php\/delivre-toi-des-mythes-de-la-liberte-pourquoi-travailler-de-chez-soi-peut-etre-une-malediction\/\" class=\"readmore\">Read more<span class=\"screen-reader-text\">D\u00e9livre-toi des mythes de la libert\u00e9 : Pourquoi travailler de chez soi peut \u00eatre une mal\u00e9diction<\/span><span class=\"fa fa-angle-double-right\" aria-hidden=\"true\"><\/span><\/a><\/p>\n","protected":false},"author":1,"featured_media":0,"parent":0,"menu_order":0,"comment_status":"closed","ping_status":"closed","template":"","meta":{"om_disable_all_campaigns":false,"_monsterinsights_skip_tracking":false,"_monsterinsights_sitenote_active":false,"_monsterinsights_sitenote_note":"","_monsterinsights_sitenote_category":0,"footnotes":""},"class_list":["post-898","page","type-page","status-publish","hentry"],"_links":{"self":[{"href":"https:\/\/creervotrebusiness.com\/index.php\/wp-json\/wp\/v2\/pages\/898","targetHints":{"allow":["GET"]}}],"collection":[{"href":"https:\/\/creervotrebusiness.com\/index.php\/wp-json\/wp\/v2\/pages"}],"about":[{"href":"https:\/\/creervotrebusiness.com\/index.php\/wp-json\/wp\/v2\/types\/page"}],"author":[{"embeddable":true,"href":"https:\/\/creervotrebusiness.com\/index.php\/wp-json\/wp\/v2\/users\/1"}],"replies":[{"embeddable":true,"href":"https:\/\/creervotrebusiness.com\/index.php\/wp-json\/wp\/v2\/comments?post=898"}],"version-history":[{"count":2,"href":"https:\/\/creervotrebusiness.com\/index.php\/wp-json\/wp\/v2\/pages\/898\/revisions"}],"predecessor-version":[{"id":927,"href":"https:\/\/creervotrebusiness.com\/index.php\/wp-json\/wp\/v2\/pages\/898\/revisions\/927"}],"wp:attachment":[{"href":"https:\/\/creervotrebusiness.com\/index.php\/wp-json\/wp\/v2\/media?parent=898"}],"curies":[{"name":"wp","href":"https:\/\/api.w.org\/{rel}","templated":true}]}}