{"id":888,"date":"2025-03-01T14:36:51","date_gmt":"2025-03-01T14:36:51","guid":{"rendered":"https:\/\/creervotrebusiness.com\/?page_id=888"},"modified":"2025-03-01T15:16:58","modified_gmt":"2025-03-01T15:16:58","slug":"la-verite-sur-le-revenu-passif-cest-une-illusion-arrete-de-rever","status":"publish","type":"page","link":"https:\/\/creervotrebusiness.com\/index.php\/la-verite-sur-le-revenu-passif-cest-une-illusion-arrete-de-rever\/","title":{"rendered":"La v\u00e9rit\u00e9 sur le revenu passif : C\u2019est une illusion, arr\u00eate de r\u00eaver"},"content":{"rendered":"\n<p>Tu sais quoi ? Le revenu passif, c\u2019est un mythe. Voil\u00e0, je l\u2019ai dit. Laisse-moi te secouer un peu et te sortir de ton r\u00eave pour te ramener dans la r\u00e9alit\u00e9. On t\u2019a vendu un r\u00eave, et je vais te dire exactement ce qu\u2019il en est. On te dit que tu peux cr\u00e9er un business en ligne, t\u2019installer sur la plage, boire ton mojito, et regarder les dollars s\u2019empiler tout seul. C\u2019est mignon, mais arr\u00eate de croire \u00e0 cette foutue illusion.<\/p>\n\n\n\n<p>On va \u00eatre clair : le revenu passif, \u00e7a existe. Mais c\u2019est pas ce que tu crois. C\u2019est pas une baguette magique que tu secoues, et pouf, des sous tombent du ciel. Non. Si tu veux r\u00e9ellement du revenu passif, il faut d\u2019abord bosser comme un dingue pour le construire. Tu dois t\u2019investir, parfois pendant des ann\u00e9es, avant d\u2019atteindre ce fameux \u00ab\u00a0passif\u00a0\u00bb. Et m\u00eame alors, tu vas devoir entretenir ce truc. Alors, \u00e0 moins que tu sois pr\u00eat \u00e0 sacrifier des mois, voire des ann\u00e9es, \u00e0 b\u00e2tir quelque chose de solide, ce \u00ab\u00a0revenu passif\u00a0\u00bb va rester une chim\u00e8re. \u00c7a te d\u00e9range ? Tant mieux, parce que c\u2019est exactement ce qu\u2019il te faut pour bouger ton cul et attaquer la vraie vie.<\/p>\n\n\n\n<p>Tu veux la v\u00e9rit\u00e9 ? La r\u00e9alit\u00e9, c\u2019est qu\u2019il n\u2019y a pas de raccourci. Les gens qui r\u00e9ussissent \u00e0 g\u00e9n\u00e9rer un revenu passif, ils ont boss\u00e9, souvent dans l\u2019ombre, avant que \u00e7a devienne rentable. Tu crois que ceux qui ont r\u00e9ussi sont partis en vacances d\u00e8s qu\u2019ils ont lanc\u00e9 leur business en ligne ? Non. Ils ont boss\u00e9, et encore boss\u00e9. Ils ont pris des risques, ils ont \u00e9chou\u00e9 des centaines de fois, mais ils ont pers\u00e9v\u00e9r\u00e9. Ils ont mis la sueur, la passion, et le travail n\u00e9cessaire pour que, petit \u00e0 petit, l\u2019argent commence \u00e0 arriver.<\/p>\n\n\n\n<p>Tu veux un exemple concret ? Regarde les cr\u00e9ateurs de contenu. Les YouTubers, les blogueurs, les influenceurs. Beaucoup pensent que ces gens se r\u00e9veillent le matin avec une tonne de vues et des dollars qui pleuvent sur eux. Mais avant d\u2019arriver \u00e0 \u00e7a, ils ont pass\u00e9 des mois \u00e0 tourner, monter, et publier sans savoir si \u00e7a allait d\u00e9coller. Et devine quoi ? M\u00eame une fois qu\u2019ils ont perc\u00e9, le travail ne s\u2019arr\u00eate jamais. Ils ont des \u00e9quipes, des strat\u00e9gies, et un emploi du temps de ministre. Ils n\u2019arr\u00eatent jamais de bosser. Le \u00ab\u00a0passif\u00a0\u00bb vient apr\u00e8s, mais il faut construire une machine qui fonctionne \u00e0 plein r\u00e9gime.<\/p>\n\n\n\n<p>Tu veux vraiment que je te balance la v\u00e9rit\u00e9 ? Ce que l\u2019on appelle \u00ab\u00a0revenu passif\u00a0\u00bb, c\u2019est en r\u00e9alit\u00e9 du travail intelligent. C\u2019est pas magique. C\u2019est de la strat\u00e9gie. Du temps. De l\u2019effort. Beaucoup d\u2019effort. Et ce n\u2019est que dans un avenir lointain, lorsque tu auras fait le boulot que tu r\u00e9colteras enfin des fruits\u2026 si tu es assez intelligent pour les cultiver, bien s\u00fbr. Alors, tu vas continuer \u00e0 r\u00eaver ou tu vas t\u2019y mettre s\u00e9rieusement ? C\u2019est \u00e0 toi de d\u00e9cider. Mais ne dis pas que je ne t\u2019ai pas pr\u00e9venu.<\/p>\n\n\n\n<p>S&rsquo;il y a bien une chose que tu dois comprendre, c\u2019est que le revenu passif, c\u2019est une course de fond, pas un sprint. La r\u00e9alit\u00e9, c\u2019est qu&rsquo;il te faut d\u2019abord devenir un expert, b\u00e2tir quelque chose de solide, d&rsquo;incontournable. Alors, oui, tu peux y arriver. Mais arr\u00eate de r\u00eaver et commence \u00e0 travailler.<\/p>\n\n\n\n<p>Si tu veux ce revenu passif, pr\u00e9pare-toi \u00e0 travailler plus dur que jamais. C\u2019est exactement ce que tu veux, non ?<\/p>\n\n\n\n<p><strong>Guido SAVERIO<\/strong><\/p>\n\n\n\n<p class=\"has-vivid-red-color has-text-color has-link-color wp-elements-098e3b705f72955f7bf76f150583c652\"><strong>N\u2019h\u00e9site pas \u00e0 partager cet article si tu penses qu\u2019il peut r\u00e9veiller un ami ou un coll\u00e8gue dans le m\u00eame \u00e9tat d\u2019esprit. Merci d\u2019avoir lu, et surtout, ne t\u2019arr\u00eate pas de travailler.<\/strong><\/p>\n\n\n\n<ul class=\"wp-block-list\">\n<li><strong><em><a href=\"https:\/\/creervotrebusiness.com\/index.php\/le-mythe-du-reve-entrepreneurial-pourquoi-tu-vas-probablement-echouer-et-cest-ok\/\">1. \u00ab\u00a0Le mythe du r\u00eave entrepreneurial : Pourquoi tu vas probablement \u00e9chouer (et c&rsquo;est OK)\u00a0\u00bb<\/a><\/em><\/strong><\/li>\n\n\n\n<li><strong><em><a href=\"https:\/\/creervotrebusiness.com\/index.php\/arrete-de-chercher-le-plan-parfait-tu-vas-juste-perdre-du-temps\/\">2.\u00a0\u00bbArr\u00eate de chercher le plan parfait, tu vas juste perdre du temps !\u00a0\u00bb<\/a><\/em><\/strong><\/li>\n\n\n\n<li><strong><em><a href=\"https:\/\/creervotrebusiness.com\/index.php\/tu-nes-pas-special-et-cest-exactement-pour-ca-que-tu-peux-reussir-en-ligne\/\">3.  Tu n\u2019es pas sp\u00e9cial. Et c\u2019est exactement pour \u00e7a que tu peux r\u00e9ussir en ligne<\/a><\/em><\/strong><\/li>\n\n\n\n<li><strong><em><a href=\"https:\/\/creervotrebusiness.com\/index.php\/les-fausses-promesses-du-marketing-digital-comment-les-formateurs-te-volent-ton-argent\/\">4. Les fausses promesses du marketing digital : Comment les formateurs te volent ton argent<\/a><\/em><\/strong><\/li>\n\n\n\n<li>5. <strong><em><a href=\"https:\/\/creervotrebusiness.com\/index.php\/la-verite-sur-le-revenu-passif-cest-une-illusion-arrete-de-rever\/\"> La v\u00e9rit\u00e9 sur le revenu passif : C\u2019est une illusion, arr\u00eate de r\u00eaver<\/a><\/em><\/strong><\/li>\n\n\n\n<li><strong><em><a href=\"https:\/\/creervotrebusiness.com\/index.php\/ton-ami-qui-a-quitte-son-job-pour-faire-du-dropshipping-cest-pas-aussi-glamour-que-tu-crois\/\">6.  Ton ami qui a quitt\u00e9 son job pour faire du dropshipping ? C\u2019est pas aussi glamour que tu crois<\/a><\/em><\/strong><\/li>\n\n\n\n<li><strong><em><a href=\"https:\/\/creervotrebusiness.com\/index.php\/fais-le-sale-et-vite-pourquoi-lechec-est-la-meilleure-ecole-du-business-en-ligne\/\">7.  Fais-le sale et vite : Pourquoi l&rsquo;\u00e9chec est la meilleure \u00e9cole du business en ligne<\/a><\/em><\/strong><\/li>\n\n\n\n<li><strong><em><a href=\"https:\/\/creervotrebusiness.com\/index.php\/ne-tattends-pas-a-ce-que-ton-entourage-te-soutienne-la-realite-de-lentrepreneuriat\/\">8.  Ne t&rsquo;attends pas \u00e0 ce que ton entourage te soutienne. La r\u00e9alit\u00e9 de l&rsquo;entrepreneuriat.<\/a><\/em><\/strong><\/li>\n\n\n\n<li><strong><em><a href=\"https:\/\/creervotrebusiness.com\/index.php\/comment-passer-de-zero-a-un-business-en-ligne-rentable-sans-bullshit\/\">9.  Comment passer de z\u00e9ro \u00e0 un business en ligne rentable, sans bullshit<\/a><\/em><\/strong><\/li>\n\n\n\n<li><strong><em><a href=\"https:\/\/creervotrebusiness.com\/index.php\/delivre-toi-des-mythes-de-la-liberte-pourquoi-travailler-de-chez-soi-peut-etre-une-malediction\/\">10.  D\u00e9livre-toi des mythes de la libert\u00e9 : Pourquoi travailler de chez soi peut \u00eatre une mal\u00e9diction<\/a><\/em><\/strong><\/li>\n<\/ul>\n","protected":false},"excerpt":{"rendered":"<p>Tu sais quoi ? Le revenu passif, c\u2019est un mythe. Voil\u00e0, je l\u2019ai dit. Laisse-moi te secouer un peu et te sortir de ton r\u00eave pour te ramener dans la r\u00e9alit\u00e9. On t\u2019a vendu un r\u00eave, et je vais te&#8230; <a href=\"https:\/\/creervotrebusiness.com\/index.php\/la-verite-sur-le-revenu-passif-cest-une-illusion-arrete-de-rever\/\" class=\"readmore\">Read more<span class=\"screen-reader-text\">La v\u00e9rit\u00e9 sur le revenu passif : C\u2019est une illusion, arr\u00eate de r\u00eaver<\/span><span class=\"fa fa-angle-double-right\" aria-hidden=\"true\"><\/span><\/a><\/p>\n","protected":false},"author":1,"featured_media":0,"parent":0,"menu_order":0,"comment_status":"closed","ping_status":"closed","template":"","meta":{"om_disable_all_campaigns":false,"_monsterinsights_skip_tracking":false,"_monsterinsights_sitenote_active":false,"_monsterinsights_sitenote_note":"","_monsterinsights_sitenote_category":0,"footnotes":""},"class_list":["post-888","page","type-page","status-publish","hentry"],"_links":{"self":[{"href":"https:\/\/creervotrebusiness.com\/index.php\/wp-json\/wp\/v2\/pages\/888","targetHints":{"allow":["GET"]}}],"collection":[{"href":"https:\/\/creervotrebusiness.com\/index.php\/wp-json\/wp\/v2\/pages"}],"about":[{"href":"https:\/\/creervotrebusiness.com\/index.php\/wp-json\/wp\/v2\/types\/page"}],"author":[{"embeddable":true,"href":"https:\/\/creervotrebusiness.com\/index.php\/wp-json\/wp\/v2\/users\/1"}],"replies":[{"embeddable":true,"href":"https:\/\/creervotrebusiness.com\/index.php\/wp-json\/wp\/v2\/comments?post=888"}],"version-history":[{"count":2,"href":"https:\/\/creervotrebusiness.com\/index.php\/wp-json\/wp\/v2\/pages\/888\/revisions"}],"predecessor-version":[{"id":922,"href":"https:\/\/creervotrebusiness.com\/index.php\/wp-json\/wp\/v2\/pages\/888\/revisions\/922"}],"wp:attachment":[{"href":"https:\/\/creervotrebusiness.com\/index.php\/wp-json\/wp\/v2\/media?parent=888"}],"curies":[{"name":"wp","href":"https:\/\/api.w.org\/{rel}","templated":true}]}}