{"id":862,"date":"2025-03-01T13:56:14","date_gmt":"2025-03-01T13:56:14","guid":{"rendered":"https:\/\/creervotrebusiness.com\/?page_id=862"},"modified":"2025-03-01T15:11:07","modified_gmt":"2025-03-01T15:11:07","slug":"fais-le-maintenant-avant-que-quelquun-dautre-ne-prenne-ta-place","status":"publish","type":"page","link":"https:\/\/creervotrebusiness.com\/index.php\/fais-le-maintenant-avant-que-quelquun-dautre-ne-prenne-ta-place\/","title":{"rendered":"Fais-le maintenant, avant que quelqu\u2019un d\u2019autre ne prenne ta place"},"content":{"rendered":"\n<p>Tu sais quoi ? Ce que tu veux, l\u00e0, ce r\u00eave que tu nourris depuis des mois, voire des ann\u00e9es, il est d\u00e9j\u00e0 \u00e0 port\u00e9e de main. Mais il y a un hic. Ce \u00ab\u00a0hic\u00a0\u00bb, c\u2019est ta putain de procrastination. Ta peur de t&rsquo;engager, de sauter dans l&rsquo;inconnu. Tu attends le moment parfait, tu attends d&rsquo;\u00eatre pr\u00eat. Mais la r\u00e9alit\u00e9, c\u2019est que ce moment parfait n\u2019existe pas. Personne n\u2019est jamais pr\u00eat. Et pendant que tu attends, d\u2019autres foncent, d\u2019autres prennent ta place. C\u2019est aussi simple que \u00e7a. Chaque seconde que tu perds \u00e0 h\u00e9siter, quelqu\u2019un d&rsquo;autre s\u2019empare de ce que tu d\u00e9sires, de ce que tu crois \u00eatre \u00e0 toi.<\/p>\n\n\n\n<p>Tu veux te r\u00e9veiller demain, te dire que tu n\u2019as rien laiss\u00e9 filer, que tu as pris le contr\u00f4le de ta vie et que tu as fait bouger les choses ? Fais-le maintenant. Parce que, laisse-moi te le dire d&rsquo;une mani\u00e8re claire : si tu attends encore une seconde, c\u2019est d\u00e9j\u00e0 trop tard. Si tu attends que tout soit parfait, tu vas finir comme tout le monde : assis dans un fauteuil, \u00e0 regarder les autres s\u2019\u00e9panouir, \u00e0 te dire : \u00ab\u00a0Si seulement\u2026\u00a0\u00bb Tu sais ce que je dis ? Arr\u00eate de t\u2019excuser. Arr\u00eate de te trouver des excuses. Fais-le maintenant, avant que quelqu\u2019un d\u2019autre prenne ta place.<\/p>\n\n\n\n<p>Tu vois, cette id\u00e9e que tu gardes dans ta t\u00eate, ce projet qui te titille, ce r\u00eave qui te br\u00fble ? Il est bien r\u00e9el. Mais il n\u2019attend pas. \u00c7a ne marchera pas si tu attends que les conditions soient id\u00e9ales, si tu attends d\u2019avoir toutes les comp\u00e9tences, ou si tu attends d\u2019avoir toutes les pi\u00e8ces du puzzle. La v\u00e9rit\u00e9, c\u2019est qu\u2019il te manque juste une chose : l\u2019action. Juste l\u2019action. Pas de plan parfait, pas de strat\u00e9gie en b\u00e9ton. Juste l\u2019action.<\/p>\n\n\n\n<p><strong>Les r\u00eaves ne se r\u00e9alisent pas \u00e0 l&rsquo;infini<\/strong><br>Les r\u00eaves, \u00e7a se vit dans l&rsquo;instant. C&rsquo;est aujourd\u2019hui, maintenant. Chaque minute que tu passes \u00e0 penser \u00e0 ce que tu pourrais faire, tu laisses la place \u00e0 quelqu\u2019un d\u2019autre qui passe \u00e0 l\u2019action. Le vrai probl\u00e8me, ce n\u2019est pas de manquer de ressources, c\u2019est de manquer de conviction. Ce n\u2019est pas le manque d\u2019opportunit\u00e9s qui te bloque, c\u2019est ta putain de tendance \u00e0 attendre le \u00ab\u00a0moment parfait\u00a0\u00bb.<br>Alors je vais \u00eatre clair : tu veux changer ta vie, ou tu veux rester l\u00e0 \u00e0 regarder les autres ? Fais-le maintenant. Pas demain. Pas dans une semaine. Maintenant.<br><\/p>\n\n\n\n<p><strong>Le r\u00e9sultat, ce n\u2019est pas un truc abstrait<\/strong><br>L\u2019instant o\u00f9 tu passes \u00e0 l\u2019action, c\u2019est l\u00e0 que la magie commence. Tu verras. Ce n\u2019est pas un fantasme, ce n\u2019est pas un mythe. C\u2019est une r\u00e9alit\u00e9. Chaque petite victoire engendre une plus grande. Chaque action te rapproche de la vie que tu veux. Regarde ces gens qui r\u00e9ussissent autour de toi. Tu crois vraiment qu\u2019ils sont diff\u00e9rents de toi ? Non. Ils ne sont pas plus intelligents, plus talentueux ou plus chanceux. Ils ont juste d\u00e9cid\u00e9, un jour, de ne plus attendre. Ils ont pris des risques. Ils ont agi, m\u00eame quand c\u2019\u00e9tait inconfortable.<br>Et c\u2019est exactement ce que tu dois faire maintenant. C\u2019est ton tour. Et ce r\u00eave que tu nourris, cette vision de la vie que tu veux cr\u00e9er ? \u00c7a commence ici. Pas demain, pas dans un an. L\u00e0. Tout de suite.<br><\/p>\n\n\n\n<p><strong>Alors, que faire maintenant ?<\/strong><br>Fais-le. Fais-le m\u00eame si tu as peur. Fais-le m\u00eame si tu as des doutes. Fais-le m\u00eame si tu n\u2019as pas toutes les r\u00e9ponses. Parce que, laisse-moi te dire, tu ne les auras jamais toutes. Tu n\u2019attendras jamais assez pour \u00eatre totalement s\u00fbr. Mais une chose est certaine : plus tu attends, plus tu te condamnes \u00e0 regarder les autres r\u00e9ussir \u00e0 ta place. Plus tu te dis \u00ab\u00a0je vais attendre encore un peu\u00a0\u00bb, plus tu vas regarder des gens comme toi r\u00e9ussir ce que tu voulais r\u00e9ussir, pendant que tu restes l\u00e0, \u00e0 te dire que tu pourrais.<br>Arr\u00eate de penser, arr\u00eate de r\u00eaver.<\/p>\n\n\n\n<p>Agis maintenant. Avant que quelqu\u2019un d\u2019autre ne prenne ta place. Parce que c\u2019est exactement ce qu\u2019ils vont faire si tu ne te bouges pas.<br><em>Alors, qu\u2019attends-tu ?<\/em><br><\/p>\n\n\n\n<p class=\"has-vivid-red-color has-text-color has-link-color wp-elements-87838e05be77028d049a81fa631bcc21\"><strong>Partager cet article avec quelqu&rsquo;un qui a besoin de ce petit coup de pied au cul. Parce que tu sais quoi ? Le monde n\u2019attend personne. C\u2019est toi qui choisis de faire la diff\u00e9rence. Fais-le maintenant, avant que quelqu\u2019un d\u2019autre ne prenne ta place.<\/strong><\/p>\n\n\n\n<p><strong>Guido Saverio<\/strong>.<\/p>\n\n\n\n<ul class=\"wp-block-list\">\n<li><strong><em><a href=\"https:\/\/creervotrebusiness.com\/index.php\/lance-ton-business-sans-tordre-le-poignet-le-secret-que-les-gourous-de-la-reussite-ne-veulent-pas-que-tu-saches\/\">Lance ton business sans tordre le poignet \u2013 Le secret que les gourous de la r\u00e9ussite ne veulent pas que tu saches<\/a><\/em><\/strong><\/li>\n\n\n\n<li><strong><em><a href=\"https:\/\/creervotrebusiness.com\/index.php\/arrete-de-rever-petit-comment-creer-un-empire-a-partir-de-rien\/\">Arr\u00eate de r\u00eaver petit : Comment cr\u00e9er un empire \u00e0 partir de rien<\/a><\/em><\/strong><\/li>\n\n\n\n<li><strong><em><a href=\"https:\/\/creervotrebusiness.com\/index.php\/de-zero-a-heros-ce-quon-ne-ta-jamais-dit-sur-la-reussite\/\">De z\u00e9ro \u00e0 h\u00e9ros : Ce qu\u2019on ne t\u2019a jamais dit sur la r\u00e9ussite<\/a><\/em><\/strong><\/li>\n\n\n\n<li><strong><em><a href=\"https:\/\/creervotrebusiness.com\/index.php\/quitte-ton-job-9-5-et-fais-exploser-tes-revenus-le-guide-pour-les-revoltes\/\">Quitte ton job 9-5 et fais exploser tes revenus \u2013 Le guide pour les r\u00e9volt\u00e9s<\/a><\/em><\/strong><\/li>\n\n\n\n<li><strong><em><a href=\"https:\/\/creervotrebusiness.com\/index.php\/devenir-millionnaire-en-faisant-ce-que-tu-aimes-ca-commence-maintenant\/\">Devenir millionnaire en faisant ce que tu aimes : \u00c7a commence maintenant.<\/a><\/em><\/strong><\/li>\n\n\n\n<li><strong><em><a href=\"https:\/\/creervotrebusiness.com\/index.php\/revolutionne-ta-vie-en-30-jours-comment-batir-un-business-qui-te-fait-rever\/\">R\u00e9volutionne ta vie en 30 jours : Comment b\u00e2tir un business qui te fait r\u00eaver<\/a><\/em><\/strong><\/li>\n\n\n\n<li><strong><em><a href=\"https:\/\/creervotrebusiness.com\/index.php\/ton-futur-est-entre-tes-mains-lance-ton-business-comme-un-pro-en-10-etapes\/\">Ton futur est entre tes mains \u2013 Lance ton business comme un pro en 10 \u00e9tapes<\/a><\/em><\/strong><\/li>\n\n\n\n<li><strong><em><a href=\"https:\/\/creervotrebusiness.com\/index.php\/fais-le-maintenant-avant-que-quelquun-dautre-ne-prenne-ta-place\/\">Fais-le maintenant, avant que quelqu\u2019un d\u2019autre ne prenne ta place<\/a><\/em><\/strong><\/li>\n\n\n\n<li><strong><em><a href=\"https:\/\/creervotrebusiness.com\/index.php\/cesse-dattendre-lopportunite-cree-la-le-business-des-audacieux\/\">Cesse d\u2019attendre l\u2019opportunit\u00e9, cr\u00e9e-la : Le business des audacieux<\/a><\/em><\/strong><\/li>\n\n\n\n<li><strong><em><a href=\"https:\/\/creervotrebusiness.com\/index.php\/ne-laisse-pas-ta-peur-decider-de-ton-futur-comment-devenir-lentrepreneur-que-tu-es-cense-etre\/\">Ne laisse pas ta peur d\u00e9cider de ton futur \u2013 Comment devenir l\u2019entrepreneur que tu es cens\u00e9 \u00eatre<\/a><\/em><\/strong><\/li>\n\n\n\n<li><strong><em><a href=\"https:\/\/creervotrebusiness.com\/index.php\/les-millionnaires-nont-pas-plus-de-temps-que-toi-voici-ce-quils-font-differemment\/\">Les millionnaires n&rsquo;ont pas plus de temps que toi \u2013 Voici ce qu\u2019ils font diff\u00e9remment<\/a><\/em><\/strong><\/li>\n\n\n\n<li><strong><em><a href=\"https:\/\/creervotrebusiness.com\/index.php\/reve-grand-travaille-dur-et-regarde-largent-arriver-la-methode-qui-marche\/\">R\u00eave grand, travaille dur, et regarde l\u2019argent arriver \u2013 La m\u00e9thode qui marche<\/a><\/em><\/strong><\/li>\n\n\n\n<li><strong><em><a href=\"https:\/\/creervotrebusiness.com\/index.php\/pourquoi-tu-nas-toujours-pas-cree-ton-business-et-comment-changer-ca\/\">Pourquoi tu n\u2019as toujours pas cr\u00e9\u00e9 ton business (et comment changer \u00e7a)<\/a><\/em><\/strong><\/li>\n\n\n\n<li><strong><em><a href=\"https:\/\/creervotrebusiness.com\/index.php\/le-reve-detre-ton-propre-patron-ce-quil-faut-vraiment-pour-y-arriver\/\">Le r\u00eave d\u2019\u00eatre ton propre patron : Ce qu\u2019il faut vraiment pour y arriver<\/a><\/em><\/strong><\/li>\n\n\n\n<li><strong><em><a href=\"https:\/\/creervotrebusiness.com\/index.php\/quitter-le-quotidien-pour-une-vie-de-liberte-lultime-recette-pour-batir-un-business-reussi\/\">Quitter le quotidien pour une vie de libert\u00e9 : L\u2019ultime recette pour b\u00e2tir un business r\u00e9ussi<\/a><\/em><\/strong><\/li>\n<\/ul>\n","protected":false},"excerpt":{"rendered":"<p>Tu sais quoi ? Ce que tu veux, l\u00e0, ce r\u00eave que tu nourris depuis des mois, voire des ann\u00e9es, il est d\u00e9j\u00e0 \u00e0 port\u00e9e de main. Mais il y a un hic. Ce \u00ab\u00a0hic\u00a0\u00bb, c\u2019est ta putain de procrastination&#8230;. <a href=\"https:\/\/creervotrebusiness.com\/index.php\/fais-le-maintenant-avant-que-quelquun-dautre-ne-prenne-ta-place\/\" class=\"readmore\">Read more<span class=\"screen-reader-text\">Fais-le maintenant, avant que quelqu\u2019un d\u2019autre ne prenne ta place<\/span><span class=\"fa fa-angle-double-right\" aria-hidden=\"true\"><\/span><\/a><\/p>\n","protected":false},"author":1,"featured_media":0,"parent":0,"menu_order":0,"comment_status":"closed","ping_status":"closed","template":"","meta":{"om_disable_all_campaigns":false,"_monsterinsights_skip_tracking":false,"_monsterinsights_sitenote_active":false,"_monsterinsights_sitenote_note":"","_monsterinsights_sitenote_category":0,"footnotes":""},"class_list":["post-862","page","type-page","status-publish","hentry"],"_links":{"self":[{"href":"https:\/\/creervotrebusiness.com\/index.php\/wp-json\/wp\/v2\/pages\/862","targetHints":{"allow":["GET"]}}],"collection":[{"href":"https:\/\/creervotrebusiness.com\/index.php\/wp-json\/wp\/v2\/pages"}],"about":[{"href":"https:\/\/creervotrebusiness.com\/index.php\/wp-json\/wp\/v2\/types\/page"}],"author":[{"embeddable":true,"href":"https:\/\/creervotrebusiness.com\/index.php\/wp-json\/wp\/v2\/users\/1"}],"replies":[{"embeddable":true,"href":"https:\/\/creervotrebusiness.com\/index.php\/wp-json\/wp\/v2\/comments?post=862"}],"version-history":[{"count":2,"href":"https:\/\/creervotrebusiness.com\/index.php\/wp-json\/wp\/v2\/pages\/862\/revisions"}],"predecessor-version":[{"id":910,"href":"https:\/\/creervotrebusiness.com\/index.php\/wp-json\/wp\/v2\/pages\/862\/revisions\/910"}],"wp:attachment":[{"href":"https:\/\/creervotrebusiness.com\/index.php\/wp-json\/wp\/v2\/media?parent=862"}],"curies":[{"name":"wp","href":"https:\/\/api.w.org\/{rel}","templated":true}]}}