{"id":794,"date":"2025-01-08T23:49:52","date_gmt":"2025-01-08T23:49:52","guid":{"rendered":"https:\/\/creervotrebusiness.com\/?page_id=794"},"modified":"2025-01-08T23:55:06","modified_gmt":"2025-01-08T23:55:06","slug":"comment-creer-un-business-en-ligne-qui-fonctionnera-video","status":"publish","type":"page","link":"https:\/\/creervotrebusiness.com\/index.php\/comment-creer-un-business-en-ligne-qui-fonctionnera-video\/","title":{"rendered":"Comment cr\u00e9er un business en ligne qui fonctionnera (videos )"},"content":{"rendered":"\n<div class=\"wp-block-columns is-layout-flex wp-container-core-columns-is-layout-1 wp-block-columns-is-layout-flex\">\n<div class=\"wp-block-column is-layout-flow wp-block-column-is-layout-flow\">\n<iframe loading=\"lazy\" width=\"360\" height=\"215\" src=\"https:\/\/www.youtube.com\/embed\/yH2BI2-fZ0k?si=vcZYtYdSuSYII_VC\" title=\"YouTube video player\" frameborder=\"0\" allow=\"accelerometer; autoplay; clipboard-write; encrypted-media; gyroscope; picture-in-picture; web-share\" referrerpolicy=\"strict-origin-when-cross-origin\" allowfullscreen><\/iframe>\n\n\n\n<p>Comment cr\u00e9er un business en ligne qui fonctionnera<\/p>\n<\/div>\n\n\n\n<div class=\"wp-block-column is-layout-flow wp-block-column-is-layout-flow\">\n<p>Dans cette vid\u00e9o, je vous donne une m\u00e9thodologie qui vous aidera \u00e0 d\u00e9velopper une audience en ligne fid\u00e8le et \u00e0 faire des ventes avec votre blog ou votre chaine YouTube. SI vous avez l&rsquo;impression de ne pas accrocher votre audience malgr\u00e9 vos efforts, cette vid\u00e9o est pour vous. (<strong>Andr\u00e9 DUBOIS<\/strong>)<\/p>\n<\/div>\n<\/div>\n\n\n\n<hr class=\"wp-block-separator has-alpha-channel-opacity\"\/>\n\n\n\n<div class=\"wp-block-columns is-layout-flex wp-container-core-columns-is-layout-2 wp-block-columns-is-layout-flex\">\n<div class=\"wp-block-column is-layout-flow wp-block-column-is-layout-flow\">\n<iframe loading=\"lazy\" width=\"360\" height=\"215\" src=\"https:\/\/www.youtube.com\/embed\/NgLe_GnEoy8?si=VrZyj8ZSBcDYj3Ka\" title=\"YouTube video player\" frameborder=\"0\" allow=\"accelerometer; autoplay; clipboard-write; encrypted-media; gyroscope; picture-in-picture; web-share\" referrerpolicy=\"strict-origin-when-cross-origin\" allowfullscreen><\/iframe>\n\n\n\n<p>Les \u00e9tapes pour lancer un business en ligne de niche<\/p>\n\n\n\n<hr class=\"wp-block-separator aligncenter has-alpha-channel-opacity\"\/>\n<\/div>\n\n\n\n<div class=\"wp-block-column is-layout-flow wp-block-column-is-layout-flow\">\n<p>Si je devais lancer un business en ligne sur une th\u00e9matique bien nich\u00e9e, bien rentable, je ferai comme cela. Suivez les \u00e9tapes.(<strong>Andr\u00e9 DUBOIS<\/strong>)<\/p>\n<\/div>\n<\/div>\n\n\n\n<div class=\"wp-block-columns is-layout-flex wp-container-core-columns-is-layout-3 wp-block-columns-is-layout-flex\">\n<div class=\"wp-block-column is-layout-flow wp-block-column-is-layout-flow\">\n<iframe loading=\"lazy\" width=\"360\" height=\"215\" src=\"https:\/\/www.youtube.com\/embed\/qAQtzIIHpsQ?si=151D1X_dUEaWYLhy\" title=\"YouTube video player\" frameborder=\"0\" allow=\"accelerometer; autoplay; clipboard-write; encrypted-media; gyroscope; picture-in-picture; web-share\" referrerpolicy=\"strict-origin-when-cross-origin\" allowfullscreen><\/iframe>\n\n\n\n<p>Comment cr\u00e9er un business en ligne automatis\u00e9 (Rapidement, exemple \u00e0 suivre)<\/p>\n<\/div>\n\n\n\n<div class=\"wp-block-column is-layout-flow wp-block-column-is-layout-flow\">\n<p>Dans cette vid\u00e9o, vous allez d\u00e9couvrir comment monter un business internet automatis\u00e9, rapidement. Ce que je vais vous montrer va vous permettre de cr\u00e9er votre entreprise en ligne, bas\u00e9e sur la vente de formations, en moins de 4 mois, tout compris. C\u2019est le mod\u00e8le que j\u2019ai choisi pour lancer et mon\u00e9tiser mes derniers business blogging et YouTube.(<strong>Andr\u00e9 DUBOIS<\/strong>)<\/p>\n<\/div>\n<\/div>\n\n\n\n<hr class=\"wp-block-separator has-alpha-channel-opacity\"\/>\n\n\n\n<div class=\"wp-block-columns is-layout-flex wp-container-core-columns-is-layout-4 wp-block-columns-is-layout-flex\">\n<div class=\"wp-block-column is-layout-flow wp-block-column-is-layout-flow\">\n<iframe loading=\"lazy\" width=\"360\" height=\"215\" src=\"https:\/\/www.youtube.com\/embed\/az4uX0qFbYU?si=HJx_f04EGGGjc3ML\" title=\"YouTube video player\" frameborder=\"0\" allow=\"accelerometer; autoplay; clipboard-write; encrypted-media; gyroscope; picture-in-picture; web-share\" referrerpolicy=\"strict-origin-when-cross-origin\" allowfullscreen><\/iframe>\n\n\n\n<p>10 m\u00e9thodes simples et gratuites pour am\u00e9liorer votre business en ligne<\/p>\n<\/div>\n\n\n\n<div class=\"wp-block-column is-layout-flow wp-block-column-is-layout-flow\">\n<p>Dans cette vid\u00e9o, j&rsquo;aide les entrepreneurs en ligne (blogueurs, youtubeurs) \u00e0 am\u00e9liorer leurs r\u00e9sultats avec 10 m\u00e9thodes simples, dont 9 sont gratuites(<strong>Andr\u00e9 DUBOIS<\/strong>)<\/p>\n<\/div>\n<\/div>\n\n\n\n<hr class=\"wp-block-separator has-alpha-channel-opacity\"\/>\n\n\n\n<div class=\"wp-block-columns is-layout-flex wp-container-core-columns-is-layout-5 wp-block-columns-is-layout-flex\">\n<div class=\"wp-block-column is-layout-flow wp-block-column-is-layout-flow\">\n<iframe loading=\"lazy\" width=\"360\" height=\"215\" src=\"https:\/\/www.youtube.com\/embed\/TnXZQcKtJYY?si=QNeqPtFfym17Z70G\" title=\"YouTube video player\" frameborder=\"0\" allow=\"accelerometer; autoplay; clipboard-write; encrypted-media; gyroscope; picture-in-picture; web-share\" referrerpolicy=\"strict-origin-when-cross-origin\" allowfullscreen><\/iframe>\n\n\n\n<p>Comment monter un business en ligne en d\u00e9pensant z\u00e9ro<\/p>\n<\/div>\n\n\n\n<div class=\"wp-block-column is-layout-flow wp-block-column-is-layout-flow\">\n<p>Vous voulez gagner de l\u2019argent en ligne ou cr\u00e9er un business en ligne ? Aujourd\u2019hui je vais vous montrer comment le faire sans rien d\u00e9penser. On va comparer la solution classique et celle que je vais vous proposer. Lancez-vous, oser d\u00e9marrer votre business en ligne.  (<strong>Andr\u00e9 DUBOIS<\/strong>)<\/p>\n<\/div>\n<\/div>\n\n\n\n<hr class=\"wp-block-separator has-alpha-channel-opacity\"\/>\n","protected":false},"excerpt":{"rendered":"<p>Comment cr\u00e9er un business en ligne qui fonctionnera Dans cette vid\u00e9o, je vous donne une m\u00e9thodologie qui vous aidera \u00e0 d\u00e9velopper une audience en ligne fid\u00e8le et \u00e0 faire des ventes avec votre blog ou votre chaine YouTube. SI vous&#8230; <a href=\"https:\/\/creervotrebusiness.com\/index.php\/comment-creer-un-business-en-ligne-qui-fonctionnera-video\/\" class=\"readmore\">Read more<span class=\"screen-reader-text\">Comment cr\u00e9er un business en ligne qui fonctionnera (videos )<\/span><span class=\"fa fa-angle-double-right\" aria-hidden=\"true\"><\/span><\/a><\/p>\n","protected":false},"author":1,"featured_media":0,"parent":0,"menu_order":0,"comment_status":"closed","ping_status":"closed","template":"","meta":{"om_disable_all_campaigns":false,"_monsterinsights_skip_tracking":false,"_monsterinsights_sitenote_active":false,"_monsterinsights_sitenote_note":"","_monsterinsights_sitenote_category":0,"footnotes":""},"class_list":["post-794","page","type-page","status-publish","hentry"],"_links":{"self":[{"href":"https:\/\/creervotrebusiness.com\/index.php\/wp-json\/wp\/v2\/pages\/794","targetHints":{"allow":["GET"]}}],"collection":[{"href":"https:\/\/creervotrebusiness.com\/index.php\/wp-json\/wp\/v2\/pages"}],"about":[{"href":"https:\/\/creervotrebusiness.com\/index.php\/wp-json\/wp\/v2\/types\/page"}],"author":[{"embeddable":true,"href":"https:\/\/creervotrebusiness.com\/index.php\/wp-json\/wp\/v2\/users\/1"}],"replies":[{"embeddable":true,"href":"https:\/\/creervotrebusiness.com\/index.php\/wp-json\/wp\/v2\/comments?post=794"}],"version-history":[{"count":3,"href":"https:\/\/creervotrebusiness.com\/index.php\/wp-json\/wp\/v2\/pages\/794\/revisions"}],"predecessor-version":[{"id":799,"href":"https:\/\/creervotrebusiness.com\/index.php\/wp-json\/wp\/v2\/pages\/794\/revisions\/799"}],"wp:attachment":[{"href":"https:\/\/creervotrebusiness.com\/index.php\/wp-json\/wp\/v2\/media?parent=794"}],"curies":[{"name":"wp","href":"https:\/\/api.w.org\/{rel}","templated":true}]}}