{"id":744,"date":"2024-09-11T12:45:09","date_gmt":"2024-09-11T12:45:09","guid":{"rendered":"https:\/\/creervotrebusiness.com\/?page_id=744"},"modified":"2024-09-11T12:45:10","modified_gmt":"2024-09-11T12:45:10","slug":"videos-interessantes","status":"publish","type":"page","link":"https:\/\/creervotrebusiness.com\/index.php\/videos-interessantes\/","title":{"rendered":"VIDEOS INTERESSANTES"},"content":{"rendered":"\n<figure class=\"wp-block-image size-full is-resized\"><img loading=\"lazy\" decoding=\"async\" width=\"750\" height=\"100\" src=\"https:\/\/creervotrebusiness.com\/wp-content\/uploads\/2022\/10\/VIDEOS-11.png\" alt=\"\" class=\"wp-image-55\" srcset=\"https:\/\/creervotrebusiness.com\/wp-content\/uploads\/2022\/10\/VIDEOS-11.png 750w, https:\/\/creervotrebusiness.com\/wp-content\/uploads\/2022\/10\/VIDEOS-11-300x40.png 300w\" sizes=\"auto, (max-width: 750px) 100vw, 750px\" \/><\/figure>\n\n\n\n<p class=\"has-small-font-size\"><strong>Pourquoi tu n&rsquo;arrives pas \u00e0 vendre<br>Pourquoi votre activit\u00e9 ne g\u00e9n\u00e8re pas les revenus que vous souhaitez ?<br>Tout est possible: Comment r\u00e9aliser vos r\u00eaves en suivant le mod\u00e8le Walt Disney<br>Comment vendre BEAUCOUP sur internet (EN PEU DE TEMPS)<br>Comment cr\u00e9er un BUSINESS MILLIONNAIRE en 4 minutes !<br>BUSINESS EN LIGNE de A \u00e0 Z : 1500\u20ac \/ mois en partant de z\u00e9ro et sans argent<br>Comment CONVAINCRE un client d\u2019acheter vos produits avec persuasion (4 RAISONS)<br>Le secret pour vendre sans \u00eatre trop insistant<br>COMMENT PR\u00c9SENTER SON PRODUIT Sans Commettre Ces 7 ERREURS EN MARKETING<br>SONCAS : La Technique de Vente ULTIME !<br>BUSINESS EN LIGNE 2022 : SUIS CES CONSEILS<\/strong><\/p>\n\n\n\n<div class=\"wp-block-columns is-layout-flex wp-container-core-columns-is-layout-1 wp-block-columns-is-layout-flex\">\n<div class=\"wp-block-column is-layout-flow wp-block-column-is-layout-flow\">\n<iframe loading=\"lazy\" width=\"260\" height=\"115\" src=\"https:\/\/www.youtube.com\/embed\/emg6WATJqis\" title=\"YouTube video player\" frameborder=\"0\" allow=\"accelerometer; autoplay; clipboard-write; encrypted-media; gyroscope; picture-in-picture\" allowfullscreen=\"\"><\/iframe>\n<\/div>\n\n\n\n<div class=\"wp-block-column is-layout-flow wp-block-column-is-layout-flow\">\n<iframe loading=\"lazy\" width=\"260\" height=\"115\" src=\"https:\/\/www.youtube.com\/embed\/PZM7U26ZuLw\" title=\"YouTube video player\" frameborder=\"0\" allow=\"accelerometer; autoplay; clipboard-write; encrypted-media; gyroscope; picture-in-picture\" allowfullscreen=\"\"><\/iframe>\n<\/div>\n\n\n\n<div class=\"wp-block-column is-layout-flow wp-block-column-is-layout-flow\">\n<iframe loading=\"lazy\" width=\"260\" height=\"115\" src=\"https:\/\/www.youtube.com\/embed\/RfsYFBWIcJk\" title=\"YouTube video player\" frameborder=\"0\" allow=\"accelerometer; autoplay; clipboard-write; encrypted-media; gyroscope; picture-in-picture\" allowfullscreen=\"\"><\/iframe>\n<\/div>\n<\/div>\n\n\n\n<div class=\"wp-block-columns is-layout-flex wp-container-core-columns-is-layout-2 wp-block-columns-is-layout-flex\">\n<div class=\"wp-block-column is-layout-flow wp-block-column-is-layout-flow\">\n<iframe loading=\"lazy\" width=\"260\" height=\"115\" src=\"https:\/\/www.youtube.com\/embed\/_s1ee18NINY\" title=\"YouTube video player\" frameborder=\"0\" allow=\"accelerometer; autoplay; clipboard-write; encrypted-media; gyroscope; picture-in-picture\" allowfullscreen=\"\"><\/iframe>\n<\/div>\n\n\n\n<div class=\"wp-block-column is-layout-flow wp-block-column-is-layout-flow\">\n<iframe loading=\"lazy\" width=\"260\" height=\"115\" src=\"https:\/\/www.youtube.com\/embed\/z1PA5qTv4Q4\" title=\"YouTube video player\" frameborder=\"0\" allow=\"accelerometer; autoplay; clipboard-write; encrypted-media; gyroscope; picture-in-picture\" allowfullscreen=\"\"><\/iframe>\n<\/div>\n\n\n\n<div class=\"wp-block-column is-layout-flow wp-block-column-is-layout-flow\">\n<iframe loading=\"lazy\" width=\"260\" height=\"115\" src=\"https:\/\/www.youtube.com\/embed\/0VAX6OIg_lE\" title=\"YouTube video player\" frameborder=\"0\" allow=\"accelerometer; autoplay; clipboard-write; encrypted-media; gyroscope; picture-in-picture\" allowfullscreen=\"\"><\/iframe>\n<\/div>\n<\/div>\n\n\n\n<div class=\"wp-block-columns is-layout-flex wp-container-core-columns-is-layout-3 wp-block-columns-is-layout-flex\">\n<div class=\"wp-block-column is-layout-flow wp-block-column-is-layout-flow\">\n<iframe loading=\"lazy\" width=\"260\" height=\"115\" src=\"https:\/\/www.youtube.com\/embed\/MvZ5SxFe35U\" title=\"YouTube video player\" frameborder=\"0\" allow=\"accelerometer; autoplay; clipboard-write; encrypted-media; gyroscope; picture-in-picture\" allowfullscreen=\"\"><\/iframe>\n<\/div>\n\n\n\n<div class=\"wp-block-column is-layout-flow wp-block-column-is-layout-flow\">\n<iframe loading=\"lazy\" width=\"260\" height=\"115\" src=\"https:\/\/www.youtube.com\/embed\/qlRUnb74khM\" title=\"YouTube video player\" frameborder=\"0\" allow=\"accelerometer; autoplay; clipboard-write; encrypted-media; gyroscope; picture-in-picture\" allowfullscreen=\"\"><\/iframe>\n<\/div>\n\n\n\n<div class=\"wp-block-column is-layout-flow wp-block-column-is-layout-flow\">\n<iframe loading=\"lazy\" width=\"260\" height=\"115\" src=\"https:\/\/www.youtube.com\/embed\/gtyZC_VGQ_o\" title=\"YouTube video player\" frameborder=\"0\" allow=\"accelerometer; autoplay; clipboard-write; encrypted-media; gyroscope; picture-in-picture\" allowfullscreen=\"\"><\/iframe>\n<\/div>\n<\/div>\n\n\n\n<div class=\"wp-block-columns is-layout-flex wp-container-core-columns-is-layout-4 wp-block-columns-is-layout-flex\">\n<div class=\"wp-block-column is-layout-flow wp-block-column-is-layout-flow\">\n<iframe loading=\"lazy\" width=\"260\" height=\"115\" src=\"https:\/\/www.youtube.com\/embed\/0YDBfLwWbgE\" title=\"YouTube video player\" frameborder=\"0\" allow=\"accelerometer; autoplay; clipboard-write; encrypted-media; gyroscope; picture-in-picture\" allowfullscreen=\"\"><\/iframe>\n<\/div>\n\n\n\n<div class=\"wp-block-column is-layout-flow wp-block-column-is-layout-flow\">\n<iframe loading=\"lazy\" width=\"260\" height=\"115\" src=\"https:\/\/www.youtube.com\/embed\/okOn2WKq6xM\" title=\"YouTube video player\" frameborder=\"0\" allow=\"accelerometer; autoplay; clipboard-write; encrypted-media; gyroscope; picture-in-picture\" allowfullscreen=\"\"><\/iframe>\n<\/div>\n\n\n\n<div class=\"wp-block-column is-layout-flow wp-block-column-is-layout-flow\"><\/div>\n<\/div>\n","protected":false},"excerpt":{"rendered":"<p>Pourquoi tu n&rsquo;arrives pas \u00e0 vendrePourquoi votre activit\u00e9 ne g\u00e9n\u00e8re pas les revenus que vous souhaitez ?Tout est possible: Comment r\u00e9aliser vos r\u00eaves en suivant le mod\u00e8le Walt DisneyComment vendre BEAUCOUP sur internet (EN PEU DE TEMPS)Comment cr\u00e9er un BUSINESS&#8230; <a href=\"https:\/\/creervotrebusiness.com\/index.php\/videos-interessantes\/\" class=\"readmore\">Read more<span class=\"screen-reader-text\">VIDEOS INTERESSANTES<\/span><span class=\"fa fa-angle-double-right\" aria-hidden=\"true\"><\/span><\/a><\/p>\n","protected":false},"author":1,"featured_media":0,"parent":0,"menu_order":0,"comment_status":"closed","ping_status":"closed","template":"","meta":{"om_disable_all_campaigns":false,"_monsterinsights_skip_tracking":false,"_monsterinsights_sitenote_active":false,"_monsterinsights_sitenote_note":"","_monsterinsights_sitenote_category":0,"footnotes":""},"class_list":["post-744","page","type-page","status-publish","hentry"],"_links":{"self":[{"href":"https:\/\/creervotrebusiness.com\/index.php\/wp-json\/wp\/v2\/pages\/744","targetHints":{"allow":["GET"]}}],"collection":[{"href":"https:\/\/creervotrebusiness.com\/index.php\/wp-json\/wp\/v2\/pages"}],"about":[{"href":"https:\/\/creervotrebusiness.com\/index.php\/wp-json\/wp\/v2\/types\/page"}],"author":[{"embeddable":true,"href":"https:\/\/creervotrebusiness.com\/index.php\/wp-json\/wp\/v2\/users\/1"}],"replies":[{"embeddable":true,"href":"https:\/\/creervotrebusiness.com\/index.php\/wp-json\/wp\/v2\/comments?post=744"}],"version-history":[{"count":1,"href":"https:\/\/creervotrebusiness.com\/index.php\/wp-json\/wp\/v2\/pages\/744\/revisions"}],"predecessor-version":[{"id":746,"href":"https:\/\/creervotrebusiness.com\/index.php\/wp-json\/wp\/v2\/pages\/744\/revisions\/746"}],"wp:attachment":[{"href":"https:\/\/creervotrebusiness.com\/index.php\/wp-json\/wp\/v2\/media?parent=744"}],"curies":[{"name":"wp","href":"https:\/\/api.w.org\/{rel}","templated":true}]}}