{"id":641,"date":"2023-05-04T12:09:15","date_gmt":"2023-05-04T12:09:15","guid":{"rendered":"https:\/\/creervotrebusiness.com\/?page_id=641"},"modified":"2023-05-04T12:09:16","modified_gmt":"2023-05-04T12:09:16","slug":"etablissez-une-strategie-de-marketing","status":"publish","type":"page","link":"https:\/\/creervotrebusiness.com\/index.php\/etablissez-une-strategie-de-marketing\/","title":{"rendered":"\u00c9tablissez une strat\u00e9gie de marketing"},"content":{"rendered":"\n<p>Une strat\u00e9gie de marketing efficace est essentielle pour attirer de nouveaux clients et fid\u00e9liser les clients existants. Voici quelques \u00e9tapes cl\u00e9s pour \u00e9tablir une strat\u00e9gie de marketing solide :<\/p>\n\n\n\n<ol class=\"wp-block-list\">\n<li>D\u00e9finissez votre public cible : D\u00e9finissez votre public cible en fonction de leur \u00e2ge, de leur sexe, de leur lieu de r\u00e9sidence, de leur profession, etc. Cela vous aidera \u00e0 mieux comprendre les besoins et les d\u00e9sirs de votre public cible.<\/li>\n\n\n\n<li>\u00c9tablissez des objectifs de marketing : \u00c9tablissez des objectifs de marketing clairs et mesurables, tels que l&rsquo;augmentation des ventes, l&rsquo;augmentation du trafic sur votre site web, l&rsquo;augmentation de la notori\u00e9t\u00e9 de votre marque, etc.<\/li>\n\n\n\n<li>\u00c9laborez une proposition de valeur : \u00c9laborez une proposition de valeur claire pour votre entreprise, qui met en avant les avantages de vos produits ou services pour votre public cible.<\/li>\n\n\n\n<li>Choisissez les canaux de marketing appropri\u00e9s : Choisissez les canaux de marketing appropri\u00e9s pour atteindre votre public cible. Cela peut inclure les publicit\u00e9s en ligne, les r\u00e9seaux sociaux, le marketing par courriel, les \u00e9v\u00e9nements, les salons professionnels, etc.<\/li>\n\n\n\n<li>Cr\u00e9ez du contenu de qualit\u00e9 : Cr\u00e9ez du contenu de qualit\u00e9 pour attirer votre public cible. Le contenu peut inclure des blogs, des vid\u00e9os, des images, des infographies, etc.<\/li>\n\n\n\n<li>Mesurez les r\u00e9sultats : Mesurez les r\u00e9sultats de vos efforts de marketing en utilisant des outils d&rsquo;analyse pour \u00e9valuer l&rsquo;efficacit\u00e9 de votre strat\u00e9gie de marketing et apporter les ajustements n\u00e9cessaires.<\/li>\n\n\n\n<li>Soyez coh\u00e9rent : Soyez coh\u00e9rent dans votre communication et votre marketing. Cela renforce la confiance de votre public cible envers votre marque et am\u00e9liore la notori\u00e9t\u00e9 de votre entreprise.<\/li>\n<\/ol>\n\n\n\n<p>En suivant ces \u00e9tapes, vous pouvez \u00e9tablir une strat\u00e9gie de marketing solide pour votre entreprise qui vous permet d&rsquo;atteindre de nouveaux clients et de renforcer les relations avec les clients existants.<\/p>\n","protected":false},"excerpt":{"rendered":"<p>Une strat\u00e9gie de marketing efficace est essentielle pour attirer de nouveaux clients et fid\u00e9liser les clients existants. Voici quelques \u00e9tapes cl\u00e9s pour \u00e9tablir une strat\u00e9gie de marketing solide : En suivant ces \u00e9tapes, vous pouvez \u00e9tablir une strat\u00e9gie de marketing&#8230; <a href=\"https:\/\/creervotrebusiness.com\/index.php\/etablissez-une-strategie-de-marketing\/\" class=\"readmore\">Read more<span class=\"screen-reader-text\">\u00c9tablissez une strat\u00e9gie de marketing<\/span><span class=\"fa fa-angle-double-right\" aria-hidden=\"true\"><\/span><\/a><\/p>\n","protected":false},"author":1,"featured_media":0,"parent":0,"menu_order":0,"comment_status":"closed","ping_status":"closed","template":"","meta":{"om_disable_all_campaigns":false,"_monsterinsights_skip_tracking":false,"_monsterinsights_sitenote_active":false,"_monsterinsights_sitenote_note":"","_monsterinsights_sitenote_category":0,"footnotes":""},"class_list":["post-641","page","type-page","status-publish","hentry"],"_links":{"self":[{"href":"https:\/\/creervotrebusiness.com\/index.php\/wp-json\/wp\/v2\/pages\/641","targetHints":{"allow":["GET"]}}],"collection":[{"href":"https:\/\/creervotrebusiness.com\/index.php\/wp-json\/wp\/v2\/pages"}],"about":[{"href":"https:\/\/creervotrebusiness.com\/index.php\/wp-json\/wp\/v2\/types\/page"}],"author":[{"embeddable":true,"href":"https:\/\/creervotrebusiness.com\/index.php\/wp-json\/wp\/v2\/users\/1"}],"replies":[{"embeddable":true,"href":"https:\/\/creervotrebusiness.com\/index.php\/wp-json\/wp\/v2\/comments?post=641"}],"version-history":[{"count":1,"href":"https:\/\/creervotrebusiness.com\/index.php\/wp-json\/wp\/v2\/pages\/641\/revisions"}],"predecessor-version":[{"id":642,"href":"https:\/\/creervotrebusiness.com\/index.php\/wp-json\/wp\/v2\/pages\/641\/revisions\/642"}],"wp:attachment":[{"href":"https:\/\/creervotrebusiness.com\/index.php\/wp-json\/wp\/v2\/media?parent=641"}],"curies":[{"name":"wp","href":"https:\/\/api.w.org\/{rel}","templated":true}]}}