{"id":622,"date":"2023-05-04T11:43:48","date_gmt":"2023-05-04T11:43:48","guid":{"rendered":"https:\/\/creervotrebusiness.com\/?page_id=622"},"modified":"2023-05-04T11:43:49","modified_gmt":"2023-05-04T11:43:49","slug":"etablissez-un-plan-daffaires","status":"publish","type":"page","link":"https:\/\/creervotrebusiness.com\/index.php\/etablissez-un-plan-daffaires\/","title":{"rendered":"\u00c9tablissez un plan d&rsquo;affaires"},"content":{"rendered":"\n<p>Un plan d&rsquo;affaires est un document essentiel pour tout entrepreneur qui souhaite lancer une entreprise ou d\u00e9velopper une activit\u00e9 existante. Voici les \u00e9l\u00e9ments cl\u00e9s \u00e0 inclure dans un plan d&rsquo;affaires :<\/p>\n\n\n\n<ol class=\"wp-block-list\">\n<li>R\u00e9sum\u00e9 ex\u00e9cutif : C&rsquo;est la premi\u00e8re section du plan d&rsquo;affaires qui pr\u00e9sente une vue d&rsquo;ensemble de l&rsquo;entreprise, ses objectifs, ses produits ou services et ses avantages concurrentiels.<\/li>\n\n\n\n<li>Description de l&rsquo;entreprise : Cette section pr\u00e9sente des informations d\u00e9taill\u00e9es sur l&rsquo;entreprise, son histoire, sa structure organisationnelle, son statut juridique et sa localisation.<\/li>\n\n\n\n<li>Analyse de march\u00e9 : Cette section fournit une analyse d\u00e9taill\u00e9e du march\u00e9 cible, de la concurrence et des opportunit\u00e9s d&rsquo;affaires.<\/li>\n\n\n\n<li>Strat\u00e9gie de marketing : Cette section explique comment l&rsquo;entreprise compte commercialiser ses produits ou services, d\u00e9finir son positionnement et identifier son public cible.<\/li>\n\n\n\n<li>Plan op\u00e9rationnel : Cette section d\u00e9crit comment l&rsquo;entreprise va g\u00e9rer ses op\u00e9rations quotidiennes, notamment la gestion des ressources humaines, la gestion des stocks et la logistique.<\/li>\n\n\n\n<li>Plan financier : Cette section pr\u00e9sente les projections financi\u00e8res de l&rsquo;entreprise, notamment le budget, les pr\u00e9visions de revenus et de d\u00e9penses, le plan de tr\u00e9sorerie et les pr\u00e9visions de rentabilit\u00e9.<\/li>\n\n\n\n<li>Analyse des risques : Cette section identifie les risques potentiels auxquels l&rsquo;entreprise pourrait \u00eatre confront\u00e9e, tels que les risques juridiques, les risques de march\u00e9 ou les risques op\u00e9rationnels, et d\u00e9crit comment l&rsquo;entreprise compte les g\u00e9rer.<\/li>\n<\/ol>\n\n\n\n<p>Il est important de noter que chaque entreprise est unique et que le plan d&rsquo;affaires doit \u00eatre adapt\u00e9 aux besoins et aux objectifs sp\u00e9cifiques de l&rsquo;entreprise. Le plan doit \u00eatre r\u00e9guli\u00e8rement mis \u00e0 jour pour refl\u00e9ter les changements dans l&rsquo;environnement commercial et les besoins de l&rsquo;entreprise.<\/p>\n","protected":false},"excerpt":{"rendered":"<p>Un plan d&rsquo;affaires est un document essentiel pour tout entrepreneur qui souhaite lancer une entreprise ou d\u00e9velopper une activit\u00e9 existante. Voici les \u00e9l\u00e9ments cl\u00e9s \u00e0 inclure dans un plan d&rsquo;affaires : Il est important de noter que chaque entreprise est&#8230; <a href=\"https:\/\/creervotrebusiness.com\/index.php\/etablissez-un-plan-daffaires\/\" class=\"readmore\">Read more<span class=\"screen-reader-text\">\u00c9tablissez un plan d&rsquo;affaires<\/span><span class=\"fa fa-angle-double-right\" aria-hidden=\"true\"><\/span><\/a><\/p>\n","protected":false},"author":1,"featured_media":0,"parent":0,"menu_order":0,"comment_status":"closed","ping_status":"closed","template":"","meta":{"om_disable_all_campaigns":false,"_monsterinsights_skip_tracking":false,"_monsterinsights_sitenote_active":false,"_monsterinsights_sitenote_note":"","_monsterinsights_sitenote_category":0,"footnotes":""},"class_list":["post-622","page","type-page","status-publish","hentry"],"_links":{"self":[{"href":"https:\/\/creervotrebusiness.com\/index.php\/wp-json\/wp\/v2\/pages\/622","targetHints":{"allow":["GET"]}}],"collection":[{"href":"https:\/\/creervotrebusiness.com\/index.php\/wp-json\/wp\/v2\/pages"}],"about":[{"href":"https:\/\/creervotrebusiness.com\/index.php\/wp-json\/wp\/v2\/types\/page"}],"author":[{"embeddable":true,"href":"https:\/\/creervotrebusiness.com\/index.php\/wp-json\/wp\/v2\/users\/1"}],"replies":[{"embeddable":true,"href":"https:\/\/creervotrebusiness.com\/index.php\/wp-json\/wp\/v2\/comments?post=622"}],"version-history":[{"count":1,"href":"https:\/\/creervotrebusiness.com\/index.php\/wp-json\/wp\/v2\/pages\/622\/revisions"}],"predecessor-version":[{"id":623,"href":"https:\/\/creervotrebusiness.com\/index.php\/wp-json\/wp\/v2\/pages\/622\/revisions\/623"}],"wp:attachment":[{"href":"https:\/\/creervotrebusiness.com\/index.php\/wp-json\/wp\/v2\/media?parent=622"}],"curies":[{"name":"wp","href":"https:\/\/api.w.org\/{rel}","templated":true}]}}