{"id":610,"date":"2023-04-29T12:50:45","date_gmt":"2023-04-29T12:50:45","guid":{"rendered":"https:\/\/creervotrebusiness.com\/?page_id=610"},"modified":"2023-04-29T12:50:46","modified_gmt":"2023-04-29T12:50:46","slug":"creer-un-blog-et-gagner-de-largent-grace-a-la-publicite","status":"publish","type":"page","link":"https:\/\/creervotrebusiness.com\/index.php\/creer-un-blog-et-gagner-de-largent-grace-a-la-publicite\/","title":{"rendered":"Cr\u00e9er un blog et gagner de l&rsquo;argent gr\u00e2ce \u00e0 la publicit\u00e9."},"content":{"rendered":"\n<p><\/p>\n\n\n\n<p>Cr\u00e9er un blog et gagner de l&rsquo;argent gr\u00e2ce \u00e0 la publicit\u00e9 peut \u00eatre une excellente fa\u00e7on de g\u00e9n\u00e9rer un revenu passif. Voici quelques \u00e9tapes pour commencer :<\/p>\n\n\n\n<ol class=\"wp-block-list\">\n<li>Choisissez un sujet pour votre blog : Il est important de choisir un sujet qui vous passionne et qui est susceptible d&rsquo;int\u00e9resser un public suffisamment large pour g\u00e9n\u00e9rer des revenus publicitaires.<\/li>\n\n\n\n<li>Cr\u00e9ez votre blog : Il existe plusieurs plateformes de blogging, telles que WordPress et Blogger, qui vous permettent de cr\u00e9er un blog gratuitement. Choisissez un nom de domaine qui refl\u00e8te le sujet de votre blog et personnalisez le design pour le rendre attractif et facile \u00e0 naviguer.<\/li>\n\n\n\n<li>\u00c9crivez du contenu de qualit\u00e9 : Pour attirer un public, il est important de publier r\u00e9guli\u00e8rement du contenu de qualit\u00e9 sur votre blog. \u00c9crivez des articles qui r\u00e9pondent aux questions de votre public cible et qui sont int\u00e9ressants et bien recherch\u00e9s.<\/li>\n\n\n\n<li>Attirez du trafic sur votre blog : Pour gagner de l&rsquo;argent gr\u00e2ce \u00e0 la publicit\u00e9, vous devez attirer un trafic important sur votre blog. Utilisez les r\u00e9seaux sociaux pour promouvoir votre blog, commentez et partagez des articles sur d&rsquo;autres blogs, et utilisez des techniques de r\u00e9f\u00e9rencement pour am\u00e9liorer votre classement dans les moteurs de recherche.<\/li>\n\n\n\n<li>Gagnez de l&rsquo;argent gr\u00e2ce \u00e0 la publicit\u00e9 : Une fois que vous avez attir\u00e9 un trafic important sur votre blog, vous pouvez commencer \u00e0 gagner de l&rsquo;argent gr\u00e2ce \u00e0 la publicit\u00e9. Utilisez des r\u00e9seaux publicitaires tels que Google AdSense pour afficher des publicit\u00e9s sur votre blog. Vous pouvez \u00e9galement contacter directement des annonceurs pour leur proposer de la publicit\u00e9 sur votre blog.<\/li>\n<\/ol>\n\n\n\n<p>En cr\u00e9ant un blog et en attirant un trafic important, vous pouvez g\u00e9n\u00e9rer un revenu passif gr\u00e2ce \u00e0 la publicit\u00e9. Il est important de publier r\u00e9guli\u00e8rement du contenu de qualit\u00e9, d&rsquo;attirer du trafic sur votre blog, et d&rsquo;utiliser des r\u00e9seaux publicitaires pour g\u00e9n\u00e9rer des revenus. Soyez patient et pers\u00e9v\u00e9rant, et vous pourriez bient\u00f4t voir votre blog devenir une source de revenus passifs r\u00e9guliers.<\/p>\n","protected":false},"excerpt":{"rendered":"<p>Cr\u00e9er un blog et gagner de l&rsquo;argent gr\u00e2ce \u00e0 la publicit\u00e9 peut \u00eatre une excellente fa\u00e7on de g\u00e9n\u00e9rer un revenu passif. Voici quelques \u00e9tapes pour commencer : En cr\u00e9ant un blog et en attirant un trafic important, vous pouvez g\u00e9n\u00e9rer&#8230; <a href=\"https:\/\/creervotrebusiness.com\/index.php\/creer-un-blog-et-gagner-de-largent-grace-a-la-publicite\/\" class=\"readmore\">Read more<span class=\"screen-reader-text\">Cr\u00e9er un blog et gagner de l&rsquo;argent gr\u00e2ce \u00e0 la publicit\u00e9.<\/span><span class=\"fa fa-angle-double-right\" aria-hidden=\"true\"><\/span><\/a><\/p>\n","protected":false},"author":1,"featured_media":0,"parent":0,"menu_order":0,"comment_status":"closed","ping_status":"closed","template":"","meta":{"om_disable_all_campaigns":false,"_monsterinsights_skip_tracking":false,"_monsterinsights_sitenote_active":false,"_monsterinsights_sitenote_note":"","_monsterinsights_sitenote_category":0,"footnotes":""},"class_list":["post-610","page","type-page","status-publish","hentry"],"_links":{"self":[{"href":"https:\/\/creervotrebusiness.com\/index.php\/wp-json\/wp\/v2\/pages\/610","targetHints":{"allow":["GET"]}}],"collection":[{"href":"https:\/\/creervotrebusiness.com\/index.php\/wp-json\/wp\/v2\/pages"}],"about":[{"href":"https:\/\/creervotrebusiness.com\/index.php\/wp-json\/wp\/v2\/types\/page"}],"author":[{"embeddable":true,"href":"https:\/\/creervotrebusiness.com\/index.php\/wp-json\/wp\/v2\/users\/1"}],"replies":[{"embeddable":true,"href":"https:\/\/creervotrebusiness.com\/index.php\/wp-json\/wp\/v2\/comments?post=610"}],"version-history":[{"count":1,"href":"https:\/\/creervotrebusiness.com\/index.php\/wp-json\/wp\/v2\/pages\/610\/revisions"}],"predecessor-version":[{"id":611,"href":"https:\/\/creervotrebusiness.com\/index.php\/wp-json\/wp\/v2\/pages\/610\/revisions\/611"}],"wp:attachment":[{"href":"https:\/\/creervotrebusiness.com\/index.php\/wp-json\/wp\/v2\/media?parent=610"}],"curies":[{"name":"wp","href":"https:\/\/api.w.org\/{rel}","templated":true}]}}