{"id":602,"date":"2023-04-29T12:31:24","date_gmt":"2023-04-29T12:31:24","guid":{"rendered":"https:\/\/creervotrebusiness.com\/?page_id=602"},"modified":"2023-04-29T12:31:25","modified_gmt":"2023-04-29T12:31:25","slug":"faire-de-la-transcription-de-textes","status":"publish","type":"page","link":"https:\/\/creervotrebusiness.com\/index.php\/faire-de-la-transcription-de-textes\/","title":{"rendered":"Faire de la transcription de textes"},"content":{"rendered":"\n<p>Faire de la transcription de textes consiste \u00e0 \u00e9couter un enregistrement audio et \u00e0 le transcrire en texte. Si vous \u00eates rapide \u00e0 taper et que vous avez une bonne compr\u00e9hension de la langue parl\u00e9e, vous pourriez gagner de l&rsquo;argent suppl\u00e9mentaire en offrant des services de transcription. Voici quelques \u00e9tapes pour offrir des services de transcription :<\/p>\n\n\n\n<ol class=\"wp-block-list\">\n<li>Trouvez des clients : Il existe plusieurs plateformes en ligne qui vous permettent de trouver des clients pour des travaux de transcription, telles que Rev.com, TranscribeMe, et GoTranscript. Vous pouvez \u00e9galement contacter directement des entreprises ou des particuliers qui ont besoin de services de transcription.<\/li>\n\n\n\n<li>\u00c9quipement n\u00e9cessaire : Vous aurez besoin d&rsquo;un ordinateur, d&rsquo;un logiciel de traitement de texte, d&rsquo;un casque audio, et d&rsquo;une connexion Internet fiable pour travailler en tant que transcripteur.<\/li>\n\n\n\n<li>Am\u00e9liorez votre vitesse de frappe : La vitesse de frappe est importante lorsque l&rsquo;on travaille en tant que transcripteur. Si vous n&rsquo;\u00eates pas encore assez rapide, vous pouvez vous entra\u00eener en utilisant des programmes en ligne comme TypingClub ou NitroType.<\/li>\n\n\n\n<li>Respectez les d\u00e9lais : Les d\u00e9lais sont g\u00e9n\u00e9ralement assez serr\u00e9s dans le domaine de la transcription, il est donc important de bien g\u00e9rer votre temps pour \u00e9viter tout retard.<\/li>\n\n\n\n<li>Fournissez un excellent service : Fournissez un service de qualit\u00e9 \u00e0 vos clients en veillant \u00e0 respecter leurs demandes et leurs besoins. Soyez professionnel, courtois, et n&rsquo;h\u00e9sitez pas \u00e0 demander des clarifications si vous avez des doutes sur la signification d&rsquo;un passage audio.<\/li>\n<\/ol>\n\n\n\n<p>En offrant des services de transcription en ligne, vous pouvez gagner de l&rsquo;argent suppl\u00e9mentaire tout en aidant les entreprises et les particuliers \u00e0 transcrire leurs enregistrements audio en textes. Assurez-vous de fournir un excellent service, de respecter les d\u00e9lais, et de faire preuve de professionnalisme, et vous pourriez rapidement avoir une client\u00e8le fid\u00e8le et satisfaite.<\/p>\n","protected":false},"excerpt":{"rendered":"<p>Faire de la transcription de textes consiste \u00e0 \u00e9couter un enregistrement audio et \u00e0 le transcrire en texte. Si vous \u00eates rapide \u00e0 taper et que vous avez une bonne compr\u00e9hension de la langue parl\u00e9e, vous pourriez gagner de l&rsquo;argent&#8230; <a href=\"https:\/\/creervotrebusiness.com\/index.php\/faire-de-la-transcription-de-textes\/\" class=\"readmore\">Read more<span class=\"screen-reader-text\">Faire de la transcription de textes<\/span><span class=\"fa fa-angle-double-right\" aria-hidden=\"true\"><\/span><\/a><\/p>\n","protected":false},"author":1,"featured_media":0,"parent":0,"menu_order":0,"comment_status":"closed","ping_status":"closed","template":"","meta":{"om_disable_all_campaigns":false,"_monsterinsights_skip_tracking":false,"_monsterinsights_sitenote_active":false,"_monsterinsights_sitenote_note":"","_monsterinsights_sitenote_category":0,"footnotes":""},"class_list":["post-602","page","type-page","status-publish","hentry"],"_links":{"self":[{"href":"https:\/\/creervotrebusiness.com\/index.php\/wp-json\/wp\/v2\/pages\/602","targetHints":{"allow":["GET"]}}],"collection":[{"href":"https:\/\/creervotrebusiness.com\/index.php\/wp-json\/wp\/v2\/pages"}],"about":[{"href":"https:\/\/creervotrebusiness.com\/index.php\/wp-json\/wp\/v2\/types\/page"}],"author":[{"embeddable":true,"href":"https:\/\/creervotrebusiness.com\/index.php\/wp-json\/wp\/v2\/users\/1"}],"replies":[{"embeddable":true,"href":"https:\/\/creervotrebusiness.com\/index.php\/wp-json\/wp\/v2\/comments?post=602"}],"version-history":[{"count":1,"href":"https:\/\/creervotrebusiness.com\/index.php\/wp-json\/wp\/v2\/pages\/602\/revisions"}],"predecessor-version":[{"id":603,"href":"https:\/\/creervotrebusiness.com\/index.php\/wp-json\/wp\/v2\/pages\/602\/revisions\/603"}],"wp:attachment":[{"href":"https:\/\/creervotrebusiness.com\/index.php\/wp-json\/wp\/v2\/media?parent=602"}],"curies":[{"name":"wp","href":"https:\/\/api.w.org\/{rel}","templated":true}]}}