{"id":595,"date":"2023-04-29T12:27:14","date_gmt":"2023-04-29T12:27:14","guid":{"rendered":"https:\/\/creervotrebusiness.com\/?page_id=595"},"modified":"2023-04-29T12:27:15","modified_gmt":"2023-04-29T12:27:15","slug":"offrir-des-services-de-menage-ou-de-jardinage","status":"publish","type":"page","link":"https:\/\/creervotrebusiness.com\/index.php\/offrir-des-services-de-menage-ou-de-jardinage\/","title":{"rendered":"Offrir des services de m\u00e9nage ou de jardinage"},"content":{"rendered":"\n<p>Offrir des services de m\u00e9nage ou de jardinage peut \u00eatre une excellente fa\u00e7on de gagner de l&rsquo;argent suppl\u00e9mentaire. Voici quelques \u00e9tapes pour offrir ces services :<\/p>\n\n\n\n<ol class=\"wp-block-list\">\n<li>D\u00e9terminez vos tarifs : Avant de commencer \u00e0 offrir vos services de m\u00e9nage ou de jardinage, d\u00e9terminez combien vous allez facturer. Prenez en compte le temps que vous pensez devoir passer, le co\u00fbt des produits et des outils n\u00e9cessaires, ainsi que le taux horaire moyen pour ce genre de services dans votre r\u00e9gion.<\/li>\n\n\n\n<li>Trouvez des clients : Il existe plusieurs fa\u00e7ons de trouver des clients pour vos services de m\u00e9nage ou de jardinage. Vous pouvez poster des annonces sur les r\u00e9seaux sociaux, sur les sites web de petites annonces, dans votre communaut\u00e9 locale, ou demander \u00e0 vos amis et \u00e0 votre famille s&rsquo;ils ont besoin d&rsquo;aide.<\/li>\n\n\n\n<li>Pr\u00e9parez votre mat\u00e9riel : Si vous offrez des services de jardinage, assurez-vous d&rsquo;avoir tous les outils n\u00e9cessaires pour effectuer le travail, tels que des tondeuses \u00e0 gazon, des taille-haies, des pelles, etc. Pour les services de m\u00e9nage, assurez-vous d&rsquo;avoir tous les produits de nettoyage n\u00e9cessaires.<\/li>\n\n\n\n<li>\u00c9tablissez un horaire : Fixez un horaire de travail et assurez-vous de le respecter. Cela permettra \u00e0 vos clients de planifier leur temps en cons\u00e9quence et de savoir quand ils peuvent compter sur vous pour les services de m\u00e9nage ou de jardinage.<\/li>\n\n\n\n<li>Fournissez un excellent service : Fournissez un service de qualit\u00e9 \u00e0 vos clients en veillant \u00e0 respecter leurs demandes et leurs besoins. Soyez ponctuel, professionnel et courtois, et assurez-vous que vos clients sont satisfaits de votre travail.<\/li>\n<\/ol>\n\n\n\n<p>En offrant des services de m\u00e9nage ou de jardinage, vous pouvez non seulement gagner de l&rsquo;argent suppl\u00e9mentaire, mais \u00e9galement aider les autres \u00e0 maintenir leur maison et leur jardin en bon \u00e9tat. Assurez-vous de fournir un excellent service et de respecter les horaires convenus, et vous pourriez rapidement avoir une client\u00e8le fid\u00e8le et satisfaite.<\/p>\n","protected":false},"excerpt":{"rendered":"<p>Offrir des services de m\u00e9nage ou de jardinage peut \u00eatre une excellente fa\u00e7on de gagner de l&rsquo;argent suppl\u00e9mentaire. Voici quelques \u00e9tapes pour offrir ces services : En offrant des services de m\u00e9nage ou de jardinage, vous pouvez non seulement gagner&#8230; <a href=\"https:\/\/creervotrebusiness.com\/index.php\/offrir-des-services-de-menage-ou-de-jardinage\/\" class=\"readmore\">Read more<span class=\"screen-reader-text\">Offrir des services de m\u00e9nage ou de jardinage<\/span><span class=\"fa fa-angle-double-right\" aria-hidden=\"true\"><\/span><\/a><\/p>\n","protected":false},"author":1,"featured_media":0,"parent":0,"menu_order":0,"comment_status":"closed","ping_status":"closed","template":"","meta":{"om_disable_all_campaigns":false,"_monsterinsights_skip_tracking":false,"_monsterinsights_sitenote_active":false,"_monsterinsights_sitenote_note":"","_monsterinsights_sitenote_category":0,"footnotes":""},"class_list":["post-595","page","type-page","status-publish","hentry"],"_links":{"self":[{"href":"https:\/\/creervotrebusiness.com\/index.php\/wp-json\/wp\/v2\/pages\/595","targetHints":{"allow":["GET"]}}],"collection":[{"href":"https:\/\/creervotrebusiness.com\/index.php\/wp-json\/wp\/v2\/pages"}],"about":[{"href":"https:\/\/creervotrebusiness.com\/index.php\/wp-json\/wp\/v2\/types\/page"}],"author":[{"embeddable":true,"href":"https:\/\/creervotrebusiness.com\/index.php\/wp-json\/wp\/v2\/users\/1"}],"replies":[{"embeddable":true,"href":"https:\/\/creervotrebusiness.com\/index.php\/wp-json\/wp\/v2\/comments?post=595"}],"version-history":[{"count":1,"href":"https:\/\/creervotrebusiness.com\/index.php\/wp-json\/wp\/v2\/pages\/595\/revisions"}],"predecessor-version":[{"id":596,"href":"https:\/\/creervotrebusiness.com\/index.php\/wp-json\/wp\/v2\/pages\/595\/revisions\/596"}],"wp:attachment":[{"href":"https:\/\/creervotrebusiness.com\/index.php\/wp-json\/wp\/v2\/media?parent=595"}],"curies":[{"name":"wp","href":"https:\/\/api.w.org\/{rel}","templated":true}]}}