{"id":591,"date":"2023-04-29T12:25:24","date_gmt":"2023-04-29T12:25:24","guid":{"rendered":"https:\/\/creervotrebusiness.com\/?page_id=591"},"modified":"2023-04-29T12:25:24","modified_gmt":"2023-04-29T12:25:24","slug":"etre-hote-airbnb","status":"publish","type":"page","link":"https:\/\/creervotrebusiness.com\/index.php\/etre-hote-airbnb\/","title":{"rendered":"\u00catre h\u00f4te Airbnb"},"content":{"rendered":"\n<p><\/p>\n\n\n\n<p>\u00catre h\u00f4te Airbnb est une excellente fa\u00e7on de gagner de l&rsquo;argent suppl\u00e9mentaire en louant une chambre ou votre logement entier. Voici quelques \u00e9tapes pour devenir un h\u00f4te Airbnb :<\/p>\n\n\n\n<ol class=\"wp-block-list\">\n<li>Cr\u00e9ez un compte Airbnb : Rendez-vous sur le site Web d&rsquo;Airbnb et cr\u00e9ez un compte en tant qu&rsquo;h\u00f4te.<\/li>\n\n\n\n<li>Mettez en place votre profil : Remplissez votre profil avec des informations sur vous-m\u00eame et sur votre logement. Ajoutez des photos pour montrer aux voyageurs ce qu&rsquo;ils peuvent attendre de leur s\u00e9jour chez vous.<\/li>\n\n\n\n<li>Fixez votre tarif : D\u00e9terminez un tarif pour la nuit\u00e9e en fonction de la taille et de l&#8217;emplacement de votre logement, ainsi que de la saison et des \u00e9v\u00e9nements sp\u00e9ciaux qui ont lieu dans votre r\u00e9gion.<\/li>\n\n\n\n<li>Fixez vos r\u00e8gles : D\u00e9terminez les r\u00e8gles que vous souhaitez mettre en place pour les voyageurs qui s\u00e9journent chez vous, telles que les heures de check-in et check-out, les r\u00e8gles de bruit, les r\u00e8gles de cuisine, etc.<\/li>\n\n\n\n<li>Cr\u00e9ez une annonce : Cr\u00e9ez une annonce pour votre logement sur Airbnb en incluant des d\u00e9tails sur votre logement, vos r\u00e8gles et les \u00e9quipements disponibles.<\/li>\n\n\n\n<li>G\u00e9rez les r\u00e9servations : Lorsque des voyageurs font des r\u00e9servations, vous recevrez des notifications et aurez la possibilit\u00e9 d&rsquo;accepter ou de refuser les r\u00e9servations. Si vous acceptez, assurez-vous de communiquer clairement avec les voyageurs pour r\u00e9pondre \u00e0 leurs questions et leur fournir des informations sur leur s\u00e9jour.<\/li>\n\n\n\n<li>Accueillez les voyageurs : Lorsque les voyageurs arrivent, assurez-vous de les accueillir personnellement et de leur fournir toutes les informations dont ils ont besoin pour leur s\u00e9jour, telles que les cl\u00e9s, les codes d&rsquo;acc\u00e8s, etc.<\/li>\n\n\n\n<li>Fournissez un excellent service : Pendant le s\u00e9jour des voyageurs, assurez-vous de r\u00e9pondre \u00e0 leurs besoins et de leur fournir un excellent service. Soyez disponible pour r\u00e9pondre \u00e0 leurs questions et leur fournir des informations sur les activit\u00e9s \u00e0 faire dans la r\u00e9gion.<\/li>\n<\/ol>\n\n\n\n<p>En tant qu&rsquo;h\u00f4te Airbnb, vous aurez l&rsquo;opportunit\u00e9 de rencontrer des gens du monde entier, de gagner de l&rsquo;argent suppl\u00e9mentaire et de partager votre culture et votre ville avec d&rsquo;autres personnes. Avec une bonne planification et une communication claire avec les voyageurs, vous pouvez devenir un h\u00f4te Airbnb r\u00e9ussi.<\/p>\n","protected":false},"excerpt":{"rendered":"<p>\u00catre h\u00f4te Airbnb est une excellente fa\u00e7on de gagner de l&rsquo;argent suppl\u00e9mentaire en louant une chambre ou votre logement entier. Voici quelques \u00e9tapes pour devenir un h\u00f4te Airbnb : En tant qu&rsquo;h\u00f4te Airbnb, vous aurez l&rsquo;opportunit\u00e9 de rencontrer des gens&#8230; <a href=\"https:\/\/creervotrebusiness.com\/index.php\/etre-hote-airbnb\/\" class=\"readmore\">Read more<span class=\"screen-reader-text\">\u00catre h\u00f4te Airbnb<\/span><span class=\"fa fa-angle-double-right\" aria-hidden=\"true\"><\/span><\/a><\/p>\n","protected":false},"author":1,"featured_media":0,"parent":0,"menu_order":0,"comment_status":"closed","ping_status":"closed","template":"","meta":{"om_disable_all_campaigns":false,"_monsterinsights_skip_tracking":false,"_monsterinsights_sitenote_active":false,"_monsterinsights_sitenote_note":"","_monsterinsights_sitenote_category":0,"footnotes":""},"class_list":["post-591","page","type-page","status-publish","hentry"],"_links":{"self":[{"href":"https:\/\/creervotrebusiness.com\/index.php\/wp-json\/wp\/v2\/pages\/591","targetHints":{"allow":["GET"]}}],"collection":[{"href":"https:\/\/creervotrebusiness.com\/index.php\/wp-json\/wp\/v2\/pages"}],"about":[{"href":"https:\/\/creervotrebusiness.com\/index.php\/wp-json\/wp\/v2\/types\/page"}],"author":[{"embeddable":true,"href":"https:\/\/creervotrebusiness.com\/index.php\/wp-json\/wp\/v2\/users\/1"}],"replies":[{"embeddable":true,"href":"https:\/\/creervotrebusiness.com\/index.php\/wp-json\/wp\/v2\/comments?post=591"}],"version-history":[{"count":1,"href":"https:\/\/creervotrebusiness.com\/index.php\/wp-json\/wp\/v2\/pages\/591\/revisions"}],"predecessor-version":[{"id":592,"href":"https:\/\/creervotrebusiness.com\/index.php\/wp-json\/wp\/v2\/pages\/591\/revisions\/592"}],"wp:attachment":[{"href":"https:\/\/creervotrebusiness.com\/index.php\/wp-json\/wp\/v2\/media?parent=591"}],"curies":[{"name":"wp","href":"https:\/\/api.w.org\/{rel}","templated":true}]}}