{"id":576,"date":"2023-04-29T12:16:27","date_gmt":"2023-04-29T12:16:27","guid":{"rendered":"https:\/\/creervotrebusiness.com\/?page_id=576"},"modified":"2023-04-29T12:16:28","modified_gmt":"2023-04-29T12:16:28","slug":"faire-du-tutorat-en-mathematiques-physique-ou-autres-matieres","status":"publish","type":"page","link":"https:\/\/creervotrebusiness.com\/index.php\/faire-du-tutorat-en-mathematiques-physique-ou-autres-matieres\/","title":{"rendered":"Faire du tutorat en math\u00e9matiques, physique ou autres mati\u00e8res"},"content":{"rendered":"\n<p><\/p>\n\n\n\n<p>Faire du tutorat en math\u00e9matiques, physique ou autres mati\u00e8res est une excellente id\u00e9e pour gagner de l&rsquo;argent si vous avez une bonne connaissance d&rsquo;une ou plusieurs mati\u00e8res scolaires. Voici quelques \u00e9tapes pour d\u00e9marrer une entreprise de tutorat :<\/p>\n\n\n\n<ol class=\"wp-block-list\">\n<li>D\u00e9terminez vos comp\u00e9tences et vos mati\u00e8res d&rsquo;expertise : Identifiez les mati\u00e8res scolaires dans lesquelles vous excellez et pour lesquelles vous \u00eates qualifi\u00e9 pour enseigner. Assurez-vous de bien comprendre les programmes scolaires et les exigences de votre march\u00e9 cible.<\/li>\n\n\n\n<li>\u00c9tablissez vos tarifs : D\u00e9terminez vos tarifs en fonction de votre niveau d&rsquo;exp\u00e9rience, de la demande pour les mati\u00e8res que vous enseignez et des tarifs de la concurrence. Fixez des tarifs comp\u00e9titifs mais qui refl\u00e8tent votre expertise.<\/li>\n\n\n\n<li>Trouvez des clients : Trouvez des clients en utilisant des r\u00e9seaux sociaux, des sites de tutorat en ligne ou en demandant \u00e0 vos connaissances de vous recommander \u00e0 d&rsquo;autres personnes. Vous pouvez \u00e9galement distribuer des prospectus ou afficher des annonces dans des endroits strat\u00e9giques comme les biblioth\u00e8ques ou les campus universitaires.<\/li>\n\n\n\n<li>Planifiez vos s\u00e9ances de tutorat : Planifiez les s\u00e9ances de tutorat en fonction des besoins de chaque \u00e9l\u00e8ve. D\u00e9terminez les horaires et les lieux de rencontre et \u00e9tablissez un programme d&rsquo;\u00e9tude qui aidera vos \u00e9l\u00e8ves \u00e0 atteindre leurs objectifs scolaires.<\/li>\n\n\n\n<li>Cr\u00e9ez des supports p\u00e9dagogiques : Cr\u00e9ez des supports p\u00e9dagogiques comme des feuilles de travail, des exercices pratiques, des quiz, des examens et des tutoriels en ligne. Ces supports aideront vos \u00e9l\u00e8ves \u00e0 mieux comprendre les concepts qu&rsquo;ils ont besoin d&rsquo;apprendre.<\/li>\n\n\n\n<li>Soyez attentif \u00e0 la satisfaction de l&rsquo;\u00e9l\u00e8ve : Assurez-vous que vos \u00e9l\u00e8ves sont satisfaits de votre service. Demandez-leur r\u00e9guli\u00e8rement des commentaires et des critiques afin de pouvoir am\u00e9liorer votre service si n\u00e9cessaire.<\/li>\n<\/ol>\n\n\n\n<p>Faire du tutorat en math\u00e9matiques, physique ou autres mati\u00e8res peut \u00eatre une activit\u00e9 enrichissante si vous avez une passion pour l&rsquo;enseignement et que vous \u00eates qualifi\u00e9 pour aider les \u00e9l\u00e8ves \u00e0 atteindre leurs objectifs scolaires. Avec un peu de planification et d&rsquo;effort, vous pouvez transformer votre passion en une entreprise florissante.<\/p>\n","protected":false},"excerpt":{"rendered":"<p>Faire du tutorat en math\u00e9matiques, physique ou autres mati\u00e8res est une excellente id\u00e9e pour gagner de l&rsquo;argent si vous avez une bonne connaissance d&rsquo;une ou plusieurs mati\u00e8res scolaires. Voici quelques \u00e9tapes pour d\u00e9marrer une entreprise de tutorat : Faire du&#8230; <a href=\"https:\/\/creervotrebusiness.com\/index.php\/faire-du-tutorat-en-mathematiques-physique-ou-autres-matieres\/\" class=\"readmore\">Read more<span class=\"screen-reader-text\">Faire du tutorat en math\u00e9matiques, physique ou autres mati\u00e8res<\/span><span class=\"fa fa-angle-double-right\" aria-hidden=\"true\"><\/span><\/a><\/p>\n","protected":false},"author":1,"featured_media":0,"parent":0,"menu_order":0,"comment_status":"closed","ping_status":"closed","template":"","meta":{"om_disable_all_campaigns":false,"_monsterinsights_skip_tracking":false,"_monsterinsights_sitenote_active":false,"_monsterinsights_sitenote_note":"","_monsterinsights_sitenote_category":0,"footnotes":""},"class_list":["post-576","page","type-page","status-publish","hentry"],"_links":{"self":[{"href":"https:\/\/creervotrebusiness.com\/index.php\/wp-json\/wp\/v2\/pages\/576","targetHints":{"allow":["GET"]}}],"collection":[{"href":"https:\/\/creervotrebusiness.com\/index.php\/wp-json\/wp\/v2\/pages"}],"about":[{"href":"https:\/\/creervotrebusiness.com\/index.php\/wp-json\/wp\/v2\/types\/page"}],"author":[{"embeddable":true,"href":"https:\/\/creervotrebusiness.com\/index.php\/wp-json\/wp\/v2\/users\/1"}],"replies":[{"embeddable":true,"href":"https:\/\/creervotrebusiness.com\/index.php\/wp-json\/wp\/v2\/comments?post=576"}],"version-history":[{"count":1,"href":"https:\/\/creervotrebusiness.com\/index.php\/wp-json\/wp\/v2\/pages\/576\/revisions"}],"predecessor-version":[{"id":577,"href":"https:\/\/creervotrebusiness.com\/index.php\/wp-json\/wp\/v2\/pages\/576\/revisions\/577"}],"wp:attachment":[{"href":"https:\/\/creervotrebusiness.com\/index.php\/wp-json\/wp\/v2\/media?parent=576"}],"curies":[{"name":"wp","href":"https:\/\/api.w.org\/{rel}","templated":true}]}}