{"id":562,"date":"2023-04-29T12:07:37","date_gmt":"2023-04-29T12:07:37","guid":{"rendered":"https:\/\/creervotrebusiness.com\/?page_id=562"},"modified":"2023-11-18T13:02:03","modified_gmt":"2023-11-18T13:02:03","slug":"100-idees-creatives-pour-augmenter-vos-revenus","status":"publish","type":"page","link":"https:\/\/creervotrebusiness.com\/index.php\/100-idees-creatives-pour-augmenter-vos-revenus\/","title":{"rendered":"100 id\u00e9es cr\u00e9atives pour augmenter vos revenus"},"content":{"rendered":"\n<ol class=\"wp-block-list\">\n<li><a href=\"https:\/\/creervotrebusiness.com\/index.php\/vendre-des-produits-faits-maison\/\" title=\"\">Vendre des produits faits maison sur Etsy.<\/a><\/li>\n\n\n\n<li><a href=\"https:\/\/creervotrebusiness.com\/index.php\/donner-des-cours-particuliers-en-ligne\/\" title=\"\">Donner des cours particuliers en ligne.<\/a><\/li>\n\n\n\n<li><a href=\"https:\/\/creervotrebusiness.com\/index.php\/faire-du-tutorat-en-mathematiques-physique-ou-autres-matieres\/\" title=\"\">Faire du tutorat en math\u00e9matiques, physique ou autres mati\u00e8res.<\/a><\/li>\n\n\n\n<li><a href=\"https:\/\/creervotrebusiness.com\/index.php\/faire-du-babysitting\/\" title=\"\">Faire du babysitting.<\/a><\/li>\n\n\n\n<li><a href=\"https:\/\/creervotrebusiness.com\/index.php\/faire-du-dog-sitting\/\" title=\"\">Faire du dog-sitting.<\/a><\/li>\n\n\n\n<li><a href=\"https:\/\/creervotrebusiness.com\/index.php\/pet-sitting\/\" title=\"\">Faire du pet-sitting.<\/a><\/li>\n\n\n\n<li><a href=\"https:\/\/creervotrebusiness.com\/index.php\/etre-hote-airbnb\/\" title=\"\">\u00catre h\u00f4te Airbnb<\/a>.<\/li>\n\n\n\n<li><a href=\"https:\/\/creervotrebusiness.com\/index.php\/offrir-des-services-de-menage-ou-de-jardinage\/\" title=\"\">Offrir des services de m\u00e9nage ou de jardinage<\/a>.<\/li>\n\n\n\n<li><a href=\"https:\/\/creervotrebusiness.com\/index.php\/faire-des-traductions-en-ligne\/\" title=\"\">Faire des traductions en ligne<\/a>.<\/li>\n\n\n\n<li><a href=\"https:\/\/creervotrebusiness.com\/index.php\/faire-de-la-transcription-de-textes\/\" title=\"\">Faire de la transcription de textes.<\/a><\/li>\n\n\n\n<li><a href=\"https:\/\/creervotrebusiness.com\/index.php\/ecrire-des-articles-pour-des-blogs-ou-magazines\/\" title=\"\">\u00c9crire des articles pour des blogs ou magazines.<\/a><\/li>\n\n\n\n<li><a href=\"https:\/\/creervotrebusiness.com\/index.php\/creer-un-blog-et-gagner-de-largent-grace-a-la-publicite\/\" title=\"\">Cr\u00e9er un blog et gagner de l&rsquo;argent gr\u00e2ce \u00e0 la publicit\u00e9.<\/a><\/li>\n\n\n\n<li>Cr\u00e9er des designs pour des sites web.<\/li>\n\n\n\n<li>Cr\u00e9er des infographies pour des sites web.<\/li>\n\n\n\n<li>Cr\u00e9er des vid\u00e9os et les mon\u00e9tiser sur YouTube.<\/li>\n\n\n\n<li>Vendre des photos sur des sites sp\u00e9cialis\u00e9s.<\/li>\n\n\n\n<li>Devenir un assistant virtuel.<\/li>\n\n\n\n<li>Faire de la saisie de donn\u00e9es.<\/li>\n\n\n\n<li>\u00c9crire des critiques de produits.<\/li>\n\n\n\n<li>\u00c9crire des critiques de films ou de s\u00e9ries t\u00e9l\u00e9vis\u00e9es.<\/li>\n\n\n\n<li>Concevoir des logos pour des entreprises.<\/li>\n\n\n\n<li>\u00catre un coach de vie.<\/li>\n\n\n\n<li>Donner des cours de musique.<\/li>\n\n\n\n<li>Faire de la r\u00e9daction publicitaire.<\/li>\n\n\n\n<li>\u00catre un consultant en entreprise.<\/li>\n\n\n\n<li>Cr\u00e9er des pr\u00e9sentations professionnelles.<\/li>\n\n\n\n<li>Faire du graphisme pour des sites web.<\/li>\n\n\n\n<li>Cr\u00e9er des jeux vid\u00e9o.<\/li>\n\n\n\n<li>Cr\u00e9er des applications pour smartphone.<\/li>\n\n\n\n<li>Faire de l&rsquo;\u00e9criture cr\u00e9ative.<\/li>\n\n\n\n<li>Faire de la recherche en ligne.<\/li>\n\n\n\n<li>Faire de la vente en ligne.<\/li>\n\n\n\n<li>Vendre des produits sur eBay.<\/li>\n\n\n\n<li>Vendre des produits sur Amazon.<\/li>\n\n\n\n<li>Vendre des produits sur Facebook Marketplace.<\/li>\n\n\n\n<li>Vendre des produits sur Craigslist.<\/li>\n\n\n\n<li>Faire de la photographie \u00e9v\u00e9nementielle.<\/li>\n\n\n\n<li>Faire de la photographie de mariage.<\/li>\n\n\n\n<li>Faire de la photographie de portrait.<\/li>\n\n\n\n<li>Faire de la photographie de paysage.<\/li>\n\n\n\n<li>Faire des vid\u00e9os de mariage.<\/li>\n\n\n\n<li>Faire des vid\u00e9os de portrait.<\/li>\n\n\n\n<li>Faire des vid\u00e9os de paysage.<\/li>\n\n\n\n<li>Devenir un guide touristique.<\/li>\n\n\n\n<li>Donner des visites guid\u00e9es en ligne.<\/li>\n\n\n\n<li>Devenir un traducteur.<\/li>\n\n\n\n<li>Devenir un interpr\u00e8te.<\/li>\n\n\n\n<li>Faire de la conception de site web.<\/li>\n\n\n\n<li>Faire de la programmation.<\/li>\n\n\n\n<li>Faire du d\u00e9veloppement de logiciels.<\/li>\n\n\n\n<li>Devenir un consultant en informatique.<\/li>\n\n\n\n<li>Cr\u00e9er des sites web pour des entreprises.<\/li>\n\n\n\n<li>Cr\u00e9er des sites web pour des particuliers.<\/li>\n\n\n\n<li>Cr\u00e9er des sites web pour des associations.<\/li>\n\n\n\n<li>Faire de la gestion de r\u00e9seaux sociaux pour des entreprises.<\/li>\n\n\n\n<li>Faire de la r\u00e9daction de blogs pour des entreprises.<\/li>\n\n\n\n<li>Faire de la r\u00e9daction de newsletters pour des entreprises.<\/li>\n\n\n\n<li>Faire de la gestion de communaut\u00e9s pour des entreprises.<\/li>\n\n\n\n<li>Faire de la gestion de projets pour des entreprises.<\/li>\n\n\n\n<li>Faire de la r\u00e9daction de contenu pour des entreprises.<\/li>\n\n\n\n<li>Cr\u00e9er des cours en ligne.<\/li>\n\n\n\n<li>Vendre des cours en ligne.<\/li>\n<\/ol>\n\n\n\n<ol class=\"wp-block-list\" start=\"63\">\n<li>Cr\u00e9er des webinaires et les vendre en ligne.<\/li>\n\n\n\n<li>Donner des conf\u00e9rences en ligne.<\/li>\n\n\n\n<li>Offrir des services de conseil en investissement.<\/li>\n\n\n\n<li>Offrir des services de conseil financier.<\/li>\n\n\n\n<li>Devenir un courtier en bourse.<\/li>\n\n\n\n<li>Faire de la publicit\u00e9 en ligne pour des entreprises.<\/li>\n\n\n\n<li>Devenir un coach de fitness en ligne.<\/li>\n\n\n\n<li>Donner des cours de yoga en ligne.<\/li>\n\n\n\n<li>Devenir un entra\u00eeneur sportif.<\/li>\n\n\n\n<li>Cr\u00e9er des programmes de remise en forme en ligne.<\/li>\n\n\n\n<li>Cr\u00e9er des programmes de nutrition en ligne.<\/li>\n\n\n\n<li>Vendre des produits alimentaires sur les march\u00e9s.<\/li>\n\n\n\n<li>Vendre des produits de beaut\u00e9 faits maison.<\/li>\n\n\n\n<li>Faire de la coiffure \u00e0 domicile.<\/li>\n\n\n\n<li>Vendre des v\u00eatements sur des sites sp\u00e9cialis\u00e9s.<\/li>\n\n\n\n<li>Cr\u00e9er des bijoux faits main.<\/li>\n\n\n\n<li>Faire de la peinture \u00e0 la main.<\/li>\n\n\n\n<li>Vendre des objets d&rsquo;art sur des sites sp\u00e9cialis\u00e9s.<\/li>\n\n\n\n<li>Donner des cours de danse.<\/li>\n\n\n\n<li>Faire de la danse professionnelle.<\/li>\n\n\n\n<li>Devenir un DJ professionnel.<\/li>\n\n\n\n<li>Faire de la production de musique.<\/li>\n\n\n\n<li>Donner des cours de chant.<\/li>\n\n\n\n<li>Jouer d&rsquo;un instrument de musique professionnellement.<\/li>\n\n\n\n<li>Offrir des services de coaching en communication.<\/li>\n\n\n\n<li>Offrir des services de coaching en n\u00e9gociation.<\/li>\n\n\n\n<li>Faire de la vente directe en ligne.<\/li>\n\n\n\n<li>Faire de la vente directe en personne.<\/li>\n\n\n\n<li>Offrir des services de location de voitures.<\/li>\n\n\n\n<li>Offrir des services de location de bateaux.<\/li>\n\n\n\n<li>Offrir des services de location de v\u00e9los.<\/li>\n\n\n\n<li>Offrir des services de location d&rsquo;\u00e9quipements de sport.<\/li>\n\n\n\n<li>Offrir des services de location de salles de conf\u00e9rence.<\/li>\n\n\n\n<li>Offrir des services de location de mat\u00e9riel de camping.<\/li>\n\n\n\n<li>Offrir des services de location de vid\u00e9oprojecteurs.<\/li>\n\n\n\n<li>Offrir des services de location d&rsquo;outils de bricolage.<\/li>\n\n\n\n<li>Devenir un inspecteur immobilier.<\/li>\n\n\n\n<li>Faire de la d\u00e9coration d&rsquo;int\u00e9rieur.<\/li>\n<\/ol>\n\n\n\n<p><\/p>\n\n\n\n<p><\/p>\n\n\n\n<p class=\"has-vivid-red-color has-text-color has-large-font-size\"><strong>comment trouver son id\u00e9e id\u00e9ale<\/strong><\/p>\n\n\n\n<p>Trouver son id\u00e9e id\u00e9ale peut \u00eatre un processus difficile, mais voici quelques \u00e9tapes pour vous aider \u00e0 y parvenir :<\/p>\n\n\n\n<ol class=\"wp-block-list\">\n<li>Analysez vos comp\u00e9tences et vos passions : Quels sont vos talents, vos comp\u00e9tences et vos passions ? Quelles sont les choses que vous aimez faire et qui vous semblent faciles \u00e0 faire ? Faites une liste de ces comp\u00e9tences et de ces passions pour vous aider \u00e0 r\u00e9fl\u00e9chir \u00e0 des id\u00e9es potentielles.<\/li>\n\n\n\n<li>\u00c9valuez le march\u00e9 : Il est important de trouver une id\u00e9e qui r\u00e9pond aux besoins et aux demandes du march\u00e9. Faites des recherches pour d\u00e9terminer les tendances actuelles et les besoins non satisfaits du march\u00e9. Vous pouvez utiliser des outils en ligne tels que Google Trends pour identifier les sujets qui suscitent de l&rsquo;int\u00e9r\u00eat.<\/li>\n\n\n\n<li>Identifiez votre public cible : Pour qui allez-vous cr\u00e9er votre produit ou service ? Qui sera votre client\u00e8le cible ? Il est important de conna\u00eetre votre public cible afin de r\u00e9pondre \u00e0 leurs besoins et \u00e0 leurs int\u00e9r\u00eats.<\/li>\n\n\n\n<li>\u00c9valuez la concurrence : Il est important de savoir ce que vos concurrents font et comment vous pouvez vous diff\u00e9rencier d&rsquo;eux. Faites des recherches pour conna\u00eetre les produits et les services similaires qui sont offerts sur le march\u00e9.<\/li>\n\n\n\n<li>Testez votre id\u00e9e : Avant de vous engager compl\u00e8tement dans une id\u00e9e, testez-la pour voir si elle est viable. Vous pouvez cr\u00e9er un prototype, effectuer des sondages aupr\u00e8s de votre public cible, ou lancer une campagne de financement participatif pour tester votre id\u00e9e.<\/li>\n<\/ol>\n\n\n\n<p>En fin de compte, trouver votre id\u00e9e id\u00e9ale n\u00e9cessite souvent un peu de temps, de patience et d&rsquo;exp\u00e9rimentation. N&rsquo;oubliez pas qu&rsquo;il est normal d&rsquo;avoir des id\u00e9es qui ne fonctionnent pas, alors ne vous d\u00e9couragez pas si votre premi\u00e8re id\u00e9e ne fonctionne pas. Continuez \u00e0 explorer et \u00e0 exp\u00e9rimenter jusqu&rsquo;\u00e0 ce que vous trouviez quelque chose qui fonctionne pour vous.<\/p>\n\n\n\n<ul class=\"wp-block-list\">\n<li><\/li>\n<\/ul>\n\n\n\n<div class=\"wp-block-columns is-layout-flex wp-container-core-columns-is-layout-1 wp-block-columns-is-layout-flex\">\n<div class=\"wp-block-column is-layout-flow wp-block-column-is-layout-flow\">\n<figure class=\"wp-block-image size-large\"><a href=\"https:\/\/je-sais.com\/\"><img loading=\"lazy\" decoding=\"async\" width=\"1024\" height=\"576\" src=\"https:\/\/creervotrebusiness.com\/wp-content\/uploads\/2023\/04\/je-sais.com-1-1024x576.png\" alt=\"\" class=\"wp-image-614\" srcset=\"https:\/\/creervotrebusiness.com\/wp-content\/uploads\/2023\/04\/je-sais.com-1-1024x576.png 1024w, https:\/\/creervotrebusiness.com\/wp-content\/uploads\/2023\/04\/je-sais.com-1-300x169.png 300w, https:\/\/creervotrebusiness.com\/wp-content\/uploads\/2023\/04\/je-sais.com-1-768x432.png 768w, https:\/\/creervotrebusiness.com\/wp-content\/uploads\/2023\/04\/je-sais.com-1.png 1280w\" sizes=\"auto, (max-width: 1024px) 100vw, 1024px\" \/><\/a><\/figure>\n<\/div>\n\n\n\n<div class=\"wp-block-column is-layout-flow wp-block-column-is-layout-flow\"><div class=\"wp-block-image\">\n<figure class=\"aligncenter size-large is-resized\"><a href=\"https:\/\/je-sais.com\/\"><img loading=\"lazy\" decoding=\"async\" src=\"https:\/\/creervotrebusiness.com\/wp-content\/uploads\/2023\/04\/je-sais.com_-1024x1024.png\" alt=\"\" class=\"wp-image-613\" width=\"219\" height=\"219\" srcset=\"https:\/\/creervotrebusiness.com\/wp-content\/uploads\/2023\/04\/je-sais.com_-1024x1024.png 1024w, https:\/\/creervotrebusiness.com\/wp-content\/uploads\/2023\/04\/je-sais.com_-300x300.png 300w, https:\/\/creervotrebusiness.com\/wp-content\/uploads\/2023\/04\/je-sais.com_-150x150.png 150w, https:\/\/creervotrebusiness.com\/wp-content\/uploads\/2023\/04\/je-sais.com_-768x768.png 768w, https:\/\/creervotrebusiness.com\/wp-content\/uploads\/2023\/04\/je-sais.com_.png 1080w\" sizes=\"auto, (max-width: 219px) 100vw, 219px\" \/><\/a><\/figure><\/div><\/div>\n<\/div>\n\n\n\n<figure class=\"wp-block-embed is-type-wp-embed is-provider-creer-votre-business wp-block-embed-creer-votre-business\"><div class=\"wp-block-embed__wrapper\">\n<blockquote class=\"wp-embedded-content\" data-secret=\"bMzFmSMnwt\"><a href=\"https:\/\/creervotrebusiness.com\/index.php\/idees-de-business-que-vous-pourriez-envisager\/\">id\u00e9es de business que vous pourriez envisager<\/a><\/blockquote><iframe loading=\"lazy\" class=\"wp-embedded-content\" sandbox=\"allow-scripts\" security=\"restricted\" style=\"position: absolute; clip: rect(1px, 1px, 1px, 1px);\" title=\"\u00ab\u00a0id\u00e9es de business que vous pourriez envisager\u00a0\u00bb &#8212; Creer votre business\" src=\"https:\/\/creervotrebusiness.com\/index.php\/idees-de-business-que-vous-pourriez-envisager\/embed\/#?secret=DeRkubXZEv#?secret=bMzFmSMnwt\" data-secret=\"bMzFmSMnwt\" width=\"600\" height=\"338\" frameborder=\"0\" marginwidth=\"0\" marginheight=\"0\" scrolling=\"no\"><\/iframe>\n<\/div><\/figure>\n","protected":false},"excerpt":{"rendered":"<p>comment trouver son id\u00e9e id\u00e9ale Trouver son id\u00e9e id\u00e9ale peut \u00eatre un processus difficile, mais voici quelques \u00e9tapes pour vous aider \u00e0 y parvenir : En fin de compte, trouver votre id\u00e9e id\u00e9ale n\u00e9cessite souvent un peu de temps, de&#8230; <a href=\"https:\/\/creervotrebusiness.com\/index.php\/100-idees-creatives-pour-augmenter-vos-revenus\/\" class=\"readmore\">Read more<span class=\"screen-reader-text\">100 id\u00e9es cr\u00e9atives pour augmenter vos revenus<\/span><span class=\"fa fa-angle-double-right\" aria-hidden=\"true\"><\/span><\/a><\/p>\n","protected":false},"author":1,"featured_media":0,"parent":0,"menu_order":0,"comment_status":"closed","ping_status":"closed","template":"","meta":{"om_disable_all_campaigns":false,"_monsterinsights_skip_tracking":false,"_monsterinsights_sitenote_active":false,"_monsterinsights_sitenote_note":"","_monsterinsights_sitenote_category":0,"footnotes":""},"class_list":["post-562","page","type-page","status-publish","hentry"],"_links":{"self":[{"href":"https:\/\/creervotrebusiness.com\/index.php\/wp-json\/wp\/v2\/pages\/562","targetHints":{"allow":["GET"]}}],"collection":[{"href":"https:\/\/creervotrebusiness.com\/index.php\/wp-json\/wp\/v2\/pages"}],"about":[{"href":"https:\/\/creervotrebusiness.com\/index.php\/wp-json\/wp\/v2\/types\/page"}],"author":[{"embeddable":true,"href":"https:\/\/creervotrebusiness.com\/index.php\/wp-json\/wp\/v2\/users\/1"}],"replies":[{"embeddable":true,"href":"https:\/\/creervotrebusiness.com\/index.php\/wp-json\/wp\/v2\/comments?post=562"}],"version-history":[{"count":17,"href":"https:\/\/creervotrebusiness.com\/index.php\/wp-json\/wp\/v2\/pages\/562\/revisions"}],"predecessor-version":[{"id":620,"href":"https:\/\/creervotrebusiness.com\/index.php\/wp-json\/wp\/v2\/pages\/562\/revisions\/620"}],"wp:attachment":[{"href":"https:\/\/creervotrebusiness.com\/index.php\/wp-json\/wp\/v2\/media?parent=562"}],"curies":[{"name":"wp","href":"https:\/\/api.w.org\/{rel}","templated":true}]}}