{"id":543,"date":"2023-03-17T20:19:36","date_gmt":"2023-03-17T20:19:36","guid":{"rendered":"https:\/\/creervotrebusiness.com\/?page_id=543"},"modified":"2023-03-17T20:19:37","modified_gmt":"2023-03-17T20:19:37","slug":"la-psychologie-de-lentreprenariat","status":"publish","type":"page","link":"https:\/\/creervotrebusiness.com\/index.php\/la-psychologie-de-lentreprenariat\/","title":{"rendered":"la psychologie de l&rsquo;entreprenariat"},"content":{"rendered":"\n<p><\/p>\n\n\n\n<p>La psychologie de l&rsquo;entrepreneuriat explore les traits de personnalit\u00e9 et les processus mentaux qui m\u00e8nent \u00e0 la cr\u00e9ation et \u00e0 la gestion d&rsquo;une entreprise. Les entrepreneurs sont souvent consid\u00e9r\u00e9s comme des personnes cr\u00e9atives, visionnaires et audacieuses, mais ils peuvent \u00e9galement faire face \u00e0 des d\u00e9fis uniques sur le plan psychologique.<\/p>\n\n\n\n<p>Voici quelques-uns des th\u00e8mes cl\u00e9s de la psychologie de l&rsquo;entrepreneuriat :<\/p>\n\n\n\n<ul class=\"wp-block-list\">\n<li>La prise de risque : Les entrepreneurs sont souvent pr\u00eats \u00e0 prendre des risques pour atteindre leurs objectifs, mais cela peut \u00e9galement les rendre plus vuln\u00e9rables aux stress et \u00e0 l&rsquo;anxi\u00e9t\u00e9.<\/li>\n\n\n\n<li>La r\u00e9silience : Les entrepreneurs doivent \u00eatre capables de faire face aux \u00e9checs et aux revers, tout en restant motiv\u00e9s et en apprenant de leurs erreurs.<\/li>\n\n\n\n<li>La cr\u00e9ativit\u00e9 : Les entrepreneurs doivent souvent trouver des solutions innovantes \u00e0 des probl\u00e8mes complexes, ce qui n\u00e9cessite une pens\u00e9e cr\u00e9ative et divergente.<\/li>\n\n\n\n<li>La pers\u00e9v\u00e9rance : La cr\u00e9ation et la gestion d&rsquo;une entreprise peuvent \u00eatre difficiles et exigeantes, ce qui n\u00e9cessite une grande pers\u00e9v\u00e9rance et une forte motivation.<\/li>\n\n\n\n<li>La gestion du stress : Les entrepreneurs doivent souvent faire face \u00e0 des niveaux \u00e9lev\u00e9s de stress et d&rsquo;incertitude, ce qui peut affecter leur bien-\u00eatre mental et physique.<\/li>\n\n\n\n<li>La capacit\u00e9 de collaboration : Les entrepreneurs doivent \u00eatre capables de travailler en collaboration avec d&rsquo;autres personnes, y compris les employ\u00e9s, les partenaires et les investisseurs.<\/li>\n<\/ul>\n\n\n\n<p>La psychologie de l&rsquo;entrepreneuriat peut aider les entrepreneurs \u00e0 mieux comprendre leurs propres processus mentaux et \u00e0 d\u00e9velopper les comp\u00e9tences n\u00e9cessaires pour r\u00e9ussir dans leur entreprise. Cela peut inclure des strat\u00e9gies pour g\u00e9rer le stress, renforcer la r\u00e9silience, cultiver la cr\u00e9ativit\u00e9 et maintenir la motivation.<\/p>\n","protected":false},"excerpt":{"rendered":"<p>La psychologie de l&rsquo;entrepreneuriat explore les traits de personnalit\u00e9 et les processus mentaux qui m\u00e8nent \u00e0 la cr\u00e9ation et \u00e0 la gestion d&rsquo;une entreprise. Les entrepreneurs sont souvent consid\u00e9r\u00e9s comme des personnes cr\u00e9atives, visionnaires et audacieuses, mais ils peuvent \u00e9galement&#8230; <a href=\"https:\/\/creervotrebusiness.com\/index.php\/la-psychologie-de-lentreprenariat\/\" class=\"readmore\">Read more<span class=\"screen-reader-text\">la psychologie de l&rsquo;entreprenariat<\/span><span class=\"fa fa-angle-double-right\" aria-hidden=\"true\"><\/span><\/a><\/p>\n","protected":false},"author":1,"featured_media":0,"parent":0,"menu_order":0,"comment_status":"closed","ping_status":"closed","template":"","meta":{"om_disable_all_campaigns":false,"_monsterinsights_skip_tracking":false,"_monsterinsights_sitenote_active":false,"_monsterinsights_sitenote_note":"","_monsterinsights_sitenote_category":0,"footnotes":""},"class_list":["post-543","page","type-page","status-publish","hentry"],"_links":{"self":[{"href":"https:\/\/creervotrebusiness.com\/index.php\/wp-json\/wp\/v2\/pages\/543","targetHints":{"allow":["GET"]}}],"collection":[{"href":"https:\/\/creervotrebusiness.com\/index.php\/wp-json\/wp\/v2\/pages"}],"about":[{"href":"https:\/\/creervotrebusiness.com\/index.php\/wp-json\/wp\/v2\/types\/page"}],"author":[{"embeddable":true,"href":"https:\/\/creervotrebusiness.com\/index.php\/wp-json\/wp\/v2\/users\/1"}],"replies":[{"embeddable":true,"href":"https:\/\/creervotrebusiness.com\/index.php\/wp-json\/wp\/v2\/comments?post=543"}],"version-history":[{"count":1,"href":"https:\/\/creervotrebusiness.com\/index.php\/wp-json\/wp\/v2\/pages\/543\/revisions"}],"predecessor-version":[{"id":544,"href":"https:\/\/creervotrebusiness.com\/index.php\/wp-json\/wp\/v2\/pages\/543\/revisions\/544"}],"wp:attachment":[{"href":"https:\/\/creervotrebusiness.com\/index.php\/wp-json\/wp\/v2\/media?parent=543"}],"curies":[{"name":"wp","href":"https:\/\/api.w.org\/{rel}","templated":true}]}}