{"id":541,"date":"2023-03-17T20:16:31","date_gmt":"2023-03-17T20:16:31","guid":{"rendered":"https:\/\/creervotrebusiness.com\/?page_id=541"},"modified":"2023-03-17T20:16:32","modified_gmt":"2023-03-17T20:16:32","slug":"syndrome-de-limposteur","status":"publish","type":"page","link":"https:\/\/creervotrebusiness.com\/index.php\/syndrome-de-limposteur\/","title":{"rendered":"syndrome de l&rsquo;imposteur"},"content":{"rendered":"\n<p><\/p>\n\n\n\n<p>Le syndrome de l&rsquo;imposteur est un ph\u00e9nom\u00e8ne psychologique dans lequel une personne se sent comme un imposteur ou une fraude, m\u00eame si elle a des r\u00e9alisations r\u00e9elles et m\u00e9rite ses succ\u00e8s. Les personnes qui ressentent le syndrome de l&rsquo;imposteur ont souvent l&rsquo;impression de ne pas \u00eatre \u00e0 la hauteur, de ne pas \u00eatre comp\u00e9tentes ou de ne pas \u00eatre dignes de leurs r\u00e9alisations.<\/p>\n\n\n\n<p>Ce syndrome peut affecter tout le monde, ind\u00e9pendamment de leur niveau de r\u00e9ussite ou de leur domaine d&rsquo;activit\u00e9. Les personnes qui ressentent ce syndrome ont souvent peur d&rsquo;\u00eatre expos\u00e9es comme des fraudeurs ou des imposteurs, ce qui peut les emp\u00eacher d&rsquo;atteindre leur plein potentiel.<\/p>\n\n\n\n<p>Le traitement du syndrome de l&rsquo;imposteur peut inclure des th\u00e9rapies, comme la th\u00e9rapie cognitivo-comportementale, pour aider \u00e0 changer les pens\u00e9es n\u00e9gatives et les croyances sous-jacentes qui contribuent au syndrome de l&rsquo;imposteur. Les groupes de soutien et les mentors peuvent \u00e9galement \u00eatre utiles pour aider les personnes \u00e0 se sentir moins seules dans leur exp\u00e9rience et \u00e0 acqu\u00e9rir des conseils et des encouragements de personnes ayant v\u00e9cu des exp\u00e9riences similaires.<\/p>\n\n\n\n<p>Il est important de se rappeler que le syndrome de l&rsquo;imposteur est un ph\u00e9nom\u00e8ne commun et qu&rsquo;il est possible de le surmonter. Les personnes qui ressentent ce syndrome devraient se concentrer sur leurs r\u00e9alisations r\u00e9elles, \u00eatre indulgentes envers elles-m\u00eames et se rappeler que la plupart des gens ont des doutes sur eux-m\u00eames \u00e0 un moment ou \u00e0 un autre.<\/p>\n","protected":false},"excerpt":{"rendered":"<p>Le syndrome de l&rsquo;imposteur est un ph\u00e9nom\u00e8ne psychologique dans lequel une personne se sent comme un imposteur ou une fraude, m\u00eame si elle a des r\u00e9alisations r\u00e9elles et m\u00e9rite ses succ\u00e8s. Les personnes qui ressentent le syndrome de l&rsquo;imposteur ont&#8230; <a href=\"https:\/\/creervotrebusiness.com\/index.php\/syndrome-de-limposteur\/\" class=\"readmore\">Read more<span class=\"screen-reader-text\">syndrome de l&rsquo;imposteur<\/span><span class=\"fa fa-angle-double-right\" aria-hidden=\"true\"><\/span><\/a><\/p>\n","protected":false},"author":1,"featured_media":0,"parent":0,"menu_order":0,"comment_status":"closed","ping_status":"closed","template":"","meta":{"om_disable_all_campaigns":false,"_monsterinsights_skip_tracking":false,"_monsterinsights_sitenote_active":false,"_monsterinsights_sitenote_note":"","_monsterinsights_sitenote_category":0,"footnotes":""},"class_list":["post-541","page","type-page","status-publish","hentry"],"_links":{"self":[{"href":"https:\/\/creervotrebusiness.com\/index.php\/wp-json\/wp\/v2\/pages\/541","targetHints":{"allow":["GET"]}}],"collection":[{"href":"https:\/\/creervotrebusiness.com\/index.php\/wp-json\/wp\/v2\/pages"}],"about":[{"href":"https:\/\/creervotrebusiness.com\/index.php\/wp-json\/wp\/v2\/types\/page"}],"author":[{"embeddable":true,"href":"https:\/\/creervotrebusiness.com\/index.php\/wp-json\/wp\/v2\/users\/1"}],"replies":[{"embeddable":true,"href":"https:\/\/creervotrebusiness.com\/index.php\/wp-json\/wp\/v2\/comments?post=541"}],"version-history":[{"count":1,"href":"https:\/\/creervotrebusiness.com\/index.php\/wp-json\/wp\/v2\/pages\/541\/revisions"}],"predecessor-version":[{"id":542,"href":"https:\/\/creervotrebusiness.com\/index.php\/wp-json\/wp\/v2\/pages\/541\/revisions\/542"}],"wp:attachment":[{"href":"https:\/\/creervotrebusiness.com\/index.php\/wp-json\/wp\/v2\/media?parent=541"}],"curies":[{"name":"wp","href":"https:\/\/api.w.org\/{rel}","templated":true}]}}