{"id":479,"date":"2023-02-22T18:30:20","date_gmt":"2023-02-22T18:30:20","guid":{"rendered":"https:\/\/creervotrebusiness.com\/?page_id=479"},"modified":"2023-02-22T18:30:45","modified_gmt":"2023-02-22T18:30:45","slug":"vous-pouvez-demarrer-une-entreprise-a-domicile-des-aujourdhui","status":"publish","type":"page","link":"https:\/\/creervotrebusiness.com\/index.php\/vous-pouvez-demarrer-une-entreprise-a-domicile-des-aujourdhui\/","title":{"rendered":"Vous pouvez d\u00e9marrer une entreprise \u00e0 domicile d\u00e8s aujourd\u2019hui."},"content":{"rendered":"\n<p><\/p>\n\n\n\n<p>Bien que beaucoup pensent encore que cette id\u00e9e n\u2019est que fantasme. La v\u00e9rit\u00e9 est qu\u2019il y a des milliers de personnes qui sont d\u00e9j\u00e0 en train de g\u00e9rer des entreprises \u00e0 domicile et avec succ\u00e8s. Si vous cherchez \u00e0 d\u00e9marrer une entreprise \u00e0 domicile, lisez cet article. Il contient de pr\u00e9cieux conseils et des informations sur la fa\u00e7on de commencer.<\/p>\n\n\n\n<p><strong>1. Il est sain de prendre de courtes pauses au cours de votre journ\u00e9e de travail. <\/strong>Cependant, n\u2019utilisez pas votre temps de pause pour prendre soin des affaires personnelles compliqu\u00e9es. De m\u00eame, n\u2019entamez pas des projets de r\u00e9novation qui pourrait vous d\u00e9tourner de votre principale activit\u00e9, \u00e9viter aussi le papotage au t\u00e9l\u00e9phone pendant de longues p\u00e9riodes de temps. Votre corps et votre esprit se sentiront rafra\u00eechis apr\u00e8s les pauses. Par exemple, vous pouvez faire un peu d\u2019exercice ou du jardinage.<\/p>\n\n\n\n<p><strong>2. L\u2019aide d\u2019un groupe de soutien constitu\u00e9 de pairs peut \u00eatre pr\u00e9cieuse lorsque vous ex\u00e9cutez une entreprise \u00e0 domicile. <\/strong>Cherchez d\u2019autres personnes et constituez un r\u00e9seau de soutien. Ces personnes n\u2019ont pas forc\u00e9ment \u00e0 \u00eatre dans m\u00eame secteur que le v\u00f4tre, mais ils ont besoin d\u2019\u00eatre positifs, serviables et en mesure de comprendre les d\u00e9fis de la gestion d\u2019une entreprise \u00e0 domicile.<\/p>\n\n\n\n<p><strong>3. Si vous voulez cr\u00e9er une entreprise \u00e0 domicile, mais que ne savez pas quel genre d\u2019entreprise vous souhaitez, Internet peut vous donner beaucoup d\u2019id\u00e9es qui, en plus, ont d\u00e9j\u00e0 fait leurs preuves. <\/strong>Cependant, sachez que nombreuses escroqueries sur les entreprises \u00e0 domicile courent librement sur Internet. Il existe de nombreux sites qui vendent des informations que vous pouvez obtenir gratuitement ailleurs. Vous devez aussi faire attention aux escroqueries complexes qui proposent un acc\u00e8s payant \u00e0 des cours inexistants. Si cela semble trop beau pour \u00eatre vrai, \u00e7a l\u2019est probablement.<\/p>\n\n\n\n<p><strong>4. Rechercher des forums o\u00f9 d\u2019autres personnes avec des entreprises \u00e0 domicile. <\/strong>Les diff\u00e9rents sites et forums qui sont sp\u00e9cifiquement mis en place pour ceux qui poss\u00e8dent leur propre entreprise \u00e0 domicile sont en constante expansion. Sur ces derniers, vous pouvez trouver des gens qui ont v\u00e9cu ce que vous vivez actuellement, et ils sont plus qu\u2019heureux de partager leurs techniques ou leurs conseils avec vous pour vous aider.<\/p>\n\n\n\n<p><strong>5. Si vous avez des penchants pour l\u2019art, vous pouvez d\u00e9marrer une entreprise de conception graphique qui r\u00e9pond aux besoins des entreprises locales. <\/strong>Beaucoup d\u2019entreprises pr\u00e9f\u00e8rent travailler avec des designers qui sont ind\u00e9pendants plut\u00f4t qu\u2019avec de grandes entreprises. Cela peut vous donner un bon avantage sur les grandes entreprises.<\/p>\n\n\n\n<p><strong>6. Toujours regarder de l\u2019avant et \u00eatre pr\u00e9par\u00e9. <\/strong>C\u00e9l\u00e9brer vos succ\u00e8s pass\u00e9s est bien, mais rappelez-vous que ces succ\u00e8s ont d\u00e9j\u00e0 eu lieu. Essayez de vous concentrer sur vos objectifs futurs. Cela vous aidera \u00e0 vous pr\u00e9parer pour de futures opportunit\u00e9s et \u00e0 anticiper les pi\u00e8ges potentiels. Vous serez moins susceptible d\u2019\u00eatre surpris en suivant ce plan.<\/p>\n\n\n\n<p>Comme indiqu\u00e9 dans l\u2019introduction, une entreprise \u00e0 domicile est un r\u00eave que beaucoup de gens partagent. La plupart des gens, cependant, n\u2019ont aucune id\u00e9e sur la fa\u00e7on de mettre en place une entreprise \u00e0 domicile. Utilisez les conseils donn\u00e9s dans cet article, et vous serez sur votre chemin vers la gestion de votre entreprise \u00e0 domicile.<\/p>\n","protected":false},"excerpt":{"rendered":"<p>Bien que beaucoup pensent encore que cette id\u00e9e n\u2019est que fantasme. La v\u00e9rit\u00e9 est qu\u2019il y a des milliers de personnes qui sont d\u00e9j\u00e0 en train de g\u00e9rer des entreprises \u00e0 domicile et avec succ\u00e8s. Si vous cherchez \u00e0 d\u00e9marrer&#8230; <a href=\"https:\/\/creervotrebusiness.com\/index.php\/vous-pouvez-demarrer-une-entreprise-a-domicile-des-aujourdhui\/\" class=\"readmore\">Read more<span class=\"screen-reader-text\">Vous pouvez d\u00e9marrer une entreprise \u00e0 domicile d\u00e8s aujourd\u2019hui.<\/span><span class=\"fa fa-angle-double-right\" aria-hidden=\"true\"><\/span><\/a><\/p>\n","protected":false},"author":1,"featured_media":0,"parent":0,"menu_order":0,"comment_status":"closed","ping_status":"closed","template":"","meta":{"om_disable_all_campaigns":false,"_monsterinsights_skip_tracking":false,"_monsterinsights_sitenote_active":false,"_monsterinsights_sitenote_note":"","_monsterinsights_sitenote_category":0,"footnotes":""},"class_list":["post-479","page","type-page","status-publish","hentry"],"_links":{"self":[{"href":"https:\/\/creervotrebusiness.com\/index.php\/wp-json\/wp\/v2\/pages\/479","targetHints":{"allow":["GET"]}}],"collection":[{"href":"https:\/\/creervotrebusiness.com\/index.php\/wp-json\/wp\/v2\/pages"}],"about":[{"href":"https:\/\/creervotrebusiness.com\/index.php\/wp-json\/wp\/v2\/types\/page"}],"author":[{"embeddable":true,"href":"https:\/\/creervotrebusiness.com\/index.php\/wp-json\/wp\/v2\/users\/1"}],"replies":[{"embeddable":true,"href":"https:\/\/creervotrebusiness.com\/index.php\/wp-json\/wp\/v2\/comments?post=479"}],"version-history":[{"count":1,"href":"https:\/\/creervotrebusiness.com\/index.php\/wp-json\/wp\/v2\/pages\/479\/revisions"}],"predecessor-version":[{"id":480,"href":"https:\/\/creervotrebusiness.com\/index.php\/wp-json\/wp\/v2\/pages\/479\/revisions\/480"}],"wp:attachment":[{"href":"https:\/\/creervotrebusiness.com\/index.php\/wp-json\/wp\/v2\/media?parent=479"}],"curies":[{"name":"wp","href":"https:\/\/api.w.org\/{rel}","templated":true}]}}