{"id":477,"date":"2023-02-22T18:28:34","date_gmt":"2023-02-22T18:28:34","guid":{"rendered":"https:\/\/creervotrebusiness.com\/?page_id=477"},"modified":"2023-02-22T18:28:35","modified_gmt":"2023-02-22T18:28:35","slug":"travailler-a-votre-compte-et-a-la-maison-grace-a-ces-conseils","status":"publish","type":"page","link":"https:\/\/creervotrebusiness.com\/index.php\/travailler-a-votre-compte-et-a-la-maison-grace-a-ces-conseils\/","title":{"rendered":"Travailler \u00e0 votre compte et \u00e0 la maison gr\u00e2ce \u00e0 ces conseils."},"content":{"rendered":"\n<p><\/p>\n\n\n\n<p>L\u2019id\u00e9e selon laquelle il est difficile de d\u00e9marrer une entreprise \u00e0 domicile est une id\u00e9e re\u00e7ue, malheureusement trop r\u00e9pandue. Cela peut en effet exiger beaucoup d\u2019efforts, mais il n\u2019est pas du tout chose difficile. Vous pouvez d\u00e9marrer une entreprise \u00e0 domicile si vous avez la bonne information en main. Cet article contient des informations qui peuvent vous aider lors du d\u00e9marrage de votre entreprise \u00e0 domicile.<\/p>\n\n\n\n<p><strong>1. Si vous devez conduire beaucoup pour votre entreprise, assurez-vous de surveiller votre consommation d\u2019essence et de garder les re\u00e7us afin de les d\u00e9duire plus tard de vos imp\u00f4ts. <\/strong>Ces frais sont en effet d\u00e9ductibles \u00e0 <strong>100&nbsp;%. Vous devez toutefois \u00eatre en mesure de d\u00e9montrer que le voyage a \u00e9t\u00e9 n\u00e9cessaire pour l\u2019entreprise.<\/strong><\/p>\n\n\n\n<p><strong>2. Assurez-vous de porter des v\u00eatements appropri\u00e9s au travail. <\/strong>Lorsque vous travaillez \u00e0 la maison, il est tentant de travailler toute la journ\u00e9e en pyjama. Cependant vous devez vous habiller toujours comme si vous alliez au bureau. Cela peut am\u00e9liorer votre concentration et votre productivit\u00e9.<\/p>\n\n\n\n<p><strong>3. Une excellente fa\u00e7on de gagner de l\u2019argent sans mettre le pied dehors est de fournir des le\u00e7ons dans un domaine pr\u00e9cis et dans lequel vous \u00eates qualifi\u00e9. <\/strong>Beaucoup de gens pr\u00e9f\u00e8rent apprendre en priv\u00e9 plut\u00f4t qu\u2019en groupe. La plupart des le\u00e7ons peuvent \u00eatre enseign\u00e9es \u00e0 la maison.<\/p>\n\n\n\n<p><strong>4. Demandez \u00e0 vos clients de vous recommander aupr\u00e8s de leurs amis et de leurs coll\u00e8gues en \u00e9change d\u2019une r\u00e9compense. <\/strong>Le bouche-\u00e0-oreille est un moyen efficace de promouvoir votre entreprise. Offrir des incitatifs est aussi une bonne fa\u00e7on de garder vos clients int\u00e9ress\u00e9s.<\/p>\n\n\n\n<p><strong>5. Vous devriez concocter un court paragraphe que vous utiliserez pour pr\u00e9senter votre objectif d\u2019affaires en gardant les phrases br\u00e8ves et concises. <\/strong>Que fait votre entreprise et sur quoi se concentre-t-elle&nbsp;? Voil\u00e0 \u00e0 quoi doit r\u00e9pondre votre paragraphe. Veuillez \u00e9galement d\u00e9crire ce qui est unique chez votre entreprise et quelles sont ses objectifs.<\/p>\n\n\n\n<p><strong>6. Une entreprise \u00e0 domicile est une entreprise comme les autres, il est donc crucial que vous gardiez de bons dossiers financiers. <\/strong>Si vous \u00eates sujet d\u2019un audit, vous devrez fournir une preuve de vos revenus et de vos d\u00e9penses. De bons dossiers vous permettent \u00e9galement de garder une trace de votre entreprise et comment elle \u00e9volue de mois en mois.<\/p>\n\n\n\n<p><strong>7. Gardez votre lieu de travail s\u00fbr. <\/strong>Les d\u00e9tecteurs de fum\u00e9e et les alarmes sont essentiels pour assurer la s\u00e9curit\u00e9. Vous devez \u00e9galement disposer d\u2019une configuration solide de l\u2019ordinateur et de l\u2019espace de bureau. L\u2019installation des \u00e9l\u00e9ments de s\u00e9curit\u00e9 anti incendie peut aider \u00e0 diminuer vos frais d\u2019assurance.<\/p>\n\n\n\n<p><strong>8. Assurez-vous de rester en contact avec les clients de votre entreprise \u00e0 domicile, mais ne les bombardez pas de messages et d\u2019annonces. <\/strong>Faites usage de bulletins d\u2019information ou des mails pour garder vos clients inform\u00e9s de vos actualit\u00e9s, ainsi que vos nouvelles promotions, vos rabais ou encore des offres \u00e0 dur\u00e9e limit\u00e9e. La derni\u00e8re chose que vous voulez faire est de devenir une nuisance pour vos clients en les sollicitant exag\u00e9r\u00e9ment.<\/p>\n\n\n\n<p>Pour finir, il n\u2019est pas difficile de d\u00e9marrer votre propre entreprise \u00e0 domicile. Mais vous avez besoin de travailler dur, mais cela reste parfaitement r\u00e9alisable. Les informations pertinentes, comme celles que vous avez lues ici, vous aideront \u00e0 construire votre entreprise facilement.<\/p>\n","protected":false},"excerpt":{"rendered":"<p>L\u2019id\u00e9e selon laquelle il est difficile de d\u00e9marrer une entreprise \u00e0 domicile est une id\u00e9e re\u00e7ue, malheureusement trop r\u00e9pandue. Cela peut en effet exiger beaucoup d\u2019efforts, mais il n\u2019est pas du tout chose difficile. Vous pouvez d\u00e9marrer une entreprise \u00e0&#8230; <a href=\"https:\/\/creervotrebusiness.com\/index.php\/travailler-a-votre-compte-et-a-la-maison-grace-a-ces-conseils\/\" class=\"readmore\">Read more<span class=\"screen-reader-text\">Travailler \u00e0 votre compte et \u00e0 la maison gr\u00e2ce \u00e0 ces conseils.<\/span><span class=\"fa fa-angle-double-right\" aria-hidden=\"true\"><\/span><\/a><\/p>\n","protected":false},"author":1,"featured_media":0,"parent":0,"menu_order":0,"comment_status":"closed","ping_status":"closed","template":"","meta":{"om_disable_all_campaigns":false,"_monsterinsights_skip_tracking":false,"_monsterinsights_sitenote_active":false,"_monsterinsights_sitenote_note":"","_monsterinsights_sitenote_category":0,"footnotes":""},"class_list":["post-477","page","type-page","status-publish","hentry"],"_links":{"self":[{"href":"https:\/\/creervotrebusiness.com\/index.php\/wp-json\/wp\/v2\/pages\/477","targetHints":{"allow":["GET"]}}],"collection":[{"href":"https:\/\/creervotrebusiness.com\/index.php\/wp-json\/wp\/v2\/pages"}],"about":[{"href":"https:\/\/creervotrebusiness.com\/index.php\/wp-json\/wp\/v2\/types\/page"}],"author":[{"embeddable":true,"href":"https:\/\/creervotrebusiness.com\/index.php\/wp-json\/wp\/v2\/users\/1"}],"replies":[{"embeddable":true,"href":"https:\/\/creervotrebusiness.com\/index.php\/wp-json\/wp\/v2\/comments?post=477"}],"version-history":[{"count":1,"href":"https:\/\/creervotrebusiness.com\/index.php\/wp-json\/wp\/v2\/pages\/477\/revisions"}],"predecessor-version":[{"id":478,"href":"https:\/\/creervotrebusiness.com\/index.php\/wp-json\/wp\/v2\/pages\/477\/revisions\/478"}],"wp:attachment":[{"href":"https:\/\/creervotrebusiness.com\/index.php\/wp-json\/wp\/v2\/media?parent=477"}],"curies":[{"name":"wp","href":"https:\/\/api.w.org\/{rel}","templated":true}]}}