{"id":473,"date":"2023-02-22T18:26:12","date_gmt":"2023-02-22T18:26:12","guid":{"rendered":"https:\/\/creervotrebusiness.com\/?page_id=473"},"modified":"2023-02-22T18:26:12","modified_gmt":"2023-02-22T18:26:12","slug":"les-seuls-conseils-dentreprises-a-domicile-dont-vous-avez-besoin","status":"publish","type":"page","link":"https:\/\/creervotrebusiness.com\/index.php\/les-seuls-conseils-dentreprises-a-domicile-dont-vous-avez-besoin\/","title":{"rendered":"Les seuls conseils d\u2019entreprises \u00e0 domicile dont vous avez besoin."},"content":{"rendered":"\n<p><\/p>\n\n\n\n<p>Il y a des milliers d\u2019hommes et de femmes qui ont d\u00e9j\u00e0 envisag\u00e9 au moins une fois de poss\u00e9der une entreprise \u00e0 domicile. L\u2019id\u00e9e d\u2019avoir vos propres horaires de travail et d\u2019\u00eatre votre propre superviseur est tr\u00e8s tentante. La cr\u00e9ation de votre propre entreprise \u00e0 domicile peut demander un peu de planification. Utilisez nos conseils pour vous aider \u00e0 d\u00e9marrer.<\/p>\n\n\n\n<p><strong>1. Assurez-vous de profiter de toutes les d\u00e9ductions auxquelles vous avez droit, y compris les frais engag\u00e9s pour divertir vos clients, afin d\u2019\u00e9conomiser tout l\u2019argent que vous pouvez sur vos imp\u00f4ts. <\/strong>Les frais d\u2019une r\u00e9union d\u2019affaires sont un co\u00fbt l\u00e9gitime de votre business. Assurez-vous que les gens que vous invitez soient d\u00e9j\u00e0 clients chez vous ou bien alors des clients potentiels de votre entreprise.<\/p>\n\n\n\n<p><strong>2. Assurez-vous aussi de pouvoir parler de vos affaires avec \u00e9loquence. <\/strong>Vous serez plus facilement \u00e0 m\u00eame d\u2019impressionner les clients potentiels si vous pouvez d\u00e9crire votre entreprise en quelques mots simples. Par ailleurs, cela vous permet de trouver un slogan pour l\u2019entreprise et vous permet aussi de couvrir les points importants de votre projet.<\/p>\n\n\n\n<p><strong>3. Prenez des pauses pendant la journ\u00e9e, mais ne vous laissez pas distraire par votre t\u00e9l\u00e9viseur ou autre distraction. <\/strong>Ne vous engagez pas dans de longues conversations personnelles ou dans des projets qui vous d\u00e9tournent trop longtemps des objectifs de votre entreprise. Les pauses vous aideront \u00e0 recentrer et am\u00e9liorer votre niveau d\u2019\u00e9nergie globale.<\/p>\n\n\n\n<p><strong>4. Vous avez des difficult\u00e9s \u00e0 venir avec une id\u00e9e pour votre entreprise&nbsp;? <\/strong>Demandez-vous de quel service ou de quel produit vous manquez dans votre vie. L\u2019identification d\u2019un besoin sp\u00e9cifique est la premi\u00e8re chose \u00e0 faire lors de la cr\u00e9ation d\u2019un produit pour le commercialiser sur le march\u00e9. Il est probable que si les gens que vous connaissez trouvent le produit utile, des millions d\u2019autres personnes pourraient aussi en b\u00e9n\u00e9ficier.<\/p>\n\n\n\n<p><strong>5. Une fa\u00e7on intelligente de faire de l\u2019argent avec une entreprise \u00e0 domicile est d\u2019offrir des le\u00e7ons sur un sujet ou un domaine que vous maitrisez particuli\u00e8rement. <\/strong>Beaucoup de gens appr\u00e9cient la flexibilit\u00e9 qu\u2019offrent les cours priv\u00e9s, qui est introuvable dans les \u00e9coles parce que leurs horaires sont plus rigides. Des th\u00e8mes comme la musique, l\u2019art, les sujets acad\u00e9miques et les passe-temps peuvent \u00eatre enseign\u00e9s facilement et efficacement derri\u00e8re votre ordinateur.<\/p>\n\n\n\n<p><strong>6. Lorsque vous travaillez \u00e0 domicile, limiter vos interruptions occasionn\u00e9es par la famille. <\/strong>Parce que les interruptions perturbent votre journ\u00e9e de travail, informez donc tout le monde quand vous \u00eates occup\u00e9 \u00e0 travailler et quand vous pensez que vous avez termin\u00e9. Dites-leur que vous avez besoin d\u2019avoir du temps pour vous afin que vous puissiez terminer le travail plus t\u00f4t et \u00eatre ainsi plus rapidement disponible pour eux. Si vous avez des enfants, veillez \u00e0 ce qu\u2019ils soient sous bonne supervision et que vous serez \u00e0 leur disposition en cas d\u2019urgence.<\/p>\n\n\n\n<p><strong>7. Ne quittez pas votre travail lorsque vous commencez votre entreprise \u00e0 domicile. <\/strong>Ne vous pr\u00e9cipitez pas pour quitter votre emploi de jour&nbsp;; il faut du temps pour une nouvelle entreprise afin de g\u00e9n\u00e9rer du profit. Avoir un revenu stable en attendant le lancement de votre entreprise \u00e0 domicile vous \u00e9vitera beaucoup de stress.<\/p>\n\n\n\n<p><strong>8. Consultez internet pour avoir des id\u00e9es sur la fa\u00e7on optimale de d\u00e9marrer une entreprise \u00e0 domicile. <\/strong>Cependant, il faut \u00eatre m\u00e9fiant des nombreuses escroqueries qui pullulent en ligne et qui visent les personnes qui souhaitent se lancer dans ce cr\u00e9neau. N\u2019achetez pas de guides, de livres \u00e9lectroniques et d\u2019autres articles qui contiennent des informations, et que vous pouvez retrouver facilement ailleurs et sans aucune contrepartie. D\u2019autres escroqueries vous demandent de payer pour acc\u00e9der \u00e0 un service fictif, ou encore de payer pour des cours qui ne vous donnent pas une v\u00e9ritable formation. Si vous trouvez l\u2019offre trop exag\u00e9r\u00e9e alors vous avez surement raison de vous en m\u00e9fier.<\/p>\n\n\n\n<p>Comme vous pouvez le voir, il faudra un peu de travail et de d\u00e9vouement pour faire le saut. Si vous parvenez \u00e0 passer \u00e0 travers et \u00e0 vous en tenir au plan, vous serez en mesure de concr\u00e9tiser votre r\u00eave d\u2019entreprise et de cr\u00e9er quelque chose qui est durable et rentable au fil des ans.<\/p>\n","protected":false},"excerpt":{"rendered":"<p>Il y a des milliers d\u2019hommes et de femmes qui ont d\u00e9j\u00e0 envisag\u00e9 au moins une fois de poss\u00e9der une entreprise \u00e0 domicile. L\u2019id\u00e9e d\u2019avoir vos propres horaires de travail et d\u2019\u00eatre votre propre superviseur est tr\u00e8s tentante. La cr\u00e9ation&#8230; <a href=\"https:\/\/creervotrebusiness.com\/index.php\/les-seuls-conseils-dentreprises-a-domicile-dont-vous-avez-besoin\/\" class=\"readmore\">Read more<span class=\"screen-reader-text\">Les seuls conseils d\u2019entreprises \u00e0 domicile dont vous avez besoin.<\/span><span class=\"fa fa-angle-double-right\" aria-hidden=\"true\"><\/span><\/a><\/p>\n","protected":false},"author":1,"featured_media":0,"parent":0,"menu_order":0,"comment_status":"closed","ping_status":"closed","template":"","meta":{"om_disable_all_campaigns":false,"_monsterinsights_skip_tracking":false,"_monsterinsights_sitenote_active":false,"_monsterinsights_sitenote_note":"","_monsterinsights_sitenote_category":0,"footnotes":""},"class_list":["post-473","page","type-page","status-publish","hentry"],"_links":{"self":[{"href":"https:\/\/creervotrebusiness.com\/index.php\/wp-json\/wp\/v2\/pages\/473","targetHints":{"allow":["GET"]}}],"collection":[{"href":"https:\/\/creervotrebusiness.com\/index.php\/wp-json\/wp\/v2\/pages"}],"about":[{"href":"https:\/\/creervotrebusiness.com\/index.php\/wp-json\/wp\/v2\/types\/page"}],"author":[{"embeddable":true,"href":"https:\/\/creervotrebusiness.com\/index.php\/wp-json\/wp\/v2\/users\/1"}],"replies":[{"embeddable":true,"href":"https:\/\/creervotrebusiness.com\/index.php\/wp-json\/wp\/v2\/comments?post=473"}],"version-history":[{"count":1,"href":"https:\/\/creervotrebusiness.com\/index.php\/wp-json\/wp\/v2\/pages\/473\/revisions"}],"predecessor-version":[{"id":474,"href":"https:\/\/creervotrebusiness.com\/index.php\/wp-json\/wp\/v2\/pages\/473\/revisions\/474"}],"wp:attachment":[{"href":"https:\/\/creervotrebusiness.com\/index.php\/wp-json\/wp\/v2\/media?parent=473"}],"curies":[{"name":"wp","href":"https:\/\/api.w.org\/{rel}","templated":true}]}}