{"id":471,"date":"2023-02-22T18:24:58","date_gmt":"2023-02-22T18:24:58","guid":{"rendered":"https:\/\/creervotrebusiness.com\/?page_id=471"},"modified":"2023-02-22T18:24:58","modified_gmt":"2023-02-22T18:24:58","slug":"les-meilleurs-conseils-sur-les-entreprises-a-domicile","status":"publish","type":"page","link":"https:\/\/creervotrebusiness.com\/index.php\/les-meilleurs-conseils-sur-les-entreprises-a-domicile\/","title":{"rendered":"Les meilleurs conseils sur les entreprises \u00e0 domicile."},"content":{"rendered":"\n<p><\/p>\n\n\n\n<p>Il y a des moments o\u00f9 la vie peut devenir moins plaisante. Vous pouvez tout \u00e0 coup perdre l\u2019emploi que vous avez occup\u00e9 pendant des ann\u00e9es, puis ressentir de la peur et de la confusion \u00e0 propos de ce qui vient ensuite. Avez-vous envisag\u00e9 de d\u00e9marrer une entreprise \u00e0 domicile&nbsp;? Les conseils \u00e9nonc\u00e9s dans cet article peuvent vous placer sur la ligne de d\u00e9part, et vous devrez apr\u00e8s cette lecture \u00eatre en mesure de g\u00e9rer une entreprise \u00e0 domicile avec succ\u00e8s.<\/p>\n\n\n\n<p><strong>1. Si votre entreprise \u00e0 domicile n\u00e9cessite une connexion Internet, ne passez pas \u00e0 c\u00f4t\u00e9 des d\u00e9ductions fiscales. <\/strong>Vous pouvez d\u00e9duire une partie du co\u00fbt de votre service Internet, mais vous devez prendre conscience que si quelqu\u2019un d\u2019autre utilise la connexion \u00e0 des fins personnelles, vous ne pouvez pas demander plus de cinquante pour cent.<\/p>\n\n\n\n<p><strong>2. Vous devez mettre en place un filet de secours au cas o\u00f9 quelque chose venait \u00e0 se passer mal avec votre entreprise \u00e0 domicile. <\/strong>\u00c9tant donn\u00e9 que l\u2019on est jamais \u00e0 l\u2019abri d\u2019une catastrophe, comme de ne pas recevoir un envoi \u00e0 temps pour la date limite du projet, il est important d\u2019avoir un plan b pour ces situations d\u2019urgence. Si vous pensez \u00e0 ces situations en amont, vous serez pr\u00eat \u00e0 y faire face \u00e0 tout moment et vous maintiendrez le bon fonctionnent de votre entreprise.<\/p>\n\n\n\n<p><strong>3. Habillez-vous tel qu\u2019il se doit, m\u00eame lorsque vous travaillez \u00e0 domicile. <\/strong>Vous pourriez ressentir l\u2019envie de travailler en pyjama dans votre bureau \u00e0 domicile, mais vous devez faire l\u2019effort de vous habiller professionnellement. Cela va vous mettre dans un \u00e9tat d\u2019esprit de productivit\u00e9.<\/p>\n\n\n\n<p><strong>4. Vous pourrez apprendre de l\u2019exp\u00e9rience d\u2019autres propri\u00e9taires d\u2019entreprises \u00e0 domicile en vous joignant \u00e0 des forums en ligne. <\/strong>Cela peut vous aider \u00e0 obtenir d\u2019autres visions d\u2019autres propri\u00e9taires d\u2019entreprise \u00e0 domicile qui compl\u00e8teront la v\u00f4tre. D\u2019autres personnes actives dans le domaine des entreprises \u00e0 domicile savent \u00e0 quels types de d\u00e9fis vous pouvez faire face, et pourront donc vous aidez \u00e0 r\u00e9soudre vos probl\u00e8mes.<\/p>\n\n\n\n<p><strong>5. Vous devez vous assurer que vous suivez toutes les lois de votre r\u00e9gion. <\/strong>Si vous ne le faites pas, vous pouvez faire face \u00e0 des amendes d\u2019un montant parfois tr\u00e8s important et votre entreprise pourrait alors \u00eatre oblig\u00e9e de fermer ses portes. Assurez-vous alors que personne n\u2019a de raison de se plaindre de votre entreprise. Si quelqu\u2019un le fait, au moins vous savez d\u2019avance si les lois seront de votre c\u00f4t\u00e9. Pour ce faire, vous devez faire attention au bruit et \u00e0 la circulation. Pour faire court, n\u2019attirez pas trop l\u2019attention sur votre entreprise.<\/p>\n\n\n\n<p><strong>6. Cr\u00e9er une liste de diffusion pour vos clients. <\/strong>T\u00e2chez de mod\u00e9rer la fr\u00e9quence de vos communiqu\u00e9s de sorte qu\u2019ils ne sont pas trop exag\u00e9r\u00e9s. De nombreuses entreprises utilisent des listes de diffusion afin que leurs abonn\u00e9s puissent se renseigner sur les nouveaux produits et sur les nouvelles promotions. D\u2019autres encore les utilisent pour informer les clients et leur envoyer des annonces. Faites en sorte que les gens puissent s\u2019inscrire facilement \u00e0 votre liste de diffusion \u00e0 partir de votre site Web.<\/p>\n\n\n\n<p><strong>7. Profitez des avantages du marketing d\u2019affiliation. <\/strong>L\u2019\u00e9change de liens d\u2019affiliation avec d\u2019autres entrepreneurs est un moyen de stimuler les affaires de tous. Consultez les programmes d\u2019affiliation d\u00e9j\u00e0 \u00e9tablis et trouvez celui qui correspond \u00e0 votre cr\u00e9neau d\u2019affaires. De cette fa\u00e7on, vous pouvez g\u00e9n\u00e9rer des gains suppl\u00e9mentaires sans beaucoup d\u2019effort.<\/p>\n\n\n\n<p>En lisant cet article, nous esp\u00e9rons que vous avez \u00e9t\u00e9 motiv\u00e9 \u00e0 prendre votre vie en mains. Ce dernier vous a donn\u00e9 beaucoup de conseils sur le d\u00e9marrage d\u2019une entreprise \u00e0 domicile, il est maintenant le temps de prendre le taureau par les cornes et de vous lancer&nbsp;! Vous pouvez garder cet article comme r\u00e9f\u00e9rence \u00e0 lire quand vous n\u2019\u00eates pas s\u00fbr de ce que doit \u00eatre la prochaine \u00e9tape.<\/p>\n","protected":false},"excerpt":{"rendered":"<p>Il y a des moments o\u00f9 la vie peut devenir moins plaisante. Vous pouvez tout \u00e0 coup perdre l\u2019emploi que vous avez occup\u00e9 pendant des ann\u00e9es, puis ressentir de la peur et de la confusion \u00e0 propos de ce qui&#8230; <a href=\"https:\/\/creervotrebusiness.com\/index.php\/les-meilleurs-conseils-sur-les-entreprises-a-domicile\/\" class=\"readmore\">Read more<span class=\"screen-reader-text\">Les meilleurs conseils sur les entreprises \u00e0 domicile.<\/span><span class=\"fa fa-angle-double-right\" aria-hidden=\"true\"><\/span><\/a><\/p>\n","protected":false},"author":1,"featured_media":0,"parent":0,"menu_order":0,"comment_status":"closed","ping_status":"closed","template":"","meta":{"om_disable_all_campaigns":false,"_monsterinsights_skip_tracking":false,"_monsterinsights_sitenote_active":false,"_monsterinsights_sitenote_note":"","_monsterinsights_sitenote_category":0,"footnotes":""},"class_list":["post-471","page","type-page","status-publish","hentry"],"_links":{"self":[{"href":"https:\/\/creervotrebusiness.com\/index.php\/wp-json\/wp\/v2\/pages\/471","targetHints":{"allow":["GET"]}}],"collection":[{"href":"https:\/\/creervotrebusiness.com\/index.php\/wp-json\/wp\/v2\/pages"}],"about":[{"href":"https:\/\/creervotrebusiness.com\/index.php\/wp-json\/wp\/v2\/types\/page"}],"author":[{"embeddable":true,"href":"https:\/\/creervotrebusiness.com\/index.php\/wp-json\/wp\/v2\/users\/1"}],"replies":[{"embeddable":true,"href":"https:\/\/creervotrebusiness.com\/index.php\/wp-json\/wp\/v2\/comments?post=471"}],"version-history":[{"count":1,"href":"https:\/\/creervotrebusiness.com\/index.php\/wp-json\/wp\/v2\/pages\/471\/revisions"}],"predecessor-version":[{"id":472,"href":"https:\/\/creervotrebusiness.com\/index.php\/wp-json\/wp\/v2\/pages\/471\/revisions\/472"}],"wp:attachment":[{"href":"https:\/\/creervotrebusiness.com\/index.php\/wp-json\/wp\/v2\/media?parent=471"}],"curies":[{"name":"wp","href":"https:\/\/api.w.org\/{rel}","templated":true}]}}