{"id":469,"date":"2023-02-22T18:24:05","date_gmt":"2023-02-22T18:24:05","guid":{"rendered":"https:\/\/creervotrebusiness.com\/?page_id=469"},"modified":"2023-02-22T18:24:05","modified_gmt":"2023-02-22T18:24:05","slug":"lentreprise-a-domicile-peut-etre-une-option-viable","status":"publish","type":"page","link":"https:\/\/creervotrebusiness.com\/index.php\/lentreprise-a-domicile-peut-etre-une-option-viable\/","title":{"rendered":"L\u2019entreprise \u00e0 domicile peut \u00eatre une option viable"},"content":{"rendered":"\n<p><\/p>\n\n\n\n<p>Poss\u00e9der une entreprise \u00e0 domicile a de nombreux avantages&nbsp;: \u00eatre son propre patron, avoir des heures flexibles&#8230; Et vous aurez \u00e9galement la possibilit\u00e9 d\u2019ex\u00e9cuter une entreprise dans laquelle vous croyez vraiment. Lisez cet article pour obtenir des conseils sur la fa\u00e7on d\u2019ex\u00e9cuter avec succ\u00e8s votre propre entreprise \u00e0 la maison, et commencez \u00e0 en r\u00e9colter les fruits d\u00e8s \u00e0 pr\u00e9sent.<\/p>\n\n\n\n<p><strong>1. Il est important de faire la distinction entre le temps pass\u00e9 \u00e0 travailler et le temps off et de maintenir une ligne de d\u00e9marcation claire entre les deux. <\/strong>D\u00e9terminer une heure de la journ\u00e9e o\u00f9 vous cesserez de r\u00e9pondre aux appels professionnels. Vous devez consacrer du temps \u00e0 vos amis et \u00e0 votre famille ainsi qu\u2019\u00e0 votre entreprise.<\/p>\n\n\n\n<p><strong>2. Participer \u00e0 des forums qui abordent des sujets li\u00e9s aux entreprises \u00e0 domicile. <\/strong>Ceci est un bon moyen de parler avec d\u2019autres personnes qui comprennent votre cas et vos probl\u00e8mes de gestion. Vous ne pouvez jamais savoir ce que peut apporter le relationnel \u00e0 votre entreprise.<\/p>\n\n\n\n<p><strong>3. Assurez-vous que vos dossiers financiers soient complets et corrects. <\/strong>Si le service des imp\u00f4ts ou une autre autorit\u00e9 d\u00e9cide d\u2019enqu\u00eater sur votre entreprise, vous devrez avoir suffisamment de renseignements pour prouver vos d\u00e9penses et vos revenus. La tenue de registres d\u00e9taill\u00e9s vous aidera \u00e9galement \u00e0 mesurer votre succ\u00e8s et chercher des moyens pour r\u00e9duire les d\u00e9penses.<\/p>\n\n\n\n<p><strong>4. Au lancement d\u2019une entreprise \u00e0 domicile, vous devez cr\u00e9er un site qui va promouvoir et vendre votre produit. <\/strong>Ceci est un bon moyen pour \u00e9largir votre public et augmenter ainsi le nombre de ventes que vous faites. Cr\u00e9er un site web fonctionnel et le publier est devenue tellement facile que m\u00eame quelqu\u2019un avec des comp\u00e9tences limit\u00e9es peut le faire.<\/p>\n\n\n\n<p><strong>5. Assurez-vous que votre entreprise \u00e0 domicile ne d\u00e9range pas la tranquillit\u00e9 de votre m\u00e9nage. <\/strong>Si elle commence \u00e0 \u00eatre un probl\u00e8me pour votre famille, vous devriez alors penser \u00e0 un autre type d\u2019entreprise.<\/p>\n\n\n\n<p><strong>6. Toutes les entreprises \u00e0 domicile devraient avoir un objectif clair. <\/strong>Cela devrait \u00eatre une description br\u00e8ve et concise des activit\u00e9s de votre entreprise. Si vous mettez au point une plaquette commerciale, vous aurez une r\u00e9ponse toute pr\u00eate quand quelqu\u2019un vous demandera de d\u00e9crire votre entreprise. Ceci est une excellente fa\u00e7on de parler de votre entreprise d\u2019une mani\u00e8re confiante.<\/p>\n\n\n\n<p><strong>7. Pour les d\u00e9ductions fiscales, vous pouvez parler \u00e0 un comptable afin d\u2019avoir plus de renseignements. <\/strong>Faire cela avant de faire des achats pour votre entreprise vous aidera \u00e0 savoir quelles d\u00e9penses doivent \u00eatre enregistr\u00e9es. Les d\u00e9ductions peuvent vous faire \u00e9conomiser beaucoup d\u2019argent au fil du temps.<\/p>\n\n\n\n<p><strong>8. Votre famille et vos amis ont besoin de savoir qu\u2019ils ne devraient pas vous d\u00e9ranger lorsque vous essayez de travailler. <\/strong>Il est particuli\u00e8rement important que vous informiez vos amis qui vous appellent ou qui vous rendent visite fr\u00e9quemment au sujet de votre nouvel horaire de travail. Vous pouvez leur demander de vous attendre dans une autre pi\u00e8ce, leur proposer une lecture ou de regarder la t\u00e9l\u00e9vision en attendant que vous preniez votre pause.<\/p>\n\n\n\n<p>G\u00e9rer une entreprise \u00e0 domicile n\u2019est pas hors de votre port\u00e9e si vous pouvez \u00e9tablir un plan vous y coller. Il est tr\u00e8s agr\u00e9able de pouvoir d\u00e9finir vos propres heures et \u00eatre votre propre patron. Gardez alors tout cela \u00e0 l\u2019esprit pour une entreprise \u00e0 domicile prosp\u00e8re.<\/p>\n","protected":false},"excerpt":{"rendered":"<p>Poss\u00e9der une entreprise \u00e0 domicile a de nombreux avantages&nbsp;: \u00eatre son propre patron, avoir des heures flexibles&#8230; Et vous aurez \u00e9galement la possibilit\u00e9 d\u2019ex\u00e9cuter une entreprise dans laquelle vous croyez vraiment. Lisez cet article pour obtenir des conseils sur la&#8230; <a href=\"https:\/\/creervotrebusiness.com\/index.php\/lentreprise-a-domicile-peut-etre-une-option-viable\/\" class=\"readmore\">Read more<span class=\"screen-reader-text\">L\u2019entreprise \u00e0 domicile peut \u00eatre une option viable<\/span><span class=\"fa fa-angle-double-right\" aria-hidden=\"true\"><\/span><\/a><\/p>\n","protected":false},"author":1,"featured_media":0,"parent":0,"menu_order":0,"comment_status":"closed","ping_status":"closed","template":"","meta":{"om_disable_all_campaigns":false,"_monsterinsights_skip_tracking":false,"_monsterinsights_sitenote_active":false,"_monsterinsights_sitenote_note":"","_monsterinsights_sitenote_category":0,"footnotes":""},"class_list":["post-469","page","type-page","status-publish","hentry"],"_links":{"self":[{"href":"https:\/\/creervotrebusiness.com\/index.php\/wp-json\/wp\/v2\/pages\/469","targetHints":{"allow":["GET"]}}],"collection":[{"href":"https:\/\/creervotrebusiness.com\/index.php\/wp-json\/wp\/v2\/pages"}],"about":[{"href":"https:\/\/creervotrebusiness.com\/index.php\/wp-json\/wp\/v2\/types\/page"}],"author":[{"embeddable":true,"href":"https:\/\/creervotrebusiness.com\/index.php\/wp-json\/wp\/v2\/users\/1"}],"replies":[{"embeddable":true,"href":"https:\/\/creervotrebusiness.com\/index.php\/wp-json\/wp\/v2\/comments?post=469"}],"version-history":[{"count":1,"href":"https:\/\/creervotrebusiness.com\/index.php\/wp-json\/wp\/v2\/pages\/469\/revisions"}],"predecessor-version":[{"id":470,"href":"https:\/\/creervotrebusiness.com\/index.php\/wp-json\/wp\/v2\/pages\/469\/revisions\/470"}],"wp:attachment":[{"href":"https:\/\/creervotrebusiness.com\/index.php\/wp-json\/wp\/v2\/media?parent=469"}],"curies":[{"name":"wp","href":"https:\/\/api.w.org\/{rel}","templated":true}]}}