{"id":463,"date":"2023-02-22T18:16:39","date_gmt":"2023-02-22T18:16:39","guid":{"rendered":"https:\/\/creervotrebusiness.com\/?page_id=463"},"modified":"2023-02-22T18:16:39","modified_gmt":"2023-02-22T18:16:39","slug":"essayez-ces-idees-pour-developper-votre-entreprise-a-domicile","status":"publish","type":"page","link":"https:\/\/creervotrebusiness.com\/index.php\/essayez-ces-idees-pour-developper-votre-entreprise-a-domicile\/","title":{"rendered":"Essayez ces id\u00e9es pour d\u00e9velopper votre entreprise \u00e0 domicile."},"content":{"rendered":"\n<p><\/p>\n\n\n\n<p>Il y a beaucoup d\u2019avantages \u00e0 avoir votre propre entreprise \u00e0 domicile. Vous serez libre de choisir vos heures de travail et vous n\u2019aurez plus \u00e0 r\u00e9pondre \u00e0 un patron. Vous pouvez aussi travailler dans le cr\u00e9neau qui vous passionne. Consultez cet article pour obtenir quelques conseils sur la fa\u00e7on dont vous pouvez g\u00e9rer une entreprise \u00e0 domicile avec succ\u00e8s.<\/p>\n\n\n\n<p><strong>1. Si votre entreprise \u00e0 domicile exige que vous conduisiez pendant les heures de travail, assurez-vous que le kilom\u00e9trage est enregistr\u00e9 et vos re\u00e7us d\u2019essence collect\u00e9s. <\/strong>Ceux-ci sont consid\u00e9r\u00e9s comme des frais de voyage et vous pouvez les d\u00e9duire lorsque vous mettez au point votre d\u00e9claration de revenus. Cependant, vous devez prouver que cette conduite a bien \u00e9t\u00e9 essentielle pour le bon fonctionnement de votre entreprise.<\/p>\n\n\n\n<p><strong>2. Il est essentiel d\u2019avoir un espace de bureau pour travailler lors de l\u2019ex\u00e9cution d\u2019une entreprise \u00e0 domicile. <\/strong>Vous n\u2019\u00eates pas oblig\u00e9 d\u2019avoir un bureau gigantesque, mais il doit vous procurer calme et confort. Am\u00e9nager une chambre qui vous inspire la productivit\u00e9 et vous fait sentir confortable et calme. Utilisez l\u2019espace que vous avez pour votre bureau le plus efficacement possible.<\/p>\n\n\n\n<p><strong>3. Avant de vendre votre produit, faites des recherches pour voir les niveaux de prix actuels sur le march\u00e9. <\/strong>Soyez au courant des tarifications de vos concurrents, et pr\u00e9parez-vous \u00e0 proposer le v\u00f4tre \u00e0 un prix inf\u00e9rieur. Ne parlez pas mal de vos concurrents, assurez-vous simplement d\u2019avoir bon image&nbsp;!<\/p>\n\n\n\n<p><strong>4. Utilisez un nom pour votre entreprise qui soit repr\u00e9sentatif. <\/strong>M\u00eame si vous n\u2019avez pas pr\u00e9vu un site d\u2019entreprise pour le moment, acheter le nom de domaine. Vous pouvez facilement trouver un nom de domaine pour moins de <strong>10&nbsp;euros par an, mais assurez-vous de l\u2019acheter avant que quelqu\u2019un d\u2019autre ne le r\u00e9serve. Vous pouvez poster un site temporaire avec une seule page jusqu\u2019\u00e0 ce que vous d\u00e9cidiez si vous voulez d\u2019un site web complet ou non.<\/strong><\/p>\n\n\n\n<p><strong>5. Les listes de diffusion seront tr\u00e8s b\u00e9n\u00e9fiques votre entreprise \u00e0 domicile. <\/strong>Assurez-vous toutefois de ne pas spammer vos clients. Avec une newsletter, vous pouvez par exemple annoncer les promos ou les ventes. Ils vous permettent \u00e9galement d\u2019envoyer des informations, telles que les communiqu\u00e9s de presse ou les t\u00e9moignages, ou m\u00eame des coupons. Ins\u00e9rez une zone formulaire sur votre site qui rendra l\u2019inscription \u00e0 la newsletter facile.<\/p>\n\n\n\n<p><strong>6. Des fonds d\u2019urgence sont n\u00e9cessaires pour votre entreprise dans le cas o\u00f9 il y a des d\u00e9penses impr\u00e9vues. <\/strong>Vous devez \u00eatre pr\u00eat pour tous les sc\u00e9narios catastrophes possibles. N\u2019utilisez l\u2019argent de ce fonds que si vous \u00eates vraiment oblig\u00e9, et pensez \u00e0 le vite le r\u00e9approvisionner.<\/p>\n\n\n\n<p><strong>7. Vous devez avoir la pleine maitrise de votre autopromotion pour faire fonctionner votre entreprise \u00e0 domicile. <\/strong>Poss\u00e9der une entreprise \u00e0 domicile signifie que vous devrez en parler \u00e0 un grand nombre de personnes. Vous devez \u00eatre s\u00fbr de pouvoir convaincre vos clients ou vos prospects de la qualit\u00e9 de vos produits ou services. L\u2019Autopromotion est quelque chose qui peut vraiment faire la diff\u00e9rence entre une entreprise en \u00e9chec et une entreprise prosp\u00e8re.<\/p>\n\n\n\n<p>G\u00e9rer une entreprise \u00e0 domicile n\u2019est pas difficile si l\u2019on cr\u00e9e un plan et que l\u2019on s\u2019y tient. En outre, \u00eatre son propre boss peut \u00eatre tr\u00e8s enrichissant. Gardez \u00e0 l\u2019esprit ces conseils lancez votre propre entreprise&nbsp;!<\/p>\n","protected":false},"excerpt":{"rendered":"<p>Il y a beaucoup d\u2019avantages \u00e0 avoir votre propre entreprise \u00e0 domicile. Vous serez libre de choisir vos heures de travail et vous n\u2019aurez plus \u00e0 r\u00e9pondre \u00e0 un patron. Vous pouvez aussi travailler dans le cr\u00e9neau qui vous passionne&#8230;. <a href=\"https:\/\/creervotrebusiness.com\/index.php\/essayez-ces-idees-pour-developper-votre-entreprise-a-domicile\/\" class=\"readmore\">Read more<span class=\"screen-reader-text\">Essayez ces id\u00e9es pour d\u00e9velopper votre entreprise \u00e0 domicile.<\/span><span class=\"fa fa-angle-double-right\" aria-hidden=\"true\"><\/span><\/a><\/p>\n","protected":false},"author":1,"featured_media":0,"parent":0,"menu_order":0,"comment_status":"closed","ping_status":"closed","template":"","meta":{"om_disable_all_campaigns":false,"_monsterinsights_skip_tracking":false,"_monsterinsights_sitenote_active":false,"_monsterinsights_sitenote_note":"","_monsterinsights_sitenote_category":0,"footnotes":""},"class_list":["post-463","page","type-page","status-publish","hentry"],"_links":{"self":[{"href":"https:\/\/creervotrebusiness.com\/index.php\/wp-json\/wp\/v2\/pages\/463","targetHints":{"allow":["GET"]}}],"collection":[{"href":"https:\/\/creervotrebusiness.com\/index.php\/wp-json\/wp\/v2\/pages"}],"about":[{"href":"https:\/\/creervotrebusiness.com\/index.php\/wp-json\/wp\/v2\/types\/page"}],"author":[{"embeddable":true,"href":"https:\/\/creervotrebusiness.com\/index.php\/wp-json\/wp\/v2\/users\/1"}],"replies":[{"embeddable":true,"href":"https:\/\/creervotrebusiness.com\/index.php\/wp-json\/wp\/v2\/comments?post=463"}],"version-history":[{"count":1,"href":"https:\/\/creervotrebusiness.com\/index.php\/wp-json\/wp\/v2\/pages\/463\/revisions"}],"predecessor-version":[{"id":464,"href":"https:\/\/creervotrebusiness.com\/index.php\/wp-json\/wp\/v2\/pages\/463\/revisions\/464"}],"wp:attachment":[{"href":"https:\/\/creervotrebusiness.com\/index.php\/wp-json\/wp\/v2\/media?parent=463"}],"curies":[{"name":"wp","href":"https:\/\/api.w.org\/{rel}","templated":true}]}}