{"id":459,"date":"2023-02-22T18:14:40","date_gmt":"2023-02-22T18:14:40","guid":{"rendered":"https:\/\/creervotrebusiness.com\/?page_id=459"},"modified":"2023-02-22T18:14:40","modified_gmt":"2023-02-22T18:14:40","slug":"des-conseils-en-entreprise-a-domicile-qui-ont-fait-leurs-preuves","status":"publish","type":"page","link":"https:\/\/creervotrebusiness.com\/index.php\/des-conseils-en-entreprise-a-domicile-qui-ont-fait-leurs-preuves\/","title":{"rendered":"Des conseils en entreprise \u00e0 domicile qui ont fait leurs preuves."},"content":{"rendered":"\n<p><\/p>\n\n\n\n<p>Poss\u00e9der une entreprise \u00e0 domicile est quelque chose d\u2019attrayant, mais il est en m\u00eame temps tr\u00e8s intimidant quand on sait ce que cela implique comme effort. Par o\u00f9 devriez-vous commencer&nbsp;? Comment la faire fonctionner concr\u00e8tement&nbsp;? Il peut \u00eatre difficile en raison des nombreuses questions qui se posent. Cet article a \u00e9t\u00e9 \u00e9crit juste pour des gens comme vous, il fournit des directives claires sur la fa\u00e7on de r\u00e9ussir son entreprise \u00e0 domicile.<\/p>\n\n\n\n<p><strong>1. Rappelez-vous que vous pouvez d\u00e9duire les frais engag\u00e9s pour divertir les clients, y compris des choses comme les d\u00eeners au cours des r\u00e9unions d\u2019affaires. <\/strong>Ces types de r\u00e9unions, vous pouvez les enregistrer en tant que d\u00e9penses d\u2019entreprise. Cependant, vous devez \u00eatre compl\u00e8tement s\u00fbr que les d\u00e9penses que vous comptabilisez ont \u00e9t\u00e9 engag\u00e9es uniquement pour des clients r\u00e9els ou potentiels.<\/p>\n\n\n\n<p><strong>2. Les couts des trajets professionnels effectu\u00e9s peuvent \u00eatre d\u00e9duits des imp\u00f4ts \u00e0 condition qu\u2019ils soient utiles d\u2019une mani\u00e8re ou d\u2019une autre \u00e0 l\u2019entreprise. <\/strong>Les frais de d\u00e9placement peuvent vraiment s\u2019accumuler au fil du temps, donc ne n\u00e9gligez rien&nbsp;! Vous devrez \u00eatre en mesure de prouver qu\u2019ils ont \u00e9t\u00e9 n\u00e9cessaires pour le bon fonctionnement de l\u2019entreprise.<\/p>\n\n\n\n<p><strong>3. Choisissez un nom d\u2019entreprise qui refl\u00e8te une signification personnelle. <\/strong>Acheter un nom de domaine pour votre entreprise, m\u00eame si vous n\u2019avez pas encore pr\u00e9vu de site web. Achetez-le maintenant avant que quelqu\u2019un d\u2019autre ne le r\u00e9serve. Si vous ne n\u2019avez pas encore pris la d\u00e9cision du site web, il suffit de mettre en place un site \u00ab&nbsp;one page&nbsp;\u00bb temporairement, o\u00f9 l\u2019on pourra avoir acc\u00e8s \u00e0 vos coordonn\u00e9es et \u00e0 votre nom, le temps de vous d\u00e9cider.<\/p>\n\n\n\n<p><strong>4. Les forums en ligne d\u00e9di\u00e9s aux propri\u00e9taires d\u2019entreprises \u00e0 domicile peuvent \u00eatre une grande source d\u2019encouragement et de conseils. <\/strong>Il existe de nombreux sites qui offrent un soutien et des id\u00e9es pour aider les entreprises \u00e0 domicile dans leur qu\u00eate de succ\u00e8s. Vous trouverez beaucoup d\u2019oreilles attentives dans ces forums, et ils seront certainement heureux de vous partager leurs exp\u00e9riences pour vous aider avec toutes vos questions.<\/p>\n\n\n\n<p><strong>5. Assurez-vous de calculer le montant de ressources financi\u00e8res dont vous avez besoin pour d\u00e9marrer votre entreprise \u00e0 domicile. <\/strong>Bien que la cr\u00e9ation d\u2019une entreprise \u00e0 domicile peut co\u00fbter moins qu\u2019une entreprise traditionnelle, il y a toujours des d\u00e9penses \u00e0 engager. D\u00e9terminer vos d\u00e9penses \u00e0 l\u2019avance vous aidera \u00e0 garder votre entreprise fonctionnelle m\u00eame dans le noir.<\/p>\n\n\n\n<p><strong>6. Vous devez \u00eatre en mesure de bien vous vendre si vous voulez que votre entreprise prosp\u00e8re. <\/strong>Vous allez avoir besoin de chanter les louanges de votre commerce, et ce \u00e0 tout moment. Vous devez apprendre \u00e0 montrer \u00e0 vos clients pourquoi l\u2019entreprise que vous ex\u00e9cutez et les produits et services que vous vendez sont les meilleures. Une bonne autopromotion est ce qu\u2019il fera la diff\u00e9rence avec vos concurrents.<\/p>\n\n\n\n<p><strong>7. l\u2019optimisation des moteurs de recherche est vitale pour am\u00e9liorer la visibilit\u00e9 de votre entreprise \u00e0 domicile sur le web. <\/strong>Commun\u00e9ment appel\u00e9e SEO, elle vous aide \u00e0 augmenter votre notori\u00e9t\u00e9 sur Internet. Cela peut stimuler les ventes de mani\u00e8re exponentielle pour les entreprises \u00e0 domicile. Regardez dans les guides pour optimiser votre propre site web, ou embauchez un professionnel pour le faire pour vous.<\/p>\n\n\n\n<p><strong>8. Ouvrez une ligne t\u00e9l\u00e9phonique sp\u00e9cialement pour votre entreprise. <\/strong>Vous pourrez ainsi d\u00e9duire les frais qu\u2019engendre cette ligne au moment des imp\u00f4ts. Si vous n\u2019\u00eates pas int\u00e9ress\u00e9 par l\u2019acquisition d\u2019une nouvelle ligne t\u00e9l\u00e9phonique, alors assurez-vous d\u2019enregistrer les appels qui sont pour votre entreprise pour pouvoir ensuite les mentionner sur votre d\u00e9claration de revenus.<\/p>\n\n\n\n<p>Comme il a \u00e9t\u00e9 mentionn\u00e9 plus haut dans cet article, une entreprise \u00e0 domicile peut \u00eatre \u00e0 la fois aguichante et intimidante. Nous esp\u00e9rons que vous avez glan\u00e9 quelques bonnes informations et quelques bons des conseils de cet article. Mettez ces conseils en action, et attendez que les choses commencent \u00e0 se mettre en marche pour votre entreprise \u00e0 domicile.<\/p>\n","protected":false},"excerpt":{"rendered":"<p>Poss\u00e9der une entreprise \u00e0 domicile est quelque chose d\u2019attrayant, mais il est en m\u00eame temps tr\u00e8s intimidant quand on sait ce que cela implique comme effort. Par o\u00f9 devriez-vous commencer&nbsp;? Comment la faire fonctionner concr\u00e8tement&nbsp;? Il peut \u00eatre difficile en&#8230; <a href=\"https:\/\/creervotrebusiness.com\/index.php\/des-conseils-en-entreprise-a-domicile-qui-ont-fait-leurs-preuves\/\" class=\"readmore\">Read more<span class=\"screen-reader-text\">Des conseils en entreprise \u00e0 domicile qui ont fait leurs preuves.<\/span><span class=\"fa fa-angle-double-right\" aria-hidden=\"true\"><\/span><\/a><\/p>\n","protected":false},"author":1,"featured_media":0,"parent":0,"menu_order":0,"comment_status":"closed","ping_status":"closed","template":"","meta":{"om_disable_all_campaigns":false,"_monsterinsights_skip_tracking":false,"_monsterinsights_sitenote_active":false,"_monsterinsights_sitenote_note":"","_monsterinsights_sitenote_category":0,"footnotes":""},"class_list":["post-459","page","type-page","status-publish","hentry"],"_links":{"self":[{"href":"https:\/\/creervotrebusiness.com\/index.php\/wp-json\/wp\/v2\/pages\/459","targetHints":{"allow":["GET"]}}],"collection":[{"href":"https:\/\/creervotrebusiness.com\/index.php\/wp-json\/wp\/v2\/pages"}],"about":[{"href":"https:\/\/creervotrebusiness.com\/index.php\/wp-json\/wp\/v2\/types\/page"}],"author":[{"embeddable":true,"href":"https:\/\/creervotrebusiness.com\/index.php\/wp-json\/wp\/v2\/users\/1"}],"replies":[{"embeddable":true,"href":"https:\/\/creervotrebusiness.com\/index.php\/wp-json\/wp\/v2\/comments?post=459"}],"version-history":[{"count":1,"href":"https:\/\/creervotrebusiness.com\/index.php\/wp-json\/wp\/v2\/pages\/459\/revisions"}],"predecessor-version":[{"id":460,"href":"https:\/\/creervotrebusiness.com\/index.php\/wp-json\/wp\/v2\/pages\/459\/revisions\/460"}],"wp:attachment":[{"href":"https:\/\/creervotrebusiness.com\/index.php\/wp-json\/wp\/v2\/media?parent=459"}],"curies":[{"name":"wp","href":"https:\/\/api.w.org\/{rel}","templated":true}]}}