{"id":457,"date":"2023-02-22T18:13:56","date_gmt":"2023-02-22T18:13:56","guid":{"rendered":"https:\/\/creervotrebusiness.com\/?page_id=457"},"modified":"2023-02-22T18:13:56","modified_gmt":"2023-02-22T18:13:56","slug":"de-simples-lignes-directrices-pour-maximiser-les-revenus-de-votre-entreprise-a-domicile","status":"publish","type":"page","link":"https:\/\/creervotrebusiness.com\/index.php\/de-simples-lignes-directrices-pour-maximiser-les-revenus-de-votre-entreprise-a-domicile\/","title":{"rendered":"De simples lignes directrices pour maximiser les revenus de votre entreprise \u00e0 domicile."},"content":{"rendered":"\n<p><\/p>\n\n\n\n<p>La lecture de cet article vous aidera \u00e0 constater que le d\u00e9marrage d&rsquo;une entreprise \u00e0 domicile n&rsquo;est pas trop difficile \u00e0 faire. Documentez-vous sur les diff\u00e9rentes occasions d&rsquo;affaires pour votre entreprise \u00e0 domicile pour vous aider \u00e0 d\u00e9cider si vous voulez consacrer un peu de travail dur pour \u00e9tablir une entreprise \u00e0 domicile ou non. Tout ce dont vous avez besoin est un peu de connaissances pour d\u00e9marrer votre propre entreprise. Les connaissances prodigu\u00e9es dans ce post peuvent vous aider \u00e0 d\u00e9marrer.<\/p>\n\n\n\n<p><strong>1. Faites-en une priorit\u00e9 dans votre entreprise \u00e0 domicile de garder vos clients actuels heureux et de r\u00e9pondre \u00e0 leurs besoins. <\/strong>Il est plus facile de g\u00e9n\u00e9rer des revenus gr\u00e2ce aux clients actuels que d&rsquo;en attirer de nouveaux. Gardez \u00e0 l&rsquo;esprit qu&rsquo;un client satisfait reviendra encore et encore.<\/p>\n\n\n\n<p><strong>2. Si vous voulez vendre quelque chose, mais que vous n&rsquo;\u00eates s\u00fbr de quoi il pourrait s&rsquo;agir, optez pour quelque chose qui vous est familier. <\/strong>Trouver un besoin sp\u00e9cifique qui n&rsquo;a pas encore \u00e9t\u00e9 satisfait est la cl\u00e9 d&rsquo;une entreprise prosp\u00e8re. Si elle am\u00e9liore votre mode de vie, il est tr\u00e8s probable que d&rsquo;autres peuvent en b\u00e9n\u00e9ficier aussi.<\/p>\n\n\n\n<p><strong>3. Assurez-vous de garder votre site \u00e0 jour sur les produits qui sont disponibles et qui, dans le cas \u00e9ch\u00e9ant, sont en rupture de stock. <\/strong>Les clients respecteront votre honn\u00eatet\u00e9, et seront plus enclins \u00e0 faire des affaires avec vous \u00e0 l&rsquo;avenir. Si un \u00e9l\u00e9ment ne va pas \u00eatre en stock pendant des semaines ou des mois, \u00e9noncez-le clairement sur votre page de produit, et donnez \u00e0 vos clients la possibilit\u00e9 d&rsquo;acheter un article de remplacement qui est semblable dans la qualit\u00e9 et dans le prix.<\/p>\n\n\n\n<p><strong>4. Lorsque vous travaillez \u00e0 la maison, vous aurez besoin d&rsquo;un bureau. <\/strong>Il n&rsquo;a pas \u00e0 \u00eatre gigantesque ce bureau, mais il doit vous offrir le confort dont vous avez besoin pour travailler. Un bureau doit \u00eatre \u00e0 la fois calme, organis\u00e9 et inspirant. La taille n&rsquo;a pas d&rsquo;importance tant que vous restez productif.<\/p>\n\n\n\n<p><strong>5. Utilisez les possibilit\u00e9s d&rsquo;affiliation pour commercialiser les produits que vous avez. <\/strong>Le marketing d&rsquo;affiliation est mutuellement b\u00e9n\u00e9fique pour les deux entreprises. Vous pouvez \u00e9galement adh\u00e9rer \u00e0 un programme d&rsquo;affiliation qui marche d\u00e9j\u00e0. Cela peut augmenter votre chiffre d&rsquo;affaires par dix !<\/p>\n\n\n\n<p><strong>6. Ne n\u00e9gligez pas la s\u00e9curit\u00e9 au travail juste parce que vous travaillez \u00e0 la maison. <\/strong>Les d\u00e9tecteurs de fum\u00e9e et les extincteurs sont un must. Vous pouvez \u00e9conomiser beaucoup d&rsquo;argent sur l&rsquo;assurance en ayant une bonne configuration de la s\u00e9curit\u00e9 incendie. En outre, vous devez avoir votre ordinateur mis en place dans une position confortable si vous l&rsquo;utilisez souvent. Avoir un espace de travail qui est ergonomique vous aidera \u00e0 \u00e9viter d&rsquo;\u00e9ventuels accidents dus \u00e0 un stress r\u00e9p\u00e9titif.<\/p>\n\n\n\n<p><strong>7. Aucune entreprise \u00e0 domicile ne devrait op\u00e9rer sans un site Web pour la vente de ses produits. <\/strong>Le site va \u00e9largir votre march\u00e9 et augmenter vos ventes potentielles. Passez par un service professionnel pour configurer votre site Web.<\/p>\n\n\n\n<p><strong>8. Assurez-vous que votre site Web soit facilement m\u00e9morisable et accrocheur. <\/strong>Si vous choisissez un nom de domaine difficile \u00e0 retenir pour les gens, ils seront moins susceptibles de revisiter votre site. Un nom court et accrocheur fera l&rsquo;affaire.<\/p>\n\n\n\n<p>Comme mentionn\u00e9, il n&rsquo;est pas difficile de d\u00e9marrer une entreprise \u00e0 domicile. M\u00eame s&rsquo;il y a beaucoup de travail, cela reste parfaitement r\u00e9alisable. Les informations pertinentes et correctes, comme celles pr\u00e9sent\u00e9es ici, vous aideront \u00e0 vous placer sur le chemin de la r\u00e9ussite.<\/p>\n","protected":false},"excerpt":{"rendered":"<p>La lecture de cet article vous aidera \u00e0 constater que le d\u00e9marrage d&rsquo;une entreprise \u00e0 domicile n&rsquo;est pas trop difficile \u00e0 faire. Documentez-vous sur les diff\u00e9rentes occasions d&rsquo;affaires pour votre entreprise \u00e0 domicile pour vous aider \u00e0 d\u00e9cider si vous&#8230; <a href=\"https:\/\/creervotrebusiness.com\/index.php\/de-simples-lignes-directrices-pour-maximiser-les-revenus-de-votre-entreprise-a-domicile\/\" class=\"readmore\">Read more<span class=\"screen-reader-text\">De simples lignes directrices pour maximiser les revenus de votre entreprise \u00e0 domicile.<\/span><span class=\"fa fa-angle-double-right\" aria-hidden=\"true\"><\/span><\/a><\/p>\n","protected":false},"author":1,"featured_media":0,"parent":0,"menu_order":0,"comment_status":"closed","ping_status":"closed","template":"","meta":{"om_disable_all_campaigns":false,"_monsterinsights_skip_tracking":false,"_monsterinsights_sitenote_active":false,"_monsterinsights_sitenote_note":"","_monsterinsights_sitenote_category":0,"footnotes":""},"class_list":["post-457","page","type-page","status-publish","hentry"],"_links":{"self":[{"href":"https:\/\/creervotrebusiness.com\/index.php\/wp-json\/wp\/v2\/pages\/457","targetHints":{"allow":["GET"]}}],"collection":[{"href":"https:\/\/creervotrebusiness.com\/index.php\/wp-json\/wp\/v2\/pages"}],"about":[{"href":"https:\/\/creervotrebusiness.com\/index.php\/wp-json\/wp\/v2\/types\/page"}],"author":[{"embeddable":true,"href":"https:\/\/creervotrebusiness.com\/index.php\/wp-json\/wp\/v2\/users\/1"}],"replies":[{"embeddable":true,"href":"https:\/\/creervotrebusiness.com\/index.php\/wp-json\/wp\/v2\/comments?post=457"}],"version-history":[{"count":1,"href":"https:\/\/creervotrebusiness.com\/index.php\/wp-json\/wp\/v2\/pages\/457\/revisions"}],"predecessor-version":[{"id":458,"href":"https:\/\/creervotrebusiness.com\/index.php\/wp-json\/wp\/v2\/pages\/457\/revisions\/458"}],"wp:attachment":[{"href":"https:\/\/creervotrebusiness.com\/index.php\/wp-json\/wp\/v2\/media?parent=457"}],"curies":[{"name":"wp","href":"https:\/\/api.w.org\/{rel}","templated":true}]}}