{"id":453,"date":"2023-02-22T18:09:54","date_gmt":"2023-02-22T18:09:54","guid":{"rendered":"https:\/\/creervotrebusiness.com\/?page_id=453"},"modified":"2023-02-22T18:09:54","modified_gmt":"2023-02-22T18:09:54","slug":"comment-maximiser-les-profits-et-minimiser-le-stress","status":"publish","type":"page","link":"https:\/\/creervotrebusiness.com\/index.php\/comment-maximiser-les-profits-et-minimiser-le-stress\/","title":{"rendered":"Comment maximiser les profits et minimiser le stress."},"content":{"rendered":"\n<p><\/p>\n\n\n\n<p>La plupart des gens ont d\u00e9j\u00e0, au moins une fois dans leur vie, pens\u00e9 \u00e0 \u00eatre leur propre patron et de pouvoir g\u00e9rer leur propre entreprise. Qu\u2019en est-il de vous, voulez-vous \u00eatre votre propre patron&nbsp;? C\u2019est formidable de pouvoir \u00e9tablir son propre planning de travail et d\u2019\u00eatre celui qui prend les d\u00e9cisions. Les conseils suivants vous aideront \u00e0 d\u00e9marrer votre propre entreprise \u00e0 domicile.<\/p>\n\n\n\n<p><strong>1. Vous devez mettre en place un plan de secours au cas o\u00f9 les choses venaient \u00e0 mal tourner avec votre entreprise \u00e0 domicile. <\/strong>Ayez un plan b pour le cas o\u00f9 votre site Web connait un \u00e9chec, pour quand vous ne recevez pas les fournitures ou l\u2019\u00e9quipement n\u00e9cessaire que vous avez command\u00e9 et pour tout autre cas auquel vous pouvez penser. La planification de ces \u00e9v\u00e9nements veillera \u00e0 ce que vos besoins puissent toujours \u00eatre satisfaits.<\/p>\n\n\n\n<p><strong>2. Vous devez diminuer les interruptions de la famille pendant que vous travaillez \u00e0 la maison. <\/strong>Une fa\u00e7on de rem\u00e9dier \u00e0 cela est de planifier des heures de travail fixes et de vous assurer que votre famille et vos amis sachent exactement quand celles-ci sont en vigueur. Faites-leur savoir que vous avez besoin de calme afin de terminer \u00e0 temps. En outre, il est important que vous ayez une supervision ad\u00e9quate pour vos enfants et que vous soyez l\u00e0 en cas d\u2019urgence.<\/p>\n\n\n\n<p><strong>3. G\u00e9rer une entreprise \u00e0 domicile n\u00e9cessite un bureau \u00e0 domicile. <\/strong>Vous n\u2019avez pas besoin de beaucoup d\u2019espace, mais faites de votre mieux pour cr\u00e9er un bureau d\u2019accueil. Votre bureau devrait fournir une atmosph\u00e8re tranquille o\u00f9 vous pouvez \u00eatre inspir\u00e9, productif et efficace. La taille est la derni\u00e8re chose dont vous devriez vous inqui\u00e9ter.<\/p>\n\n\n\n<p><strong>4. Assurez-vous de motiver suffisamment vos clients pour qu\u2019ils veuillent bien parler de votre entreprise \u00e0 domicile aux autres. <\/strong>Le bouche-\u00e0-oreille est vraiment un instrument puissant, car un avis de confiance vaut toujours mieux qu\u2019un pauvre d\u00e9pliant. Les r\u00e9compenses ont tendance \u00e0 augmenter la fid\u00e9lit\u00e9 des clients de l\u2019entreprise.<\/p>\n\n\n\n<p><strong>5. Cherchez la force du nombre en vous joignant aux forums en ligne qui h\u00e9bergent un grand nombre de propri\u00e9taires d\u2019entreprises \u00e0 domicile comme vous. <\/strong>Il y a des tonnes de sites Web o\u00f9 les propri\u00e9taires d\u2019entreprises \u00e0 domicile se r\u00e9unissent pour offrir des conseils avis\u00e9s pour les personnes dans la m\u00eame situation que vous. Vous trouverez d\u2019autres personnes qui ont v\u00e9cu des exp\u00e9riences comparables aux v\u00f4tres et qui se feront un plaisir de partager des id\u00e9es qui ont march\u00e9 pour elles, de cette fa\u00e7on vous n\u2019aurez pas \u00e0 r\u00e9inventer la roue.<\/p>\n\n\n\n<p><strong>6. L\u2019une des choses les plus importantes \u00e0 retenir autant que propri\u00e9taire d\u2019une entreprise \u00e0 domicile est que les d\u00e9ductions fiscales sont vos alli\u00e9es. <\/strong>R\u00e9clamer vos d\u00e9ductions sert non seulement \u00e0 r\u00e9duire la somme de vos imp\u00f4ts, mais peut aussi baisser le taux que vous payez.<\/p>\n\n\n\n<p><strong>7. Maitrisez vos prix. <\/strong>Si vous choisissez de fabriquer vous m\u00eame vos produits, assurez-vous de savoir combien cela vous coutera-t-il. Le prix de vente standard suit une formule simple&nbsp;: les co\u00fbts associ\u00e9s \u00e0 la production de votre marchandise multipli\u00e9s par deux. Cela \u00e9quivaut \u00e0 ce que vous allez faire payer vos clients pour le prix de gros. Afin de connaitre votre prix de d\u00e9tail, vous devrez tripler le prix de gros.<\/p>\n\n\n\n<p><strong>8. Conservez tous les re\u00e7us de votre entreprise \u00e0 domicile. <\/strong>Lorsque vous poss\u00e9dez une entreprise, tout ce que vous utilisez pour le bon fonctionnement de cette derni\u00e8re, y compris les frais que g\u00e9n\u00e8rent vos v\u00e9hicules de service, est d\u00e9ductible de vos imp\u00f4ts. Sauvegardez donc tous vos re\u00e7us, car beaucoup d\u2019entre eux peuvent \u00eatre utilis\u00e9s pour les d\u00e9ductions. Si vous ne sauvegardez pas vos re\u00e7us, votre charge fiscale va \u00eatre plus grande que ce qu\u2019elle doit \u00eatre normalement.<\/p>\n\n\n\n<p>Peu importe quel type d\u2019entreprise \u00e0 domicile vous construisez, vous pouvez \u00eatre s\u00fbr que vous r\u00e9ussirez si vous \u00eates attentif aux besoins de vos clients. Le succ\u00e8s de votre entreprise repose enti\u00e8rement sur vos \u00e9paules. Continuez alors \u00e0 apprendre de nouvelles tactiques qui vous aideront \u00e0 g\u00e9rer votre entreprise et vous serez bient\u00f4t \u00e0 la t\u00eate d\u2019une entreprise prosp\u00e8re.<\/p>\n","protected":false},"excerpt":{"rendered":"<p>La plupart des gens ont d\u00e9j\u00e0, au moins une fois dans leur vie, pens\u00e9 \u00e0 \u00eatre leur propre patron et de pouvoir g\u00e9rer leur propre entreprise. Qu\u2019en est-il de vous, voulez-vous \u00eatre votre propre patron&nbsp;? C\u2019est formidable de pouvoir \u00e9tablir&#8230; <a href=\"https:\/\/creervotrebusiness.com\/index.php\/comment-maximiser-les-profits-et-minimiser-le-stress\/\" class=\"readmore\">Read more<span class=\"screen-reader-text\">Comment maximiser les profits et minimiser le stress.<\/span><span class=\"fa fa-angle-double-right\" aria-hidden=\"true\"><\/span><\/a><\/p>\n","protected":false},"author":1,"featured_media":0,"parent":0,"menu_order":0,"comment_status":"closed","ping_status":"closed","template":"","meta":{"om_disable_all_campaigns":false,"_monsterinsights_skip_tracking":false,"_monsterinsights_sitenote_active":false,"_monsterinsights_sitenote_note":"","_monsterinsights_sitenote_category":0,"footnotes":""},"class_list":["post-453","page","type-page","status-publish","hentry"],"_links":{"self":[{"href":"https:\/\/creervotrebusiness.com\/index.php\/wp-json\/wp\/v2\/pages\/453","targetHints":{"allow":["GET"]}}],"collection":[{"href":"https:\/\/creervotrebusiness.com\/index.php\/wp-json\/wp\/v2\/pages"}],"about":[{"href":"https:\/\/creervotrebusiness.com\/index.php\/wp-json\/wp\/v2\/types\/page"}],"author":[{"embeddable":true,"href":"https:\/\/creervotrebusiness.com\/index.php\/wp-json\/wp\/v2\/users\/1"}],"replies":[{"embeddable":true,"href":"https:\/\/creervotrebusiness.com\/index.php\/wp-json\/wp\/v2\/comments?post=453"}],"version-history":[{"count":1,"href":"https:\/\/creervotrebusiness.com\/index.php\/wp-json\/wp\/v2\/pages\/453\/revisions"}],"predecessor-version":[{"id":454,"href":"https:\/\/creervotrebusiness.com\/index.php\/wp-json\/wp\/v2\/pages\/453\/revisions\/454"}],"wp:attachment":[{"href":"https:\/\/creervotrebusiness.com\/index.php\/wp-json\/wp\/v2\/media?parent=453"}],"curies":[{"name":"wp","href":"https:\/\/api.w.org\/{rel}","templated":true}]}}