{"id":451,"date":"2023-02-22T18:07:52","date_gmt":"2023-02-22T18:07:52","guid":{"rendered":"https:\/\/creervotrebusiness.com\/?page_id=451"},"modified":"2023-02-22T18:07:52","modified_gmt":"2023-02-22T18:07:52","slug":"comment-gerer-une-entreprise-a-domicile-comme-un-expert","status":"publish","type":"page","link":"https:\/\/creervotrebusiness.com\/index.php\/comment-gerer-une-entreprise-a-domicile-comme-un-expert\/","title":{"rendered":"Comment g\u00e9rer une entreprise \u00e0 domicile comme un expert."},"content":{"rendered":"\n<p><\/p>\n\n\n\n<p>Beaucoup de gens r\u00eavent de lancer leur propre entreprise \u00e0 domicile. Si c\u2019est ce que vous voulez faire, vous devez d\u2019abord vous renseigner. Utilisez ce que vous allez apprendre ici pour d\u00e9velopper votre entreprise.<\/p>\n\n\n\n<p><strong>1. Ne mettez pas tous vos \u0153ufs dans le m\u00eame panier, essayez toujours d\u2019avoir une source de revenus secondaire, un plan B qui vous aidera \u00e0 r\u00e9cup\u00e9rer du pire sc\u00e9nario possible, m\u00eame si votre produit se porte bien pour le moment. <\/strong>Vous ne serez pas pris de court si vous vous pr\u00e9parez comme il se doit.<\/p>\n\n\n\n<p><strong>2. Disposer d\u2019un espace de travail confortable avec les fournitures n\u00e9cessaires est la premi\u00e8re \u00e9tape pour le d\u00e9marrage d\u2019une entreprise \u00e0 domicile. <\/strong>Bien que ce soit quelque chose qui peut \u00eatre consid\u00e9r\u00e9 comme trivial, beaucoup de gens ne sont pas efficaces s\u2019ils ne se sentent pas \u00e0 l\u2019aise dans leur bureau.<\/p>\n\n\n\n<p><strong>3. La plaquette commerciale est une br\u00e8ve description de l\u2019entreprise et de ce qu\u2019elle fait. <\/strong>Cette derni\u00e8re fait \u00e9tat des objectifs et des offres d\u2019entreprise. Il est donc essentiel d\u2019en \u00e9tablir une pour la v\u00f4tre et assurez-vous \u00e9galement d\u2019y stipuler ce qui est unique au sujet de votre entreprise et de ses objectifs.<\/p>\n\n\n\n<p><strong>4. Quel est le cr\u00e9neau sur lequel se concentre votre entreprise&nbsp;? <\/strong>Identifiez votre march\u00e9 cible, car il est beaucoup plus facile de vendre vos produits quand vous connaissez votre base de clients. Par ailleurs, essayer de demander \u00e0 votre entourage de recommander vos produits quand elles peuvent le faire. Soyez toujours pr\u00e9sent aux foires commerciales qui prennent place dans votre r\u00e9gion. En assistant au plus grand nombre possible de foires, vous saurez quelles personnes ach\u00e8tent vos produits.<\/p>\n\n\n\n<p><strong>5. \u00c9conomisez un peu d\u2019argent pour les cas d\u2019urgence. <\/strong>Cela vous permettra de prendre en charge les d\u00e9penses impr\u00e9vues et ainsi de garder votre entreprise en bon \u00e9tat de marche. Ne touchez \u00e0 ce fond qu\u2019en cas d\u2019urgence. Si une situation se pose et que vous vous en sortez gr\u00e2ce \u00e0 cet argent, t\u00e2chez de re-remplir le fonds d\u2019urgence aussi rapidement que possible.<\/p>\n\n\n\n<p><strong>6. Un site Web convivial et attrayant qui vend votre produit est une partie essentielle de votre entreprise \u00e0 domicile. <\/strong>Ce dernier peut passer le mot sur votre entreprise \u00e0 une plus grande foule de personnes, et par cons\u00e9quent vous amener de nombreux nouveaux clients. La publication d\u2019un site Web peut \u00eatre rapide et facile, sinon engagez un professionnel pour vous aider.<\/p>\n\n\n\n<p><strong>7. Soyez ferme et d\u00e9termin\u00e9 quand il vient \u00e0 vos clients de vous payer pour votre travail. <\/strong>Bien que cela puisse sembler une bonne id\u00e9e de construire des relations, cela pourrait vous co\u00fbter beaucoup de temps et donc de l\u2019argent. Assurez-vous que chaque facture que vous envoyez sp\u00e9cifie clairement vos conditions de paiement. Vous devez \u00e9galement instaurer des p\u00e9nalit\u00e9s pour les retards de paiement.<\/p>\n\n\n\n<p><strong>8. Le travail \u00e0 domicile peut \u00e9galement brouiller la ligne entre le travail et la maison. <\/strong>La cr\u00e9ation d\u2019un \u00ab&nbsp;espace de travail&nbsp;\u00bb, que vous n\u2019occupez que pour travaillez et rien d\u2019autre, vous aidera \u00e0 rester concentr\u00e9. Veiller \u00e9galement \u00e0 planifier un peu de temps tous les jours pour profiter de votre famille ou pour vous amuser avec les amis.<\/p>\n\n\n\n<p>\u00catre le patron d\u2019une entreprise est un r\u00eave pour beaucoup. Si vous souhaitez l\u2019\u00eatre avec une entreprise \u00e0 domicile, vous devez trouver le bon type de conseils. Cet article vous a donn\u00e9 un avantage sur vos concurrents, afin que vous puissiez atteindre vos objectifs.<\/p>\n","protected":false},"excerpt":{"rendered":"<p>Beaucoup de gens r\u00eavent de lancer leur propre entreprise \u00e0 domicile. Si c\u2019est ce que vous voulez faire, vous devez d\u2019abord vous renseigner. Utilisez ce que vous allez apprendre ici pour d\u00e9velopper votre entreprise. 1. Ne mettez pas tous vos&#8230; <a href=\"https:\/\/creervotrebusiness.com\/index.php\/comment-gerer-une-entreprise-a-domicile-comme-un-expert\/\" class=\"readmore\">Read more<span class=\"screen-reader-text\">Comment g\u00e9rer une entreprise \u00e0 domicile comme un expert.<\/span><span class=\"fa fa-angle-double-right\" aria-hidden=\"true\"><\/span><\/a><\/p>\n","protected":false},"author":1,"featured_media":0,"parent":0,"menu_order":0,"comment_status":"closed","ping_status":"closed","template":"","meta":{"om_disable_all_campaigns":false,"_monsterinsights_skip_tracking":false,"_monsterinsights_sitenote_active":false,"_monsterinsights_sitenote_note":"","_monsterinsights_sitenote_category":0,"footnotes":""},"class_list":["post-451","page","type-page","status-publish","hentry"],"_links":{"self":[{"href":"https:\/\/creervotrebusiness.com\/index.php\/wp-json\/wp\/v2\/pages\/451","targetHints":{"allow":["GET"]}}],"collection":[{"href":"https:\/\/creervotrebusiness.com\/index.php\/wp-json\/wp\/v2\/pages"}],"about":[{"href":"https:\/\/creervotrebusiness.com\/index.php\/wp-json\/wp\/v2\/types\/page"}],"author":[{"embeddable":true,"href":"https:\/\/creervotrebusiness.com\/index.php\/wp-json\/wp\/v2\/users\/1"}],"replies":[{"embeddable":true,"href":"https:\/\/creervotrebusiness.com\/index.php\/wp-json\/wp\/v2\/comments?post=451"}],"version-history":[{"count":1,"href":"https:\/\/creervotrebusiness.com\/index.php\/wp-json\/wp\/v2\/pages\/451\/revisions"}],"predecessor-version":[{"id":452,"href":"https:\/\/creervotrebusiness.com\/index.php\/wp-json\/wp\/v2\/pages\/451\/revisions\/452"}],"wp:attachment":[{"href":"https:\/\/creervotrebusiness.com\/index.php\/wp-json\/wp\/v2\/media?parent=451"}],"curies":[{"name":"wp","href":"https:\/\/api.w.org\/{rel}","templated":true}]}}