{"id":449,"date":"2023-02-22T18:07:11","date_gmt":"2023-02-22T18:07:11","guid":{"rendered":"https:\/\/creervotrebusiness.com\/?page_id=449"},"modified":"2023-02-22T18:07:11","modified_gmt":"2023-02-22T18:07:11","slug":"comment-avoir-une-entreprise-a-domicile-et-faire-de-largent","status":"publish","type":"page","link":"https:\/\/creervotrebusiness.com\/index.php\/comment-avoir-une-entreprise-a-domicile-et-faire-de-largent\/","title":{"rendered":"Comment avoir une entreprise \u00e0 domicile et faire de l\u2019argent."},"content":{"rendered":"\n<p><\/p>\n\n\n\n<p>Une entreprise \u00e0 domicile peut \u00eatre tr\u00e8s rentable, et elle est certainement aussi un excellent moyen d\u2019obtenir un \u00e9quilibre entre travail et vie personnelle. Cependant, vous devez g\u00e9n\u00e9rer des profits, et cela peut \u00eatre difficile. Alors, que devez-vous faire afin de cr\u00e9er une entreprise \u00e0 domicile rentable qui perdure au fil des ann\u00e9es&nbsp;? Cet article fournit justement des informations sur la fa\u00e7on de rendre votre entreprise rentable.<\/p>\n\n\n\n<p><strong>1. Vous devez savoir exactement combien co\u00fbte la r\u00e9alisation de vos produits si vous envisagez de vendre quelque chose que vous avez cr\u00e9\u00e9. <\/strong>Vous pouvez g\u00e9n\u00e9ralement d\u00e9terminer votre prix de gros en multipliant par deux fois le co\u00fbt de revient du produit. Les entreprises qui ach\u00e8tent des produits aupr\u00e8s des grossistes facturent g\u00e9n\u00e9ralement deux fois le montant qu\u2019ils ont d\u00e9pens\u00e9 sur ces biens. Fixer un prix qui couvre \u00e0 la fois vos frais et qui est sensible au march\u00e9.<\/p>\n\n\n\n<p><strong>2. T\u00e2chez de vous habiller correctement si vous voulez r\u00e9ussir. <\/strong>Si vous travaillez \u00e0 la maison, vous pourriez ne pas donner trop d\u2019importance \u00e0 ce que vous portez. Cependant, vous devez vous habiller pour le travail comme vous le feriez pour toute autre entreprise. Cela peut am\u00e9liorer votre concentration et votre productivit\u00e9.<\/p>\n\n\n\n<p><strong>3. Pr\u00e9voyez des pauses p\u00e9riodiques lorsque vous travaillez \u00e0 domicile, mais ne vous laissez pas trop distraire par ce qui se passe dans votre m\u00e9nage. <\/strong>Mais vous devez imp\u00e9rativement garder votre corps et votre esprit frais en prenant des pauses de temps \u00e0 autre pour faire d\u2019autres choses comme de l\u2019exercice, par exemple, ou encore pour faire une courte promenade.<\/p>\n\n\n\n<p><strong>4. Donner des le\u00e7ons \u00e0 d\u2019autres personnes dans votre domaine d\u2019expertise est un excellent moyen de gagner de l\u2019argent \u00e0 partir de votre maison. <\/strong>Ceux qui offrent des le\u00e7ons \u00e0 domicile permettent aux clients la flexibilit\u00e9 qu\u2019une \u00e9cole standard ne peut offrir. Enseigner \u00e0 quelqu\u2019un une comp\u00e9tence, comme jouer d\u2019un instrument, est une grande entreprise \u00e0 domicile.<\/p>\n\n\n\n<p><strong>5. Avez-vous am\u00e9nag\u00e9 un bureau&nbsp;? <\/strong>Vous pouvez utiliser un petit espace si vous le souhaitez. Assurez-vous juste que l\u2019endroit vous sied. Votre bureau devrait ainsi fournir une atmosph\u00e8re tranquille o\u00f9 vous pouvez \u00eatre inspir\u00e9, productif et efficace. La taille n\u2019a pas vraiment d\u2019importance, tant que vous utilisez l\u2019espace intelligemment.<\/p>\n\n\n\n<p><strong>6. Vous trouverez des forums en ligne qui sont d\u00e9di\u00e9s aux gens comme vous, c\u2019est \u00e0 dire aux nouveaux propri\u00e9taires d\u2019entreprise \u00e0 domicile. <\/strong>Vous inscrire sur ces sites vous donnera une occasion pr\u00e9cieuse d\u2019entendre les id\u00e9es d\u2019autres personnes aux prises avec les m\u00eames questions que vous, et vous pourrez aussi y partager vos propres id\u00e9es avec eux. Les gens qui travaillent \u00e0 la maison font g\u00e9n\u00e9ralement face aux m\u00eames probl\u00e8mes et vous pouvez comparer les commentaires et partager vos pr\u00e9occupations.<\/p>\n\n\n\n<p>Si votre objectif est de d\u00e9cider quand et combien vous voulez travailler, alors une entreprise \u00e0 domicile est la meilleure solution pour vous. Faire de l\u2019argent avec son entreprise est primordial si vous voulez r\u00e9ussir dans vos affaires. Cependant, les conseils que vous avez lus ici ont pour objectif de vous faciliter la t\u00e2che. Votre entreprise \u00e0 domicile peut \u00eatre un excellent investissement et un v\u00e9ritable atout.<\/p>\n","protected":false},"excerpt":{"rendered":"<p>Une entreprise \u00e0 domicile peut \u00eatre tr\u00e8s rentable, et elle est certainement aussi un excellent moyen d\u2019obtenir un \u00e9quilibre entre travail et vie personnelle. Cependant, vous devez g\u00e9n\u00e9rer des profits, et cela peut \u00eatre difficile. Alors, que devez-vous faire afin&#8230; <a href=\"https:\/\/creervotrebusiness.com\/index.php\/comment-avoir-une-entreprise-a-domicile-et-faire-de-largent\/\" class=\"readmore\">Read more<span class=\"screen-reader-text\">Comment avoir une entreprise \u00e0 domicile et faire de l\u2019argent.<\/span><span class=\"fa fa-angle-double-right\" aria-hidden=\"true\"><\/span><\/a><\/p>\n","protected":false},"author":1,"featured_media":0,"parent":0,"menu_order":0,"comment_status":"closed","ping_status":"closed","template":"","meta":{"om_disable_all_campaigns":false,"_monsterinsights_skip_tracking":false,"_monsterinsights_sitenote_active":false,"_monsterinsights_sitenote_note":"","_monsterinsights_sitenote_category":0,"footnotes":""},"class_list":["post-449","page","type-page","status-publish","hentry"],"_links":{"self":[{"href":"https:\/\/creervotrebusiness.com\/index.php\/wp-json\/wp\/v2\/pages\/449","targetHints":{"allow":["GET"]}}],"collection":[{"href":"https:\/\/creervotrebusiness.com\/index.php\/wp-json\/wp\/v2\/pages"}],"about":[{"href":"https:\/\/creervotrebusiness.com\/index.php\/wp-json\/wp\/v2\/types\/page"}],"author":[{"embeddable":true,"href":"https:\/\/creervotrebusiness.com\/index.php\/wp-json\/wp\/v2\/users\/1"}],"replies":[{"embeddable":true,"href":"https:\/\/creervotrebusiness.com\/index.php\/wp-json\/wp\/v2\/comments?post=449"}],"version-history":[{"count":1,"href":"https:\/\/creervotrebusiness.com\/index.php\/wp-json\/wp\/v2\/pages\/449\/revisions"}],"predecessor-version":[{"id":450,"href":"https:\/\/creervotrebusiness.com\/index.php\/wp-json\/wp\/v2\/pages\/449\/revisions\/450"}],"wp:attachment":[{"href":"https:\/\/creervotrebusiness.com\/index.php\/wp-json\/wp\/v2\/media?parent=449"}],"curies":[{"name":"wp","href":"https:\/\/api.w.org\/{rel}","templated":true}]}}