{"id":447,"date":"2023-02-22T18:06:27","date_gmt":"2023-02-22T18:06:27","guid":{"rendered":"https:\/\/creervotrebusiness.com\/?page_id=447"},"modified":"2023-02-22T18:06:28","modified_gmt":"2023-02-22T18:06:28","slug":"besoin-daide-pour-demarrer-votre-entreprise-a-domicile-suivez-ces-conseils","status":"publish","type":"page","link":"https:\/\/creervotrebusiness.com\/index.php\/besoin-daide-pour-demarrer-votre-entreprise-a-domicile-suivez-ces-conseils\/","title":{"rendered":"Besoin d\u2019aide pour d\u00e9marrer votre entreprise \u00e0 domicile\u00a0? Suivez ces conseils."},"content":{"rendered":"\n<p><\/p>\n\n\n\n<p>Beaucoup de gens r\u00eavent d\u2019avoir leur propre entreprise et de se passer de patron. Vous avez besoin d\u2019acqu\u00e9rir les bonnes connaissances afin de rester loin de certains \u00e9cueils et ainsi trouver le succ\u00e8s. Cet article a de nombreux conseils et astuces pour vous aider.<\/p>\n\n\n\n<p><strong>1. Obtenez les recettes des d\u00e9jeuners avec les coll\u00e8gues et les prospects, parce que vous pouvez plus tard les d\u00e9duire au moment de payer vos imp\u00f4ts. <\/strong>Les r\u00e9unions avec des associ\u00e9s d\u2019affaires sont consid\u00e9r\u00e9es comme des co\u00fbts d\u2019affaires juridiques. Toutefois vous devez \u00eatre tr\u00e8s prudent, car ces \u00e9v\u00e9nements doivent \u00eatre organis\u00e9s avec des clients potentiels, sinon les repas et les divertissements ne seront pas des d\u00e9penses d\u00e9ductibles d\u2019imp\u00f4t.<\/p>\n\n\n\n<p><strong>2. Vous devez \u00eatre en mesure de parler de votre plan d\u2019affaires et objectifs en quelques phrases concises. <\/strong>Si vous avez la possibilit\u00e9 de r\u00e9sumer votre entreprise rapidement, vous pouvez impressionner les gens en toute situation. Cela peut aussi \u00eatre votre slogan et vous aider \u00e0 vendre votre entreprise.<\/p>\n\n\n\n<p><strong>3. Suivez vos d\u00e9penses d\u2019affaires avec soin pour \u00e9conomiser de l\u2019argent sur les taxes. <\/strong>Les frais peuvent inclure le co\u00fbt des services Internet, le kilom\u00e9trage et l\u2019\u00e9quipement de bureau ou les fournitures n\u00e9cessaires \u00e0 l\u2019entreprise. Lorsque vous \u00eates propri\u00e9taire d\u2019une entreprise, vous pouvez faire ces d\u00e9ductions. Il n\u2019y a aucune raison de donner votre argent au gouvernement. Gardez une trace de toutes les d\u00e9penses m\u00eame les plus petites, car elles pourraient vite se transformer en grandes \u00e9conomies.<\/p>\n\n\n\n<p><strong>4. Assurez-vous de ne jamais enfreindre les lois et les r\u00e8glements de votre r\u00e9gion. <\/strong>Si vous ne le faites pas, vous pourrez vous faire arr\u00eater ou \u00eatre oblig\u00e9 de payer des amendes qui peuvent \u00eatre fatales \u00e0 vos affaires. Faites tout \u00e0 la lettre de la loi, et essayez de garder de bonnes relations avec vos voisins, et ce en restant discret et en r\u00e9duisant la circulation et le bruit. Pour r\u00e9sumer, \u00e9vitez d\u2019attirer l\u2019attention sur votre entreprise.<\/p>\n\n\n\n<p><strong>5. Toute personne qui envisage de lancer une entreprise \u00e0 domicile doit obtenir la b\u00e9n\u00e9diction et la coop\u00e9ration de ses amis et des membres de sa famille. <\/strong>Cela peut prendre beaucoup de temps et d\u2019efforts pour lancer une entreprise \u00e0 domicile. Votre famille doit donc \u00eatre pr\u00eate \u00e0 vous accorder le temps dont vous avez besoin, de sorte que vous puissiez l\u2019employer pour le compte de votre entreprise \u00e0 domicile.<\/p>\n\n\n\n<p><strong>6. Votre lieu de travail doit \u00eatre s\u00fbr. <\/strong>Cela signifie que vous avez besoin d\u2019un extincteur et d\u2019un d\u00e9tecteur de fum\u00e9e. Si vous passez beaucoup de temps en face de votre ordinateur, il est important que votre configuration prenne en consid\u00e9ration l\u2019aspect s\u00e9curitaire. Prendre des mesures pour vous prot\u00e9ger contre un incendie vous permettra de r\u00e9duire vos primes d\u2019assurance. En outre, vous pouvez \u00e9viter les microtraumatismes r\u00e9p\u00e9t\u00e9s en achetant une chaise confortable et un bureau pour espace de travail.<\/p>\n\n\n\n<p><strong>7. Votre entreprise \u00e0 domicile ne devrait pas \u00eatre trop perturb\u00e9e par la pr\u00e9sence de votre famille. <\/strong>Si elle interf\u00e8re trop avec votre travail, vous devrez peut-\u00eatre penser \u00e0 d\u00e9m\u00e9nager vos locaux.<\/p>\n\n\n\n<p><strong>8. D\u00e9finissez avec soin les prix de vente de votre marchandise. <\/strong>Si vous envisagez de cr\u00e9er votre propre produit, vous devez \u00eatre en mesure de savoir combien il vous en co\u00fbtera de les produire, c\u2019est tr\u00e8s important. Les articles sont g\u00e9n\u00e9ralement \u00e9valu\u00e9s en doublant le montant qu\u2019il faut pour les produire. Utilisez cette formule pour d\u00e9terminer ce que votre prix de gros devrait \u00eatre. Le prix de d\u00e9tail, lui, devrait \u00eatre fix\u00e9 \u00e0 trois fois le co\u00fbt de production.<\/p>\n\n\n\n<p>Beaucoup de gens souhaitent devenir leur propre patron. Si cela se trouve \u00eatre votre souhait aussi, vous devez trouver le bon type de conseils. Gr\u00e2ce aux conseils d\u00e9velopp\u00e9s ici, vous serez en avance sur la comp\u00e9tition dans le domaine de la cr\u00e9ation d\u2019entreprises \u00e0 domicile.<\/p>\n","protected":false},"excerpt":{"rendered":"<p>Beaucoup de gens r\u00eavent d\u2019avoir leur propre entreprise et de se passer de patron. Vous avez besoin d\u2019acqu\u00e9rir les bonnes connaissances afin de rester loin de certains \u00e9cueils et ainsi trouver le succ\u00e8s. Cet article a de nombreux conseils et&#8230; <a href=\"https:\/\/creervotrebusiness.com\/index.php\/besoin-daide-pour-demarrer-votre-entreprise-a-domicile-suivez-ces-conseils\/\" class=\"readmore\">Read more<span class=\"screen-reader-text\">Besoin d\u2019aide pour d\u00e9marrer votre entreprise \u00e0 domicile\u00a0? Suivez ces conseils.<\/span><span class=\"fa fa-angle-double-right\" aria-hidden=\"true\"><\/span><\/a><\/p>\n","protected":false},"author":1,"featured_media":0,"parent":0,"menu_order":0,"comment_status":"closed","ping_status":"closed","template":"","meta":{"om_disable_all_campaigns":false,"_monsterinsights_skip_tracking":false,"_monsterinsights_sitenote_active":false,"_monsterinsights_sitenote_note":"","_monsterinsights_sitenote_category":0,"footnotes":""},"class_list":["post-447","page","type-page","status-publish","hentry"],"_links":{"self":[{"href":"https:\/\/creervotrebusiness.com\/index.php\/wp-json\/wp\/v2\/pages\/447","targetHints":{"allow":["GET"]}}],"collection":[{"href":"https:\/\/creervotrebusiness.com\/index.php\/wp-json\/wp\/v2\/pages"}],"about":[{"href":"https:\/\/creervotrebusiness.com\/index.php\/wp-json\/wp\/v2\/types\/page"}],"author":[{"embeddable":true,"href":"https:\/\/creervotrebusiness.com\/index.php\/wp-json\/wp\/v2\/users\/1"}],"replies":[{"embeddable":true,"href":"https:\/\/creervotrebusiness.com\/index.php\/wp-json\/wp\/v2\/comments?post=447"}],"version-history":[{"count":1,"href":"https:\/\/creervotrebusiness.com\/index.php\/wp-json\/wp\/v2\/pages\/447\/revisions"}],"predecessor-version":[{"id":448,"href":"https:\/\/creervotrebusiness.com\/index.php\/wp-json\/wp\/v2\/pages\/447\/revisions\/448"}],"wp:attachment":[{"href":"https:\/\/creervotrebusiness.com\/index.php\/wp-json\/wp\/v2\/media?parent=447"}],"curies":[{"name":"wp","href":"https:\/\/api.w.org\/{rel}","templated":true}]}}