{"id":442,"date":"2023-02-22T18:01:56","date_gmt":"2023-02-22T18:01:56","guid":{"rendered":"https:\/\/creervotrebusiness.com\/?page_id=442"},"modified":"2023-02-22T18:01:56","modified_gmt":"2023-02-22T18:01:56","slug":"8-idees-pour-vous-eclairer-dans-la-gestion-de-votre-entreprise-a-domicile","status":"publish","type":"page","link":"https:\/\/creervotrebusiness.com\/index.php\/8-idees-pour-vous-eclairer-dans-la-gestion-de-votre-entreprise-a-domicile\/","title":{"rendered":"8 Id\u00e9es pour vous \u00e9clairer dans la gestion de votre entreprise \u00e0 domicile"},"content":{"rendered":"\n<p><\/p>\n\n\n\n<p>Des articles aux formations payantes, des actualit\u00e9s aux magazines, il y a beaucoup de ressources disponibles sur la toile pour vous apprendre comment d\u00e9marrer votre propre entreprise \u00e0 domicile. Utilisez ces ressources pour en savoir plus sur l\u2019entreprise \u00e0 domicile, mais assurez-vous de s\u00e9lectionner des ressources de qualit\u00e9. Pour commencer, lisez attentivement les informations contenues dans cet article.<\/p>\n\n\n\n<p><strong>1. Imaginez un moyen rapide pour d\u00e9crire votre entreprise. <\/strong>Lorsque vous \u00eates en mesure de pr\u00e9senter votre entreprise en quelques phrases, vous pourrez certainement impressionner vos clients ou vos prospects. Cela permettra \u00e9galement de vous aider \u00e0 rester concentr\u00e9 sur la mission de votre entreprise, et vous aidera \u00e0 garder les yeux sur la balle.<\/p>\n\n\n\n<p><strong>2. Assurez-vous de garder votre site \u00e0 jour sur les produits qui sont disponibles et qui, le cas \u00e9ch\u00e9ant, sont en rupture de stock. <\/strong>Vos clients risquent de se mettre en col\u00e8re ou \u00eatre d\u00e9\u00e7us s\u2019ils d\u00e9couvrent que l\u2019article qu\u2019ils ont achet\u00e9 ne va pas finalement pas \u00eatre disponible avant un certain temps. Tenez vos clients inform\u00e9s sur la disponibilit\u00e9 des produits, et proposez des solutions alternatives en cas de rupture de stock.<\/p>\n\n\n\n<p><strong>3.Un bureau est n\u00e9cessaire lorsque vous ex\u00e9cutez une activit\u00e9 \u00e0 caract\u00e8re commercial. Il n\u2019a pas besoin d\u2019\u00eatre tr\u00e8s grand, mais il devrait \u00eatre confortable. <\/strong>Vous devez faire de votre bureau un espace qui vous inspire productivit\u00e9, inspiration et s\u00e9r\u00e9nit\u00e9. \u00c9vitez de vous soucier pour sa taille, car toutes les tailles peuvent convenir.<\/p>\n\n\n\n<p><strong>4. Procurez-vous des cartes de visite. <\/strong>Souvent, les cartes de visite peuvent \u00eatre imprim\u00e9es sans contrepartie, ou sinon contre une somme modique. Assurez-vous d\u2019inclure les informations essentielles comme votre nom, votre pr\u00e9nom, votre num\u00e9ro de t\u00e9l\u00e9phone et le nom de l\u2019entreprise. Il est important d\u2019inclure votre e-mail et votre site Web aussi. En offrant plusieurs m\u00e9thodes de contact diff\u00e9rentes, vos clients n\u2019auront en principe aucun probl\u00e8me \u00e0 vous joindre.<\/p>\n\n\n\n<p><strong>5. R\u00e9diger un business plan pour votre projet d\u2019entreprise \u00e0 domicile. <\/strong>Que votre entreprise soit petite ou grande, il est important de d\u00e9finir ses objectifs. Un business plan bien ficel\u00e9 vous permettra de rester concentr\u00e9 \u00e0 mesure que l\u2019entreprise grandit et se d\u00e9veloppe.<\/p>\n\n\n\n<p><strong>6. Mettre en place un fonds que vous pouvez utiliser en cas d\u2019urgence afin d\u2019assurer la s\u00e9curit\u00e9 financi\u00e8re de votre entreprise. <\/strong>Vous serez en mesure de payer les frais qui survenant par surprise et votre entreprise demeurera toujours fonctionnelle. Ne pas utiliser l\u2019argent de ce fonds sauf si vous le devez, et t\u00e2che de remplacer cet argent une fois retir\u00e9, et ce le plus rapidement possible.<\/p>\n\n\n\n<p><strong>7. Lors du d\u00e9marrage de votre entreprise \u00e0 domicile, il est important d\u2019avoir un site Web qui soit capable de vendre votre produit. <\/strong>Votre pr\u00e9sence sur Internet augmentera votre audience et constituera pour vous un nouveau canal de communication pour la promotion de votre marque. Mettre en ligne un grand site Web rapidement op\u00e9rationnel peut \u00eatre un jeu d\u2019enfant, surtout si vous consultez un professionnel de bonne r\u00e9putation.<\/p>\n\n\n\n<p><strong>8. Ne vous laissez jamais distraire lorsque vous travaillez. <\/strong>Essayez d\u2019identifier ce qui peut causer votre distraction et trouver une solution pour minimiser ou \u00e9liminer compl\u00e8tement ces \u00e9l\u00e9ments afin d\u2019\u00eatre plus productif.<\/p>\n\n\n\n<p>Comme vous pouvez le voir, le lancement d\u2019une entreprise \u00e0 domicile est possible si vous \u00eates pr\u00eat \u00e0 travailler dur. R\u00e9ussir votre entreprise \u00e0 domicile peut en effet prendre beaucoup de temps, et d\u00e9pendra ensuite de votre gestion.<\/p>\n","protected":false},"excerpt":{"rendered":"<p>Des articles aux formations payantes, des actualit\u00e9s aux magazines, il y a beaucoup de ressources disponibles sur la toile pour vous apprendre comment d\u00e9marrer votre propre entreprise \u00e0 domicile. Utilisez ces ressources pour en savoir plus sur l\u2019entreprise \u00e0 domicile,&#8230; <a href=\"https:\/\/creervotrebusiness.com\/index.php\/8-idees-pour-vous-eclairer-dans-la-gestion-de-votre-entreprise-a-domicile\/\" class=\"readmore\">Read more<span class=\"screen-reader-text\">8 Id\u00e9es pour vous \u00e9clairer dans la gestion de votre entreprise \u00e0 domicile<\/span><span class=\"fa fa-angle-double-right\" aria-hidden=\"true\"><\/span><\/a><\/p>\n","protected":false},"author":1,"featured_media":0,"parent":0,"menu_order":0,"comment_status":"closed","ping_status":"closed","template":"","meta":{"om_disable_all_campaigns":false,"_monsterinsights_skip_tracking":false,"_monsterinsights_sitenote_active":false,"_monsterinsights_sitenote_note":"","_monsterinsights_sitenote_category":0,"footnotes":""},"class_list":["post-442","page","type-page","status-publish","hentry"],"_links":{"self":[{"href":"https:\/\/creervotrebusiness.com\/index.php\/wp-json\/wp\/v2\/pages\/442","targetHints":{"allow":["GET"]}}],"collection":[{"href":"https:\/\/creervotrebusiness.com\/index.php\/wp-json\/wp\/v2\/pages"}],"about":[{"href":"https:\/\/creervotrebusiness.com\/index.php\/wp-json\/wp\/v2\/types\/page"}],"author":[{"embeddable":true,"href":"https:\/\/creervotrebusiness.com\/index.php\/wp-json\/wp\/v2\/users\/1"}],"replies":[{"embeddable":true,"href":"https:\/\/creervotrebusiness.com\/index.php\/wp-json\/wp\/v2\/comments?post=442"}],"version-history":[{"count":1,"href":"https:\/\/creervotrebusiness.com\/index.php\/wp-json\/wp\/v2\/pages\/442\/revisions"}],"predecessor-version":[{"id":443,"href":"https:\/\/creervotrebusiness.com\/index.php\/wp-json\/wp\/v2\/pages\/442\/revisions\/443"}],"wp:attachment":[{"href":"https:\/\/creervotrebusiness.com\/index.php\/wp-json\/wp\/v2\/media?parent=442"}],"curies":[{"name":"wp","href":"https:\/\/api.w.org\/{rel}","templated":true}]}}