{"id":440,"date":"2023-02-22T18:01:02","date_gmt":"2023-02-22T18:01:02","guid":{"rendered":"https:\/\/creervotrebusiness.com\/?page_id=440"},"modified":"2023-02-22T18:01:11","modified_gmt":"2023-02-22T18:01:11","slug":"8-idees-pour-une-gestion-optimale-de-votre-entreprise-a-domicile","status":"publish","type":"page","link":"https:\/\/creervotrebusiness.com\/index.php\/8-idees-pour-une-gestion-optimale-de-votre-entreprise-a-domicile\/","title":{"rendered":"<strong>8 Id\u00e9es pour une gestion optimale de votre entreprise \u00e0 domicile.<\/strong>"},"content":{"rendered":"\n<p>Beaucoup de gens se rendent compte du potentiel consid\u00e9rable de la gestion d\u2019une entreprise \u00e0 domicile. Malheureusement, les entreprises \u00e0 domicile souffrent d\u2019un peu de concurrence. Pour cette raison, il est important que vous soyez bien \u00e9quip\u00e9s avec des faits et des informations pertinentes. Cela vous permettra ainsi d\u2019obtenir un avantage sur la concurrence.<\/p>\n\n\n\n<p><strong>1. Assurez-vous que vous pouvez r\u00e9sumer votre entreprise en quelques mots de choix. <\/strong>Plus vous \u00eates concis en d\u00e9crivant votre entreprise, plus vous serez susceptible d\u2019impressionner les clients. Cela vous donnera \u00e9galement le moyen d\u2019obtenir votre slogan tout en couvrant ce que votre entreprise peut faire pour les autres.<\/p>\n\n\n\n<p><strong>2. Inscrivez-vous sur les forums, et aussi sur des groupes de discussion, qui r\u00e9pondent aux questionnements des propri\u00e9taires d\u2019entreprises \u00e0 domicile. <\/strong>Vous pouvez facilement rechercher quelques bons conseils et obtenir des informations utiles de leur part. Les blogs sont une autre grande ressource quand il s\u2019agit de vous renseigner sur les entreprises en ligne.<\/p>\n\n\n\n<p><strong>3. Il est important de vous habiller pour le succ\u00e8s, quel que soit l\u2019emplacement physique de votre lieu de travail. <\/strong>Dans le cas o\u00f9 votre bureau se situe chez vous, vous pouvez vous sentir le d\u00e9sir de travailler dans votre pyjama. Essayez, cependant, de vous habiller comme vous le feriez pour une autre soci\u00e9t\u00e9. Cela vous met dans le bon \u00e9tat d\u2019esprit pour \u00eatre le plus productif possible.<\/p>\n\n\n\n<p><strong>4. S\u00e9parez le temps de travail de votre temps personnel par le d\u00e9veloppement d\u2019un planning r\u00e9gulier des heures de travail et en vous y tenant. <\/strong>Vous pouvez ignorer les appels d\u2019affaires apr\u00e8s une certaine heure, par exemple. Vous serez ainsi en mesure de consacrer du temps pour vos amis et votre famille ainsi que pour votre entreprise.<\/p>\n\n\n\n<p><strong>5. Vous devez disposer d\u2019un espace de bureau bien organis\u00e9 avant de commencer votre entreprise. <\/strong>Cela peut sembler sans importance au d\u00e9but, mais vous vous rendrez compte que vous avez besoin d\u2019un bureau confortable et de bonnes fournitures pour pouvoir travailler.<\/p>\n\n\n\n<p><strong>6. Annoncer le lancement de votre entreprise \u00e0 domicile \u00e0 tout le monde et \u00e0 toutes les personnes que vous connaissez avec un e-mail rapide et s\u00e9duisant. <\/strong>Donner des rabais ou des articles gratuits pour donner un coup de pouce \u00e0 vos affaires. Assurez-vous de leur demander de faire passer le mot sur votre entreprise. Le bouche-\u00e0-oreille ne co\u00fbte rien et il peut \u00eatre vraiment efficace.<\/p>\n\n\n\n<p><strong>7. L\u2019Internet est une excellente source d\u2019information quand vous commencez une entreprise \u00e0 domicile. <\/strong>Cela dit, de nombreuses escroqueries sont pr\u00e9sentes en ligne. Si quelqu\u2019un vend des informations que vous pouvez obtenir gratuitement par une simple recherche en ligne, alors \u00e9vitez. Il y a aussi des escroqueries plus complexes et qui ne sautent pas tout de suite aux yeux et qui essaient de vous faire payer une contrepartie pour avoir acc\u00e8s \u00e0 un service inexistant, ou de payer des frais de scolarit\u00e9 pour des cours en ligne inutiles. Rappelez-vous, si l\u2019offre semble trop all\u00e9chante, vous devrez probablement vous en m\u00e9fier.<\/p>\n\n\n\n<p><strong>8. Vous pouvez trouver des informations et des conseils \u00e0 travers des forums et des communaut\u00e9s en ligne offrant sp\u00e9cifiquement le soutien aux propri\u00e9taires d\u2019entreprises \u00e0 domicile. <\/strong>Les diff\u00e9rents sites et forums qui sont sp\u00e9cialement mis en place pour ceux qui poss\u00e8dent leur propre entreprise \u00e0 domicile sont en constante expansion. Il y a beaucoup de gens comme vous sur ces forums, et leurs conseils peuvent vous aider \u00e0 tirer le meilleur parti de votre entreprise \u00e0 domicile.<\/p>\n\n\n\n<p>Vous pouvez utiliser les connaissances que vous avez trouv\u00e9es ici pour aller de l\u2019avant. Si vous voulez atteindre le sommet et y rester, vous devez toujours \u00eatre \u00e0 l\u2019aff\u00fbt de nouvelles informations. Restez inform\u00e9, adoptez une vision strat\u00e9gique, et vous devrez tr\u00e8s rapidement jouir du succ\u00e8s.<\/p>\n","protected":false},"excerpt":{"rendered":"<p>Beaucoup de gens se rendent compte du potentiel consid\u00e9rable de la gestion d\u2019une entreprise \u00e0 domicile. Malheureusement, les entreprises \u00e0 domicile souffrent d\u2019un peu de concurrence. Pour cette raison, il est important que vous soyez bien \u00e9quip\u00e9s avec des faits&#8230; <a href=\"https:\/\/creervotrebusiness.com\/index.php\/8-idees-pour-une-gestion-optimale-de-votre-entreprise-a-domicile\/\" class=\"readmore\">Read more<span class=\"screen-reader-text\">&lt;strong&gt;8 Id\u00e9es pour une gestion optimale de votre entreprise \u00e0 domicile.&lt;\/strong&gt;<\/span><span class=\"fa fa-angle-double-right\" aria-hidden=\"true\"><\/span><\/a><\/p>\n","protected":false},"author":1,"featured_media":0,"parent":0,"menu_order":0,"comment_status":"closed","ping_status":"closed","template":"","meta":{"om_disable_all_campaigns":false,"_monsterinsights_skip_tracking":false,"_monsterinsights_sitenote_active":false,"_monsterinsights_sitenote_note":"","_monsterinsights_sitenote_category":0,"footnotes":""},"class_list":["post-440","page","type-page","status-publish","hentry"],"_links":{"self":[{"href":"https:\/\/creervotrebusiness.com\/index.php\/wp-json\/wp\/v2\/pages\/440","targetHints":{"allow":["GET"]}}],"collection":[{"href":"https:\/\/creervotrebusiness.com\/index.php\/wp-json\/wp\/v2\/pages"}],"about":[{"href":"https:\/\/creervotrebusiness.com\/index.php\/wp-json\/wp\/v2\/types\/page"}],"author":[{"embeddable":true,"href":"https:\/\/creervotrebusiness.com\/index.php\/wp-json\/wp\/v2\/users\/1"}],"replies":[{"embeddable":true,"href":"https:\/\/creervotrebusiness.com\/index.php\/wp-json\/wp\/v2\/comments?post=440"}],"version-history":[{"count":1,"href":"https:\/\/creervotrebusiness.com\/index.php\/wp-json\/wp\/v2\/pages\/440\/revisions"}],"predecessor-version":[{"id":441,"href":"https:\/\/creervotrebusiness.com\/index.php\/wp-json\/wp\/v2\/pages\/440\/revisions\/441"}],"wp:attachment":[{"href":"https:\/\/creervotrebusiness.com\/index.php\/wp-json\/wp\/v2\/media?parent=440"}],"curies":[{"name":"wp","href":"https:\/\/api.w.org\/{rel}","templated":true}]}}