{"id":438,"date":"2023-02-22T18:00:11","date_gmt":"2023-02-22T18:00:11","guid":{"rendered":"https:\/\/creervotrebusiness.com\/?page_id=438"},"modified":"2023-02-22T18:00:29","modified_gmt":"2023-02-22T18:00:29","slug":"8-conseils-pour-mener-a-bien-votre-experience-dentreprise-a-domicile","status":"publish","type":"page","link":"https:\/\/creervotrebusiness.com\/index.php\/8-conseils-pour-mener-a-bien-votre-experience-dentreprise-a-domicile\/","title":{"rendered":"8 Conseils pour mener \u00e0 bien votre exp\u00e9rience d\u2019entreprise \u00e0 domicile."},"content":{"rendered":"\n<p><\/p>\n\n\n\n<p>Imaginez comment les choses seraient diff\u00e9rentes si vous ne disposez pas de votre entreprise \u00e0 domicile. Vous devriez peut-\u00eatre vous contenter d\u2019un seul revenu, voire aucun si vous n\u2019avez pas d\u2019emploi en parall\u00e8le. Cet article va vous donner des id\u00e9es sur la fa\u00e7on de faire \u00e9voluer votre entreprise en une entreprise prosp\u00e8re.<\/p>\n\n\n\n<p><strong>1. Conservez les re\u00e7us de carburant et mettez au point un suivi de votre kilom\u00e9trage lorsque vous effectuez des sorties pour le compte de votre entreprise \u00e0 domicile. <\/strong>Les frais de voyages li\u00e9s \u00e0 cette derni\u00e8re peuvent \u00eatre r\u00e9clam\u00e9s au moment des imp\u00f4ts. Cependant, vous devez prouver que ces d\u00e9placements ont bien \u00e9t\u00e9 essentiels au profit de votre entreprise.<\/p>\n\n\n\n<p><strong>2. Assurez-vous de garder votre site \u00e0 jour sur les produits disponibles et qui, le cas \u00e9ch\u00e9ant, sont en rupture de stock. <\/strong>Les clients respecteront votre honn\u00eatet\u00e9, et seront plus enclins \u00e0 faire des affaires avec vous \u00e0 l\u2019avenir. Proposez \u00e0 vos clients d\u2019acheter un produit similaire lorsque l\u2019article qui souhaite commander est indisponible.<\/p>\n\n\n\n<p><strong>3. Il est important que vous restiez en poste au sein de l\u2019entreprise qui vous emploie actuellement pendant les premi\u00e8res \u00e9tapes de cr\u00e9ation de votre entreprise \u00e0 domicile. <\/strong>Une nouvelle entreprise peut prendre un certain temps avant de pouvoir g\u00e9n\u00e9rer des profits, par cons\u00e9quent, il est sage de garder votre travail en cours. Avoir un flux de revenu fera en sorte que le d\u00e9marrage de votre entreprise \u00e0 domicile soit beaucoup moins stressant.<\/p>\n\n\n\n<p><strong>4. Lors de l\u2019ex\u00e9cution d\u2019une entreprise \u00e0 domicile, il est important de faire partie d\u2019un r\u00e9seau de propri\u00e9taires de ce type d\u2019entreprises. <\/strong>Cherchez alors d\u2019autres propri\u00e9taires d\u2019entreprises \u00e0 domicile et constituez votre r\u00e9seau. Bien qu\u2019il serait plus int\u00e9ressant qu\u2019ils soient tous du m\u00eame domaine d\u2019activit\u00e9, toute personne qui dirige une entreprise \u00e0 domicile prosp\u00e8re, m\u00eame d\u2019un autre domaine, serait un bon contact pour vous.<\/p>\n\n\n\n<p><strong>5. Parlez avec un avocat avant de cr\u00e9er votre entreprise. <\/strong>Les lois qui r\u00e9gissent l\u2019activit\u00e9 des entreprises \u00e0 domicile peuvent changer d\u2019une r\u00e9gion \u00e0 une autre. Ainsi, un avocat d\u2019affaires peut vous aider \u00e0 savoir si vous suivez ces lois ou pas afin d\u2019\u00e9viter tout embarras.<\/p>\n\n\n\n<p><strong>6. Faites la promotion de votre entreprise en tout temps pour construire votre image de marque. <\/strong>Vous voudrez peut-\u00eatre envisager de lancer un site Web pour l\u2019entreprise. La mise en place d\u2019un site Web ne prendra pas plus d\u2019une journ\u00e9e. Parfois, vous pouvez r\u00e9server un nom de domaine gratuitement, mais il se pourrait qu\u2019il y ait un petit co\u00fbt \u00e0 payer. Si vous r\u00e9ussissez \u00e0 g\u00e9n\u00e9rer de bons profits, l\u2019investissement que vous aura cout\u00e9 le site Web vous semblera d\u00e9risoire.<\/p>\n\n\n\n<p><strong>7. Am\u00e9nagez une zone dans votre r\u00e9sidence qui sera votre espace de travail. <\/strong>Gardez tout organis\u00e9 dans votre maison et assurez-vous que vous avez assez d\u2019espace pour le faire. L\u2019organisation est une partie tr\u00e8s importante de la gestion d\u2019une entreprise \u00e0 domicile, et le fait d\u2019avoir votre propre espace de travail vous aidera dans ce sens.<\/p>\n\n\n\n<p><strong>8. Consid\u00e9rez-le comme partie int\u00e9grante de votre travail d\u2019utiliser toutes les occasions pour promouvoir votre entreprise. <\/strong>Toute conversation qui pourrait v\u00e9hiculer le message de votre entreprise devrait \u00eatre abord\u00e9e. Il est essentiel de toujours avoir des cartes de visite sous la main.<\/p>\n\n\n\n<p>Pr\u00e9server \u00e0 tout prix le bon fonctionnement de votre entreprise afin de profiter de tous ses avantages. Employez \u00e0 bon escient les suggestions trouv\u00e9es ici pour b\u00e2tir une entreprise \u00e0 domicile qui a du succ\u00e8s et qui vous rendra fi\u00e8re.<\/p>\n","protected":false},"excerpt":{"rendered":"<p>Imaginez comment les choses seraient diff\u00e9rentes si vous ne disposez pas de votre entreprise \u00e0 domicile. Vous devriez peut-\u00eatre vous contenter d\u2019un seul revenu, voire aucun si vous n\u2019avez pas d\u2019emploi en parall\u00e8le. Cet article va vous donner des id\u00e9es&#8230; <a href=\"https:\/\/creervotrebusiness.com\/index.php\/8-conseils-pour-mener-a-bien-votre-experience-dentreprise-a-domicile\/\" class=\"readmore\">Read more<span class=\"screen-reader-text\">8 Conseils pour mener \u00e0 bien votre exp\u00e9rience d\u2019entreprise \u00e0 domicile.<\/span><span class=\"fa fa-angle-double-right\" aria-hidden=\"true\"><\/span><\/a><\/p>\n","protected":false},"author":1,"featured_media":0,"parent":0,"menu_order":0,"comment_status":"closed","ping_status":"closed","template":"","meta":{"om_disable_all_campaigns":false,"_monsterinsights_skip_tracking":false,"_monsterinsights_sitenote_active":false,"_monsterinsights_sitenote_note":"","_monsterinsights_sitenote_category":0,"footnotes":""},"class_list":["post-438","page","type-page","status-publish","hentry"],"_links":{"self":[{"href":"https:\/\/creervotrebusiness.com\/index.php\/wp-json\/wp\/v2\/pages\/438","targetHints":{"allow":["GET"]}}],"collection":[{"href":"https:\/\/creervotrebusiness.com\/index.php\/wp-json\/wp\/v2\/pages"}],"about":[{"href":"https:\/\/creervotrebusiness.com\/index.php\/wp-json\/wp\/v2\/types\/page"}],"author":[{"embeddable":true,"href":"https:\/\/creervotrebusiness.com\/index.php\/wp-json\/wp\/v2\/users\/1"}],"replies":[{"embeddable":true,"href":"https:\/\/creervotrebusiness.com\/index.php\/wp-json\/wp\/v2\/comments?post=438"}],"version-history":[{"count":1,"href":"https:\/\/creervotrebusiness.com\/index.php\/wp-json\/wp\/v2\/pages\/438\/revisions"}],"predecessor-version":[{"id":439,"href":"https:\/\/creervotrebusiness.com\/index.php\/wp-json\/wp\/v2\/pages\/438\/revisions\/439"}],"wp:attachment":[{"href":"https:\/\/creervotrebusiness.com\/index.php\/wp-json\/wp\/v2\/media?parent=438"}],"curies":[{"name":"wp","href":"https:\/\/api.w.org\/{rel}","templated":true}]}}