{"id":436,"date":"2023-02-22T17:58:54","date_gmt":"2023-02-22T17:58:54","guid":{"rendered":"https:\/\/creervotrebusiness.com\/?page_id=436"},"modified":"2023-02-22T17:58:54","modified_gmt":"2023-02-22T17:58:54","slug":"8-conseils-pour-devenir-expert-en-entreprise-a-domicile","status":"publish","type":"page","link":"https:\/\/creervotrebusiness.com\/index.php\/8-conseils-pour-devenir-expert-en-entreprise-a-domicile\/","title":{"rendered":"8 Conseils pour devenir expert en entreprise \u00e0 domicile."},"content":{"rendered":"\n<p><\/p>\n\n\n\n<p>La lecture de cet article vous aidera \u00e0 r\u00e9aliser que le d\u00e9marrage d\u2019une entreprise \u00e0 domicile n\u2019est pas trop difficile \u00e0 effectuer. Vous aurez besoin de travailler dur certes, mais tout est faisable avec la bonne information. Vous pouvez d\u00e9marrer une entreprise \u00e0 domicile si vous avez la bonne information. Ces conseils en sont un excellent d\u00e9but.<\/p>\n\n\n\n<p><strong>1. Si vous voulez que votre entreprise \u00e0 domicile tienne le coup au fil des ann\u00e9es, vous devez avoir des plans de secours \u00e0 d\u00e9ployer quand les choses se corsent. <\/strong>Il est primordial d\u2019avoir toujours un plan secondaire, vous pouvez le mettre en action en cas de catastrophe. Ainsi, vous ne serez pas pris de court si vous \u00eates pr\u00eat.<\/p>\n\n\n\n<p><strong>2. Vos clients seront plus heureux si vous excellez dans le service \u00e0 la client\u00e8le. <\/strong>Il y a plusieurs fa\u00e7ons pour faire \u00e7a, y compris en leur envoyant des e-mails pour les remercier et en ajoutant des cadeaux \u00e0 leurs commandes. Montrez-leur que vous appr\u00e9ciez leur engagement. L\u2019ajout de ces petits riens peut transformer le regard que votre client\u00e8le porte \u00e0 votre \u00e9gard. Prouvez-leur que vous les appr\u00e9ciez en tant que clients.<\/p>\n\n\n\n<p><strong>3. Ne vous attendez pas \u00e0 ce que les choses fonctionnent toutes seules pour votre entreprise \u00e0 domicile, si vous ne prenez le taureau par les cornes, vous ne risquez pas d\u2019aller bien loin. <\/strong>De nombreuses r\u00e9gions mettent en place des r\u00e9glementations assez strictes sur les milieux d\u2019affaires, de fa\u00e7on \u00e0 ce que vous pouvez avoir besoin de s\u00e9parer votre bureau de l\u2019espace r\u00e9sidentiel. Si vous avez un b\u00e2timent s\u00e9par\u00e9 de votre maison, vous pouvez serez heureux d\u2019avoir deux espaces distincts.<\/p>\n\n\n\n<p><strong>4. Ne laissez pas les distractions familiales vous d\u00e9router lorsque vous travaillez. <\/strong>Les interruptions peuvent unirent \u00e0 votre productivit\u00e9, donc informez tout le monde lorsque vous \u00eates sur le point de commencer la besogne et quand vous aurez termin\u00e9 aussi. Ils doivent comprendre que votre travail n\u00e9cessite un certain calme et une certaine tranquillit\u00e9 afin qu\u2019ils puissent manger et avoir un toit au-dessus de leurs t\u00eates. Assurez-vous que vos enfants sont bien pris en charge et que vous \u00eates joignable au cas o\u00f9 l\u2019on aurait besoin de vous.<\/p>\n\n\n\n<p><strong>5. Choisissez un nom d\u2019entreprise avec une signification personnelle. <\/strong>Cela peut \u00eatre le nom r\u00e9el de votre entreprise ou bien votre nom de domaine. Sachez que les noms de domaines co\u00fbtent souvent moins de dix euros par an, donc obtenez le v\u00f4tre avant que quelqu\u2019un d\u2019autre n\u2019ait la m\u00eame id\u00e9e et ne le prenne. Pour d\u00e9terminer si vous avez besoin d\u2019un site complet, mettez en ligne une br\u00e8ve page qui comprend les informations essentielles de contact.<\/p>\n\n\n\n<p><strong>6. Toutes les entreprises ont besoin d\u2019une br\u00e8ve description, souvent appel\u00e9e une plaquette commerciale. <\/strong>Cette derni\u00e8re sert \u00e0 stipuler le domaine d\u2019activit\u00e9 dans lequel op\u00e8re votre entreprise et ses objectifs. Ces quelques phrases devraient faire savoir aux gens ce qui rend votre entreprise unique et ce qui la diff\u00e9rencie de la concurrence.<\/p>\n\n\n\n<p><strong>7. Aucune grande entreprise n\u2019a jamais \u00e9t\u00e9 construite sans prise de risques. <\/strong>Lorsque vous exp\u00e9rimentez et essayez de nouvelles choses, vous pouvez amener de nouveaux clients \u00e0 visiter votre site. Cela peut vous aider \u00e0 faire beaucoup d\u2019argent. Si vous faites la m\u00eame chose encore et encore, vous pourriez passer \u00e0 c\u00f4t\u00e9 d\u2019une strat\u00e9gie plus rentable.<\/p>\n\n\n\n<p><strong>8. Toujours mettre de c\u00f4t\u00e9 une partie de vos b\u00e9n\u00e9fices \u00e0 des fins fiscales. <\/strong>Si vous n\u2019\u00e9pargnez pas pour \u00e7a, vous risquez de connaitre dans une crise budg\u00e9taire lorsque vient le temps de payer les imp\u00f4ts.<\/p>\n\n\n\n<p>Comme indiqu\u00e9 plus haut dans cet article, le lancement d\u2019une entreprise exige beaucoup de travail, mais il est loin d\u2019\u00eatre pas impossible. Les conseils trouv\u00e9s dans cet article vous aideront \u00e0 d\u00e9marrer votre propre entreprise facilement et \u00e0 commencer \u00e0 faire des b\u00e9n\u00e9ficies.<\/p>\n","protected":false},"excerpt":{"rendered":"<p>La lecture de cet article vous aidera \u00e0 r\u00e9aliser que le d\u00e9marrage d\u2019une entreprise \u00e0 domicile n\u2019est pas trop difficile \u00e0 effectuer. Vous aurez besoin de travailler dur certes, mais tout est faisable avec la bonne information. Vous pouvez d\u00e9marrer&#8230; <a href=\"https:\/\/creervotrebusiness.com\/index.php\/8-conseils-pour-devenir-expert-en-entreprise-a-domicile\/\" class=\"readmore\">Read more<span class=\"screen-reader-text\">8 Conseils pour devenir expert en entreprise \u00e0 domicile.<\/span><span class=\"fa fa-angle-double-right\" aria-hidden=\"true\"><\/span><\/a><\/p>\n","protected":false},"author":1,"featured_media":0,"parent":0,"menu_order":0,"comment_status":"closed","ping_status":"closed","template":"","meta":{"om_disable_all_campaigns":false,"_monsterinsights_skip_tracking":false,"_monsterinsights_sitenote_active":false,"_monsterinsights_sitenote_note":"","_monsterinsights_sitenote_category":0,"footnotes":""},"class_list":["post-436","page","type-page","status-publish","hentry"],"_links":{"self":[{"href":"https:\/\/creervotrebusiness.com\/index.php\/wp-json\/wp\/v2\/pages\/436","targetHints":{"allow":["GET"]}}],"collection":[{"href":"https:\/\/creervotrebusiness.com\/index.php\/wp-json\/wp\/v2\/pages"}],"about":[{"href":"https:\/\/creervotrebusiness.com\/index.php\/wp-json\/wp\/v2\/types\/page"}],"author":[{"embeddable":true,"href":"https:\/\/creervotrebusiness.com\/index.php\/wp-json\/wp\/v2\/users\/1"}],"replies":[{"embeddable":true,"href":"https:\/\/creervotrebusiness.com\/index.php\/wp-json\/wp\/v2\/comments?post=436"}],"version-history":[{"count":1,"href":"https:\/\/creervotrebusiness.com\/index.php\/wp-json\/wp\/v2\/pages\/436\/revisions"}],"predecessor-version":[{"id":437,"href":"https:\/\/creervotrebusiness.com\/index.php\/wp-json\/wp\/v2\/pages\/436\/revisions\/437"}],"wp:attachment":[{"href":"https:\/\/creervotrebusiness.com\/index.php\/wp-json\/wp\/v2\/media?parent=436"}],"curies":[{"name":"wp","href":"https:\/\/api.w.org\/{rel}","templated":true}]}}