{"id":434,"date":"2023-02-22T17:56:57","date_gmt":"2023-02-22T17:56:57","guid":{"rendered":"https:\/\/creervotrebusiness.com\/?page_id=434"},"modified":"2023-02-22T17:57:52","modified_gmt":"2023-02-22T17:57:52","slug":"7-idees-inspirantes-pour-les-proprietaires-dentreprises-a-domicile","status":"publish","type":"page","link":"https:\/\/creervotrebusiness.com\/index.php\/7-idees-inspirantes-pour-les-proprietaires-dentreprises-a-domicile\/","title":{"rendered":"7 Id\u00e9es inspirantes pour les propri\u00e9taires d\u2019entreprises \u00e0 domicile."},"content":{"rendered":"\n<p><\/p>\n\n\n\n<p>Vous pouvez cr\u00e9er un \u00e9quilibre sain entre le travail et la vie personnelle en d\u00e9marrant une entreprise \u00e0 domicile. Garder votre entreprise en vie exige de la rentabilit\u00e9, ce qui n\u2019est pas tout le temps facile \u00e0 accomplir. Peut-\u00eatre que vous vous demandez quelles mesures vous devez prendre pour vous assurer que le projet pour lequel vous optez soit couronn\u00e9 de succ\u00e8s. Il y a beaucoup de conseils ici pour aider votre entreprise \u00e0 atteindre le succ\u00e8s esp\u00e9r\u00e9.<\/p>\n\n\n\n<p><strong>1. Murissez votre r\u00e9flexion sur votre propre entreprise pour en d\u00e9finir sa mission. <\/strong>Si vous pouvez expliquer ce que fait votre entreprise bri\u00e8vement et en quelques mots, vous saurez probablement impressionner vos clients lors des r\u00e9unions par exemple et en convaincre de nouveaux. Cela vous donnera \u00e9galement un moyen de peaufiner votre slogan tout en couvrant ce que votre entreprise peut faire pour les autres.<\/p>\n\n\n\n<p><strong>2. Mettez au point un plan d\u2019urgence si votre entreprise \u00e0 domicile rencontre des soucis. <\/strong>Vous devez avoir des plans pour toutes les catastrophes qui pourraient vous arriver comme un \u00e9ventuel arr\u00eat de votre site web ou un retard de livraison de produits. Si vous arrivez \u00e0 anticiper correctement ces revers, votre entreprise ne connaitra pas de pauses quand vous essayerez de vous remettre de la catastrophe.<\/p>\n\n\n\n<p><strong>3. Un bureau est un must pour une entreprise \u00e0 domicile. <\/strong>Il ne doit pas n\u00e9cessairement \u00eatre un grand, mais il devrait \u00eatre propre et bien organis\u00e9. Am\u00e9nagez votre bureau dans une zone qui vous permettra d\u2019\u00eatre calme, inspir\u00e9, efficace et productif. La taille n\u2019a pas d\u2019importance, c\u2019est ce que vous en faites qui est important.<\/p>\n\n\n\n<p><strong>4. Garder une trace des d\u00e9penses d\u2019entreprise vous aide \u00e0 rester organis\u00e9, et finira par conduire \u00e0 des \u00e9conomies au moment des imp\u00f4ts. <\/strong>Cela implique toutes les d\u00e9penses, y compris celle du carburant utilis\u00e9 pour les voyages d\u2019affaires et les frais de votre service Internet. Lorsque vous avez le statut d\u2019autoentrepreneur, il y a beaucoup de d\u00e9penses d\u2019entreprise qui deviennent d\u00e9ductibles d\u2019imp\u00f4t. M\u00eame les petites d\u00e9penses peuvent s\u2019accumuler rapidement, et il est insens\u00e9 de laisser le gouvernement garder m\u00eame une petite fraction de vos b\u00e9n\u00e9fices.<\/p>\n\n\n\n<p><strong>5. Les affiliations peuvent \u00eatre utilis\u00e9es pour vous aider \u00e0 commercialiser ce que vous vendez. <\/strong>Les liaisons avec d\u2019autres propri\u00e9taires d\u2019entreprises \u00e0 domicile peuvent augmenter la quantit\u00e9 de trafic que vous obtenez sur votre site. Cherchez et adh\u00e9rez aux programmes d\u2019affiliation disponibles en ligne pour essayer de promouvoir les produits qui sont compl\u00e9mentaires aux v\u00f4tres. De cette fa\u00e7on, vous pourrez constituer des revenus sans beaucoup d\u2019effort.<\/p>\n\n\n\n<p><strong>6. Lors du d\u00e9marrage d\u2019une entreprise \u00e0 domicile, vous devez prendre en consid\u00e9ration les ressources financi\u00e8res dont vous disposez pour les frais de lancement. <\/strong>M\u00eame si une entreprise \u00e0 domicile peut avoir des co\u00fbts de lancement inf\u00e9rieurs au mod\u00e8le d\u2019affaires traditionnel, il y aura toujours des d\u00e9penses \u00e0 faire. Ne gaspillez pas de l\u2019argent inutilement et essayez de vous demander si votre d\u00e9pense aura un bon retour sur investissement.<\/p>\n\n\n\n<p><strong>7. Avoir le soutien de vos proches est l\u2019une des meilleures ressources dont vous pouvez jouir lors du d\u00e9marrage d\u2019une nouvelle entreprise. <\/strong>Lorsque vous \u00eates propri\u00e9taire de votre propre entreprise \u00e0 domicile, il se peut que vous trouviez par moment sa g\u00e9rance difficile et stressante. Vous n\u2019arriverez pas au succ\u00e8s que vous avez imagin\u00e9 si votre famille ne vous soutient pas, et si elle n\u2019est pas dispos\u00e9e \u00e0 vous accorder le temps dont vous avez besoin pour travailler.<\/p>\n\n\n\n<p>Si le fait de pouvoir d\u00e9cider de quand et de combien de temps vous voulez travailler est ce qui vous int\u00e9resse, alors une entreprise \u00e0 domicile est le bon plan pour vous. Faire du profit est la seule fa\u00e7on pour votre entreprise de rester \u00e0 flot. Et atteindre votre niveau de profit d\u00e9sir\u00e9 n\u2019a pas besoin d\u2019\u00eatre difficile. Tant que vous suivez les conseils que vous avez appris ici, vous serez en mesure d\u2019atteindre vos objectifs. En outre, votre entreprise \u00e0 domicile peut \u00eatre un excellent investissement et un v\u00e9ritable atout aussi.<\/p>\n","protected":false},"excerpt":{"rendered":"<p>Vous pouvez cr\u00e9er un \u00e9quilibre sain entre le travail et la vie personnelle en d\u00e9marrant une entreprise \u00e0 domicile. Garder votre entreprise en vie exige de la rentabilit\u00e9, ce qui n\u2019est pas tout le temps facile \u00e0 accomplir. Peut-\u00eatre que&#8230; <a href=\"https:\/\/creervotrebusiness.com\/index.php\/7-idees-inspirantes-pour-les-proprietaires-dentreprises-a-domicile\/\" class=\"readmore\">Read more<span class=\"screen-reader-text\">7 Id\u00e9es inspirantes pour les propri\u00e9taires d\u2019entreprises \u00e0 domicile.<\/span><span class=\"fa fa-angle-double-right\" aria-hidden=\"true\"><\/span><\/a><\/p>\n","protected":false},"author":1,"featured_media":0,"parent":0,"menu_order":0,"comment_status":"closed","ping_status":"closed","template":"","meta":{"om_disable_all_campaigns":false,"_monsterinsights_skip_tracking":false,"_monsterinsights_sitenote_active":false,"_monsterinsights_sitenote_note":"","_monsterinsights_sitenote_category":0,"footnotes":""},"class_list":["post-434","page","type-page","status-publish","hentry"],"_links":{"self":[{"href":"https:\/\/creervotrebusiness.com\/index.php\/wp-json\/wp\/v2\/pages\/434","targetHints":{"allow":["GET"]}}],"collection":[{"href":"https:\/\/creervotrebusiness.com\/index.php\/wp-json\/wp\/v2\/pages"}],"about":[{"href":"https:\/\/creervotrebusiness.com\/index.php\/wp-json\/wp\/v2\/types\/page"}],"author":[{"embeddable":true,"href":"https:\/\/creervotrebusiness.com\/index.php\/wp-json\/wp\/v2\/users\/1"}],"replies":[{"embeddable":true,"href":"https:\/\/creervotrebusiness.com\/index.php\/wp-json\/wp\/v2\/comments?post=434"}],"version-history":[{"count":1,"href":"https:\/\/creervotrebusiness.com\/index.php\/wp-json\/wp\/v2\/pages\/434\/revisions"}],"predecessor-version":[{"id":435,"href":"https:\/\/creervotrebusiness.com\/index.php\/wp-json\/wp\/v2\/pages\/434\/revisions\/435"}],"wp:attachment":[{"href":"https:\/\/creervotrebusiness.com\/index.php\/wp-json\/wp\/v2\/media?parent=434"}],"curies":[{"name":"wp","href":"https:\/\/api.w.org\/{rel}","templated":true}]}}