{"id":432,"date":"2023-02-22T17:49:59","date_gmt":"2023-02-22T17:49:59","guid":{"rendered":"https:\/\/creervotrebusiness.com\/?page_id=432"},"modified":"2023-02-22T17:49:59","modified_gmt":"2023-02-22T17:49:59","slug":"vous-devez-apprendre-ceci-pour-ameliorer-votre-entreprise-a-domicile-3","status":"publish","type":"page","link":"https:\/\/creervotrebusiness.com\/index.php\/vous-devez-apprendre-ceci-pour-ameliorer-votre-entreprise-a-domicile-3\/","title":{"rendered":"Vous devez apprendre ceci pour am\u00e9liorer votre entreprise \u00e0 domicile."},"content":{"rendered":"\n<p><\/p>\n\n\n\n<p>Pratiquement tout le monde s\u2019est imagin\u00e9 au moins une fois \u00e0 la t\u00eate d\u2019une entreprise \u00e0 domicile. \u00catre son propre patron et avoir la possibil\u00e9 de d\u00e9terminer ses propres horaires est tr\u00e8s lib\u00e9rant. Faire de ce r\u00eave une r\u00e9alit\u00e9 est difficile, mais il peut \u00eatre accompli en suivant Lisez les conseils fournis dans cet article.<\/p>\n\n\n\n<p><strong>1. Assurez-vous de prendre toutes les d\u00e9ductions auxquelles vous avez droit, y compris le co\u00fbt engag\u00e9 par les diners d\u2019affaires avec les clients. <\/strong>Une r\u00e9union ou un d\u00eener d\u2019affaires est un co\u00fbt l\u00e9gitime pour vos affaires. Rappelez-vous, ces r\u00e9unions doivent se rapporter au travail et sont \u00e0 organiser avec vos clients actuels ou des clients potentiels, sinon, ils ne peuvent pas \u00eatre \u00eatre d\u00e9duites.<\/p>\n\n\n\n<p><strong>2. \u00c9tablissez une page d\u2019accueil pour votre site web. <\/strong>Vous pourrez \u00e9changer ainsi vos banni\u00e8res avec d\u2019autres webmasters. Ceci est un moyen facile d\u2019am\u00e9liorer vos notes sur les moteurs de recherche et d\u2019obtenir de nouveaux visiteurs, ce qui vous aidera \u00e0 vendre facilement vos produits.<\/p>\n\n\n\n<p><strong>3. Joignez-vous \u00e0 un forum d\u2019entreprises \u00e0 domicile en ligne. <\/strong>Cela vous donnera une occasion pr\u00e9cieuse d\u2019entendre les id\u00e9es des personnes aux prises avec les m\u00eames questions que vous, et de partager vos propres id\u00e9es avec eux. Les gens qui travaillent \u00e0 la maison font parfois face aux m\u00eames obstacles.<\/p>\n\n\n\n<p><strong>4. Faites vous imprimer des cartes de visite pour gagner en cr\u00e9dibilit\u00e9. <\/strong>Souvent, les boites de communication peuvent ne rien tarifer contre l\u2019impression de cartes de visite ou la tarifent \u00e0 un prix presque symbolique. Votre carte de visite doit inclure vos donn\u00e9es de contact, comme votre nom, votre d\u00e9nomination sociale, votre num\u00e9ro de t\u00e9l\u00e9phone et votre adresse e-mail. T\u00e2chez de ne pas oublier d\u2019inclure votre adresse de site Web. Plus vous avez d\u2019options de contact, plus vous serez joignable.<\/p>\n\n\n\n<p><strong>5. Lors du lancement d\u2019une entreprise \u00e0 domicile, soyez certain de calculer les co\u00fbts de d\u00e9marrage. <\/strong>Bien que les co\u00fbts d\u2019exploitation d\u2019une entreprise \u00e0 domicile peuvent \u00eatre sensiblement inf\u00e9rieurs \u00e0 celles d\u2019autres types d\u2019entreprises, cela dit il vous en co\u00fbtera toujours de l\u2019argent pour avoir une entreprise de cette nature.<\/p>\n\n\n\n<p><strong>6. Afin de trouver le succ\u00e8s avec votre entreprise \u00e0 domicile, vous devez \u00eatre totalement \u00e0 l\u2019aise dans votre promotion de soi. <\/strong>Lorsque vous poss\u00e9dez une entreprise, vous devez \u00eatre capable de parler d\u2019elle et de chanter ses louanges aux autres. Gratifier la qualit\u00e9 de vos produits est essentiel pour attirer vos clients.<\/p>\n\n\n\n<p><strong>7. Assurez-vous de chercher des fournitures d\u2019affaires \u00e0 domicile en ligne pour voir si vous pouvez les obtenir au prix de gros. <\/strong>Pour ce type d\u2019achat, l\u2019Internet peut \u00eatre une aubaine, car vous trouverez des prix extr\u00eamement comp\u00e9titifs sur les choses dont vous avez besoin. Vous devriez \u00eatre en mesure d\u2019acheter aux prix de gros en fournissant une preuve de votre licence d\u2019exploitation.<\/p>\n\n\n\n<p>Comme vous pouvez le voir, il faudra un peu de travail et du d\u00e9vouement pour mettre votre entreprise en \u00e9tat de marche. Si vous parvenez \u00e0 passer \u00e0 travers et vous tenir au plan, vous serez en mesure de poss\u00e9der l\u2019entreprise \u00e0 domicile dont vous r\u00eavez et ainsi de cr\u00e9er quelque chose qui est durable et rentable au fil des ans.<\/p>\n","protected":false},"excerpt":{"rendered":"<p>Pratiquement tout le monde s\u2019est imagin\u00e9 au moins une fois \u00e0 la t\u00eate d\u2019une entreprise \u00e0 domicile. \u00catre son propre patron et avoir la possibil\u00e9 de d\u00e9terminer ses propres horaires est tr\u00e8s lib\u00e9rant. Faire de ce r\u00eave une r\u00e9alit\u00e9 est&#8230; <a href=\"https:\/\/creervotrebusiness.com\/index.php\/vous-devez-apprendre-ceci-pour-ameliorer-votre-entreprise-a-domicile-3\/\" class=\"readmore\">Read more<span class=\"screen-reader-text\">Vous devez apprendre ceci pour am\u00e9liorer votre entreprise \u00e0 domicile.<\/span><span class=\"fa fa-angle-double-right\" aria-hidden=\"true\"><\/span><\/a><\/p>\n","protected":false},"author":1,"featured_media":0,"parent":0,"menu_order":0,"comment_status":"closed","ping_status":"closed","template":"","meta":{"om_disable_all_campaigns":false,"_monsterinsights_skip_tracking":false,"_monsterinsights_sitenote_active":false,"_monsterinsights_sitenote_note":"","_monsterinsights_sitenote_category":0,"footnotes":""},"class_list":["post-432","page","type-page","status-publish","hentry"],"_links":{"self":[{"href":"https:\/\/creervotrebusiness.com\/index.php\/wp-json\/wp\/v2\/pages\/432","targetHints":{"allow":["GET"]}}],"collection":[{"href":"https:\/\/creervotrebusiness.com\/index.php\/wp-json\/wp\/v2\/pages"}],"about":[{"href":"https:\/\/creervotrebusiness.com\/index.php\/wp-json\/wp\/v2\/types\/page"}],"author":[{"embeddable":true,"href":"https:\/\/creervotrebusiness.com\/index.php\/wp-json\/wp\/v2\/users\/1"}],"replies":[{"embeddable":true,"href":"https:\/\/creervotrebusiness.com\/index.php\/wp-json\/wp\/v2\/comments?post=432"}],"version-history":[{"count":1,"href":"https:\/\/creervotrebusiness.com\/index.php\/wp-json\/wp\/v2\/pages\/432\/revisions"}],"predecessor-version":[{"id":433,"href":"https:\/\/creervotrebusiness.com\/index.php\/wp-json\/wp\/v2\/pages\/432\/revisions\/433"}],"wp:attachment":[{"href":"https:\/\/creervotrebusiness.com\/index.php\/wp-json\/wp\/v2\/media?parent=432"}],"curies":[{"name":"wp","href":"https:\/\/api.w.org\/{rel}","templated":true}]}}