{"id":430,"date":"2023-02-22T17:48:56","date_gmt":"2023-02-22T17:48:56","guid":{"rendered":"https:\/\/creervotrebusiness.com\/?page_id=430"},"modified":"2023-02-22T17:48:56","modified_gmt":"2023-02-22T17:48:56","slug":"voulez-vous-un-coup-de-main-avec-votre-entreprise-a-domicile-2","status":"publish","type":"page","link":"https:\/\/creervotrebusiness.com\/index.php\/voulez-vous-un-coup-de-main-avec-votre-entreprise-a-domicile-2\/","title":{"rendered":"Voulez-vous un coup de main avec votre entreprise \u00e0 domicile\u00a0?"},"content":{"rendered":"\n<p><\/p>\n\n\n\n<p>D\u00e9marrer sa propre entreprise \u00e0 domicile est \u00e0 la fois \u00e9prouvant pour les nerfs et excitant. Comment allez-vous commencer&nbsp;? Vous devez trouver une r\u00e9ponse \u00e0 cette question ainsi qu\u2019aux questions li\u00e9es \u00e0 son d\u00e9veloppement. Lisez cet article pour savoir quel genre de choses vous pouvez en avoir besoin pour faire fonctionner votre entreprise.<\/p>\n\n\n\n<p><strong>1. Vous pouvez d\u00e9duire le frais de votre connexion Internet lorsque vous travaillez \u00e0 domicile. <\/strong>Cette d\u00e9duction peut allez jusqu\u2019\u00e0 la moiti\u00e9 des frais, m\u00eame si vous ne l\u2019utilisez pas toujours pour des raisons professionnelles.<\/p>\n\n\n\n<p><strong>2. Si votre entreprise fait dans la production, vous devez avoir une parfaite maitrise de vos couts de revient. <\/strong>Pour la vente en gros, vous pouvez doubler le prix. Pour ce qui est du d\u00e9tail le prix sera deux fois celui du gros. Vous devez fixer un prix qui est satisfaisant \u00e0 la fois pour votre budget et pour vos clients.<\/p>\n\n\n\n<p><strong>3. Rejoignez des forums qui se concentrent sur l\u2019entrepreneuriat \u00e0 domicile. <\/strong>Une recherche rapide sur Internet peut vous retourner quelques bons sites, et vous pouvez ainsi glaner quelques informations inestimables. En plus des forums, vous pouvez trouver beaucoup d\u2019informations dans un certain nombre de blogs.<\/p>\n\n\n\n<p><strong>4. Vous devez \u00eatre d\u00e9termin\u00e9 et avoir le sens de l\u2019initiative si vous voulez que votre entreprise \u00e0 domicile atteigne le succ\u00e8s. <\/strong>Construire une structure s\u00e9par\u00e9e pour votre entreprise \u00e0 domicile peut \u00eatre une bonne id\u00e9e, voire obligatoire aux yeux de la loi, et ce en fonction de vos codes locaux. Ceci est particuli\u00e8rement bien adapt\u00e9 pour les entreprises \u00e0 domicile qui ont souvent recours aux face \u00e0 face pour r\u00e9aliser leurs ventes, car cela gardera les clients hors de l\u2019espace priv\u00e9 de la maison. Cela vous permettra aussi d\u2019\u00e9conomiser de l\u2019argent qui aurait \u00e9t\u00e9 d\u00e9pens\u00e9 pour louer un espace de bureau, et vous \u00e9conomiserez par cons\u00e9quent pas mal de carburant qui vous aura \u00e9t\u00e9 n\u00e9cessaire pour vos d\u00e9placements quotidiens vers votre travail.<\/p>\n\n\n\n<p><strong>5. Lorsque vous avez un produit ou un service \u00e0 vendre, v\u00e9rifier toujours les prix de la concurrence. <\/strong>S\u2019enqu\u00e9rir des prix de vos concurrents peut vous aider \u00e0 d\u00e9terminer le prix ad\u00e9quat pour vos propres produits qui serait id\u00e9alement l\u00e9g\u00e8rement au-dessous des prix de cette concurrence. Il est non professionnel et g\u00e9n\u00e9ralement une mauvaise pratique commerciale de parler n\u00e9gativement de ses concurrents. Concentrez-vous plut\u00f4t sur votre propre entreprise et g\u00e9rez-la avec \u00e9thique et professionnalisme.<\/p>\n\n\n\n<p><strong>6. N\u2019oubliez pas de r\u00e9diger votre business plan. <\/strong>M\u00eame si votre entreprise peut sembler trop petite pour en avoir un, vous avez besoin de d\u00e9crire vos objectifs d\u2019affaires, de d\u00e9finir les ressources dont vous avez besoin, ainsi que les m\u00e9thodes que vous allez utiliser pour atteindre ces objectifs. Un plan d\u2019affaires vous aidera \u00e0 rester sur la bonne voie lorsque vous cultiverez votre entreprise.<\/p>\n\n\n\n<p><strong>7. Assurez la s\u00e9curit\u00e9 de votre zone de travail. <\/strong>Cela signifie que vous avez besoin d\u2019un extincteur ainsi qu\u2019un d\u00e9tecteur de fum\u00e9e. Votre ordinateur doit \u00eatre mis en place dans une position confortable si vous l\u2019utilisez souvent. Si vous avez une bonne protection contre le feu, vous aurez une meilleure assurance. Par ailleurs, avoir un grand bureau peut vous pr\u00e9server des blessures en travaillant.<\/p>\n\n\n\n<p>Comme il a \u00e9t\u00e9 mentionn\u00e9 plus haut dans cet article, une entreprise \u00e0 domicile peut \u00eatre \u00e0 la fois attrayante et intimidante. Nous esp\u00e9rons que vous avez pu en tirer quelques bonnes informations parmi celles partag\u00e9es dans cet article. Mettez ces conseils en action, et regardez votre entreprise prendre son envol.<\/p>\n","protected":false},"excerpt":{"rendered":"<p>D\u00e9marrer sa propre entreprise \u00e0 domicile est \u00e0 la fois \u00e9prouvant pour les nerfs et excitant. Comment allez-vous commencer&nbsp;? Vous devez trouver une r\u00e9ponse \u00e0 cette question ainsi qu\u2019aux questions li\u00e9es \u00e0 son d\u00e9veloppement. Lisez cet article pour savoir quel&#8230; <a href=\"https:\/\/creervotrebusiness.com\/index.php\/voulez-vous-un-coup-de-main-avec-votre-entreprise-a-domicile-2\/\" class=\"readmore\">Read more<span class=\"screen-reader-text\">Voulez-vous un coup de main avec votre entreprise \u00e0 domicile\u00a0?<\/span><span class=\"fa fa-angle-double-right\" aria-hidden=\"true\"><\/span><\/a><\/p>\n","protected":false},"author":1,"featured_media":0,"parent":0,"menu_order":0,"comment_status":"closed","ping_status":"closed","template":"","meta":{"om_disable_all_campaigns":false,"_monsterinsights_skip_tracking":false,"_monsterinsights_sitenote_active":false,"_monsterinsights_sitenote_note":"","_monsterinsights_sitenote_category":0,"footnotes":""},"class_list":["post-430","page","type-page","status-publish","hentry"],"_links":{"self":[{"href":"https:\/\/creervotrebusiness.com\/index.php\/wp-json\/wp\/v2\/pages\/430","targetHints":{"allow":["GET"]}}],"collection":[{"href":"https:\/\/creervotrebusiness.com\/index.php\/wp-json\/wp\/v2\/pages"}],"about":[{"href":"https:\/\/creervotrebusiness.com\/index.php\/wp-json\/wp\/v2\/types\/page"}],"author":[{"embeddable":true,"href":"https:\/\/creervotrebusiness.com\/index.php\/wp-json\/wp\/v2\/users\/1"}],"replies":[{"embeddable":true,"href":"https:\/\/creervotrebusiness.com\/index.php\/wp-json\/wp\/v2\/comments?post=430"}],"version-history":[{"count":1,"href":"https:\/\/creervotrebusiness.com\/index.php\/wp-json\/wp\/v2\/pages\/430\/revisions"}],"predecessor-version":[{"id":431,"href":"https:\/\/creervotrebusiness.com\/index.php\/wp-json\/wp\/v2\/pages\/430\/revisions\/431"}],"wp:attachment":[{"href":"https:\/\/creervotrebusiness.com\/index.php\/wp-json\/wp\/v2\/media?parent=430"}],"curies":[{"name":"wp","href":"https:\/\/api.w.org\/{rel}","templated":true}]}}