{"id":428,"date":"2023-02-22T17:48:01","date_gmt":"2023-02-22T17:48:01","guid":{"rendered":"https:\/\/creervotrebusiness.com\/?page_id=428"},"modified":"2023-02-22T17:48:01","modified_gmt":"2023-02-22T17:48:01","slug":"realisez-ce-que-vous-voulez-8-conseils-pour-que-votre-projet-dentreprise-a-domicile-marche-2","status":"publish","type":"page","link":"https:\/\/creervotrebusiness.com\/index.php\/realisez-ce-que-vous-voulez-8-conseils-pour-que-votre-projet-dentreprise-a-domicile-marche-2\/","title":{"rendered":"R\u00e9alisez ce que vous voulez\u00a0: 8 Conseils pour que votre projet d\u2019entreprise \u00e0 domicile marche."},"content":{"rendered":"\n<p><\/p>\n\n\n\n<p>Le travail \u00e0 domicile est quelque chose qui fait r\u00eaver beaucoup d\u2019employ\u00e9s de bureau. Peu importe si vous travaillez d\u00e9j\u00e0 \u00e0 partir de chez vous ou que vous souhaitez commencer \u00e0 le faire, cet article vous fournira de grands conseils pour tirer le meilleur parti de votre entreprise \u00e0 domicile.<\/p>\n\n\n\n<p><strong>1. Disposer d\u2019un espace de travail confortable avec les fournitures dont vous avez besoin est la premi\u00e8re \u00e9tape pour le d\u00e9marrage d\u2019une entreprise \u00e0 domicile. <\/strong>Bien que ce soit quelque chose qui peut \u00eatre consid\u00e9r\u00e9 comme banal, beaucoup de gens ne sont pas efficaces s\u2019ils ne se sentent pas \u00e0 l\u2019aise avec leur environnement de travail.<\/p>\n\n\n\n<p><strong>2. Avant d\u2019embaucher quelqu\u2019un pour vous aider avec votre entreprise \u00e0 domicile, faites une recherche approfondie dans son exp\u00e9rience professionnelle. <\/strong>Ainsi vous devez vous assurer que les personnes que vous recrutez sont fiables, et parfaitement en mesure \u00e0 r\u00e9pondre aux exigences du poste occup\u00e9, dans le cas contraire vous risquez de perdre tout ce que vous avez accompli jusqu\u2019\u00e0 pr\u00e9sent.<\/p>\n\n\n\n<p><strong>3. Lorsque vous travaillez \u00e0 domicile, limiter vos interruptions occasionn\u00e9es par votre famille. <\/strong>\u00c9tant donn\u00e9 que ces derni\u00e8res peuvent s\u00e9rieusement entraver votre productivit\u00e9, faites en sorte que tout votre entourage soit au courant quand vous \u00eates occup\u00e9 avec votre travail ainsi que quand vous avez termin\u00e9 et pr\u00eat \u00e0 leur accorder votre attention. Il est important qu\u2019ils comprennent qu\u2019une certaine intimit\u00e9 vous est n\u00e9cessaire et qu\u2019elle vous permettra de passer du temps avec eux d\u00e8s que vous avez termin\u00e9 votre travail. Vous devez vous assurer que vos enfants ne sont pas sans garde et que vous serez disponible en cas de besoin.<\/p>\n\n\n\n<p><strong>4. Ne soyez pas tent\u00e9 de d\u00e9laisser votre sant\u00e9 et votre hygi\u00e8ne en travaillant \u00e0 partir de votre bureau \u00e0 domicile. <\/strong>M\u00eame s\u2019il peut \u00eatre extr\u00eamement gratifiant d\u2019avoir une entreprise \u00e0 domicile, votre estime de soi pourrait prendre un coup si vous placez le travail au-dessus de vos propres besoins. Prendre une douche chaque matin, limiter les collations, et prendre le temps r\u00e9guli\u00e8rement de faire de l\u2019exercice est tr\u00e8s important. Ce conseil peut non seulement augmenter votre estime de soi, mais aussi affecter la fa\u00e7on dont les autres vous voient.<\/p>\n\n\n\n<p><strong>5. Si votre projet consiste \u00e0 vendre des produits ou des services, renseignez-vous sur les prix de la concurrence avant de d\u00e9terminer le v\u00f4tre. <\/strong>Regarder les prix de vos concurrents vous aidera \u00e0 garder des prix comp\u00e9titifs. Par ailleurs, parler n\u00e9gativement d\u2019une autre entreprise est mauvais pour votre image, concentrez-vous plut\u00f4t sur l\u2019am\u00e9lioration de la qualit\u00e9 de votre commerce.<\/p>\n\n\n\n<p><strong>6. Avoir le soutien de la famille et des amis permettra \u00e9galement d\u2019augmenter les chances de r\u00e9ussite de votre entreprise \u00e0 domicile. <\/strong>Il peut \u00eatre tr\u00e8s stressant d\u2019attendre que les affaires tournent comme on le veut. Ainsi votre famille ne doit pas seulement vous soutenir et vous encourager, mais doit aussi \u00eatre compr\u00e9hensive avec vous et votre travail.<\/p>\n\n\n\n<p><strong>7. Afin de trouver le succ\u00e8s avec votre propre entreprise \u00e0 domicile, vous devez \u00eatre totalement \u00e0 l\u2019aise dans sa promotion. <\/strong>Lorsque vous poss\u00e9dez une entreprise, vous devez \u00eatre capable de parler intelligemment de cette derni\u00e8re et d\u2019exposer ses points fort et de ce qu\u2019elle peut faire pour les autres. Vous devez vous assurer aussi que vos clients connaissent la qualit\u00e9 de vos produits. Comprendre comment l\u2019autopromotion fonctionne est vitale pour g\u00e9n\u00e9rer d\u2019excellents profits.<\/p>\n\n\n\n<p><strong>8. Promouvoir vos produits ou vos services en ligne est une excellente fa\u00e7on de faire conna\u00eetre votre entreprise. <\/strong>Il existe plusieurs moyens pour tirer profit de l\u2019Internet afin de promouvoir son entreprise. Par exemple en r\u00e9digeant des articles qui sont li\u00e9s \u00e0 votre niche et en les postant \u00e0 des r\u00e9pertoires et \u00e0 des blogs. Vous pouvez \u00e9galement distribuer des bulletins \u00e9lectroniques \u00e0 vos clients. Le r\u00e9sultat sera une exposition accrue et une augmentation de vos profits.<\/p>\n\n\n\n<p>Il y a beaucoup de choses que vous pouvez essayer afin de g\u00e9n\u00e9rer plus de ventes pour votre entreprise \u00e0 domicile. Mettez en pratique les conseils que vous venez de lire, puis analyser vos r\u00e9sultats et gardez-en une trace afin d\u2019avoir une meilleure id\u00e9e de quelle strat\u00e9gie est la plus efficace pour vous. Puisse la chance \u00eatre favorable \u00e0 votre entreprise&nbsp;!<\/p>\n","protected":false},"excerpt":{"rendered":"<p>Le travail \u00e0 domicile est quelque chose qui fait r\u00eaver beaucoup d\u2019employ\u00e9s de bureau. Peu importe si vous travaillez d\u00e9j\u00e0 \u00e0 partir de chez vous ou que vous souhaitez commencer \u00e0 le faire, cet article vous fournira de grands conseils&#8230; <a href=\"https:\/\/creervotrebusiness.com\/index.php\/realisez-ce-que-vous-voulez-8-conseils-pour-que-votre-projet-dentreprise-a-domicile-marche-2\/\" class=\"readmore\">Read more<span class=\"screen-reader-text\">R\u00e9alisez ce que vous voulez\u00a0: 8 Conseils pour que votre projet d\u2019entreprise \u00e0 domicile marche.<\/span><span class=\"fa fa-angle-double-right\" aria-hidden=\"true\"><\/span><\/a><\/p>\n","protected":false},"author":1,"featured_media":0,"parent":0,"menu_order":0,"comment_status":"closed","ping_status":"closed","template":"","meta":{"om_disable_all_campaigns":false,"_monsterinsights_skip_tracking":false,"_monsterinsights_sitenote_active":false,"_monsterinsights_sitenote_note":"","_monsterinsights_sitenote_category":0,"footnotes":""},"class_list":["post-428","page","type-page","status-publish","hentry"],"_links":{"self":[{"href":"https:\/\/creervotrebusiness.com\/index.php\/wp-json\/wp\/v2\/pages\/428","targetHints":{"allow":["GET"]}}],"collection":[{"href":"https:\/\/creervotrebusiness.com\/index.php\/wp-json\/wp\/v2\/pages"}],"about":[{"href":"https:\/\/creervotrebusiness.com\/index.php\/wp-json\/wp\/v2\/types\/page"}],"author":[{"embeddable":true,"href":"https:\/\/creervotrebusiness.com\/index.php\/wp-json\/wp\/v2\/users\/1"}],"replies":[{"embeddable":true,"href":"https:\/\/creervotrebusiness.com\/index.php\/wp-json\/wp\/v2\/comments?post=428"}],"version-history":[{"count":1,"href":"https:\/\/creervotrebusiness.com\/index.php\/wp-json\/wp\/v2\/pages\/428\/revisions"}],"predecessor-version":[{"id":429,"href":"https:\/\/creervotrebusiness.com\/index.php\/wp-json\/wp\/v2\/pages\/428\/revisions\/429"}],"wp:attachment":[{"href":"https:\/\/creervotrebusiness.com\/index.php\/wp-json\/wp\/v2\/media?parent=428"}],"curies":[{"name":"wp","href":"https:\/\/api.w.org\/{rel}","templated":true}]}}