{"id":426,"date":"2023-02-22T17:47:07","date_gmt":"2023-02-22T17:47:07","guid":{"rendered":"https:\/\/creervotrebusiness.com\/?page_id=426"},"modified":"2023-02-22T17:47:07","modified_gmt":"2023-02-22T17:47:07","slug":"observez-votre-entreprise-a-domicile-prendre-de-lampleur-grace-a-ces-conseils-2","status":"publish","type":"page","link":"https:\/\/creervotrebusiness.com\/index.php\/observez-votre-entreprise-a-domicile-prendre-de-lampleur-grace-a-ces-conseils-2\/","title":{"rendered":"Observez votre entreprise \u00e0 domicile prendre de l\u2019ampleur gr\u00e2ce \u00e0 ces conseils."},"content":{"rendered":"\n<p><\/p>\n\n\n\n<p>G\u00e9rer une entreprise \u00e0 partir de votre maison peut \u00eatre \u00e0 la fois une b\u00e9n\u00e9diction et une mal\u00e9diction&nbsp;! Vous devez \u00eatre pr\u00eat \u00e0 mobiliser beaucoup d\u2019efforts pour r\u00e9ussir \u00e0 mettre sur les rails votre entreprise \u00e0 domicile. \u00c9ventuellement, votre entreprise sera en mesure de tourner par elle-m\u00eame, mais pour que cela devienne r\u00e9alit\u00e9 vous devez travailler dur, tr\u00e8s dur. Tout comme toute autre entreprise d\u2019ailleurs, il vous faut faire beaucoup d\u2019efforts pour que les choses jouent en votre faveur.<\/p>\n\n\n\n<p><strong>1. N\u2019oubliez pas de profiter des d\u00e9ductions fiscales pour votre usage d\u2019Internet. <\/strong>Vous pouvez d\u00e9duire les co\u00fbts de l\u2019Internet, mais si vous l\u2019utilisez aussi en dehors du cadre professionnel, vous ne pouvez pas demander plus de 50&nbsp;% de r\u00e9duction. Renseignez-vous.<\/p>\n\n\n\n<p><strong>2. Les d\u00e9placements peuvent, eux aussi, \u00eatre d\u00e9duits s\u2019ils sont effectu\u00e9s pour le compte de votre entreprise. <\/strong>Alors que vous pouvez m\u00eame prendre en compte les d\u00e9placements pour aller au magasin et acheter des fournitures, vous devez \u00eatre en mesure de prouver que le trajet a \u00e9t\u00e9 n\u00e9cessaire pour votre entreprise.<\/p>\n\n\n\n<p><strong>3. Toujours se d\u00e9mener pour rendre les clients heureux. <\/strong>Glissez un petit quelque chose avec leurs commandes, ou \u00e9crivez-leur un mot de remerciement. Ceci est un excellent moyen pour leur faire savoir que vous \u00eates reconnaissants pour leur confiance. Si vous fournissez des incitations et des cadeaux \u00e0 vos clients, ils vont certainement l\u2019adorer. En somme, prouver que vos clients sont importants pour vous.<\/p>\n\n\n\n<p><strong>4. Pensez \u00e0 ajouter des liens sur la page d\u2019accueil de votre site web qui renvoient vers d\u2019autres sites avec lesquels vous collaborez. <\/strong>Vous pouvez \u00e9changer des liens ou des graphiques avec d\u2019autres sites qui ont un contenu similaire au v\u00f4tre. Ceci est une fa\u00e7on rapide et est assez simple d\u2019augmenter votre classement sur les moteurs de recherche.<\/p>\n\n\n\n<p><strong>5. S\u00e9lectionnez un nom d\u2019entreprise avec une certaine signification personnelle. <\/strong>En outre, acheter un nom de domaine pour votre entreprise, m\u00eame si vous n\u2019avez pas pr\u00e9vu encore de site. Le co\u00fbt d\u2019un nom de domaine est g\u00e9n\u00e9ralement assez faible, et vous vous devez l\u2019acheter avant que quelqu\u2019un d\u2019autre n\u2019ait la m\u00eame id\u00e9e. Dans un premier temps, utiliser un site d\u2019une page qui donne les informations essentielles de votre entreprise.<\/p>\n\n\n\n<p><strong>6. Passez sous la loupe votre march\u00e9 cible avant de d\u00e9marrer votre entreprise \u00e0 domicile. <\/strong>Bien que vous pouvez \u00eatre bien vers\u00e9 dans vos produits et services, savoir o\u00f9 se trouve votre march\u00e9 et o\u00f9 se situent ses besoins, vous aidera \u00e0 cr\u00e9er le plan de ventes optimal, ce qui am\u00e8nera les client vers vous. Si vous optez pour un site Web, analysez comment votre public cible interagit avec les options en ligne, et concevez le site en prenant en consid\u00e9ration les informations que vous avez collect\u00e9.<\/p>\n\n\n\n<p><strong>7. Am\u00e9nagez dans votre r\u00e9sidence un espace qui sera votre zone de travail. <\/strong>Vous aurez besoin d\u2019un peu d\u2019espace pour organiser tous vos documents. Cela fera en sorte que tout ce que vous faites soit organis\u00e9, ce qui est important pour le succ\u00e8s de l\u2019entreprise.<\/p>\n\n\n\n<p><strong>8. D\u00e9posez vos paiements aussit\u00f4t en mains. <\/strong>Faites des d\u00e9p\u00f4ts quotidiens. Si vous ne d\u00e9posez pas un ch\u00e8que tout de suite, il pourrait se perdre. Ne comptez pas sur les guichets automatiques pour vos d\u00e9p\u00f4ts. Mettre votre argent directement dans les mains d\u2019un caissier fera en sorte qu\u2019il y ait moins de chances d\u2019erreurs.<\/p>\n\n\n\n<p>S\u2019il \u00e0 moment il vous semble que vous verser une tonne de temps dans votre entreprise sans voir de r\u00e9compenses, dites vous que c\u2019est le cas de toutes les autres entreprises qui commencent. Devenir riche du jour au lendemain ne peut pas vraiment se produire, sauf pour les gagnants de loteries. Si vous travaillez dur et bien, votre entreprise sera susceptible de r\u00e9sister \u00e0 l\u2019\u00e9preuve du temps.<\/p>\n","protected":false},"excerpt":{"rendered":"<p>G\u00e9rer une entreprise \u00e0 partir de votre maison peut \u00eatre \u00e0 la fois une b\u00e9n\u00e9diction et une mal\u00e9diction&nbsp;! Vous devez \u00eatre pr\u00eat \u00e0 mobiliser beaucoup d\u2019efforts pour r\u00e9ussir \u00e0 mettre sur les rails votre entreprise \u00e0 domicile. \u00c9ventuellement, votre entreprise&#8230; <a href=\"https:\/\/creervotrebusiness.com\/index.php\/observez-votre-entreprise-a-domicile-prendre-de-lampleur-grace-a-ces-conseils-2\/\" class=\"readmore\">Read more<span class=\"screen-reader-text\">Observez votre entreprise \u00e0 domicile prendre de l\u2019ampleur gr\u00e2ce \u00e0 ces conseils.<\/span><span class=\"fa fa-angle-double-right\" aria-hidden=\"true\"><\/span><\/a><\/p>\n","protected":false},"author":1,"featured_media":0,"parent":0,"menu_order":0,"comment_status":"closed","ping_status":"closed","template":"","meta":{"om_disable_all_campaigns":false,"_monsterinsights_skip_tracking":false,"_monsterinsights_sitenote_active":false,"_monsterinsights_sitenote_note":"","_monsterinsights_sitenote_category":0,"footnotes":""},"class_list":["post-426","page","type-page","status-publish","hentry"],"_links":{"self":[{"href":"https:\/\/creervotrebusiness.com\/index.php\/wp-json\/wp\/v2\/pages\/426","targetHints":{"allow":["GET"]}}],"collection":[{"href":"https:\/\/creervotrebusiness.com\/index.php\/wp-json\/wp\/v2\/pages"}],"about":[{"href":"https:\/\/creervotrebusiness.com\/index.php\/wp-json\/wp\/v2\/types\/page"}],"author":[{"embeddable":true,"href":"https:\/\/creervotrebusiness.com\/index.php\/wp-json\/wp\/v2\/users\/1"}],"replies":[{"embeddable":true,"href":"https:\/\/creervotrebusiness.com\/index.php\/wp-json\/wp\/v2\/comments?post=426"}],"version-history":[{"count":1,"href":"https:\/\/creervotrebusiness.com\/index.php\/wp-json\/wp\/v2\/pages\/426\/revisions"}],"predecessor-version":[{"id":427,"href":"https:\/\/creervotrebusiness.com\/index.php\/wp-json\/wp\/v2\/pages\/426\/revisions\/427"}],"wp:attachment":[{"href":"https:\/\/creervotrebusiness.com\/index.php\/wp-json\/wp\/v2\/media?parent=426"}],"curies":[{"name":"wp","href":"https:\/\/api.w.org\/{rel}","templated":true}]}}