{"id":422,"date":"2023-02-22T17:45:08","date_gmt":"2023-02-22T17:45:08","guid":{"rendered":"https:\/\/creervotrebusiness.com\/?page_id=422"},"modified":"2023-02-22T17:45:08","modified_gmt":"2023-02-22T17:45:08","slug":"les-principes-de-base-dans-la-gestion-dune-entreprise-a-domicile-reussie-2","status":"publish","type":"page","link":"https:\/\/creervotrebusiness.com\/index.php\/les-principes-de-base-dans-la-gestion-dune-entreprise-a-domicile-reussie-2\/","title":{"rendered":"Les principes de base dans la gestion d\u2019une entreprise \u00e0 domicile r\u00e9ussie."},"content":{"rendered":"\n<p><\/p>\n\n\n\n<p>L\u2019ex\u00e9cution de votre propre entreprise \u00e0 domicile est tr\u00e8s attrayante, mais elle peut aussi \u00eatre assez intimidante. Une des choses les plus importantes est de savoir par o\u00f9 commencer. Comment peut-on la faire fonctionner&nbsp;? Vous avez probablement beaucoup de questions. Cet article est destin\u00e9 \u00e0 vous donner quelques-unes des r\u00e9ponses pour vous mettre sur le chemin de l\u2019ex\u00e9cution de votre propre entreprise \u00e0 domicile.<\/p>\n\n\n\n<p><strong>1. Il est important d\u2019avoir un plan au cas o\u00f9 votre entreprise \u00e0 domicile a des probl\u00e8mes. <\/strong>Vous devez toujours pr\u00e9voir un plan secondaire que vous pouvez mettre en action dans le cas d\u2019une catastrophe. Lorsque vous planifiez pour ce genre de choses, vous pouvez \u00eatre s\u00fbr que votre entreprise continuera \u00e0 enregistrer des b\u00e9n\u00e9fices.<\/p>\n\n\n\n<p><strong>2. Ne l\u00e9sinez pas sur les moyens quand il vient \u00e0 plaire \u00e0 vos clients. <\/strong>Des choses simples comme des notes de remerciement ou des articles freebis montreront \u00e0 vos clients que vous appr\u00e9ciez leur confiance et vous permettra en m\u00eame temps de g\u00e9n\u00e9rer des ventes de r\u00e9p\u00e9tition. Deux choses que les clients aiment sont la gratitude et les cadeaux. Faites-leur savoir que vous \u00eates reconnaissants pour leur engagement.<\/p>\n\n\n\n<p><strong>3. Trouver des ressources en ligne, comme un forum ou un groupe de discussion. <\/strong>Faites vos recherches pour savoir quels sont les sites les plus r\u00e9put\u00e9s. Il y a aussi une vari\u00e9t\u00e9 de blogs que vous pouvez consulter pour plus de conseils.<\/p>\n\n\n\n<p><strong>4. Vous pouvez d\u00e9marrer une entreprise \u00e0 domicile en offrant des le\u00e7ons aux personnes int\u00e9ress\u00e9es. <\/strong>Beaucoup de gens pensent que les le\u00e7ons priv\u00e9es sont mieux qu\u2019une \u00e9cole standard parce que les horaires ne sont pas aussi rigides. Enseigner une comp\u00e9tence que vous maitrisez, telle que la musique si toutefois vous vous y connaissez, est une grande id\u00e9e pour une entreprise \u00e0 domicile.<\/p>\n\n\n\n<p><strong>5. Obtenir une adresse de bo\u00eete postale pour toute correspondance d\u2019affaires. <\/strong>Ne faites pas de votre adresse domiciliaire votre adresse postale lorsque vous postez vos annonces en ligne. Cela aidera \u00e0 prot\u00e9ger votre identit\u00e9 et celle de votre famille.<\/p>\n\n\n\n<p>Envoyez une annonce de l\u2019e-mail \u00e0 vos proches et coll\u00e8gues lorsque vous d\u00e9marrez votre entreprise \u00e0 domicile. Offrez un incitatif pour aider votre entreprise \u00e0 obtenir hors de la terre. En outre, vous aurez envie de leur dire de faire passer le mot. Parole de la publicit\u00e9 bouche peut \u00eatre extr\u00eamement efficace.<\/p>\n\n\n\n<p><strong>6. Participer \u00e0 des forums sur le net qui sont li\u00e9s \u00e0 votre niche. <\/strong>Vous pouvez vous mettre en r\u00e9seau avec des professionnels, mais aussi d\u2019utiliser ces moyens comme une autre fa\u00e7on de commercialiser et de promouvoir vos produits. Il est impossible de savoir ce qu\u2019un nouveau contact peut vous apporter en termes de ventes.<\/p>\n\n\n\n<p><strong>7. Les banni\u00e8res peuvent \u00eatre un outil pr\u00e9cieux pour le site Web de votre entreprise. <\/strong>Cette page vous donnera la possibilit\u00e9 d\u2019\u00e9changer des liens de banni\u00e8res et des annonces similaires avec des sites affili\u00e9s. Cette m\u00e9thode est excellente pour augmenter vos classements sur les moteurs de recherche, ce qui permettra aux gens de localiser facilement votre page et ainsi votre produit.<\/p>\n\n\n\n<p><strong>8. Faites une recherche sur la fourchette de prix propos\u00e9e sur le march\u00e9 pour des produits similaires aux v\u00f4tres avant de commencer \u00e0 essayer de vendre. <\/strong>Essayez de garder vos prix un peu plus bas que la concurrence. Lorsque vous essayez de faire une vente, \u00e9viter de rabaisser la concurrence en parlant mal de cette derni\u00e8re, et mettez plut\u00f4t l\u2019accent sur les avantages de votre propre produit ou service \u00e0 la place.<\/p>\n\n\n\n<p>Comme il a \u00e9t\u00e9 mentionn\u00e9 plus haut dans cet article, une entreprise \u00e0 domicile peut \u00eatre une id\u00e9e s\u00e9duisante et intimidante \u00e0 la fois. Nous esp\u00e9rons que vous avez pu tirer quelques bonnes informations de cet article. Mettez ces conseils en action, et attendez de voir les choses se d\u00e9velopper en faveur de votre entreprise \u00e0 domicile.<\/p>\n","protected":false},"excerpt":{"rendered":"<p>L\u2019ex\u00e9cution de votre propre entreprise \u00e0 domicile est tr\u00e8s attrayante, mais elle peut aussi \u00eatre assez intimidante. Une des choses les plus importantes est de savoir par o\u00f9 commencer. Comment peut-on la faire fonctionner&nbsp;? Vous avez probablement beaucoup de questions&#8230;. <a href=\"https:\/\/creervotrebusiness.com\/index.php\/les-principes-de-base-dans-la-gestion-dune-entreprise-a-domicile-reussie-2\/\" class=\"readmore\">Read more<span class=\"screen-reader-text\">Les principes de base dans la gestion d\u2019une entreprise \u00e0 domicile r\u00e9ussie.<\/span><span class=\"fa fa-angle-double-right\" aria-hidden=\"true\"><\/span><\/a><\/p>\n","protected":false},"author":1,"featured_media":0,"parent":0,"menu_order":0,"comment_status":"closed","ping_status":"closed","template":"","meta":{"om_disable_all_campaigns":false,"_monsterinsights_skip_tracking":false,"_monsterinsights_sitenote_active":false,"_monsterinsights_sitenote_note":"","_monsterinsights_sitenote_category":0,"footnotes":""},"class_list":["post-422","page","type-page","status-publish","hentry"],"_links":{"self":[{"href":"https:\/\/creervotrebusiness.com\/index.php\/wp-json\/wp\/v2\/pages\/422","targetHints":{"allow":["GET"]}}],"collection":[{"href":"https:\/\/creervotrebusiness.com\/index.php\/wp-json\/wp\/v2\/pages"}],"about":[{"href":"https:\/\/creervotrebusiness.com\/index.php\/wp-json\/wp\/v2\/types\/page"}],"author":[{"embeddable":true,"href":"https:\/\/creervotrebusiness.com\/index.php\/wp-json\/wp\/v2\/users\/1"}],"replies":[{"embeddable":true,"href":"https:\/\/creervotrebusiness.com\/index.php\/wp-json\/wp\/v2\/comments?post=422"}],"version-history":[{"count":1,"href":"https:\/\/creervotrebusiness.com\/index.php\/wp-json\/wp\/v2\/pages\/422\/revisions"}],"predecessor-version":[{"id":423,"href":"https:\/\/creervotrebusiness.com\/index.php\/wp-json\/wp\/v2\/pages\/422\/revisions\/423"}],"wp:attachment":[{"href":"https:\/\/creervotrebusiness.com\/index.php\/wp-json\/wp\/v2\/media?parent=422"}],"curies":[{"name":"wp","href":"https:\/\/api.w.org\/{rel}","templated":true}]}}