{"id":420,"date":"2023-02-22T17:44:01","date_gmt":"2023-02-22T17:44:01","guid":{"rendered":"https:\/\/creervotrebusiness.com\/?page_id=420"},"modified":"2023-02-22T17:44:01","modified_gmt":"2023-02-22T17:44:01","slug":"laissez-votre-entreprise-a-domicile-prendre-son-essor-2","status":"publish","type":"page","link":"https:\/\/creervotrebusiness.com\/index.php\/laissez-votre-entreprise-a-domicile-prendre-son-essor-2\/","title":{"rendered":"Laissez votre entreprise \u00e0 domicile prendre son essor"},"content":{"rendered":"\n<p><\/p>\n\n\n\n<p>Il est vrai que les entreprises \u00e0 domicile peuvent \u00eatre un pari risqu\u00e9, toutefois il se trouve qu\u2019elles sont souvent rentables. C\u2019est pour cette raison, entre autres, que beaucoup de gens veulent \u00eatre leur propre patron. Cependant, pour r\u00e9ussir vous devez toujours agir professionnellement et gardez votre volont\u00e9 intacte. Vous lirez ici quelques conseils pour g\u00e9rer efficacement son entreprise \u00e0 domicile.<\/p>\n\n\n\n<p><strong>1. N\u2019oubliez pas de prendre des pauses de temps \u00e0 autre, mais ne laissez pas les t\u00e2ches m\u00e9nag\u00e8res ou les activit\u00e9s personnelles vous d\u00e9rober de votre travail. <\/strong>Par exemple, ne restez pas des heures au t\u00e9l\u00e9phone \u00e0 papoter de tout et de rien alors que vous avez du travail qui vous attend. Prenez le temps de recharger vos batteries en prenant une marche ou en sirotant une tasse de th\u00e9.<\/p>\n\n\n\n<p><strong>2. Veillez \u00e0 distinguer clairement votre temps de travail et le temps que vous prenez pour vous. <\/strong>Cela peut \u00eatre fait en \u00e9laborant un planning r\u00e9gulier des heures de travail et de s\u2019y coller. D\u00e9finir l\u2019heure d\u2019arr\u00eat de travail o\u00f9 vous cesserez d\u2019accepter les appels en rapport \u00e0 votre entreprise. Faites de la place dans vos journ\u00e9es pour vos amis, votre famille et pour vous-m\u00eame.<\/p>\n\n\n\n<p><strong>3. Lorsque vient le temps d\u2019embaucher des employ\u00e9s pour vous aider avec votre entreprise \u00e0 domicile, vous devrez alors \u00eatre judicieux dans vos recrutements. <\/strong>Soyez certain que tous les employ\u00e9s que vous embauchez sont bien qualifi\u00e9s pour vendre votre produit ou votre service afin d\u2019\u00e9viter tout dommage \u00e0 votre entreprise.<\/p>\n\n\n\n<p><strong>4. Si vous avez du mal \u00e0 penser au produit que vous allez vendre, imaginer quelque chose que vous trouvez, vous-m\u00eame, utile dans votre vie quotidienne. <\/strong>Essayez de d\u00e9terminer les besoins de vos clients avant de choisir un produit. Si vous avez un certain besoin non combl\u00e9 dans la vie, il y a des chances pour que d\u2019autres personnes l\u2019aient aussi.<\/p>\n\n\n\n<p><strong>5. Parce que rien ne peut assurer totalement la r\u00e9ussite de votre entreprise \u00e0 domicile, vous devez commencer le processus de cr\u00e9ation pendant que vous percevez encore un salaire. <\/strong>Il faut un certain temps pour commencer \u00e0 faire de l\u2019argent, donc si vous pouvez garder les revenus actuels de votre travail, ceux-ci seront votre filet de secours.<\/p>\n\n\n\n<p><strong>6. Chercher activement le soutien des autres propri\u00e9taires d\u2019entreprise \u00e0 domicile. <\/strong>Vous pouvez ainsi trouver d\u2019autres personnes qui sont int\u00e9ress\u00e9es par la formation d\u2019un r\u00e9seau qui r\u00e9pond \u00e0 vos besoins particuliers. Alors que tous les membres ne seront pas forc\u00e9ment du m\u00eame domaine d\u2019activit\u00e9 que le v\u00f4tre, vous aurez au moins en commun le fait de poss\u00e9der tous une entreprise \u00e0 domicile.<\/p>\n\n\n\n<p><strong>7. Assurez-vous de garder une trace de toutes vos d\u00e9penses, car cela peut vous aider \u00e0 garder un suivi et ainsi il vous sera possible de r\u00e9aliser des \u00e9conomies. <\/strong>Vous devez garder une trace de vos d\u00e9penses, comme pour les frais des fournitures de bureau et ceux d\u2019internet. Vous pouvez d\u00e9duire un grand nombre de ces d\u00e9penses de vos imp\u00f4ts. Pour \u00e9viter d\u2019\u00e9ventuelles complications fiscales dont vous pouvez tr\u00e8s bien vous passer, souvenez-vous de suivre toutes les d\u00e9penses li\u00e9es \u00e0 votre activit\u00e9 professionnelle.<\/p>\n\n\n\n<p><strong>8. Avant de d\u00e9marrer une entreprise \u00e0 domicile, d\u00e9finissez votre public cible. <\/strong>Vous pouvez penser que vous savez tout ce qu\u2019il y a \u00e0 savoir au sujet de votre produit ou de votre service, mais vous ne pouvez ignorer la dynamique du march\u00e9. Fournir un produit n\u2019est pas la m\u00eame chose que de conna\u00eetre les clients, les demandes saisonni\u00e8res, les forces du march\u00e9, etc. Si une pr\u00e9sence sur le web est pr\u00e9vue, assurez-vous de conna\u00eetre les pr\u00e9f\u00e9rences en ligne de vos clients.<\/p>\n\n\n\n<p>Il est important de bien vous rappeler que la r\u00e9ussite ou l\u2019\u00e9chec de votre entreprise \u00e0 domicile d\u00e9pend de vous et de votre volont\u00e9. Mettez en pratique les conseils comme ceux contenus dans cet article pour rendre votre entreprise \u00e0 domicile, une entreprise r\u00e9ussie et prosp\u00e8re.<\/p>\n","protected":false},"excerpt":{"rendered":"<p>Il est vrai que les entreprises \u00e0 domicile peuvent \u00eatre un pari risqu\u00e9, toutefois il se trouve qu\u2019elles sont souvent rentables. C\u2019est pour cette raison, entre autres, que beaucoup de gens veulent \u00eatre leur propre patron. Cependant, pour r\u00e9ussir vous&#8230; <a href=\"https:\/\/creervotrebusiness.com\/index.php\/laissez-votre-entreprise-a-domicile-prendre-son-essor-2\/\" class=\"readmore\">Read more<span class=\"screen-reader-text\">Laissez votre entreprise \u00e0 domicile prendre son essor<\/span><span class=\"fa fa-angle-double-right\" aria-hidden=\"true\"><\/span><\/a><\/p>\n","protected":false},"author":1,"featured_media":0,"parent":0,"menu_order":0,"comment_status":"closed","ping_status":"closed","template":"","meta":{"om_disable_all_campaigns":false,"_monsterinsights_skip_tracking":false,"_monsterinsights_sitenote_active":false,"_monsterinsights_sitenote_note":"","_monsterinsights_sitenote_category":0,"footnotes":""},"class_list":["post-420","page","type-page","status-publish","hentry"],"_links":{"self":[{"href":"https:\/\/creervotrebusiness.com\/index.php\/wp-json\/wp\/v2\/pages\/420","targetHints":{"allow":["GET"]}}],"collection":[{"href":"https:\/\/creervotrebusiness.com\/index.php\/wp-json\/wp\/v2\/pages"}],"about":[{"href":"https:\/\/creervotrebusiness.com\/index.php\/wp-json\/wp\/v2\/types\/page"}],"author":[{"embeddable":true,"href":"https:\/\/creervotrebusiness.com\/index.php\/wp-json\/wp\/v2\/users\/1"}],"replies":[{"embeddable":true,"href":"https:\/\/creervotrebusiness.com\/index.php\/wp-json\/wp\/v2\/comments?post=420"}],"version-history":[{"count":1,"href":"https:\/\/creervotrebusiness.com\/index.php\/wp-json\/wp\/v2\/pages\/420\/revisions"}],"predecessor-version":[{"id":421,"href":"https:\/\/creervotrebusiness.com\/index.php\/wp-json\/wp\/v2\/pages\/420\/revisions\/421"}],"wp:attachment":[{"href":"https:\/\/creervotrebusiness.com\/index.php\/wp-json\/wp\/v2\/media?parent=420"}],"curies":[{"name":"wp","href":"https:\/\/api.w.org\/{rel}","templated":true}]}}