{"id":418,"date":"2023-02-22T17:43:24","date_gmt":"2023-02-22T17:43:24","guid":{"rendered":"https:\/\/creervotrebusiness.com\/?page_id=418"},"modified":"2023-02-22T17:43:24","modified_gmt":"2023-02-22T17:43:24","slug":"gerer-une-grande-entreprise-a-partir-de-chez-soi-2","status":"publish","type":"page","link":"https:\/\/creervotrebusiness.com\/index.php\/gerer-une-grande-entreprise-a-partir-de-chez-soi-2\/","title":{"rendered":"G\u00e9rer une grande entreprise \u00e0 partir de chez soi"},"content":{"rendered":"\n<p><\/p>\n\n\n\n<p>Vous devez savoir qu\u2019il y a une multitude de grandes opportunit\u00e9s en mati\u00e8re d\u2019entreprise \u00e0 domicile. La possibilit\u00e9 d\u2019\u00eatre son propre patron et de travailler \u00e0 des horaires que l\u2019on d\u00e9termine soi-m\u00eame est tr\u00e8s attrayante pour la plupart des gens. Les conseils prodigu\u00e9s dans cet article peuvent vous aider \u00e0 prendre votre id\u00e9e et \u00e0 en faire une activit\u00e9 concr\u00e8te.<\/p>\n\n\n\n<p><strong>1. Si vous avez besoin d\u2019inviter vos clients pour des diners d\u2019affaires, assurez-vous que vous d\u00e9duisez le co\u00fbt de ces r\u00e9unions lorsque vient le temps de payer les imp\u00f4ts. <\/strong>Dans ces cas, ces r\u00e9unions sont des d\u00e9penses d\u2019affaires l\u00e9gitimes. Soyez, toutefois, tr\u00e8s prudent avec ces \u00e9v\u00e8nements. De telles r\u00e9unions doivent se faire avec les clients actuels de l\u2019entreprise ou bien avec des clients potentiels, sinon les repas et les divertissements ne seront pas consid\u00e9r\u00e9s comme des d\u00e9penses d\u00e9ductibles d\u2019imp\u00f4t.<\/p>\n\n\n\n<p><strong>2. Vous devez \u00eatre en mesure de parler de votre plan d\u2019affaires et de vos objectifs en quelques phrases seulement. <\/strong>Lorsque vous \u00eates capable de pr\u00e9senter votre entreprise en quelques phrases, vous pouvez alors impressionner vos clients ou les clients potentiels. Cela vous aidera, par ailleurs, \u00e0 imaginer un slogan qui exprime votre entreprise et son objectif principal.<\/p>\n\n\n\n<p><strong>3. Vous devez toujours savoir combien vous d\u00e9pensez pour faire les produits que vous vendez, de sorte \u00e0 ne pas perdre de l\u2019argent. <\/strong>En g\u00e9n\u00e9ral, la marge de base quand vous vendez au gros serait deux fois le prix de votre co\u00fbt de production. Pour ce qui est du prix de d\u00e9tail, la marge est deux fois le prix de gros. Faites un juste prix qui vous satisfera vous ainsi que vos clients.<\/p>\n\n\n\n<p><strong>4. Vous devez vous assurer de suivre au pied de la lettre toutes les lois dans votre r\u00e9gion. <\/strong>Les voisins pourraient se plaindre si les niveaux de bruit sont trop \u00e9lev\u00e9s. Si vous utilisez des produits chimiques pour votre entreprise, assurez-vous d\u2019\u00eatre de respecter les r\u00e8gles de s\u00e9curit\u00e9. Faites profil bas afin de garder de bonnes relations avec les voisins. Installez tous les signes qui sont mandat\u00e9s, mais n\u2019en faites pas trop. En somme, faites de votre mieux pour rester discret.<\/p>\n\n\n\n<p><strong>5. Afin de vous assurer que votre entreprise est financi\u00e8rement d\u00e9finie, vous devez toujours avoir des fonds d\u2019urgence disponibles. <\/strong>Si une d\u00e9pense impr\u00e9vue survient, ce fonds pourrait vous aider \u00e0 passer \u00e0 travers, sans interrompre le fonctionnement normal de votre entreprise. Ne touchez \u00e0 cet argent qu\u2019en cas d\u2019urgence. Rappelez-vous seulement de le r\u00e9approvisionner une fois sollicit\u00e9.<\/p>\n\n\n\n<p><strong>6. Ne restez pas suspendu au pass\u00e9. <\/strong>Essayez de vous rappeler que vos succ\u00e8s sont dans le pass\u00e9. Les choses qui se produiront \u00e0 l\u2019avenir sont celles qui doivent retenir votre attention. Cela vous aidera \u00e0 vous \u00eatre pr\u00eat \u00e0 saisir les opportunit\u00e9s futures ou \u00e0 \u00e9viter d\u2019\u00e9ventuels obstacles qui peuvent survenir au long du chemin. De cette fa\u00e7on, vous ne vous retrouverez pas pris par les \u00e9v\u00e8nements.<\/p>\n\n\n\n<p><strong>7. Toujours faire des recherches sur le march\u00e9 cible sur lequel se concentre votre activit\u00e9. <\/strong>Vous devez savoir s\u2019il y a une demande pour votre produit et comment attirer vos clients potentiels. Si vous passez par un site Web, assurez-vous d\u2019analyser le comportement de vos visiteurs afin d\u2019en tirer le maximum d\u2019informations possible. Ainsi, vous serez en mesure de cerner votre public cible et de d\u00e9terminer ce qu\u2019ils aiment.<\/p>\n\n\n\n<p>Comme vous pouvez le voir, il faudra un peu de travail et de d\u00e9vouement pour faire le saut. Si vous parvenez \u00e0 passer \u00e0 travers et vous en tenir au plan, vous serez en mesure de repr\u00e9senter avec pr\u00e9cision votre r\u00eave \u00e0 travers l\u2019image de l\u2019entreprise et de cr\u00e9er ainsi quelque chose qui soit durable et rentable au fil des ans.<\/p>\n","protected":false},"excerpt":{"rendered":"<p>Vous devez savoir qu\u2019il y a une multitude de grandes opportunit\u00e9s en mati\u00e8re d\u2019entreprise \u00e0 domicile. La possibilit\u00e9 d\u2019\u00eatre son propre patron et de travailler \u00e0 des horaires que l\u2019on d\u00e9termine soi-m\u00eame est tr\u00e8s attrayante pour la plupart des gens&#8230;. <a href=\"https:\/\/creervotrebusiness.com\/index.php\/gerer-une-grande-entreprise-a-partir-de-chez-soi-2\/\" class=\"readmore\">Read more<span class=\"screen-reader-text\">G\u00e9rer une grande entreprise \u00e0 partir de chez soi<\/span><span class=\"fa fa-angle-double-right\" aria-hidden=\"true\"><\/span><\/a><\/p>\n","protected":false},"author":1,"featured_media":0,"parent":0,"menu_order":0,"comment_status":"closed","ping_status":"closed","template":"","meta":{"om_disable_all_campaigns":false,"_monsterinsights_skip_tracking":false,"_monsterinsights_sitenote_active":false,"_monsterinsights_sitenote_note":"","_monsterinsights_sitenote_category":0,"footnotes":""},"class_list":["post-418","page","type-page","status-publish","hentry"],"_links":{"self":[{"href":"https:\/\/creervotrebusiness.com\/index.php\/wp-json\/wp\/v2\/pages\/418","targetHints":{"allow":["GET"]}}],"collection":[{"href":"https:\/\/creervotrebusiness.com\/index.php\/wp-json\/wp\/v2\/pages"}],"about":[{"href":"https:\/\/creervotrebusiness.com\/index.php\/wp-json\/wp\/v2\/types\/page"}],"author":[{"embeddable":true,"href":"https:\/\/creervotrebusiness.com\/index.php\/wp-json\/wp\/v2\/users\/1"}],"replies":[{"embeddable":true,"href":"https:\/\/creervotrebusiness.com\/index.php\/wp-json\/wp\/v2\/comments?post=418"}],"version-history":[{"count":1,"href":"https:\/\/creervotrebusiness.com\/index.php\/wp-json\/wp\/v2\/pages\/418\/revisions"}],"predecessor-version":[{"id":419,"href":"https:\/\/creervotrebusiness.com\/index.php\/wp-json\/wp\/v2\/pages\/418\/revisions\/419"}],"wp:attachment":[{"href":"https:\/\/creervotrebusiness.com\/index.php\/wp-json\/wp\/v2\/media?parent=418"}],"curies":[{"name":"wp","href":"https:\/\/api.w.org\/{rel}","templated":true}]}}