{"id":416,"date":"2023-02-22T17:42:46","date_gmt":"2023-02-22T17:42:46","guid":{"rendered":"https:\/\/creervotrebusiness.com\/?page_id=416"},"modified":"2023-02-22T17:42:46","modified_gmt":"2023-02-22T17:42:46","slug":"gagner-de-largent-sans-mettre-un-pied-a-lexterieur-8-conseils-pour-reussir-son-entreprise-a-domicile-2","status":"publish","type":"page","link":"https:\/\/creervotrebusiness.com\/index.php\/gagner-de-largent-sans-mettre-un-pied-a-lexterieur-8-conseils-pour-reussir-son-entreprise-a-domicile-2\/","title":{"rendered":"Gagner de l\u2019argent sans mettre un pied \u00e0 l\u2019ext\u00e9rieur\u00a0: 8 Conseils pour r\u00e9ussir son entreprise \u00e0 domicile"},"content":{"rendered":"\n<p><\/p>\n\n\n\n<p>Alors que les entreprises \u00e0 domicile ont d\u00e9j\u00e0 fait leurs preuves, beaucoup de personnes ont encore peur de faire le pas. Mais, comment fait-on pour commencer&nbsp;? Comment faire pour \u00e9viter de tomber dans des erreurs de d\u00e9butants et r\u00e9ussir \u00e0 lancer son projet&nbsp;? Vous devez r\u00e9pondre \u00e0 toutes ces questions avant de vous y mettre. Heureusement, les conseils dont vous avez besoin sont faciles \u00e0 trouver si vous savez o\u00f9 chercher. Vous pouvez commencer par cet article pour faire de votre projet une entreprise rentable.<\/p>\n\n\n\n<p><strong>1. Lorsqu\u2019il viendra le temps d\u2019\u00e9largir votre personnel d\u2019entreprise, assurez-vous de faire des recherches sur vos recrues potentielles. <\/strong>Vous devez \u00eatre certain que tous vos employ\u00e9s sont qualifi\u00e9s et fiables afin d\u2019\u00e9viter qu\u2019ils n\u2019entravent au bon fonctionnement de votre entreprise.<\/p>\n\n\n\n<p><strong>2. Si vous avez du mal \u00e0 penser au bon produit \u00e0 vendre, pensez \u00e0 quelque chose que vous trouvez utile dans votre vie quotidienne. <\/strong>La s\u00e9lection des produits devrait \u00eatre fond\u00e9e sur les besoins du march\u00e9. S\u2019il y a quelque chose qui vous est indispensable dans votre vie, il y a des chances pour que d\u2019autres personnes aient les m\u00eames besoins.<\/p>\n\n\n\n<p><strong>3. Si vous songez \u00e0 d\u00e9marrer une entreprise \u00e0 domicile et que vous occupez d\u00e9j\u00e0 un poste ailleurs, ne quittez pas votre emploi tout de suite. <\/strong>Une entreprise a besoin de temps pour devenir rentable, alors ne vous attendez \u00e0 ce que la v\u00f4tre soit une exception&nbsp;! Vous devez donc avoir une autre source de revenue en attendant que les affaires d\u00e9collent.<\/p>\n\n\n\n<p><strong>4. Pour vos ventes en ligne, faites des recherches sur les prix actuellement pratiqu\u00e9s par la concurrence avant de d\u00e9finir votre propre prix. <\/strong>Essayez de garder vos prix un peu moins \u00e9lev\u00e9s que ceux de la concurrence. Parler mal \u00e0 propos de vos challengers n\u2019est jamais une bonne id\u00e9e&nbsp;; pensez simplement \u00e0 construire votre propre image.<\/p>\n\n\n\n<p><strong>5. L\u2019ouverture d\u2019un compte sp\u00e9cialement d\u00e9di\u00e9 \u00e0 votre entreprise vous aidera \u00e0 garder une tra\u00e7abilit\u00e9 de vos transactions commerciales. <\/strong>Toutes vos transactions et vos d\u00e9penses commerciales devraient passer par votre compte d\u2019entreprise. Une fois que vous vous \u00eates organis\u00e9 de cette mani\u00e8re, vous aurez un moyen pratique d\u2019examiner les finances de votre entreprise, et ce \u00e0 tout moment. En plus du compte courant, vous aurez besoin d\u2019une carte de cr\u00e9dit dont l\u2019utilisation sera enti\u00e8rement consacr\u00e9e \u00e0 l\u2019entreprise, telle que pour les achats qui ne peuvent \u00eatre r\u00e9alis\u00e9s par voie de ch\u00e8que.<\/p>\n\n\n\n<p><strong>6. Choisissez un nom pour votre entreprise qui renferme une valeur personnelle. <\/strong>Acheter un nom de domaine pour votre entreprise, m\u00eame si vous n\u2019avez pas encore mis au point votre site. Beaucoup de noms de domaines sont \u00e0 moins de <strong>10&nbsp;euros par ann\u00e9e, faites donc en sorte d\u2019acheter votre nom de domaine le plus vite possible sinon il risque d\u2019\u00eatre pris par une autre personne. Vous pouvez d\u2019ores et d\u00e9j\u00e0 mettre en ligne un site \u00ab&nbsp;one page&nbsp;\u00bb avec l\u2019essentiel de vos informations, comme vos coordonn\u00e9es d\u2019affaires, vous d\u00e9ciderez ensuite si oui ou non vous avez besoin d\u2019un site plus complet.<\/strong><\/p>\n\n\n\n<p><strong>7. D\u00e9finir un objectif \u00e0 atteindre pour chaque jour. <\/strong>Vous n\u2019arriverez peut-\u00eatre pas \u00e0 bout de chaque objectif tous les jours, mais les objectifs vous aideront \u00e0 rester sur la voie de l\u2019accomplissement de ce qui doit \u00eatre fait. Assurez-vous aussi de d\u00e9finir certaines limites dans votre foyer afin que votre famille retienne bien votre espace de travail.<\/p>\n\n\n\n<p><strong>8. Vous devez vous enqu\u00e9rir de toutes les lois et de tous les r\u00e8glements locaux qui encadrent votre activit\u00e9. <\/strong>Si vous ne le faites pas, vous risquez d\u2019\u00eatre le sujet d\u2019amendes, de fermetures et d\u2019autres embarras. Faites tout \u00e0 la lettre de la loi, et essayez de garder de bonnes relations avec vos voisins en restant discret. Cela peut signifier \u00e9viter de faire du boucan et maintenir ses visites au minimum. Bref, essayez d\u2019\u00eatre aussi courtois que possible.<\/p>\n\n\n\n<p>Comme il a \u00e9t\u00e9 mentionn\u00e9 plus haut dans cet article, une entreprise \u00e0 domicile peut \u00eatre \u00e0 la fois attrayante et intimidante. Nous esp\u00e9rons que vous avez glan\u00e9 quelques bonnes informations et quelques bons conseils de cet article. Mettez ces conseils en action, et observez comment les choses vont commencer \u00e0 marcher pour votre entreprise \u00e0 domicile.<\/p>\n","protected":false},"excerpt":{"rendered":"<p>Alors que les entreprises \u00e0 domicile ont d\u00e9j\u00e0 fait leurs preuves, beaucoup de personnes ont encore peur de faire le pas. Mais, comment fait-on pour commencer&nbsp;? Comment faire pour \u00e9viter de tomber dans des erreurs de d\u00e9butants et r\u00e9ussir \u00e0&#8230; <a href=\"https:\/\/creervotrebusiness.com\/index.php\/gagner-de-largent-sans-mettre-un-pied-a-lexterieur-8-conseils-pour-reussir-son-entreprise-a-domicile-2\/\" class=\"readmore\">Read more<span class=\"screen-reader-text\">Gagner de l\u2019argent sans mettre un pied \u00e0 l\u2019ext\u00e9rieur\u00a0: 8 Conseils pour r\u00e9ussir son entreprise \u00e0 domicile<\/span><span class=\"fa fa-angle-double-right\" aria-hidden=\"true\"><\/span><\/a><\/p>\n","protected":false},"author":1,"featured_media":0,"parent":0,"menu_order":0,"comment_status":"closed","ping_status":"closed","template":"","meta":{"om_disable_all_campaigns":false,"_monsterinsights_skip_tracking":false,"_monsterinsights_sitenote_active":false,"_monsterinsights_sitenote_note":"","_monsterinsights_sitenote_category":0,"footnotes":""},"class_list":["post-416","page","type-page","status-publish","hentry"],"_links":{"self":[{"href":"https:\/\/creervotrebusiness.com\/index.php\/wp-json\/wp\/v2\/pages\/416","targetHints":{"allow":["GET"]}}],"collection":[{"href":"https:\/\/creervotrebusiness.com\/index.php\/wp-json\/wp\/v2\/pages"}],"about":[{"href":"https:\/\/creervotrebusiness.com\/index.php\/wp-json\/wp\/v2\/types\/page"}],"author":[{"embeddable":true,"href":"https:\/\/creervotrebusiness.com\/index.php\/wp-json\/wp\/v2\/users\/1"}],"replies":[{"embeddable":true,"href":"https:\/\/creervotrebusiness.com\/index.php\/wp-json\/wp\/v2\/comments?post=416"}],"version-history":[{"count":1,"href":"https:\/\/creervotrebusiness.com\/index.php\/wp-json\/wp\/v2\/pages\/416\/revisions"}],"predecessor-version":[{"id":417,"href":"https:\/\/creervotrebusiness.com\/index.php\/wp-json\/wp\/v2\/pages\/416\/revisions\/417"}],"wp:attachment":[{"href":"https:\/\/creervotrebusiness.com\/index.php\/wp-json\/wp\/v2\/media?parent=416"}],"curies":[{"name":"wp","href":"https:\/\/api.w.org\/{rel}","templated":true}]}}