{"id":414,"date":"2023-02-22T17:41:40","date_gmt":"2023-02-22T17:41:40","guid":{"rendered":"https:\/\/creervotrebusiness.com\/?page_id=414"},"modified":"2023-02-22T17:41:40","modified_gmt":"2023-02-22T17:41:40","slug":"essayez-ces-conseils-pour-une-entreprise-a-domicile-reussie-2","status":"publish","type":"page","link":"https:\/\/creervotrebusiness.com\/index.php\/essayez-ces-conseils-pour-une-entreprise-a-domicile-reussie-2\/","title":{"rendered":"Essayez ces conseils pour une entreprise \u00e0 domicile r\u00e9ussie."},"content":{"rendered":"\n<p><\/p>\n\n\n\n<p>Il peut falloir un certain temps pour une entreprise \u00e0 domicile pour r\u00e9ussir. Votre r\u00e9ussite d\u00e9pendra de la quantit\u00e9 de temps et du montant d\u2019efforts que vous \u00eates pr\u00eat \u00e0 investir dans votre entreprise. L\u2019aventure peut sembler difficile au d\u00e9but, mais continuer \u00e0 essayer et n\u2019abondonnez pas les r\u00e9sultats finiront par arriver. Comme pour toute entreprise, vous devez travailler dur pour obtenir les meilleurs r\u00e9sultats.<\/p>\n\n\n\n<p><strong>1. N\u2019oubliez pas de prendre vos d\u00e9ductions fiscales pour votre usage d\u2019Internet au sein de votre entreprise. <\/strong>Vous pouvez d\u00e9duire jusqu\u2019\u00e0 la moiti\u00e9 des frais de service, m\u00eame si elle est \u00e9galement utilis\u00e9e \u00e0 des fins personnelles.<\/p>\n\n\n\n<p><strong>2. Si vous cherchez \u00e0 innover, pensez \u00e0 des choses que vous pourriez trouver utiles dans votre vie quotidienne. <\/strong>La premi\u00e8re \u00e9tape dans la s\u00e9lection d\u2019un produit qui sera couronn\u00e9e de succ\u00e8s est d\u2019identifier un besoin non satisfait. S\u2019il y a un certain produit qui pourrait \u00eatre utilis\u00e9 dans votre vie, alors il est probable que d\u2019autres pourraient \u00e9galement l\u2019utiliser.<\/p>\n\n\n\n<p><strong>3. Votre site Web doit \u00eatre mis \u00e0 jour lorsque votre stock d\u2019un produit particulier est \u00e9puis\u00e9. <\/strong>Le client risque d\u2019\u00eatre tr\u00e8s irrit\u00e9 s\u2019il venait \u00e0 d\u00e9couvrir que le produit qu\u2019il a command\u00e9 ne va pas \u00eatre livr\u00e9 dans le d\u00e9lai pr\u00e9vu. D\u2019autant plus s\u2019il rien n\u2019a \u00e9t\u00e9 signal\u00e9. Soyez \u00e0 jour sur les articles qui ne sont pas disponibles en stock, de cette mani\u00e8re les clients peuvent choisir un produit diff\u00e9rent.<\/p>\n\n\n\n<p><strong>4. Si vous avez l\u2019\u00e2me artistique, vous pourriez, par exemple, cr\u00e9er une entreprise qui vend des cr\u00e9ations graphiques. <\/strong>Les petites entreprises locales pr\u00e9f\u00e8rent souvent avoir \u00e0 faire avec un designer ind\u00e9pendant plut\u00f4t que d\u2019embaucher une grande entreprise de conception. \u00c0 cet \u00e9gard, vous poss\u00e9dez un avantage sur les grands concurrents.<\/p>\n\n\n\n<p><strong>5. L\u2019une des choses les plus importantes que vous devez retenir autant que propri\u00e9taire d\u2019une entreprise \u00e0 domicile est que les d\u00e9ductions fiscales sont votre alli\u00e9. <\/strong>En combinant toutes vos d\u00e9penses admissibles pour les d\u00e9ductions, vous pouvez \u00e9conomiser une somme assez coquette lorsque vous payerez les imp\u00f4ts.<\/p>\n\n\n\n<p><strong>6. Rechercher en ligne les fournitures que vous utilisez pour votre entreprise \u00e0 domicile au prix de gros. <\/strong>Pour ce type d\u2019achat, Internet peut \u00eatre une aubaine, o\u00f9 vous trouverez des prix extr\u00eamement comp\u00e9titifs sur les choses dont vous avez besoin. Cependant, la plupart des entreprises vous exigeront un registre de commerce pour pouvoir vous vendre en gros. Par cons\u00e9quent, il est conseill\u00e9 d\u2019avoir une copie \u00e0 jour de votre licence d\u2019entreprise disponible au moment de vos transactions.<\/p>\n\n\n\n<p><strong>7. Aucune entreprise \u00e0 domicile qui vend des produits ne devrait op\u00e9rer sans un site e-commerce. <\/strong>Un site Web vous permet d\u2019atteindre plus de clients potentiels en \u00e9largissant votre public cible, ce qui conduit \u00e0 une augmentation des ventes. Faites appel aux services d\u2019un designer Web professionnel pour garantir que votre site sera op\u00e9rationnel en un rien de temps.<\/p>\n\n\n\n<p><strong>8. Le fait de lancer une entreprise ne suffit pas seul pour g\u00e9n\u00e9rer des profits. <\/strong>Regardez d\u2019abord si vos id\u00e9es ne saturent pas d\u00e9j\u00e0 le march\u00e9. Vous voudrez peut-\u00eatre \u00e9viter un march\u00e9 ou la concurrence pullule. Par ailleurs, vous devez v\u00e9rifier les revenus potentiels d\u2019une entreprise \u00e0 domicile avant de vous lancer.<\/p>\n\n\n\n<p>Si votre entreprise \u00e0 domicile prend beaucoup de temps \u00e0 d\u00e9marrer, vous serez alors heureux de savoir que toutes les entreprises commencent de cette fa\u00e7on. Personne ne devient riche du jour au lendemain. Mettez donc toutes les chances de votre c\u00f4t\u00e9 en travaillant dur, et en faisant assez de recherche sur les entreprises \u00e0 domicile. Le business est sur affaire de comp\u00e9tition et de survie.<\/p>\n","protected":false},"excerpt":{"rendered":"<p>Il peut falloir un certain temps pour une entreprise \u00e0 domicile pour r\u00e9ussir. Votre r\u00e9ussite d\u00e9pendra de la quantit\u00e9 de temps et du montant d\u2019efforts que vous \u00eates pr\u00eat \u00e0 investir dans votre entreprise. L\u2019aventure peut sembler difficile au d\u00e9but,&#8230; <a href=\"https:\/\/creervotrebusiness.com\/index.php\/essayez-ces-conseils-pour-une-entreprise-a-domicile-reussie-2\/\" class=\"readmore\">Read more<span class=\"screen-reader-text\">Essayez ces conseils pour une entreprise \u00e0 domicile r\u00e9ussie.<\/span><span class=\"fa fa-angle-double-right\" aria-hidden=\"true\"><\/span><\/a><\/p>\n","protected":false},"author":1,"featured_media":0,"parent":0,"menu_order":0,"comment_status":"closed","ping_status":"closed","template":"","meta":{"om_disable_all_campaigns":false,"_monsterinsights_skip_tracking":false,"_monsterinsights_sitenote_active":false,"_monsterinsights_sitenote_note":"","_monsterinsights_sitenote_category":0,"footnotes":""},"class_list":["post-414","page","type-page","status-publish","hentry"],"_links":{"self":[{"href":"https:\/\/creervotrebusiness.com\/index.php\/wp-json\/wp\/v2\/pages\/414","targetHints":{"allow":["GET"]}}],"collection":[{"href":"https:\/\/creervotrebusiness.com\/index.php\/wp-json\/wp\/v2\/pages"}],"about":[{"href":"https:\/\/creervotrebusiness.com\/index.php\/wp-json\/wp\/v2\/types\/page"}],"author":[{"embeddable":true,"href":"https:\/\/creervotrebusiness.com\/index.php\/wp-json\/wp\/v2\/users\/1"}],"replies":[{"embeddable":true,"href":"https:\/\/creervotrebusiness.com\/index.php\/wp-json\/wp\/v2\/comments?post=414"}],"version-history":[{"count":1,"href":"https:\/\/creervotrebusiness.com\/index.php\/wp-json\/wp\/v2\/pages\/414\/revisions"}],"predecessor-version":[{"id":415,"href":"https:\/\/creervotrebusiness.com\/index.php\/wp-json\/wp\/v2\/pages\/414\/revisions\/415"}],"wp:attachment":[{"href":"https:\/\/creervotrebusiness.com\/index.php\/wp-json\/wp\/v2\/media?parent=414"}],"curies":[{"name":"wp","href":"https:\/\/api.w.org\/{rel}","templated":true}]}}