{"id":404,"date":"2023-02-22T17:36:32","date_gmt":"2023-02-22T17:36:32","guid":{"rendered":"https:\/\/creervotrebusiness.com\/?page_id=404"},"modified":"2023-02-22T17:36:45","modified_gmt":"2023-02-22T17:36:45","slug":"apprenez-comment-atteindre-le-succes-avec-votre-entreprise-a-domicile-2","status":"publish","type":"page","link":"https:\/\/creervotrebusiness.com\/index.php\/apprenez-comment-atteindre-le-succes-avec-votre-entreprise-a-domicile-2\/","title":{"rendered":"Apprenez comment atteindre le succ\u00e8s avec votre entreprise \u00e0 domicile."},"content":{"rendered":"\n<p><\/p>\n\n\n\n<p>M\u00eame si vous avez \u00e9t\u00e9 impliqu\u00e9 dans la gestion d\u2019entreprises \u00e0 domicile depuis des ann\u00e9es, vous pouvez toujours apprendre des choses qui vous permettront d\u2019am\u00e9liorer votre efficacit\u00e9. Cet article va partager avec vous beaucoup d\u2019id\u00e9es diff\u00e9rentes li\u00e9es \u00e0 tous les aspects de la gestion r\u00e9ussie d\u2019une entreprise \u00e0 domicile.<\/p>\n\n\n\n<p><strong>1. En ce qui concerne les besoins de vos clients, assurez-vous d\u2019aller au-del\u00e0 du possible pour les satisfaire. <\/strong>Donnez aux clients des choses gratuites quand ils ach\u00e8tent vos produits, et faites-leur savoir que vous appr\u00e9ciez leur confiance en les remerciant pour leurs commandes. Les gens aiment recevoir des articles gratuits, comme ils aiment aussi se sentir sp\u00e9ciaux. Montrez-leur qu\u2019ils sont un \u00e9l\u00e9ment important de votre succ\u00e8s&nbsp;!<\/p>\n\n\n\n<p><strong>2. Il y a beaucoup de forums et de groupes en ligne qui peuvent vous fournir des informations sur le lancement d\u2019entreprises \u00e0 domicile. <\/strong>Il suffit d\u2019une petite recherche sur Internet pour trouver l\u2019ensemble des grands forums dont vous pouvez faire partie. Il y a beaucoup d\u2019articles et de blogs en ligne que vous pouvez trouver utiles.<\/p>\n\n\n\n<p><strong>3. Ouvrez une bo\u00eete postale et utilisez-la pour recevoir votre courrier professionnel. <\/strong>\u00c9vitez de publier en ligne votre adresse de domicile. Vous devez prot\u00e9ger votre identit\u00e9 et l\u2019identit\u00e9 de votre famille.<\/p>\n\n\n\n<p><strong>4. Lorsque vous travaillez \u00e0 la maison, essayez de toujours rester au top de votre forme. <\/strong>Il est normal de vouloir r\u00e9ussir \u00e0 tout prix et d\u2019avoir beaucoup d\u2019enthousiasme pour son entreprise, mais si vous vous n\u00e9gligez en faveur de votre travail, cela peut nuire avec le temps \u00e0 votre sant\u00e9 physique et morale. Prenez une douche r\u00e9guli\u00e8rement, ne grignotez pas trop, et ayez une routine d\u2019exercice.<\/p>\n\n\n\n<p><strong>5. Pour garder une visibilit\u00e9 sur votre entreprise, ouvrez un compte courant d\u00e9di\u00e9 uniquement \u00e0 votre entreprise. <\/strong>Utilisez ce compte pour l\u2019ensemble des transactions financi\u00e8res de votre entreprise y compris pour les b\u00e9n\u00e9fices r\u00e9alis\u00e9s via les ventes. Cela vous garantira d\u2019avoir toujours un \u0153il sur ce qui se passe avec votre entreprise. Il est \u00e9galement une bonne id\u00e9e de demander une carte de cr\u00e9dit sp\u00e9cifique pour votre entreprise.<\/p>\n\n\n\n<p><strong>6. Des fonds d\u2019urgence sont n\u00e9cessaires pour votre entreprise pour le cas o\u00f9 vous avez \u00e0 faire face \u00e0 des frais impr\u00e9vus. <\/strong>Vous serez ainsi en mesure de pallier \u00e0 certaines surprises avec un fonds d\u2019urgence, ce qui assurera que votre entreprise continue \u00e0 fonctionner correctement. Ne vous servez dans ce fonds que quand il est absolument n\u00e9cessaire, ensuite assurez-vous de remettre l\u2019argent \u00e0 nouveau.<\/p>\n\n\n\n<p><strong>7. La seule fa\u00e7on d\u2019avoir une entreprise \u00e0 domicile r\u00e9ussie est d\u2019apprendre \u00e0 faire la promotion de soi. <\/strong>Vous devez \u00eatre capable de parler de votre entreprise \u00e0 tout le monde. L\u2019objectif final est de r\u00e9ussir \u00e0 communiquer vos qualit\u00e9s ainsi que votre exp\u00e9rience \u00e0 vos interlocuteurs afin qu\u2019ils puissent avoir une bonne id\u00e9e de votre entreprise et ainsi devenir vos clients ou bien vous en apporter.<\/p>\n\n\n\n<p>Il est essentiel de sortir des sentiers battus lors de l\u2019ex\u00e9cution d\u2019une entreprise \u00e0 domicile, et de pouvoir trouver des r\u00e9ponses aux questions que l\u2019on ne s\u2019est m\u00eame pas encore pos\u00e9es. Pr\u00e9parez-vous \u00e0 tout ce qui pourrait arriver et vous limiterez les risques de subir des difficult\u00e9s auxquelles vous n\u2019\u00eates pas pr\u00eat \u00e0 faire face. Ne cessez jamais d\u2019apprendre, et votre entreprise s\u2019am\u00e9liorera avec vos connaissances.<\/p>\n","protected":false},"excerpt":{"rendered":"<p>M\u00eame si vous avez \u00e9t\u00e9 impliqu\u00e9 dans la gestion d\u2019entreprises \u00e0 domicile depuis des ann\u00e9es, vous pouvez toujours apprendre des choses qui vous permettront d\u2019am\u00e9liorer votre efficacit\u00e9. Cet article va partager avec vous beaucoup d\u2019id\u00e9es diff\u00e9rentes li\u00e9es \u00e0 tous les&#8230; <a href=\"https:\/\/creervotrebusiness.com\/index.php\/apprenez-comment-atteindre-le-succes-avec-votre-entreprise-a-domicile-2\/\" class=\"readmore\">Read more<span class=\"screen-reader-text\">Apprenez comment atteindre le succ\u00e8s avec votre entreprise \u00e0 domicile.<\/span><span class=\"fa fa-angle-double-right\" aria-hidden=\"true\"><\/span><\/a><\/p>\n","protected":false},"author":1,"featured_media":0,"parent":0,"menu_order":0,"comment_status":"closed","ping_status":"closed","template":"","meta":{"om_disable_all_campaigns":false,"_monsterinsights_skip_tracking":false,"_monsterinsights_sitenote_active":false,"_monsterinsights_sitenote_note":"","_monsterinsights_sitenote_category":0,"footnotes":""},"class_list":["post-404","page","type-page","status-publish","hentry"],"_links":{"self":[{"href":"https:\/\/creervotrebusiness.com\/index.php\/wp-json\/wp\/v2\/pages\/404","targetHints":{"allow":["GET"]}}],"collection":[{"href":"https:\/\/creervotrebusiness.com\/index.php\/wp-json\/wp\/v2\/pages"}],"about":[{"href":"https:\/\/creervotrebusiness.com\/index.php\/wp-json\/wp\/v2\/types\/page"}],"author":[{"embeddable":true,"href":"https:\/\/creervotrebusiness.com\/index.php\/wp-json\/wp\/v2\/users\/1"}],"replies":[{"embeddable":true,"href":"https:\/\/creervotrebusiness.com\/index.php\/wp-json\/wp\/v2\/comments?post=404"}],"version-history":[{"count":1,"href":"https:\/\/creervotrebusiness.com\/index.php\/wp-json\/wp\/v2\/pages\/404\/revisions"}],"predecessor-version":[{"id":405,"href":"https:\/\/creervotrebusiness.com\/index.php\/wp-json\/wp\/v2\/pages\/404\/revisions\/405"}],"wp:attachment":[{"href":"https:\/\/creervotrebusiness.com\/index.php\/wp-json\/wp\/v2\/media?parent=404"}],"curies":[{"name":"wp","href":"https:\/\/api.w.org\/{rel}","templated":true}]}}