{"id":402,"date":"2023-02-22T17:35:37","date_gmt":"2023-02-22T17:35:37","guid":{"rendered":"https:\/\/creervotrebusiness.com\/?page_id=402"},"modified":"2023-02-22T17:35:37","modified_gmt":"2023-02-22T17:35:37","slug":"appliquez-ces-conseils-pour-votre-entreprise-a-domicile-2","status":"publish","type":"page","link":"https:\/\/creervotrebusiness.com\/index.php\/appliquez-ces-conseils-pour-votre-entreprise-a-domicile-2\/","title":{"rendered":"Appliquez ces conseils pour votre entreprise \u00e0 domicile"},"content":{"rendered":"\n<p><\/p>\n\n\n\n<p>Certaines personnes pensent qu\u2019il est difficile de faire tourner une entreprise \u00e0 domicile. Alors qu\u2019en r\u00e9alit\u00e9, ceci n\u2019est pas exactement le cas. Il est vrai que le lancement d\u2019une entreprise \u00e0 domicile n\u00e9cessite beaucoup de travail, mais ce n\u2019est pas du tout chose impossible. Une entreprise \u00e0 domicile peut \u00eatre cr\u00e9\u00e9e avec les bonnes informations en main. Vous devriez parcourir cet article si vous voulez en savoir plus sur les entreprises \u00e0 domicile.<\/p>\n\n\n\n<p><strong>1. Faites de la satisfaction de vos clients actuels votre priorit\u00e9 num\u00e9ro un. <\/strong>Vous avez besoin de beaucoup moins d\u2019efforts pour r\u00e9aliser des ventes r\u00e9p\u00e9t\u00e9es que pour en obtenir de nouvelles. Un client satisfait reviendra encore et encore.<\/p>\n\n\n\n<p><strong>2. Bien que ce soit un peu difficile, b\u00e2tir une entreprise \u00e0 la maison peut \u00eatre tr\u00e8s plaisant \u00e0 faire. <\/strong>Une fa\u00e7on de vous aider \u00e0 assurer le succ\u00e8s est de trouver votre propre niche. Cela repr\u00e9sente peut-\u00eatre un \u00e9l\u00e9ment parmi tant d\u2019autres, mais vous devez \u00eatre s\u00fbr de le prendre en consid\u00e9ration et ne pas le n\u00e9gliger. Avant de mettre tous vos \u0153ufs dans le m\u00eame panier, faites une recherche approfondie et entrez en contact avec d\u2019autres personnes qui ont d\u00e9j\u00e0 r\u00e9ussi \u00e0 rendre leurs entreprises prosp\u00e8res.<\/p>\n\n\n\n<p><strong>3. Habillez-vous pour le travail comme si vous aviez \u00e0 rencontrer vos clients. <\/strong>Le travail \u00e0 domicile ne signifie pas qu\u2019il faut se laisser aller et ne plus s\u2019habiller. Traitez votre entreprise \u00e0 domicile comme vous le feriez pour tout autre espace de travail et portez des v\u00eatements appropri\u00e9s. Cela peut am\u00e9liorer la concentration et la productivit\u00e9.<\/p>\n\n\n\n<p><strong>4. Assurez-vous que votre courrier professionnel li\u00e9 \u00e0 votre entreprise \u00e0 domicile ait bien une adresse de bo\u00eete postale autre que celle de votre maison. <\/strong>Vous ne devez pas utiliser votre adresse de domicile lors de la mise en place de votre contact en ligne. Cela permettra non seulement de prot\u00e9ger votre identit\u00e9 en ligne, mais il permettra \u00e9galement de prot\u00e9ger l\u2019identit\u00e9 de votre famille.<\/p>\n\n\n\n<p><strong>5. Profitez des forums en ligne qui traitent des entreprises \u00e0 domicile. <\/strong>Cela peut \u00e9galement \u00e9tendre votre r\u00e9seau, ce qui est crucial dans les affaires. Il se pourrait aussi qu\u2019il y ait quelqu\u2019un l\u00e0-bas \u00e0 la recherche du service ou du produit que vous proposez.<\/p>\n\n\n\n<p><strong>6. Ayez toujours des cartes de visite \u00e0 disposition. <\/strong>Les offres de conception de cartes de visite peuvent \u00eatre trouv\u00e9es en ligne \u00e0 un prix raisonnable, et parfois m\u00eame gratuitement. Vos cartes devraient inclure toutes les informations pertinentes, y compris votre nom, votre d\u00e9nomination sociale, votre logo et votre num\u00e9ro de t\u00e9l\u00e9phone. N\u2019oubliez pas d\u2019inclure votre adresse de site Web et votre email. Plus vous disposez d\u2019options pour votre client, plus il lui serait facile de vous contacter.<\/p>\n\n\n\n<p><strong>7. Si vous jouissez de la fibre artistique, essayez d\u2019en tirer profit en proposant vos talents en tant que sp\u00e9cialiste de la conception graphique \u00e0 des entreprises dans votre r\u00e9gion ou encore en ligne. <\/strong>Beaucoup d\u2019entreprises pr\u00e9f\u00e9r\u00e8rent faire appel \u00e0 un designer local pour b\u00e9n\u00e9ficier de plus de flexibilit\u00e9 et d\u2019une meilleure qualit\u00e9 de service. \u00c0 cet \u00e9gard, vous poss\u00e9dez un avantage sur les grands concurrents.<\/p>\n\n\n\n<p><strong>8. Vous devez garder votre mise au point fix\u00e9e sur l\u2019avenir. <\/strong>Rappelez-vous que ce que vous avez accompli appartient au pass\u00e9 et que l\u2019accent doit \u00eatre maintenant mis sur les jours et les semaines \u00e0 venir. \u00catre pr\u00e9par\u00e9 est essentiel pour un bon commer\u00e7ant. Ainsi, vous aurez moins de mauvaises surprises.<\/p>\n\n\n\n<p><strong>9. Il n\u2019est pas si difficile que \u00e7a de promouvoir son entreprise une fois que l\u2019on sait ce que l\u2019on fait. <\/strong>Vous devez peut-\u00eatre envisager de lancer un site Web li\u00e9 \u00e0 votre entreprise. Vous pouvez cr\u00e9er votre propre site Web en une seule journ\u00e9e. La plupart du temps, cela peut \u00eatre fait gratuitement. Lorsque vos profits augmenteront, vous y verrez tout de suite les avantages.<\/p>\n\n\n\n<p>Comme il a \u00e9t\u00e9 mentionn\u00e9 pr\u00e9c\u00e9demment, il est facile de d\u00e9marrer une entreprise \u00e0 domicile \u00e0 condition que l\u2019on soit, bien s\u00fbr, pr\u00eat \u00e0 y mettre les efforts n\u00e9cessaires. Mais, il faut savoir que cela demeure un objectif tout \u00e0 fait r\u00e9alisable. \u00c9quip\u00e9 des connaissances appropri\u00e9es, vous \u00eates maintenant pr\u00eat \u00e0 commencer.<\/p>\n","protected":false},"excerpt":{"rendered":"<p>Certaines personnes pensent qu\u2019il est difficile de faire tourner une entreprise \u00e0 domicile. Alors qu\u2019en r\u00e9alit\u00e9, ceci n\u2019est pas exactement le cas. Il est vrai que le lancement d\u2019une entreprise \u00e0 domicile n\u00e9cessite beaucoup de travail, mais ce n\u2019est pas&#8230; <a href=\"https:\/\/creervotrebusiness.com\/index.php\/appliquez-ces-conseils-pour-votre-entreprise-a-domicile-2\/\" class=\"readmore\">Read more<span class=\"screen-reader-text\">Appliquez ces conseils pour votre entreprise \u00e0 domicile<\/span><span class=\"fa fa-angle-double-right\" aria-hidden=\"true\"><\/span><\/a><\/p>\n","protected":false},"author":1,"featured_media":0,"parent":0,"menu_order":0,"comment_status":"closed","ping_status":"closed","template":"","meta":{"om_disable_all_campaigns":false,"_monsterinsights_skip_tracking":false,"_monsterinsights_sitenote_active":false,"_monsterinsights_sitenote_note":"","_monsterinsights_sitenote_category":0,"footnotes":""},"class_list":["post-402","page","type-page","status-publish","hentry"],"_links":{"self":[{"href":"https:\/\/creervotrebusiness.com\/index.php\/wp-json\/wp\/v2\/pages\/402","targetHints":{"allow":["GET"]}}],"collection":[{"href":"https:\/\/creervotrebusiness.com\/index.php\/wp-json\/wp\/v2\/pages"}],"about":[{"href":"https:\/\/creervotrebusiness.com\/index.php\/wp-json\/wp\/v2\/types\/page"}],"author":[{"embeddable":true,"href":"https:\/\/creervotrebusiness.com\/index.php\/wp-json\/wp\/v2\/users\/1"}],"replies":[{"embeddable":true,"href":"https:\/\/creervotrebusiness.com\/index.php\/wp-json\/wp\/v2\/comments?post=402"}],"version-history":[{"count":1,"href":"https:\/\/creervotrebusiness.com\/index.php\/wp-json\/wp\/v2\/pages\/402\/revisions"}],"predecessor-version":[{"id":403,"href":"https:\/\/creervotrebusiness.com\/index.php\/wp-json\/wp\/v2\/pages\/402\/revisions\/403"}],"wp:attachment":[{"href":"https:\/\/creervotrebusiness.com\/index.php\/wp-json\/wp\/v2\/media?parent=402"}],"curies":[{"name":"wp","href":"https:\/\/api.w.org\/{rel}","templated":true}]}}