{"id":400,"date":"2023-02-22T17:34:53","date_gmt":"2023-02-22T17:34:53","guid":{"rendered":"https:\/\/creervotrebusiness.com\/?page_id=400"},"modified":"2023-02-22T17:34:53","modified_gmt":"2023-02-22T17:34:53","slug":"9-precieux-conseils-pour-les-proprietaires-dentreprise-a-domicile-2","status":"publish","type":"page","link":"https:\/\/creervotrebusiness.com\/index.php\/9-precieux-conseils-pour-les-proprietaires-dentreprise-a-domicile-2\/","title":{"rendered":"9 pr\u00e9cieux conseils pour les propri\u00e9taires d\u2019entreprise \u00e0 domicile."},"content":{"rendered":"\n<p><\/p>\n\n\n\n<p>Le fait de poss\u00e9der votre propre entreprise \u00e0 domicile vous fait r\u00eaver&nbsp;? \u00cates-vous intimid\u00e9 par le d\u00e9vouement et l\u2019engagement que cela peut n\u00e9cessiter&nbsp;? Vous pouvez trouver de l\u2019aide pour la d\u00e9termination des bons horaires de travail et rester ainsi s\u00e9rieux au sujet de votre entreprise \u00e0 domicile.<\/p>\n\n\n\n<p><strong>1. Pouvez-vous d\u00e9crire ce que votre entreprise \u00e0 domicile fait en l\u2019espace d\u2019un tour d\u2019ascenseur&nbsp;? <\/strong>Faites murir votre r\u00e9flexion afin de trouver une phrase d\u2019accroche qui vous aidera \u00e0 impressionner vos clients potentiels. Cela vous donnera \u00e9galement un moyen de d\u00e9terminer votre slogan tout en couvrant ce que votre entreprise peut faire pour les autres.<\/p>\n\n\n\n<p><strong>2. Il est important d\u2019avoir un plan secondaire en cas de probl\u00e8mes. <\/strong>Mettez en place des plans d\u2019urgence pour vous immuniser contre les catastrophes majeures, comme l\u2019arr\u00eat de votre site Web ou un retard de livraison. Pr\u00e9voir le pire signifie que vous serez capable de le traiter correctement s\u2019il venait \u00e0 se produire.<\/p>\n\n\n\n<p><strong>3. Une chose que vous pouvez faire pour g\u00e9n\u00e9rer un revenu de la maison est de donner aux gens des le\u00e7ons sur des choses que vous \u00eates capable d\u2019enseigner. <\/strong>Beaucoup de gens pr\u00e9f\u00e8rent les le\u00e7ons priv\u00e9es \u00e0 la configuration traditionnelle d\u2019une \u00e9cole standard. Tout ce qui concerne les loisirs, comme la photographie, l\u2019art ou la musique, peut \u00eatre enseign\u00e9 derri\u00e8re un \u00e9cran d\u2019ordinateur.<\/p>\n\n\n\n<p><strong>4. Vous devriez envisager d\u2019adh\u00e9rer \u00e0 un groupe de discussion sur le Web ou il est question d\u2019entreprises \u00e0 domicile. <\/strong>Faire cela vous donnera l\u2019occasion de discuter avec d\u2019autres personnes dans votre position. Vous pouvez ainsi comparer vos id\u00e9es et avoir des suggestions d\u2019autres personnes qui travaillent \u00e0 domicile.<\/p>\n\n\n\n<p><strong>5. Mettez au point une liste des choses que vous souhaitez accomplir tous les jours. <\/strong>Vous pouvez ne pas y arriver \u00e0 bout en fin de journ\u00e9e, mais vous serez en mesure d\u2019accomplir plus de t\u00e2ches si vous gardez vos objectifs raisonnables. Lorsque vous travaillez \u00e0 domicile, il est important de fixer des limites. De cette fa\u00e7on, votre famille saura quand vous avez besoin de vous concentrer sur votre travail.<\/p>\n\n\n\n<p><strong>6. Assurez-vous que votre environnement de travail est s\u00fbr. <\/strong>Cela implique d\u2019avoir un d\u00e9tecteur de fum\u00e9e et un extincteur dans votre zone de travail. En outre, l\u2019ordinateur que vous utilisez doit r\u00e9pondre \u00e0 vos besoins de confort. La protection anti-incendie peut r\u00e9duire les co\u00fbts de votre assurance, et une bonne ergonomie pour votre ordinateur peut r\u00e9duire les risques des blessures dues aux mouvements r\u00e9p\u00e9titifs.<\/p>\n\n\n\n<p><strong>7. Soyez r\u00e9aliste et honn\u00eate avec vous sur ce que vous esp\u00e9rez r\u00e9aliser quand vous songez \u00e0 d\u00e9marrer une entreprise \u00e0 domicile. <\/strong>Est-ce que vous voulez commercialiser un produit de qualit\u00e9 qui int\u00e9ressera vraiment les gens&nbsp;? \u00cates-vous une personne honn\u00eate qui valorise l\u2019honn\u00eatet\u00e9&nbsp;?<\/p>\n\n\n\n<p><strong>8. Alors travailler en pyjama peut sembler agr\u00e9able au premier abord, l\u2019interaction que vous aviez autrefois avec vos coll\u00e8gues et vos clients de tous les jours \u00e0 votre emploi pr\u00e9c\u00e9dent risque de vous manquer. <\/strong>Assurez-vous de sortir, d\u2019aller \u00e0 d\u2019autres endroits et de participer \u00e0 des sorties pour maintenir vos interactions personnelles.<\/p>\n\n\n\n<p><strong>9. Il peut \u00eatre extr\u00eamement facile de devenir englouti par le travail lorsque vous travaillez \u00e0 domicile. <\/strong>La cr\u00e9ation d\u2019un espace de travail, que vous occuperez uniquement pour travailler et rien d\u2019autre, vous aidera \u00e0 rester concentr\u00e9 et veiller \u00e9galement \u00e0 ce que vous mettez de c\u00f4t\u00e9 un peu de temps au quotidien pour vous amuser en famille ou entre amis.<\/p>\n\n\n\n<p>Cet article aura tent\u00e9 de vous expliquer comment faire fonctionner une entreprise \u00e0 domicile efficacement. Si vous consacrez assez de temps et d\u2019effort dans une entreprise \u00e0 domicile, vous d\u00e9velopperez une r\u00e9putation professionnelle et vous aurez beaucoup de travail et de revenus en contrepartie. Vous pouvez arriver au sommet de votre domaine en tant que propri\u00e9taire d\u2019entreprise \u00e0 domicile&nbsp;!<\/p>\n","protected":false},"excerpt":{"rendered":"<p>Le fait de poss\u00e9der votre propre entreprise \u00e0 domicile vous fait r\u00eaver&nbsp;? \u00cates-vous intimid\u00e9 par le d\u00e9vouement et l\u2019engagement que cela peut n\u00e9cessiter&nbsp;? Vous pouvez trouver de l\u2019aide pour la d\u00e9termination des bons horaires de travail et rester ainsi s\u00e9rieux&#8230; <a href=\"https:\/\/creervotrebusiness.com\/index.php\/9-precieux-conseils-pour-les-proprietaires-dentreprise-a-domicile-2\/\" class=\"readmore\">Read more<span class=\"screen-reader-text\">9 pr\u00e9cieux conseils pour les propri\u00e9taires d\u2019entreprise \u00e0 domicile.<\/span><span class=\"fa fa-angle-double-right\" aria-hidden=\"true\"><\/span><\/a><\/p>\n","protected":false},"author":1,"featured_media":0,"parent":0,"menu_order":0,"comment_status":"closed","ping_status":"closed","template":"","meta":{"om_disable_all_campaigns":false,"_monsterinsights_skip_tracking":false,"_monsterinsights_sitenote_active":false,"_monsterinsights_sitenote_note":"","_monsterinsights_sitenote_category":0,"footnotes":""},"class_list":["post-400","page","type-page","status-publish","hentry"],"_links":{"self":[{"href":"https:\/\/creervotrebusiness.com\/index.php\/wp-json\/wp\/v2\/pages\/400","targetHints":{"allow":["GET"]}}],"collection":[{"href":"https:\/\/creervotrebusiness.com\/index.php\/wp-json\/wp\/v2\/pages"}],"about":[{"href":"https:\/\/creervotrebusiness.com\/index.php\/wp-json\/wp\/v2\/types\/page"}],"author":[{"embeddable":true,"href":"https:\/\/creervotrebusiness.com\/index.php\/wp-json\/wp\/v2\/users\/1"}],"replies":[{"embeddable":true,"href":"https:\/\/creervotrebusiness.com\/index.php\/wp-json\/wp\/v2\/comments?post=400"}],"version-history":[{"count":1,"href":"https:\/\/creervotrebusiness.com\/index.php\/wp-json\/wp\/v2\/pages\/400\/revisions"}],"predecessor-version":[{"id":401,"href":"https:\/\/creervotrebusiness.com\/index.php\/wp-json\/wp\/v2\/pages\/400\/revisions\/401"}],"wp:attachment":[{"href":"https:\/\/creervotrebusiness.com\/index.php\/wp-json\/wp\/v2\/media?parent=400"}],"curies":[{"name":"wp","href":"https:\/\/api.w.org\/{rel}","templated":true}]}}