{"id":396,"date":"2023-02-22T17:33:19","date_gmt":"2023-02-22T17:33:19","guid":{"rendered":"https:\/\/creervotrebusiness.com\/?page_id=396"},"modified":"2023-02-22T17:33:20","modified_gmt":"2023-02-22T17:33:20","slug":"8-conseils-pour-reussir-votre-projet-dentreprise-a-domicile-2","status":"publish","type":"page","link":"https:\/\/creervotrebusiness.com\/index.php\/8-conseils-pour-reussir-votre-projet-dentreprise-a-domicile-2\/","title":{"rendered":"8 Conseils pour r\u00e9ussir votre projet d\u2019entreprise \u00e0 domicile"},"content":{"rendered":"\n<p><\/p>\n\n\n\n<p>Beaucoup de gens d\u00e9couvrent qu\u2019ils peuvent atteindre la r\u00e9ussite financi\u00e8re gr\u00e2ce \u00e0 la gestion d\u2019une entreprise \u00e0 domicile. Mais, savoir par o\u00f9 commencer en est une autre affaire&nbsp;! Pour r\u00e9ussir, vous devez apprendre tout ce que vous pouvez au sujet de l\u2019entreprise \u00e0 domicile. Les informations contenues dans cet article vous aideront \u00e0 le faire.<\/p>\n\n\n\n<p><strong>1. Bien que difficile, b\u00e2tir une entreprise \u00e0 la maison peut \u00eatre une activit\u00e9 plut\u00f4t amusante \u00e0 faire au quotidien. <\/strong>Vous devez d\u2019abord d\u00e9cider quel type d\u2019entreprise vous souhaitez mettre sur pied. Cela peut \u00eatre une activit\u00e9 pour laquelle vous avez une passion par exemple, mais il serait plus judicieux de vous lancer dans un domaine que vous maitrisez un peu. Quoi qu\u2019il en soit, faites beaucoup de recherches avant de d\u00e9cider quel type d\u2019entreprise vous voulez lancer et assurez-vous d\u2019\u00eatre en contact avec d\u2019autres personnes qui ont d\u00e9j\u00e0 mont\u00e9 leurs entreprises \u00e0 domicile.<\/p>\n\n\n\n<p><strong>2. Prenez quelques courtes pauses dans la journ\u00e9e, et \u00e9vitez de vous laisser trop absorber par les activit\u00e9s personnelles. <\/strong>Les longs appels t\u00e9l\u00e9phoniques d\u2019ordre personnel doivent \u00eatre \u00e9vit\u00e9s, ainsi que les projets qui peuvent vous demander beaucoup de temps, comme des travaux de r\u00e9novation pour votre maison. N\u2019oubliez pas de vous ressourcer avec des pauses r\u00e9guli\u00e8res et un peu d\u2019exercice physique.<\/p>\n\n\n\n<p><strong>3. Une excellente id\u00e9e d\u2019entreprise \u00e0 domicile serait d\u2019offrir une formation ou des le\u00e7ons sur les domaines pour lesquels vous avez une certaine maitrise. <\/strong>Beaucoup de gens pr\u00e9f\u00e8rent les le\u00e7ons priv\u00e9es aux le\u00e7ons conventionnelles de l\u2019\u00e9cole. Vous pouvez aussi enseigner des le\u00e7ons li\u00e9es \u00e0 vos loisirs, tels que la photographie ou la musique, et ce, bien s\u00fbr, \u00e0 partir de votre maison.<\/p>\n\n\n\n<p><strong>4. Connectez-vous aux forums qui traitent de votre cr\u00e9neau et des entreprises \u00e0 domicile en g\u00e9n\u00e9ral. <\/strong>Cela peut \u00eatre un bon moyen pour vous faire un nom. Vous serez surpris quand les gens seront de plus en plus nombreux \u00e0 vous demander vos coordonn\u00e9es pour rester en contact avec vous, alors faites-le.<\/p>\n\n\n\n<p><strong>5. Lorsque vous travaillez \u00e0 la maison, t\u00e2chez de prendre soin de vous et de votre sant\u00e9 aussi bien que si vous travailliez dans un environnement de bureau. <\/strong>Tout le monde r\u00eave d\u2019avoir une entreprise \u00e0 domicile, mais vous pouvez vraiment freiner votre estime de soi si vous placez toujours votre travail au-dessus de votre propre hygi\u00e8ne de vie. Prenez des douches, surveillez votre alimentation et faites de l\u2019exercice r\u00e9guli\u00e8rement. En suivant ces conseils, vous vous assurerez de refl\u00e9ter en permanence une bonne image de vous.<\/p>\n\n\n\n<p><strong>6. Avoir un compte s\u00e9par\u00e9 pour les finances de votre entreprise, rend la tenue des dossiers beaucoup plus facile. <\/strong>Toutes vos transactions et les d\u00e9penses commerciales devraient \u00eatre faites par votre compte d\u2019entreprise. Cela vous donnera une image plus claire de la sant\u00e9 financi\u00e8re de votre entreprise. De m\u00eame, d\u00e9diez une carte de cr\u00e9dit d\u2019affaires pour toutes les transactions, comme la commande de fournitures.<\/p>\n\n\n\n<p><strong>7. Vous trouverez un grand soutien sur les forums d\u2019affaires \u00e0 domicile auxquels participent d\u2019autres personnes qui sont en train de faire ce que vous faites. <\/strong>Il y a un tr\u00e8s grand nombre de sites et de forums pour les propri\u00e9taires d\u2019entreprises \u00e0 domicile, et les ressources en sont inestimables. Ces sites ont souvent de larges communaut\u00e9s de gens avec plein de conseils et beaucoup d\u2019exp\u00e9rience \u00e0 partager avec vous.<\/p>\n\n\n\n<p><strong>8. Gardez votre esprit concentr\u00e9 sur ce qui est encore \u00e0 venir. <\/strong>Rappelez-vous que vos r\u00e9ussites ant\u00e9rieures font partie du pass\u00e9. Il est beaucoup plus important de se concentrer sur l\u2019avenir et sur comment on doit s\u2019y pr\u00e9parer. Cela peut vous aider \u00e0 pr\u00e9parer des choses qui vont se produire dans l\u2019avenir et de cette fa\u00e7on, vous ne serez pas pris au d\u00e9pourvu par quelque chose que vous auriez omis.<\/p>\n\n\n\n<p>Maintenant que vous avez une meilleure id\u00e9e de ce que vous devez faire pour cr\u00e9er et g\u00e9rer une entreprise \u00e0 domicile, vous devriez vous sentir d\u00e9j\u00e0 en mesure d\u2019atteindre les objectifs de votre projet. Rappelez-vous que les informations que vous avez apprises ici ne sauront fonctionner que si vous les appliquiez correctement. Si vous suivez les conseils de cet article, votre entreprise \u00e0 domicile devrait r\u00e9ussir.<\/p>\n","protected":false},"excerpt":{"rendered":"<p>Beaucoup de gens d\u00e9couvrent qu\u2019ils peuvent atteindre la r\u00e9ussite financi\u00e8re gr\u00e2ce \u00e0 la gestion d\u2019une entreprise \u00e0 domicile. Mais, savoir par o\u00f9 commencer en est une autre affaire&nbsp;! Pour r\u00e9ussir, vous devez apprendre tout ce que vous pouvez au sujet&#8230; <a href=\"https:\/\/creervotrebusiness.com\/index.php\/8-conseils-pour-reussir-votre-projet-dentreprise-a-domicile-2\/\" class=\"readmore\">Read more<span class=\"screen-reader-text\">8 Conseils pour r\u00e9ussir votre projet d\u2019entreprise \u00e0 domicile<\/span><span class=\"fa fa-angle-double-right\" aria-hidden=\"true\"><\/span><\/a><\/p>\n","protected":false},"author":1,"featured_media":0,"parent":0,"menu_order":0,"comment_status":"closed","ping_status":"closed","template":"","meta":{"om_disable_all_campaigns":false,"_monsterinsights_skip_tracking":false,"_monsterinsights_sitenote_active":false,"_monsterinsights_sitenote_note":"","_monsterinsights_sitenote_category":0,"footnotes":""},"class_list":["post-396","page","type-page","status-publish","hentry"],"_links":{"self":[{"href":"https:\/\/creervotrebusiness.com\/index.php\/wp-json\/wp\/v2\/pages\/396","targetHints":{"allow":["GET"]}}],"collection":[{"href":"https:\/\/creervotrebusiness.com\/index.php\/wp-json\/wp\/v2\/pages"}],"about":[{"href":"https:\/\/creervotrebusiness.com\/index.php\/wp-json\/wp\/v2\/types\/page"}],"author":[{"embeddable":true,"href":"https:\/\/creervotrebusiness.com\/index.php\/wp-json\/wp\/v2\/users\/1"}],"replies":[{"embeddable":true,"href":"https:\/\/creervotrebusiness.com\/index.php\/wp-json\/wp\/v2\/comments?post=396"}],"version-history":[{"count":1,"href":"https:\/\/creervotrebusiness.com\/index.php\/wp-json\/wp\/v2\/pages\/396\/revisions"}],"predecessor-version":[{"id":397,"href":"https:\/\/creervotrebusiness.com\/index.php\/wp-json\/wp\/v2\/pages\/396\/revisions\/397"}],"wp:attachment":[{"href":"https:\/\/creervotrebusiness.com\/index.php\/wp-json\/wp\/v2\/media?parent=396"}],"curies":[{"name":"wp","href":"https:\/\/api.w.org\/{rel}","templated":true}]}}