{"id":392,"date":"2023-02-22T17:31:36","date_gmt":"2023-02-22T17:31:36","guid":{"rendered":"https:\/\/creervotrebusiness.com\/?page_id=392"},"modified":"2023-02-22T17:31:59","modified_gmt":"2023-02-22T17:31:59","slug":"8-conseils-de-qualite-pour-faire-progresser-votre-entreprise-a-domicile-2","status":"publish","type":"page","link":"https:\/\/creervotrebusiness.com\/index.php\/8-conseils-de-qualite-pour-faire-progresser-votre-entreprise-a-domicile-2\/","title":{"rendered":"8 Conseils de qualit\u00e9 pour faire progresser votre entreprise \u00e0 domicile"},"content":{"rendered":"\n<p><\/p>\n\n\n\n<p>Vous rappelez-vous quand votre entreprise venait juste de d\u00e9marrer&nbsp;? Vous pensiez sans doute que vous \u00e9tiez suffisamment pr\u00e9par\u00e9 pour les nombreux d\u00e9fis \u00e0 relever. Mais \u00e7a c\u2019\u00e9tait avant et maintenant vous devez voir devant, vous avez besoin d\u2019un nouveau coup de pouce. Profitez de cet article pour raviver votre enthousiasme.<\/p>\n\n\n\n<p><strong>1. Si votre entreprise n\u00e9cessite beaucoup de d\u00e9placement, assurez-vous de tenir des registres pour vos bons d\u2019essence et pour votre kilom\u00e9trage. <\/strong>Les frais de voyage, quelle que soit leur distance ou de leur fr\u00e9quence, sont totalement d\u00e9ductibles. Soyez s\u00fbr de pouvoir prouver cela et vous serez en mesure d\u2019\u00e9conomiser beaucoup d\u2019argent au cours de l\u2019ann\u00e9e.<\/p>\n\n\n\n<p><strong>2. Si l\u2019un de vos produits n\u2019est pas disponible pour une raison quelconque, diffusez ces informations et faites-le savoir \u00e0 travers votre site Web. <\/strong>Il est extr\u00eamement troublant pour les clients d\u2019apprendre que la livraison de leur commande va \u00eatre retard\u00e9e pour une p\u00e9riode prolong\u00e9e. Proposez de couvrir les frais de port pour exp\u00e9dier le produit quand il sera de nouveau disponible, ou proposer une alternative afin de garder vos clients heureux.<\/p>\n\n\n\n<p><strong>3. Une bonne id\u00e9e d\u2019entreprise \u00e0 domicile est d\u2019offrir une formation ou des le\u00e7ons pour quelque chose avec laquelle vous \u00eates plut\u00f4t habile. <\/strong>Les gens pr\u00e9f\u00e8rent souvent prendre des le\u00e7ons d\u2019une personne qui peut \u00eatre dispos\u00e9e \u00e0 s\u2019entendre sur leurs horaires plut\u00f4t que d\u2019avoir \u00e0 respecter les horaires d\u2019une \u00e9cole traditionnelle. Des domaines comme la musique, l\u2019art, les sujets acad\u00e9miques et les passe-temps peuvent \u00eatre facilement enseign\u00e9s derri\u00e8re un ordinateur.<\/p>\n\n\n\n<p><strong>4. Cr\u00e9er un compte courant \u00e0 utiliser uniquement pour vos transactions commerciales. <\/strong>Prenez l\u2019habitude d\u2019envoyer tout \u00e0 ce compte. Une fois que vous serez organis\u00e9 de la sorte, vous aurez un moyen pratique d\u2019examiner les finances de votre entreprise, et ce \u00e0 tout moment. Regardez aussi si vous pouvez obtenir une carte de cr\u00e9dit \u00e0 utiliser sp\u00e9cifiquement pour les transactions commerciales, comme pour la commande de fournitures.<\/p>\n\n\n\n<p><strong>5. \u00c9tablissez un business plan pour votre entreprise \u00e0 domicile. <\/strong>M\u00eame les petites entreprises devraient prendre le temps de r\u00e9diger correctement un plan. Avoir un plan en place vous aidera \u00e0 rester serein quand votre entreprise commencera \u00e0 prendre de l\u2019ampleur.<\/p>\n\n\n\n<p><strong>6. Faites le point pour savoir comment atteindre vos clients cibles. <\/strong>Vous avez besoin de cibler un public qui sera int\u00e9ress\u00e9 par vos produits. Cela vous aidera \u00e0 faire plus de ventes. Solliciter l\u2019avis des amis, de la famille et des clients actuels. Vous pouvez obtenir des r\u00e9f\u00e9rences pr\u00e9cieuses de ces gens aussi. Lisez les derni\u00e8res nouvelles au sujet de votre secteur d\u2019activit\u00e9 et participez aux foires commerciales. Ces derniers repr\u00e9sentent un excellent moyen de faire du r\u00e9seautage avec les autres.<\/p>\n\n\n\n<p><strong>7. Profitez des d\u00e9ductions fiscales pour optimiser les b\u00e9n\u00e9fices de votre entreprise \u00e0 domicile. <\/strong>Lorsque vous demandez toutes les d\u00e9ductions auxquelles vous avez l\u00e9galement droit, cela vous permettra d\u2019\u00e9conomiser beaucoup d\u2019argent quand viendra le temps de payer vos imp\u00f4ts.<\/p>\n\n\n\n<p>Vous voulez avoir le m\u00eame niveau d\u2019enthousiasme que vous aviez lorsque votre entreprise a \u00e9t\u00e9 cr\u00e9\u00e9e. Au fil des ans, l\u2019information a \u00e9t\u00e9 perdue et maintenant vous avez besoin de connaissances nouvelles et passionnantes pour donner \u00e0 votre entreprise un nouveau souffle. Appliquez les conseils de cet article, et vous serez sur le bon chemin pour une entreprise r\u00e9ussie.<\/p>\n","protected":false},"excerpt":{"rendered":"<p>Vous rappelez-vous quand votre entreprise venait juste de d\u00e9marrer&nbsp;? Vous pensiez sans doute que vous \u00e9tiez suffisamment pr\u00e9par\u00e9 pour les nombreux d\u00e9fis \u00e0 relever. Mais \u00e7a c\u2019\u00e9tait avant et maintenant vous devez voir devant, vous avez besoin d\u2019un nouveau coup&#8230; <a href=\"https:\/\/creervotrebusiness.com\/index.php\/8-conseils-de-qualite-pour-faire-progresser-votre-entreprise-a-domicile-2\/\" class=\"readmore\">Read more<span class=\"screen-reader-text\">8 Conseils de qualit\u00e9 pour faire progresser votre entreprise \u00e0 domicile<\/span><span class=\"fa fa-angle-double-right\" aria-hidden=\"true\"><\/span><\/a><\/p>\n","protected":false},"author":1,"featured_media":0,"parent":0,"menu_order":0,"comment_status":"closed","ping_status":"closed","template":"","meta":{"om_disable_all_campaigns":false,"_monsterinsights_skip_tracking":false,"_monsterinsights_sitenote_active":false,"_monsterinsights_sitenote_note":"","_monsterinsights_sitenote_category":0,"footnotes":""},"class_list":["post-392","page","type-page","status-publish","hentry"],"_links":{"self":[{"href":"https:\/\/creervotrebusiness.com\/index.php\/wp-json\/wp\/v2\/pages\/392","targetHints":{"allow":["GET"]}}],"collection":[{"href":"https:\/\/creervotrebusiness.com\/index.php\/wp-json\/wp\/v2\/pages"}],"about":[{"href":"https:\/\/creervotrebusiness.com\/index.php\/wp-json\/wp\/v2\/types\/page"}],"author":[{"embeddable":true,"href":"https:\/\/creervotrebusiness.com\/index.php\/wp-json\/wp\/v2\/users\/1"}],"replies":[{"embeddable":true,"href":"https:\/\/creervotrebusiness.com\/index.php\/wp-json\/wp\/v2\/comments?post=392"}],"version-history":[{"count":1,"href":"https:\/\/creervotrebusiness.com\/index.php\/wp-json\/wp\/v2\/pages\/392\/revisions"}],"predecessor-version":[{"id":393,"href":"https:\/\/creervotrebusiness.com\/index.php\/wp-json\/wp\/v2\/pages\/392\/revisions\/393"}],"wp:attachment":[{"href":"https:\/\/creervotrebusiness.com\/index.php\/wp-json\/wp\/v2\/media?parent=392"}],"curies":[{"name":"wp","href":"https:\/\/api.w.org\/{rel}","templated":true}]}}