{"id":390,"date":"2023-02-22T17:30:36","date_gmt":"2023-02-22T17:30:36","guid":{"rendered":"https:\/\/creervotrebusiness.com\/?page_id=390"},"modified":"2023-02-22T17:30:37","modified_gmt":"2023-02-22T17:30:37","slug":"8-astuces-que-vous-devez-connaitre-pour-gerer-efficacement-votre-petite-entreprise-a-domicile-2","status":"publish","type":"page","link":"https:\/\/creervotrebusiness.com\/index.php\/8-astuces-que-vous-devez-connaitre-pour-gerer-efficacement-votre-petite-entreprise-a-domicile-2\/","title":{"rendered":"8 Astuces que vous devez connaitre pour g\u00e9rer efficacement votre petite entreprise \u00e0 domicile\u00a0!"},"content":{"rendered":"\n<p><\/p>\n\n\n\n<p>Certaines personnes pensent qu\u2019il est difficile de faire fonctionner une entreprise \u00e0 domicile, mais ceci est franchement loin d\u2019\u00eatre vrai. Il faudra un peu de patience et de d\u00e9termination certes, mais dire qu\u2019il est difficile est faux. On a tous besoin parfois d\u2019un bon paquet d\u2019information pour commencer. Vous devrez jeter un coup d\u2019\u0153il sur cet article si vous voulez en savoir plus sur les entreprises \u00e0 domicile.<\/p>\n\n\n\n<p><strong>1. \u00c9laborer un planning de travail afin de s\u00e9parer votre temps personnel de votre temps de travail. <\/strong>D\u00e9terminer une heure de fin pour chaque journ\u00e9e de travail. Il est important de mettre de c\u00f4t\u00e9 du temps pour soi, sa famille et ses amis.<\/p>\n\n\n\n<p><strong>2. Une plaquette commerciale est une br\u00e8ve description de votre entreprise et de ce qu\u2019elle fait. <\/strong>Une description de vos objectifs et ce que l\u2019entreprise peut fournir au client comme produit ou service doit \u00eatre incluse dans la plaquette commerciale. Vous devez dire aussi pourquoi votre entreprise est unique et y d\u00e9crire vos objectifs.<\/p>\n\n\n\n<p><strong>3. Une newsletter que vous pouvez utiliser pour votre entreprise est quelque chose que vous devez d\u00e9velopper. <\/strong>T\u00e2chez cependant de ne pas spammer vos abonn\u00e9s. Vous pouvez utiliser votre liste de diffusion pour informer vos lecteurs du nouveau produit de l\u2019entreprise ou des offres sp\u00e9ciales que vous proposez. D\u2019autres propri\u00e9taires d\u2019entreprises utilisent la newsletter comme un outil de marketing. En outre, r\u00e9servez un endroit sur votre site o\u00f9 les gens peuvent s\u2019abonner \u00e0 votre liste.<\/p>\n\n\n\n<p><strong>4. Les affiliations peuvent vous aider \u00e0 vendre votre produit. <\/strong>Vous pouvez vous-m\u00eame avec d\u2019autres propri\u00e9taires d\u2019entreprise vous entraider en \u00e9changeant des liens d\u2019affiliation entre vous. Trouvez et adh\u00e9rez \u00e0 des programmes d\u2019affiliation existants pour essayer de promouvoir les produits qui sont compl\u00e9mentaires aux v\u00f4tres. De cette fa\u00e7on, vous pouvez augmenter vos revenus sans \u00e9largir votre inventaire et d\u00e9penser plus d\u2019effort.<\/p>\n\n\n\n<p><strong>5. \u00c9pargnez un peu d\u2019argent pour les cas d\u2019urgence. <\/strong>Ainsi, vous serez pr\u00eat \u00e0 affronter toutes les intemp\u00e9ries qui risquent de survenir. Cependant, veillez \u00e0 ne pas utiliser vos fonds d\u2019urgence \u00e0 moins qu\u2019il ne soit vraiment indispensable. Dans ce cas, reconstituer le fonds d\u00e8s que vous le pouvez.<\/p>\n\n\n\n<p><strong>6. Afin de rendre votre entreprise rentable le plus vite possible, vous pouvez parler de votre exp\u00e9rience d\u2019autoentrepreneur \u00e0 domicile \u00e0 temps r\u00e9el en ligne. <\/strong>Vous pouvez \u00e9crire des articles, commencer un blog, ou participer \u00e0 un forum. Toutes ces m\u00e9thodes sont d\u2019excellents moyens pour faire connaitre votre entreprise, et en plus de cela, ils augmenteront vos profits et le nombre de vos clients.<\/p>\n\n\n\n<p><strong>7. Il est une bonne id\u00e9e de consulter un avocat sp\u00e9cialis\u00e9 dans les affaires avant de commencer votre entreprise \u00e0 domicile. <\/strong>Il y a des r\u00e9gions avec leurs propres r\u00e8glements concernant les entreprises \u00e0 domicile. Un avocat d\u2019affaires peut vous aider \u00e0 voir si vous suivez ces lois afin de ne pas avec de diff\u00e9rends avec la loi.<\/p>\n\n\n\n<p><strong>8. L\u2019un des plus atout que votre entreprise \u00e0 domicile peut avoir est un site Web fonctionnel que vous pouvez utiliser pour vendre vos produits ou services. <\/strong>Car c\u2019est un excellent moyen pour vous de pouvoir \u00e9largir votre public cible et voir ainsi augmenter le montant de vos ventes. Si votre budget le permet, les concepteurs de sites Web professionnels peuvent produire des sites Web de qualit\u00e9 pour vous, et vous \u00e9pargner ainsi cette corv\u00e9e.<\/p>\n\n\n\n<p>Comme mentionn\u00e9 plus haut, commencer une entreprise \u00e0 domicile n\u2019est pas forc\u00e9ment une plaie. Votre entreprise a besoin d\u2019efforts, mais il est loin d\u2019\u00eatre impossible de cr\u00e9er son entreprise \u00e0 domicile. Avec la bonne information, comme les conseils fournis dans cet article, vous pouvez commencer une entreprise \u00e0 domicile avec facilit\u00e9 et \u00eatre sur votre chemin de faire de l\u2019argent.<\/p>\n","protected":false},"excerpt":{"rendered":"<p>Certaines personnes pensent qu\u2019il est difficile de faire fonctionner une entreprise \u00e0 domicile, mais ceci est franchement loin d\u2019\u00eatre vrai. Il faudra un peu de patience et de d\u00e9termination certes, mais dire qu\u2019il est difficile est faux. On a tous&#8230; <a href=\"https:\/\/creervotrebusiness.com\/index.php\/8-astuces-que-vous-devez-connaitre-pour-gerer-efficacement-votre-petite-entreprise-a-domicile-2\/\" class=\"readmore\">Read more<span class=\"screen-reader-text\">8 Astuces que vous devez connaitre pour g\u00e9rer efficacement votre petite entreprise \u00e0 domicile\u00a0!<\/span><span class=\"fa fa-angle-double-right\" aria-hidden=\"true\"><\/span><\/a><\/p>\n","protected":false},"author":1,"featured_media":0,"parent":0,"menu_order":0,"comment_status":"closed","ping_status":"closed","template":"","meta":{"om_disable_all_campaigns":false,"_monsterinsights_skip_tracking":false,"_monsterinsights_sitenote_active":false,"_monsterinsights_sitenote_note":"","_monsterinsights_sitenote_category":0,"footnotes":""},"class_list":["post-390","page","type-page","status-publish","hentry"],"_links":{"self":[{"href":"https:\/\/creervotrebusiness.com\/index.php\/wp-json\/wp\/v2\/pages\/390","targetHints":{"allow":["GET"]}}],"collection":[{"href":"https:\/\/creervotrebusiness.com\/index.php\/wp-json\/wp\/v2\/pages"}],"about":[{"href":"https:\/\/creervotrebusiness.com\/index.php\/wp-json\/wp\/v2\/types\/page"}],"author":[{"embeddable":true,"href":"https:\/\/creervotrebusiness.com\/index.php\/wp-json\/wp\/v2\/users\/1"}],"replies":[{"embeddable":true,"href":"https:\/\/creervotrebusiness.com\/index.php\/wp-json\/wp\/v2\/comments?post=390"}],"version-history":[{"count":1,"href":"https:\/\/creervotrebusiness.com\/index.php\/wp-json\/wp\/v2\/pages\/390\/revisions"}],"predecessor-version":[{"id":391,"href":"https:\/\/creervotrebusiness.com\/index.php\/wp-json\/wp\/v2\/pages\/390\/revisions\/391"}],"wp:attachment":[{"href":"https:\/\/creervotrebusiness.com\/index.php\/wp-json\/wp\/v2\/media?parent=390"}],"curies":[{"name":"wp","href":"https:\/\/api.w.org\/{rel}","templated":true}]}}