{"id":388,"date":"2023-02-22T17:28:32","date_gmt":"2023-02-22T17:28:32","guid":{"rendered":"https:\/\/creervotrebusiness.com\/?page_id=388"},"modified":"2023-02-22T17:28:32","modified_gmt":"2023-02-22T17:28:32","slug":"7-conseils-pour-gerer-efficacement-votre-entreprise-a-domicile-2","status":"publish","type":"page","link":"https:\/\/creervotrebusiness.com\/index.php\/7-conseils-pour-gerer-efficacement-votre-entreprise-a-domicile-2\/","title":{"rendered":"7 conseils pour g\u00e9rer efficacement votre entreprise \u00e0 domicile."},"content":{"rendered":"\n<p><\/p>\n\n\n\n<p>Construire des entreprises \u00e0 domicile est souvent gratifiant, mais il faut dire que ce n\u2019est pas toujours facile. Les r\u00e9compenses d\u00e9pendront de la quantit\u00e9 de temps que vous investissez. Et il faut beaucoup de temps pour que l\u2019entreprise devienne stable. Au d\u00e9but, vous aurez besoin de rester au-dessus de tout pour la faire fonctionner correctement. En outre, et comme pour toute autre entreprise, il faut faire des efforts pour que les affaires d\u00e9collent.<\/p>\n\n\n\n<p><strong>1. Pour que vos clients se sentent privil\u00e9gi\u00e9s, vous pouvez leur offrir un service personnalis\u00e9. <\/strong>Vous voudrez peut-\u00eatre inclure un remerciement manuscrit et individualis\u00e9 lorsque vous exp\u00e9diez les articles. Vous pouvez \u00e9galement envisager d\u2019inclure un article gratuit avec leur commande. Les clients aiment savoir qu\u2019ils sont appr\u00e9ci\u00e9s, et ils raffolent des cadeaux. Plus ils se sentent appr\u00e9ci\u00e9s, plus il serait probable qu\u2019ils choisissent de d\u00e9penser leur argent durement gagn\u00e9 avec vous.<\/p>\n\n\n\n<p><strong>2. Avez-vous un bureau avec les fournitures n\u00e9cessaires dans lequel vous vous sentez \u00e0 l\u2019aise&nbsp;? <\/strong>Cela peut sembler futile, mais avoir un bureau \u00e0 domicile qui soit bien organis\u00e9 assure une grande partie de votre productivit\u00e9 et vous conf\u00e8re un cadre de travail agr\u00e9able. Vous travaillerez plus longtemps si vous trouvez votre espace de travail accueillant.<\/p>\n\n\n\n<p><strong>3. Les forums de discussion sur les entreprises \u00e0 domicile peuvent vous aider avec votre projet. <\/strong>Vous aurez l\u2019occasion de discuter avec d\u2019autres propri\u00e9taires d\u2019entreprises \u00e0 domicile et ainsi en apprendre beaucoup de leurs exp\u00e9riences. Vous ne savez pas comment surviendra votre prochaine vente ni ce que vous apportera votre relationnel.<\/p>\n\n\n\n<p><strong>4. Il est primordial d\u2019avoir un espace d\u00e9di\u00e9 au travail lors de l\u2019ex\u00e9cution d\u2019une entreprise \u00e0 domicile. <\/strong>Vous pouvez utiliser un petit espace si vous le souhaitez, peu importe, l\u2019essentiel c\u2019est de vous assurez-vous que votre bureau soit calme, organis\u00e9 et inspirant. La taille n\u2019a pas d\u2019importance, aussi longtemps que vous vous sentez productif dans cet espace.<\/p>\n\n\n\n<p><strong>5. Mettez sur papier une liste des choses que vous souhaitez accomplir tous les jours. <\/strong>Certaines choses peuvent \u00eatre plus difficiles \u00e0 r\u00e9aliser que d\u2019autres, mais dans l\u2019ensemble, les objectifs raisonnables peuvent \u00eatre atteints avec l\u2019effort et le temps. Fixez des limites si vous travaillez hors de votre maison pour que votre famille respecte votre travail et son planning.<\/p>\n\n\n\n<p><strong>6. Gardez une trace de tout l\u2019argent que vous d\u00e9pensez sur votre entreprise, et vous aurez la possibilit\u00e9 de r\u00e9cup\u00e9rer de l\u2019argent au moment des imp\u00f4ts. <\/strong>Incluez des choses, comme le service Internet et le kilom\u00e9trage, qui sont li\u00e9es \u00e0 vos affaires. La plupart des d\u00e9penses d\u2019exploitation de votre entreprise sont d\u00e9ductibles d\u2019imp\u00f4t pour les propri\u00e9taires d\u2019entreprise. Assurez-vous de garder une trace de toutes les d\u00e9penses, peu importe leur taille, car ils s\u2019accumulent rapidement.<\/p>\n\n\n\n<p><strong>7. Lors du d\u00e9marrage d\u2019une entreprise \u00e0 domicile, vous devez prendre en compte la somme d\u2019argent dont vous disposez pour les co\u00fbts de d\u00e9marrage. <\/strong>Bien que les co\u00fbts d\u2019exploitation d\u2019une entreprise \u00e0 domicile peuvent \u00eatre sensiblement inf\u00e9rieurs \u00e0 d\u2019autres types d\u2019entreprises, il en co\u00fbte toujours de l\u2019argent pour avoir une entreprise de cette nature. Vous pouvez \u00e9viter de perdre beaucoup d\u2019argent si vous pr\u00e9voyez les co\u00fbts de fonctionnement de votre entreprise.<\/p>\n\n\n\n<p>Alors que votre projet d\u2019entreprise \u00e0 domicile peut sembler prendre plus de temps qu\u2019il en faut, dites-vous que les entreprises \u00e0 domicile les plus r\u00e9ussies ont commenc\u00e9 de la m\u00eame fa\u00e7on. Il est impossible de devenir riche en un jour&nbsp;; si c\u2019\u00e9tait le cas, tout le monde serait riche. En investissant beaucoup de travail et d\u2019effort, vous allez construire une solide fondation, qui veillera \u00e0 ce que votre entreprise ait une base solide pour la suite.<\/p>\n","protected":false},"excerpt":{"rendered":"<p>Construire des entreprises \u00e0 domicile est souvent gratifiant, mais il faut dire que ce n\u2019est pas toujours facile. Les r\u00e9compenses d\u00e9pendront de la quantit\u00e9 de temps que vous investissez. Et il faut beaucoup de temps pour que l\u2019entreprise devienne stable&#8230;. <a href=\"https:\/\/creervotrebusiness.com\/index.php\/7-conseils-pour-gerer-efficacement-votre-entreprise-a-domicile-2\/\" class=\"readmore\">Read more<span class=\"screen-reader-text\">7 conseils pour g\u00e9rer efficacement votre entreprise \u00e0 domicile.<\/span><span class=\"fa fa-angle-double-right\" aria-hidden=\"true\"><\/span><\/a><\/p>\n","protected":false},"author":1,"featured_media":0,"parent":0,"menu_order":0,"comment_status":"closed","ping_status":"closed","template":"","meta":{"om_disable_all_campaigns":false,"_monsterinsights_skip_tracking":false,"_monsterinsights_sitenote_active":false,"_monsterinsights_sitenote_note":"","_monsterinsights_sitenote_category":0,"footnotes":""},"class_list":["post-388","page","type-page","status-publish","hentry"],"_links":{"self":[{"href":"https:\/\/creervotrebusiness.com\/index.php\/wp-json\/wp\/v2\/pages\/388","targetHints":{"allow":["GET"]}}],"collection":[{"href":"https:\/\/creervotrebusiness.com\/index.php\/wp-json\/wp\/v2\/pages"}],"about":[{"href":"https:\/\/creervotrebusiness.com\/index.php\/wp-json\/wp\/v2\/types\/page"}],"author":[{"embeddable":true,"href":"https:\/\/creervotrebusiness.com\/index.php\/wp-json\/wp\/v2\/users\/1"}],"replies":[{"embeddable":true,"href":"https:\/\/creervotrebusiness.com\/index.php\/wp-json\/wp\/v2\/comments?post=388"}],"version-history":[{"count":1,"href":"https:\/\/creervotrebusiness.com\/index.php\/wp-json\/wp\/v2\/pages\/388\/revisions"}],"predecessor-version":[{"id":389,"href":"https:\/\/creervotrebusiness.com\/index.php\/wp-json\/wp\/v2\/pages\/388\/revisions\/389"}],"wp:attachment":[{"href":"https:\/\/creervotrebusiness.com\/index.php\/wp-json\/wp\/v2\/media?parent=388"}],"curies":[{"name":"wp","href":"https:\/\/api.w.org\/{rel}","templated":true}]}}