{"id":316,"date":"2022-11-17T13:05:54","date_gmt":"2022-11-17T13:05:54","guid":{"rendered":"https:\/\/creervotrebusiness.com\/?page_id=316"},"modified":"2022-11-17T20:50:53","modified_gmt":"2022-11-17T20:50:53","slug":"realisez-ce-que-vous-voulez-8-conseils-pour-que-votre-projet-dentreprise-a-domicile-marche","status":"publish","type":"page","link":"https:\/\/creervotrebusiness.com\/index.php\/realisez-ce-que-vous-voulez-8-conseils-pour-que-votre-projet-dentreprise-a-domicile-marche\/","title":{"rendered":"R\u00e9alisez ce que vous voulez : 8 Conseils pour que votre projet d\u2019entreprise \u00e0 domicile marche."},"content":{"rendered":"\n<p><br>Le travail \u00e0 domicile est quelque chose qui fait r\u00eaver beaucoup d\u2019employ\u00e9s de bureau.<br>Peu importe si vous travaillez d\u00e9j\u00e0 \u00e0 partir de chez vous ou que vous souhaitez<br>commencer \u00e0 le faire, cet article vous fournira de grands conseils pour tirer le meilleur<br>parti de votre entreprise \u00e0 domicile.<\/p>\n\n\n\n<ol class=\"wp-block-list\"><li>Disposer d\u2019un espace de travail confortable avec les fournitures dont vous<br>avez besoin est la premi\u00e8re \u00e9tape pour le d\u00e9marrage d\u2019une entreprise \u00e0<br>domicile. Bien que ce soit quelque chose qui peut \u00eatre consid\u00e9r\u00e9 comme banal,<br>beaucoup de gens ne sont pas efficaces s\u2019ils ne se sentent pas \u00e0 l\u2019aise avec leur<br>environnement de travail.<\/li><li>Avant d\u2019embaucher quelqu\u2019un pour vous aider avec votre entreprise \u00e0<br>domicile, faites une recherche approfondie dans son exp\u00e9rience professionnelle.<br>Ainsi vous devez vous assurer que les personnes que vous recrutez sont fiables, et<br>parfaitement en mesure \u00e0 r\u00e9pondre aux exigences du poste occup\u00e9, dans le cas contraire<br>vous risquez de perdre tout ce que vous avez accompli jusqu\u2019\u00e0 pr\u00e9sent.<\/li><li>Lorsque vous travaillez \u00e0 domicile, limiter vos interruptions occasionn\u00e9es par<br>votre famille. \u00c9tant donn\u00e9 que ces derni\u00e8res peuvent s\u00e9rieusement entraver votre<br>productivit\u00e9, faites en sorte que tout votre entourage soit au courant quand vous \u00eates<br>occup\u00e9 avec votre travail ainsi que quand vous avez termin\u00e9 et pr\u00eat \u00e0 leur accorder votre<br>attention. Il est important qu\u2019ils comprennent qu\u2019une certaine intimit\u00e9 vous est<br>n\u00e9cessaire et qu\u2019elle vous permettra de passer du temps avec eux d\u00e8s que vous avez<br>termin\u00e9 votre travail. Vous devez vous assurer que vos enfants ne sont pas sans garde et<br>que vous serez disponible en cas de besoin.<\/li><li>Ne soyez pas tent\u00e9 de d\u00e9laisser votre sant\u00e9 et votre hygi\u00e8ne en travaillant \u00e0<br>partir de votre bureau \u00e0 domicile. M\u00eame s\u2019il peut \u00eatre extr\u00eamement gratifiant d\u2019avoir<br>une entreprise \u00e0 domicile, votre estime de soi pourrait prendre un coup si vous placez le<br>travail au-dessus de vos propres besoins. Prendre une douche chaque matin, limiter les<br>collations, et prendre le temps r\u00e9guli\u00e8rement de faire de l\u2019exercice est tr\u00e8s important. Ce<br>conseil peut non seulement augmenter votre estime de soi, mais aussi affecter la fa\u00e7on<br>dont les autres vous voient.<\/li><li>Si votre projet consiste \u00e0 vendre des produits ou des services, renseignezvous sur les prix de la concurrence avant de d\u00e9terminer le v\u00f4tre. Regarder les prix<br>de vos concurrents vous aidera \u00e0 garder des prix comp\u00e9titifs. Par ailleurs, parler<br>n\u00e9gativement d\u2019une autre entreprise est mauvais pour votre image, concentrez-vous<br>plut\u00f4t sur l\u2019am\u00e9lioration de la qualit\u00e9 de votre commerce.<\/li><li>Avoir le soutien de la famille et des amis permettra \u00e9galement d\u2019augmenter<br>les chances de r\u00e9ussite de votre entreprise \u00e0 domicile. Il peut \u00eatre tr\u00e8s stressant<br>d\u2019attendre que les affaires tournent comme on le veut. Ainsi votre famille ne doit pas<br>seulement vous soutenir et vous encourager, mais doit aussi \u00eatre compr\u00e9hensive avec<br>vous et votre travail.<\/li><li>Afin de trouver le succ\u00e8s avec votre propre entreprise \u00e0 domicile, vous devez<br>\u00eatre totalement \u00e0 l\u2019aise dans sa promotion. Lorsque vous poss\u00e9dez une entreprise,<br>vous devez \u00eatre capable de parler intelligemment de cette derni\u00e8re et d\u2019exposer ses<br>points fort et de ce qu\u2019elle peut faire pour les autres. Vous devez vous assurer aussi que<br>vos clients connaissent la qualit\u00e9 de vos produits. Comprendre comment l\u2019autopromotion<br>fonctionne est vitale pour g\u00e9n\u00e9rer d\u2019excellents profits.<\/li><li>Promouvoir vos produits ou vos services en ligne est une excellente fa\u00e7on de<br>faire conna\u00eetre votre entreprise. Il existe plusieurs moyens pour tirer profit de<br>l\u2019Internet afin de promouvoir son entreprise. Par exemple en r\u00e9digeant des articles qui<br>sont li\u00e9s \u00e0 votre niche et en les postant \u00e0 des r\u00e9pertoires et \u00e0 des blogs. Vous pouvez<br>\u00e9galement distribuer des bulletins \u00e9lectroniques \u00e0 vos clients. Le r\u00e9sultat sera une<br>exposition accrue et une augmentation de vos profits.<br>Il y a beaucoup de choses que vous pouvez essayer afin de g\u00e9n\u00e9rer plus de ventes pour<br>votre entreprise \u00e0 domicile. Mettez en pratique les conseils que vous venez de lire, puis<br>analyser vos r\u00e9sultats et gardez-en une trace afin d\u2019avoir une meilleure id\u00e9e de quelle<br>strat\u00e9gie est la plus efficace pour vous. Puisse la chance \u00eatre favorable \u00e0 votre<br>entreprise !<\/li><\/ol>\n\n\n\n<div class=\"wp-block-columns is-layout-flex wp-container-core-columns-is-layout-1 wp-block-columns-is-layout-flex\">\n<div class=\"wp-block-column is-layout-flow wp-block-column-is-layout-flow\"><\/div>\n\n\n\n<div class=\"wp-block-column is-layout-flow wp-block-column-is-layout-flow\">\n<ul class=\"has-small-font-size wp-block-list\"><li><a href=\"https:\/\/creervotrebusiness.com\/index.php\/7-conseils-pour-gerer-efficacement-votre-entreprise-a-domicile\/\">7 conseils pour g\u00e9rer efficacement votre entreprise \u00e0 domicile.<\/a><\/li><li><a href=\"https:\/\/creervotrebusiness.com\/index.php\/8-astuces-que-vous-devez-connaitre-pour-gerer-efficacement-votre-petite-entreprise-a-domicile\/\">8 Astuces que vous devez connaitre pour g\u00e9rer efficacement votre petite entreprise \u00e0 domicile !<\/a><\/li><li><a href=\"https:\/\/creervotrebusiness.com\/index.php\/8-conseils-de-qualite-pour-faire-progresser-votre-entreprise-a-domicile\/\">8 Conseils de qualit\u00e9 pour faire progresser votre entreprise \u00e0 domicile<\/a><\/li><li><a href=\"https:\/\/creervotrebusiness.com\/index.php\/8-conseils-pour-reussir-rapidement-le-lancement-de-son-entreprise-a-domicile\/\">8 conseils pour r\u00e9ussir rapidement le lancement de son entreprise \u00e0 domicile<\/a><\/li><li><a href=\"https:\/\/creervotrebusiness.com\/index.php\/8-conseils-pour-reussir-votre-projet-dentreprise-a-domicile\/\">8 Conseils pour r\u00e9ussir votre projet d\u2019entreprise \u00e0 domicile<\/a><\/li><li><a href=\"https:\/\/creervotrebusiness.com\/index.php\/9-conseils-dexperts-sur-les-entreprises-a-domicile-peu-connus-de-la-masse\/\">9 Conseils d\u2019experts sur les entreprises \u00e0 domicile peu connus de la masse.<\/a><\/li><li><a href=\"https:\/\/creervotrebusiness.com\/index.php\/9-precieux-conseils-pour-les-proprietaires-dentreprise-a-domicile\/\">9 pr\u00e9cieux conseils pour les propri\u00e9taires d\u2019entreprise \u00e0 domicile.<\/a><\/li><li><a href=\"https:\/\/creervotrebusiness.com\/index.php\/appliquez-ces-conseils-pour-votre-entreprise-a-domicile\/\">Appliquez ces conseils pour votre entreprise \u00e0 domicile<\/a><\/li><li><a href=\"https:\/\/creervotrebusiness.com\/index.php\/apprenez-comment-atteindre-le-succes-avec-votre-entreprise-a-domicile\/\">Apprenez comment atteindre le succ\u00e8s avec votre entreprise \u00e0 domicile.<\/a><\/li><li><a href=\"https:\/\/creervotrebusiness.com\/index.php\/apprenez-comment-mieux-gerer-votre-entreprise-a-domicile\/\">Apprenez comment mieux g\u00e9rer votre entreprise \u00e0 domicile<\/a><\/li><li><a href=\"https:\/\/creervotrebusiness.com\/index.php\/batir-une-entreprise-a-domicile-efficace-et-efficiente-avec-ces-excellents-conseils\/\">B\u00e2tir une entreprise \u00e0 domicile efficace et efficiente avec ces excellents conseil<\/a>s<\/li><li><a href=\"https:\/\/creervotrebusiness.com\/index.php\/ce-que-vous-devez-savoir-au-sujet-des-entreprises-a-domicile\/\">Ce que vous devez savoir au sujet des entreprises \u00e0 domicile.<\/a><\/li><li><a href=\"https:\/\/creervotrebusiness.com\/index.php\/comment-faire-pour-creer-une-entreprise-a-domicile-prospere\/\">Comment faire pour cr\u00e9er une entreprise \u00e0 domicile prosp\u00e8re.<\/a><\/li><li><a href=\"https:\/\/creervotrebusiness.com\/index.php\/du-reve-a-la-realite-9-conseils-pratiques-pour-reussir-son-entreprise-a-domicile\/\">Du r\u00eave \u00e0 la r\u00e9alit\u00e9 : 9 Conseils pratiques pour r\u00e9ussir son entreprise \u00e0 domicile.<\/a><\/li><li><a href=\"https:\/\/creervotrebusiness.com\/index.php\/essayez-ces-conseils-pour-une-entreprise-a-domicile-reussie\/\">Essayez ces conseils pour une entreprise \u00e0 domicile r\u00e9ussie.<\/a><\/li><li><a href=\"https:\/\/creervotrebusiness.com\/index.php\/etes-vous-la-recherche-dinformations-sur-lentrepreneuriat-a-domicile-alors-lisez-ces-precieux-conseils\/\">\u00cates-vous la recherche d\u2019informations sur l\u2019entrepreneuriat \u00e0 domicile ? Alors, lisez ces pr\u00e9cieux conseils !<\/a><\/li><li><a href=\"https:\/\/creervotrebusiness.com\/index.php\/gagner-de-largent-sans-mettre-un-pied-a-lexterieur-8-conseils-pour-reussir-son-entreprise-a-domicile\/\">Gagner de l\u2019argent sans mettre un pied \u00e0 l\u2019ext\u00e9rieur : 8 Conseils pour r\u00e9ussir son entreprise \u00e0 domicile<\/a><\/li><li><a href=\"https:\/\/creervotrebusiness.com\/index.php\/gerer-son-entreprise-a-domicile\/\">G\u00e9rer son entreprise \u00e0 Domicile<\/a><\/li><li><a href=\"https:\/\/creervotrebusiness.com\/index.php\/gerer-une-grande-entreprise-a-partir-de-chez-soi\/\">G\u00e9rer une grande entreprise \u00e0 partir de chez soi<\/a><\/li><li><a href=\"https:\/\/creervotrebusiness.com\/index.php\/laissez-votre-entreprise-a-domicile-prendre-son-essor\/\">Laissez votre entreprise \u00e0 domicile prendre son essor<\/a><\/li><li><a href=\"https:\/\/creervotrebusiness.com\/index.php\/les-principes-de-base-dans-la-gestion-dune-entreprise-a-domicile-reussie\/\">Les principes de base dans la gestion d\u2019une entreprise \u00e0 domicile r\u00e9ussie.<\/a><\/li><li><a href=\"https:\/\/creervotrebusiness.com\/index.php\/lisez-ceci-pour-avoir-dexcellents-conseils-au-sujet-des-entreprises-a-domicile\/\">Lisez ceci pour avoir d\u2019excellents conseils au sujet des entreprises \u00e0 domicile<\/a><\/li><li><a href=\"https:\/\/creervotrebusiness.com\/index.php\/observez-votre-entreprise-a-domicile-prendre-de-lampleur-grace-a-ces-conseils\/\">Observez votre entreprise \u00e0 domicile prendre de l\u2019ampleur gr\u00e2ce \u00e0 ces conseils.<\/a><\/li><li><a href=\"https:\/\/creervotrebusiness.com\/index.php\/realisez-ce-que-vous-voulez-8-conseils-pour-que-votre-projet-dentreprise-a-domicile-marche\/\">R\u00e9alisez ce que vous voulez : 8 Conseils pour que votre projet d\u2019entreprise \u00e0 domicile marche.<\/a><\/li><\/ul>\n<\/div>\n<\/div>\n","protected":false},"excerpt":{"rendered":"<p>Le travail \u00e0 domicile est quelque chose qui fait r\u00eaver beaucoup d\u2019employ\u00e9s de bureau.Peu importe si vous travaillez d\u00e9j\u00e0 \u00e0 partir de chez vous ou que vous souhaitezcommencer \u00e0 le faire, cet article vous fournira de grands conseils pour tirer&#8230; <a href=\"https:\/\/creervotrebusiness.com\/index.php\/realisez-ce-que-vous-voulez-8-conseils-pour-que-votre-projet-dentreprise-a-domicile-marche\/\" class=\"readmore\">Read more<span class=\"screen-reader-text\">R\u00e9alisez ce que vous voulez : 8 Conseils pour que votre projet d\u2019entreprise \u00e0 domicile marche.<\/span><span class=\"fa fa-angle-double-right\" aria-hidden=\"true\"><\/span><\/a><\/p>\n","protected":false},"author":1,"featured_media":0,"parent":0,"menu_order":0,"comment_status":"closed","ping_status":"closed","template":"","meta":{"om_disable_all_campaigns":false,"_monsterinsights_skip_tracking":false,"_monsterinsights_sitenote_active":false,"_monsterinsights_sitenote_note":"","_monsterinsights_sitenote_category":0,"footnotes":""},"class_list":["post-316","page","type-page","status-publish","hentry"],"_links":{"self":[{"href":"https:\/\/creervotrebusiness.com\/index.php\/wp-json\/wp\/v2\/pages\/316","targetHints":{"allow":["GET"]}}],"collection":[{"href":"https:\/\/creervotrebusiness.com\/index.php\/wp-json\/wp\/v2\/pages"}],"about":[{"href":"https:\/\/creervotrebusiness.com\/index.php\/wp-json\/wp\/v2\/types\/page"}],"author":[{"embeddable":true,"href":"https:\/\/creervotrebusiness.com\/index.php\/wp-json\/wp\/v2\/users\/1"}],"replies":[{"embeddable":true,"href":"https:\/\/creervotrebusiness.com\/index.php\/wp-json\/wp\/v2\/comments?post=316"}],"version-history":[{"count":2,"href":"https:\/\/creervotrebusiness.com\/index.php\/wp-json\/wp\/v2\/pages\/316\/revisions"}],"predecessor-version":[{"id":342,"href":"https:\/\/creervotrebusiness.com\/index.php\/wp-json\/wp\/v2\/pages\/316\/revisions\/342"}],"wp:attachment":[{"href":"https:\/\/creervotrebusiness.com\/index.php\/wp-json\/wp\/v2\/media?parent=316"}],"curies":[{"name":"wp","href":"https:\/\/api.w.org\/{rel}","templated":true}]}}